{"id":9310,"date":"2024-10-03T19:02:02","date_gmt":"2024-10-03T17:02:02","guid":{"rendered":"https:\/\/agora.xtec.cat\/iesmaragall\/?page_id=9310"},"modified":"2026-03-28T19:38:55","modified_gmt":"2026-03-28T18:38:55","slug":"digital","status":"publish","type":"page","link":"https:\/\/agora.xtec.cat\/iesmaragall\/digital\/","title":{"rendered":"Eines digitals"},"content":{"rendered":"\n<div class=\"wp-block-group is-content-justification-center is-layout-flex wp-container-core-group-is-layout-6 wp-block-group-is-layout-flex\">\n<div class=\"wp-block-group is-nowrap is-layout-flex wp-container-core-group-is-layout-4 wp-block-group-is-layout-flex\">\n<div class=\"wp-block-group is-vertical is-content-justification-center is-layout-flex wp-container-core-group-is-layout-1 wp-block-group-is-layout-flex\">\n<div class=\"wp-block-buttons has-custom-font-size has-medium-font-size is-content-justification-center is-layout-flex wp-container-core-buttons-is-layout-1 wp-block-buttons-is-layout-flex\">\n<div class=\"wp-block-button has-custom-width wp-block-button__width-100 has-custom-font-size has-medium-font-size\"><a class=\"wp-block-button__link has-luminous-vivid-amber-color has-text-color has-link-color has-text-align-center wp-element-button\" href=\"https:\/\/docs.google.com\/forms\/d\/e\/1FAIpQLSf14EZQXi9MvlmGQNWsyIWn6C_qZMfAmM5S3oBFtkHtpYMpNw\/viewform?usp=sf_link\" style=\"border-radius:25px\" target=\"_blank\" rel=\" noreferrer noopener nofollow\"><mark style=\"background-color:rgba(0, 0, 0, 0)\" class=\"has-inline-color has-luminous-vivid-amber-color\"><strong>INCID\u00c8NCIES<\/strong> i <strong>CONSULTES<\/strong><\/mark><\/a><\/div>\n<\/div>\n\n\n\n<p>Formulari i cita pr\u00e8via<\/p>\n<\/div>\n\n\n\n<div class=\"wp-block-group is-vertical is-content-justification-center is-layout-flex wp-container-core-group-is-layout-2 wp-block-group-is-layout-flex\">\n<div class=\"wp-block-buttons is-layout-flex wp-block-buttons-is-layout-flex\">\n<div class=\"wp-block-button has-custom-width wp-block-button__width-100 has-custom-font-size has-medium-font-size\"><a class=\"wp-block-button__link wp-element-button\" href=\"https:\/\/agora.xtec.cat\/iesmaragall\/categoria\/digital\/digital-gen\/\" style=\"border-radius:25px\"><strong><mark style=\"background-color:rgba(0, 0, 0, 0)\" class=\"has-inline-color has-pale-cyan-blue-color\">Alumnat i fam\u00edlies<\/mark><\/strong><\/a><\/div>\n<\/div>\n\n\n\n<p class=\"has-text-align-right\">Acc\u00e9s lliure<\/p>\n<\/div>\n\n\n\n<div class=\"wp-block-group is-vertical is-content-justification-center is-layout-flex wp-container-core-group-is-layout-3 wp-block-group-is-layout-flex\">\n<div class=\"wp-block-buttons has-custom-font-size has-medium-font-size is-content-justification-center is-layout-flex wp-container-core-buttons-is-layout-3 wp-block-buttons-is-layout-flex\">\n<div class=\"wp-block-button has-custom-width wp-block-button__width-100 has-custom-font-size has-medium-font-size\"><a class=\"wp-block-button__link wp-element-button\" href=\"https:\/\/educaciodigital.cat\/iesmaragall\/moodle\/course\/view.php?id=3942\" style=\"border-radius:25px\" target=\"_blank\" rel=\" noreferrer noopener nofollow\"><strong><mark style=\"background-color:rgba(0, 0, 0, 0)\" class=\"has-inline-color has-light-green-cyan-color\">Personal del centre<\/mark><\/strong><\/a><\/div>\n<\/div>\n\n\n\n<p>Requereix autenticaci\u00f3<\/p>\n<\/div>\n<\/div>\n\n\n\n<div class=\"wp-block-group is-vertical is-content-justification-center is-layout-flex wp-container-core-group-is-layout-5 wp-block-group-is-layout-flex\">\n<div class=\"wp-block-buttons is-layout-flex wp-block-buttons-is-layout-flex\">\n<div class=\"wp-block-button has-custom-width wp-block-button__width-100 has-custom-font-size has-medium-font-size\"><a class=\"wp-block-button__link wp-element-button\" href=\"https:\/\/educaciodigital.cat\/iesmaragall\/moodle\/course\/view.php?id=3977&amp;expand\" style=\"border-radius:25px\" target=\"_blank\" rel=\" noreferrer noopener nofollow\"><strong><mark style=\"background-color:rgba(0, 0, 0, 0)\" class=\"has-inline-color has-pale-pink-color\">Gestors digitals<\/mark><\/strong><\/a><\/div>\n<\/div>\n\n\n\n<p>Requereix autenticaci\u00f3<\/p>\n<\/div>\n<\/div>\n\n\n\n<hr class=\"wp-block-separator has-text-color has-alpha-channel-opacity has-background is-style-wide\" style=\"background-color:#630cb5;color:#630cb5\"\/>\n\n\n\n<div class=\"wp-block-group has-luminous-vivid-amber-background-color has-background is-nowrap is-layout-flex wp-container-core-group-is-layout-8 wp-block-group-is-layout-flex\"><div class=\"wp-block-image\">\n<figure class=\"alignright size-full is-resized\"><img loading=\"lazy\" decoding=\"async\" width=\"250\" height=\"250\" src=\"https:\/\/agora.xtec.cat\/iesmaragall\/wp-content\/uploads\/usu1613\/2025\/06\/Alert-Stop-Warning-Error_icon.svg.png\" alt=\"Atenci\u00f3!\" class=\"wp-image-9949\" style=\"width:169px;height:auto\" srcset=\"https:\/\/agora.xtec.cat\/iesmaragall\/wp-content\/uploads\/usu1613\/2025\/06\/Alert-Stop-Warning-Error_icon.svg.png 250w, https:\/\/agora.xtec.cat\/iesmaragall\/wp-content\/uploads\/usu1613\/2025\/06\/Alert-Stop-Warning-Error_icon.svg-150x150.png 150w\" sizes=\"auto, (max-width: 250px) 100vw, 250px\" \/><\/figure><\/div>\n\n\n<div class=\"wp-block-group is-vertical is-layout-flex wp-container-core-group-is-layout-7 wp-block-group-is-layout-flex\">\n<p><strong><em><mark style=\"background-color:rgba(0, 0, 0, 0)\" class=\"has-inline-color has-vivid-red-color\">ATENCI\u00d3!<\/mark><\/em><\/strong><\/p>\n<\/div>\n\n\n\n<p><em><mark style=\"background-color:rgba(0, 0, 0, 0)\" class=\"has-inline-color has-vivid-red-color\">Per retornar port\u00e0tils d&#8217;alumnat, demaneu hora al <a href=\"https:\/\/calendar.app.google\/SifXkMMW7cLPw3Uy9\">calendari de cites<\/a>.<\/mark><\/em><em><mark style=\"background-color:rgba(0, 0, 0, 0)\" class=\"has-inline-color has-vivid-red-color\"> R<\/mark><\/em><em><mark style=\"background-color:rgba(0, 0, 0, 0)\" class=\"has-inline-color has-vivid-red-color\">etornar els port\u00e0tils implica fer unes operacions i comprovacions que es poden allargar bastant temps, per aix\u00f2 no es poden lliurar simplement deixant-los a consergeria o un altre lloc. Cal fer el proc\u00e9s. Si nom\u00e9s el porteu, el deixeu i marxeu, quedar\u00e0 a la cua de problemes per tractar, i l&#8217;alliberament del lliurament es far\u00e0 quan sigui possible, per\u00f2 pot demorar-se i causar problemes en noves assignacions que pugueu necessitar.<\/mark><\/em><\/p>\n\n\n\n<div style=\"height:18px;width:0px\" aria-hidden=\"true\" class=\"wp-block-spacer wp-container-content-3\"><\/div>\n<\/div>\n\n\n\n<hr class=\"wp-block-separator has-text-color has-alpha-channel-opacity has-background is-style-wide\" style=\"background-color:#630cb5;color:#630cb5\"\/>\n\n\n\n<div class=\"wp-block-group\"><div class=\"wp-block-group__inner-container is-layout-constrained wp-block-group-is-layout-constrained\">\n<div class=\"wp-block-group has-background\" style=\"background-color:#e5d4ff\"><div class=\"wp-block-group__inner-container is-layout-constrained wp-block-group-is-layout-constrained\">\n<div class=\"wp-block-columns is-layout-flex wp-container-core-columns-is-layout-1 wp-block-columns-is-layout-flex\">\n<div class=\"wp-block-column is-layout-flow wp-block-column-is-layout-flow\" style=\"flex-basis:12.5%\"><\/div>\n\n\n\n<div class=\"wp-block-column is-layout-flow wp-block-column-is-layout-flow\" style=\"flex-basis:75%\">\n<p class=\"has-text-align-center\" style=\"font-size:14px\">Si necessiteu ajuda de forma molt i molt urgent, podeu enviar correu electr\u00f2nic a <a href=\"mailto:digital@institutmaragall.cat\">digital@institutmaragall.cat<\/a> per problemes amb eines digitals en general, o a <a href=\"mailto:ieducacentre@institutmaragall.cat\">ieducacentre@institutmaragall.cat<\/a> per problemes concretament amb iEduca.<\/p>\n\n\n\n<p class=\"has-text-align-center\" style=\"font-size:14px\"><strong>Al final del formulari<\/strong> es pot demanar <strong>cita per a suport t\u00e8cnic presencial<\/strong>. Si \u00e9s el cas, porteu-hi el dispositiu que no funcioni correctament. Durant el curs 2025-2026, a les hores del pati (tret de les de dijous), es pot provar de passar pel despatx de coordinaci\u00f3 digital al soterrani-1, Dpt. Tecnologia i intentar la resoluci\u00f3 d&#8217;incid\u00e8ncies, per\u00f2 pot haver-hi cua o pot no haver-hi ning\u00fa si no s&#8217;ha reservat cita.<\/p>\n<\/div>\n\n\n\n<div class=\"wp-block-column is-layout-flow wp-block-column-is-layout-flow\" style=\"flex-basis:12.5%\"><\/div>\n<\/div>\n<\/div><\/div>\n<\/div><\/div>\n\n\n\n<div class=\"wp-block-group\"><div class=\"wp-block-group__inner-container is-layout-constrained wp-block-group-is-layout-constrained\">\n<div class=\"wp-block-buttons is-content-justification-center is-layout-flex wp-container-core-buttons-is-layout-5 wp-block-buttons-is-layout-flex\">\n<div class=\"wp-block-button is-style-outline is-style-outline--1\"><a class=\"wp-block-button__link has-text-align-center wp-element-button\"><strong>Estrat\u00e8gia digital<\/strong> de centre 2026-2030<\/a><\/div>\n\n\n\n<div class=\"wp-block-button is-style-outline is-style-outline--2\"><a class=\"wp-block-button__link has-text-align-center wp-element-button\" href=\"https:\/\/sites.google.com\/d\/1ktURSS97-mThLFAcpmHauknMgD6KY5Wm\/p\/1LeIiHQwIenD2gzjMhIbZkHJ4NTZoSdrg\/edit?pli=1&amp;authuser=2\"><strong>EDC<\/strong> 2022-2026 (versi\u00f3 finalitzant)<\/a><\/div>\n<\/div>\n\n\n\n<p><\/p>\n<\/div><\/div>\n\n\n\n<p><\/p>\n","protected":false},"excerpt":{"rendered":"<p><a class=\"wp-block-button__link has-luminous-vivid-amber-color has-text-color has-link-color has-text-align-center wp-element-button\" href=\"https:\/\/docs.google.com\/forms\/d\/e\/1FAIpQLSf14EZQXi9MvlmGQNWsyIWn6C_qZMfAmM5S3oBFtkHtpYMpNw\/viewform?usp=sf_link\" style=\"border-radius:25px\" target=\"_blank\" rel=\" noreferrer noopener nofollow\">INCID\u00c8NCIES i CONSULTES<\/a><\/p>\n<p>Formulari i cita pr\u00e8via<\/p>\n<p><a class=\"wp-block-button__link wp-element-button\" href=\"https:\/\/agora.xtec.cat\/iesmaragall\/categoria\/digital\/digital-gen\/\" style=\"border-radius:25px\">Alumnat i fam\u00edlies<\/a><\/p>\n<p>Acc\u00e9s lliure<\/p>\n<p><a class=\"wp-block-button__link wp-element-button\" href=\"https:\/\/educaciodigital.cat\/iesmaragall\/moodle\/course\/view.php?id=3942\" style=\"border-radius:25px\" target=\"_blank\" rel=\" noreferrer noopener nofollow\">Personal del centre<\/a><\/p>\n<p>Requereix autenticaci\u00f3<\/p>\n<p><a class=\"wp-block-button__link wp-element-button\" href=\"https:\/\/educaciodigital.cat\/iesmaragall\/moodle\/course\/view.php?id=3977&amp;expand\" style=\"border-radius:25px\" target=\"_blank\" rel=\" noreferrer&hellip;  <a href=\"https:\/\/agora.xtec.cat\/iesmaragall\/digital\/\" title=\"Read Eines digitals\">Llegeix m\u00e9s\u00bb<\/a><\/p>\n","protected":false},"author":6,"featured_media":9309,"parent":0,"menu_order":0,"comment_status":"closed","ping_status":"closed","template":"","meta":{"_bbp_topic_count":0,"_bbp_reply_count":0,"_bbp_total_topic_count":0,"_bbp_total_reply_count":0,"_bbp_voice_count":0,"_bbp_anonymous_reply_count":0,"_bbp_topic_count_hidden":0,"_bbp_reply_count_hidden":0,"_bbp_forum_subforum_count":0,"footnotes":""},"class_list":["post-9310","page","type-page","status-publish","has-post-thumbnail","hentry"],"post_mailing_queue_ids":[],"_links":{"self":[{"href":"https:\/\/agora.xtec.cat\/iesmaragall\/wp-json\/wp\/v2\/pages\/9310","targetHints":{"allow":["GET"]}}],"collection":[{"href":"https:\/\/agora.xtec.cat\/iesmaragall\/wp-json\/wp\/v2\/pages"}],"about":[{"href":"https:\/\/agora.xtec.cat\/iesmaragall\/wp-json\/wp\/v2\/types\/page"}],"author":[{"embeddable":true,"href":"https:\/\/agora.xtec.cat\/iesmaragall\/wp-json\/wp\/v2\/users\/6"}],"replies":[{"embeddable":true,"href":"https:\/\/agora.xtec.cat\/iesmaragall\/wp-json\/wp\/v2\/comments?post=9310"}],"version-history":[{"count":6,"href":"https:\/\/agora.xtec.cat\/iesmaragall\/wp-json\/wp\/v2\/pages\/9310\/revisions"}],"predecessor-version":[{"id":10787,"href":"https:\/\/agora.xtec.cat\/iesmaragall\/wp-json\/wp\/v2\/pages\/9310\/revisions\/10787"}],"wp:featuredmedia":[{"embeddable":true,"href":"https:\/\/agora.xtec.cat\/iesmaragall\/wp-json\/wp\/v2\/media\/9309"}],"wp:attachment":[{"href":"https:\/\/agora.xtec.cat\/iesmaragall\/wp-json\/wp\/v2\/media?parent=9310"}],"curies":[{"name":"wp","href":"https:\/\/api.w.org\/{rel}","templated":true}]}}