{"id":8184,"date":"2023-01-25T11:41:46","date_gmt":"2023-01-25T10:41:46","guid":{"rendered":"https:\/\/agora.xtec.cat\/iesmaragall\/?page_id=8184"},"modified":"2023-01-27T13:26:51","modified_gmt":"2023-01-27T12:26:51","slug":"ara-art","status":"publish","type":"page","link":"https:\/\/agora.xtec.cat\/iesmaragall\/ara-art\/","title":{"rendered":"araArt &#8220;Maragall \u00e9s Cinema&#8221;- Projecte d&#8217;innovaci\u00f3 pedag\u00f2gica.&#8221;"},"content":{"rendered":"<p><a href=\"https:\/\/www.filmoteca.cat\/web\/ca\"><img loading=\"lazy\" decoding=\"async\" class=\"alignnone wp-image-8219 size-medium\" src=\"https:\/\/agora.xtec.cat\/iesmaragall\/wp-content\/uploads\/usu1613\/2023\/01\/Captura-de-pantalla-2023-01-25-a-les-20.12.49-300x103.png\" alt=\"\" width=\"300\" height=\"103\" srcset=\"https:\/\/agora.xtec.cat\/iesmaragall\/wp-content\/uploads\/usu1613\/2023\/01\/Captura-de-pantalla-2023-01-25-a-les-20.12.49-300x103.png 300w, https:\/\/agora.xtec.cat\/iesmaragall\/wp-content\/uploads\/usu1613\/2023\/01\/Captura-de-pantalla-2023-01-25-a-les-20.12.49.png 460w\" sizes=\"auto, (max-width: 300px) 100vw, 300px\" \/><\/a><\/p>\n<p><em>Maragall \u00e9s Cinema<\/em> \u00e9s un projecte d&#8217;innovaci\u00f3 pedag\u00f2gica que es va engegar ara fa tres anys amb la col\u00b7laboraci\u00f3 de la Filmoteca de Catalunya. El projecte introdueix el llenguatge audiovisual i treballem el cinema a tota l&#8217;ESO . Aquest curs comencem amb el projecte a Batxillerat.<\/p>\n<p>Enguany est\u00e0 en construcci\u00f3 per\u00f2 podeu clicar a les pestanyes de cada assignatura on veureu els tems a treballar. Si cliqueu al desplegable podreu veure una mostra de les activitats del curs passat.<\/p>\n<p><strong>SITES AMB LES ACTIVITATS<\/strong><\/p>\n<p><a href=\"https:\/\/sites.google.com\/institutmaragall.cat\/eso1-araart21-22\/english\/21-22-english-activities-pc?authuser=3\">1r ESO<\/a><\/p>\n<p><a href=\"https:\/\/sites.google.com\/institutmaragall.cat\/eso2-\/catal\u00e0\/activitats-catal\u00e0\">2n ESO<\/a><\/p>\n<p><a href=\"https:\/\/sites.google.com\/institutmaragall.cat\/eso-3\/english\/activitats-angl\u00e8s?authuser=3\">3r ESO<\/a><\/p>\n<p><a href=\"https:\/\/sites.google.com\/institutmaragall.cat\/eso-4-araart\/tecnologia\/activitats-inform\u00e0tica-op?authuser=3\">4t ESO<\/a><\/p>\n<p><a href=\"https:\/\/sites.google.com\/institutmaragall.cat\/memriarelataraart\/p\u00e0gina-principal\">MEM\u00d2RIA RELAT ARA ART -RESUM DELS 3 PRIMERS CURSOS I MOSTRA TREBALLS\u00a0REALITZATS<\/a><\/p>\n<p><a href=\"https:\/\/sites.google.com\/institutmaragall.cat\/primer-cinema\/p\u00e0gina-principal?authuser=3\">PRIMER CINEMA (CURS 20-21) AMB 1r d&#8217;ESO \u00a0I 2n d&#8217;ESO<\/a><\/p>\n<p>&nbsp;<\/p>\n","protected":false},"excerpt":{"rendered":"<p><a href=\"https:\/\/www.filmoteca.cat\/web\/ca\"><\/a><br \/>\nMaragall \u00e9s Cinema \u00e9s un projecte d&#8217;innovaci\u00f3 pedag\u00f2gica que es va engegar ara fa tres anys amb la col\u00b7laboraci\u00f3 de la Filmoteca de Catalunya. El projecte introdueix el llenguatge audiovisual i treballem el cinema a tota l&#8217;ESO . Aquest curs comencem amb el projecte&hellip;  <a href=\"https:\/\/agora.xtec.cat\/iesmaragall\/ara-art\/\" title=\"Read araArt &#8220;Maragall \u00e9s Cinema&#8221;- Projecte d&#8217;innovaci\u00f3 pedag\u00f2gica.&#8221;\">Llegeix m\u00e9s\u00bb<\/a><\/p>\n","protected":false},"author":1,"featured_media":0,"parent":0,"menu_order":0,"comment_status":"closed","ping_status":"closed","template":"","meta":{"_bbp_topic_count":0,"_bbp_reply_count":0,"_bbp_total_topic_count":0,"_bbp_total_reply_count":0,"_bbp_voice_count":0,"_bbp_anonymous_reply_count":0,"_bbp_topic_count_hidden":0,"_bbp_reply_count_hidden":0,"_bbp_forum_subforum_count":0,"footnotes":""},"class_list":["post-8184","page","type-page","status-publish","hentry"],"post_mailing_queue_ids":[],"_links":{"self":[{"href":"https:\/\/agora.xtec.cat\/iesmaragall\/wp-json\/wp\/v2\/pages\/8184","targetHints":{"allow":["GET"]}}],"collection":[{"href":"https:\/\/agora.xtec.cat\/iesmaragall\/wp-json\/wp\/v2\/pages"}],"about":[{"href":"https:\/\/agora.xtec.cat\/iesmaragall\/wp-json\/wp\/v2\/types\/page"}],"author":[{"embeddable":true,"href":"https:\/\/agora.xtec.cat\/iesmaragall\/wp-json\/wp\/v2\/users\/1"}],"replies":[{"embeddable":true,"href":"https:\/\/agora.xtec.cat\/iesmaragall\/wp-json\/wp\/v2\/comments?post=8184"}],"version-history":[{"count":4,"href":"https:\/\/agora.xtec.cat\/iesmaragall\/wp-json\/wp\/v2\/pages\/8184\/revisions"}],"predecessor-version":[{"id":8260,"href":"https:\/\/agora.xtec.cat\/iesmaragall\/wp-json\/wp\/v2\/pages\/8184\/revisions\/8260"}],"wp:attachment":[{"href":"https:\/\/agora.xtec.cat\/iesmaragall\/wp-json\/wp\/v2\/media?parent=8184"}],"curies":[{"name":"wp","href":"https:\/\/api.w.org\/{rel}","templated":true}]}}