{"id":6327,"date":"2021-02-14T09:15:48","date_gmt":"2021-02-14T08:15:48","guid":{"rendered":"http:\/\/agora.xtec.cat\/iesmaragall\/?page_id=6327"},"modified":"2021-02-15T17:19:04","modified_gmt":"2021-02-15T16:19:04","slug":"quan-linstitut-es-un-llenc","status":"publish","type":"page","link":"https:\/\/agora.xtec.cat\/iesmaragall\/com-treballem\/projectes-activitats\/quan-linstitut-es-un-llenc\/","title":{"rendered":"Quan l&#8217;institut \u00e9s un llen\u00e7"},"content":{"rendered":"<p>La fa\u00e7ana de l\u2019Institut s\u2019ha convertit, de fa uns anys, en el suport ideal per a exterioritzar de quina manera treballem al Batxillerat d\u2019Arts Pl\u00e0stiques, Imatge i Disseny.<\/p>\n<p>L\u2019aplacat de pissarra sint\u00e8tica que revesteix el mur del carrer Proven\u00e7a i el xamfr\u00e0 amb el d\u2019Enric Granados arriba fins el segon pis i t\u00e9 la textura i porositat perfectes per poder-hi pintar amb guixos i pastels.<\/p>\n<p>Ja fa cinc anys que vam proposar a un grup d\u2019alumnes de segon curs que hi representessin obres de T\u00e0pies, Van Gogh i Basquiat durant la primera edici\u00f3 del \u201cMaragall al carrer\u201d . Des de llavors, s\u2019han fet intervencions amb tem\u00e0tiques tant variades com l\u2019Antiga Gr\u00e8cia, l\u2019Imperi Rom\u00e0, Egon Schiele, Tint\u00edn, l\u2019Egipte dels faraons, el c\u00f2mic, la hist\u00f2ria del Cinema<\/p>\n<p><a href=\"https:\/\/agora.xtec.cat\/iesmaragall\/wp-content\/uploads\/usu1613\/2021\/02\/IMG_0499.png\"><img loading=\"lazy\" decoding=\"async\" class=\"alignnone size-full wp-image-6350\" src=\"https:\/\/agora.xtec.cat\/iesmaragall\/wp-content\/uploads\/usu1613\/2021\/02\/IMG_0499.png\" alt=\"\" width=\"320\" height=\"240\" srcset=\"https:\/\/agora.xtec.cat\/iesmaragall\/wp-content\/uploads\/usu1613\/2021\/02\/IMG_0499.png 320w, https:\/\/agora.xtec.cat\/iesmaragall\/wp-content\/uploads\/usu1613\/2021\/02\/IMG_0499-300x225.png 300w, https:\/\/agora.xtec.cat\/iesmaragall\/wp-content\/uploads\/usu1613\/2021\/02\/IMG_0499-200x150.png 200w\" sizes=\"auto, (max-width: 320px) 100vw, 320px\" \/><\/a><a href=\"https:\/\/agora.xtec.cat\/iesmaragall\/wp-content\/uploads\/usu1613\/2021\/02\/IMG_5386.jpeg\"><img loading=\"lazy\" decoding=\"async\" class=\"alignnone size-large wp-image-6345\" src=\"https:\/\/agora.xtec.cat\/iesmaragall\/wp-content\/uploads\/usu1613\/2021\/02\/IMG_5386.jpeg\" alt=\"\" width=\"320\" height=\"240\" srcset=\"https:\/\/agora.xtec.cat\/iesmaragall\/wp-content\/uploads\/usu1613\/2021\/02\/IMG_5386.jpeg 320w, https:\/\/agora.xtec.cat\/iesmaragall\/wp-content\/uploads\/usu1613\/2021\/02\/IMG_5386-300x225.jpeg 300w, https:\/\/agora.xtec.cat\/iesmaragall\/wp-content\/uploads\/usu1613\/2021\/02\/IMG_5386-200x150.jpeg 200w\" sizes=\"auto, (max-width: 320px) 100vw, 320px\" \/><\/a><a href=\"https:\/\/agora.xtec.cat\/iesmaragall\/wp-content\/uploads\/usu1613\/2021\/02\/IMG_5388.jpeg\"><img loading=\"lazy\" decoding=\"async\" class=\"alignnone size-large wp-image-6344\" src=\"https:\/\/agora.xtec.cat\/iesmaragall\/wp-content\/uploads\/usu1613\/2021\/02\/IMG_5388.jpeg\" alt=\"\" width=\"320\" height=\"240\" srcset=\"https:\/\/agora.xtec.cat\/iesmaragall\/wp-content\/uploads\/usu1613\/2021\/02\/IMG_5388.jpeg 320w, https:\/\/agora.xtec.cat\/iesmaragall\/wp-content\/uploads\/usu1613\/2021\/02\/IMG_5388-300x225.jpeg 300w, https:\/\/agora.xtec.cat\/iesmaragall\/wp-content\/uploads\/usu1613\/2021\/02\/IMG_5388-200x150.jpeg 200w\" sizes=\"auto, (max-width: 320px) 100vw, 320px\" \/><\/a> <a href=\"https:\/\/agora.xtec.cat\/iesmaragall\/wp-content\/uploads\/usu1613\/2021\/02\/unnamed-1.png\"><img loading=\"lazy\" decoding=\"async\" class=\"alignnone size-large wp-image-6348\" src=\"https:\/\/agora.xtec.cat\/iesmaragall\/wp-content\/uploads\/usu1613\/2021\/02\/unnamed-1.png\" alt=\"\" width=\"240\" height=\"320\" srcset=\"https:\/\/agora.xtec.cat\/iesmaragall\/wp-content\/uploads\/usu1613\/2021\/02\/unnamed-1.png 240w, https:\/\/agora.xtec.cat\/iesmaragall\/wp-content\/uploads\/usu1613\/2021\/02\/unnamed-1-225x300.png 225w\" sizes=\"auto, (max-width: 240px) 100vw, 240px\" \/><\/a>\u00a0<a href=\"https:\/\/agora.xtec.cat\/iesmaragall\/wp-content\/uploads\/usu1613\/2021\/02\/unnamed-3.jpg\"><img loading=\"lazy\" decoding=\"async\" class=\"alignnone size-large wp-image-6347\" src=\"https:\/\/agora.xtec.cat\/iesmaragall\/wp-content\/uploads\/usu1613\/2021\/02\/unnamed-3.jpg\" alt=\"\" width=\"240\" height=\"320\" srcset=\"https:\/\/agora.xtec.cat\/iesmaragall\/wp-content\/uploads\/usu1613\/2021\/02\/unnamed-3.jpg 240w, https:\/\/agora.xtec.cat\/iesmaragall\/wp-content\/uploads\/usu1613\/2021\/02\/unnamed-3-225x300.jpg 225w\" sizes=\"auto, (max-width: 240px) 100vw, 240px\" \/><\/a> <a href=\"https:\/\/agora.xtec.cat\/iesmaragall\/wp-content\/uploads\/usu1613\/2021\/02\/unnamed-4.png\"><img loading=\"lazy\" decoding=\"async\" class=\"alignnone size-large wp-image-6346\" src=\"https:\/\/agora.xtec.cat\/iesmaragall\/wp-content\/uploads\/usu1613\/2021\/02\/unnamed-4.png\" alt=\"\" width=\"240\" height=\"320\" srcset=\"https:\/\/agora.xtec.cat\/iesmaragall\/wp-content\/uploads\/usu1613\/2021\/02\/unnamed-4.png 240w, https:\/\/agora.xtec.cat\/iesmaragall\/wp-content\/uploads\/usu1613\/2021\/02\/unnamed-4-225x300.png 225w\" sizes=\"auto, (max-width: 240px) 100vw, 240px\" \/><\/a><\/p>\n<p><a href=\"https:\/\/agora.xtec.cat\/iesmaragall\/wp-content\/uploads\/usu1613\/2021\/02\/unnamed-6.png\"><img loading=\"lazy\" decoding=\"async\" class=\"alignnone size-large wp-image-6342\" src=\"https:\/\/agora.xtec.cat\/iesmaragall\/wp-content\/uploads\/usu1613\/2021\/02\/unnamed-6.png\" alt=\"\" width=\"240\" height=\"320\" srcset=\"https:\/\/agora.xtec.cat\/iesmaragall\/wp-content\/uploads\/usu1613\/2021\/02\/unnamed-6.png 240w, https:\/\/agora.xtec.cat\/iesmaragall\/wp-content\/uploads\/usu1613\/2021\/02\/unnamed-6-225x300.png 225w\" sizes=\"auto, (max-width: 240px) 100vw, 240px\" \/><\/a><a href=\"https:\/\/agora.xtec.cat\/iesmaragall\/wp-content\/uploads\/usu1613\/2021\/02\/unnamed-7.png\"><img loading=\"lazy\" decoding=\"async\" class=\"alignnone size-large wp-image-6341\" src=\"https:\/\/agora.xtec.cat\/iesmaragall\/wp-content\/uploads\/usu1613\/2021\/02\/unnamed-7.png\" alt=\"\" width=\"240\" height=\"320\" srcset=\"https:\/\/agora.xtec.cat\/iesmaragall\/wp-content\/uploads\/usu1613\/2021\/02\/unnamed-7.png 240w, https:\/\/agora.xtec.cat\/iesmaragall\/wp-content\/uploads\/usu1613\/2021\/02\/unnamed-7-225x300.png 225w\" sizes=\"auto, (max-width: 240px) 100vw, 240px\" \/><\/a> \u00a0<a href=\"https:\/\/agora.xtec.cat\/iesmaragall\/wp-content\/uploads\/usu1613\/2021\/02\/unnamed-5.png\"><img loading=\"lazy\" decoding=\"async\" class=\"alignnone size-large wp-image-6343\" src=\"https:\/\/agora.xtec.cat\/iesmaragall\/wp-content\/uploads\/usu1613\/2021\/02\/unnamed-5.png\" alt=\"\" width=\"240\" height=\"320\" srcset=\"https:\/\/agora.xtec.cat\/iesmaragall\/wp-content\/uploads\/usu1613\/2021\/02\/unnamed-5.png 240w, https:\/\/agora.xtec.cat\/iesmaragall\/wp-content\/uploads\/usu1613\/2021\/02\/unnamed-5-225x300.png 225w\" sizes=\"auto, (max-width: 240px) 100vw, 240px\" \/><\/a><a href=\"https:\/\/agora.xtec.cat\/iesmaragall\/wp-content\/uploads\/usu1613\/2021\/02\/unnamed-6.png\"><img loading=\"lazy\" decoding=\"async\" class=\"alignnone size-large wp-image-6342\" src=\"https:\/\/agora.xtec.cat\/iesmaragall\/wp-content\/uploads\/usu1613\/2021\/02\/unnamed-6.png\" alt=\"\" width=\"240\" height=\"320\" srcset=\"https:\/\/agora.xtec.cat\/iesmaragall\/wp-content\/uploads\/usu1613\/2021\/02\/unnamed-6.png 240w, https:\/\/agora.xtec.cat\/iesmaragall\/wp-content\/uploads\/usu1613\/2021\/02\/unnamed-6-225x300.png 225w\" sizes=\"auto, (max-width: 240px) 100vw, 240px\" \/><\/a><a href=\"https:\/\/agora.xtec.cat\/iesmaragall\/wp-content\/uploads\/usu1613\/2021\/02\/IMG_7821.png\"><img loading=\"lazy\" decoding=\"async\" class=\"alignnone size-full wp-image-6339\" src=\"https:\/\/agora.xtec.cat\/iesmaragall\/wp-content\/uploads\/usu1613\/2021\/02\/IMG_7821.png\" alt=\"\" width=\"320\" height=\"240\" srcset=\"https:\/\/agora.xtec.cat\/iesmaragall\/wp-content\/uploads\/usu1613\/2021\/02\/IMG_7821.png 320w, https:\/\/agora.xtec.cat\/iesmaragall\/wp-content\/uploads\/usu1613\/2021\/02\/IMG_7821-300x225.png 300w, https:\/\/agora.xtec.cat\/iesmaragall\/wp-content\/uploads\/usu1613\/2021\/02\/IMG_7821-200x150.png 200w\" sizes=\"auto, (max-width: 320px) 100vw, 320px\" \/><\/a><a href=\"https:\/\/agora.xtec.cat\/iesmaragall\/wp-content\/uploads\/usu1613\/2021\/02\/IMG_7823.png\"><img loading=\"lazy\" decoding=\"async\" class=\"alignnone size-large wp-image-6340\" src=\"https:\/\/agora.xtec.cat\/iesmaragall\/wp-content\/uploads\/usu1613\/2021\/02\/IMG_7823.png\" alt=\"\" width=\"320\" height=\"240\" srcset=\"https:\/\/agora.xtec.cat\/iesmaragall\/wp-content\/uploads\/usu1613\/2021\/02\/IMG_7823.png 320w, https:\/\/agora.xtec.cat\/iesmaragall\/wp-content\/uploads\/usu1613\/2021\/02\/IMG_7823-300x225.png 300w, https:\/\/agora.xtec.cat\/iesmaragall\/wp-content\/uploads\/usu1613\/2021\/02\/IMG_7823-200x150.png 200w\" sizes=\"auto, (max-width: 320px) 100vw, 320px\" \/><\/a><\/p>\n<p><a href=\"https:\/\/agora.xtec.cat\/iesmaragall\/wp-content\/uploads\/usu1613\/2021\/02\/IMG_2555.png\"><img loading=\"lazy\" decoding=\"async\" class=\"alignnone size-large wp-image-6352\" src=\"https:\/\/agora.xtec.cat\/iesmaragall\/wp-content\/uploads\/usu1613\/2021\/02\/IMG_2555.png\" alt=\"\" width=\"320\" height=\"240\" srcset=\"https:\/\/agora.xtec.cat\/iesmaragall\/wp-content\/uploads\/usu1613\/2021\/02\/IMG_2555.png 320w, https:\/\/agora.xtec.cat\/iesmaragall\/wp-content\/uploads\/usu1613\/2021\/02\/IMG_2555-300x225.png 300w, https:\/\/agora.xtec.cat\/iesmaragall\/wp-content\/uploads\/usu1613\/2021\/02\/IMG_2555-200x150.png 200w\" sizes=\"auto, (max-width: 320px) 100vw, 320px\" \/><\/a><a href=\"https:\/\/agora.xtec.cat\/iesmaragall\/wp-content\/uploads\/usu1613\/2021\/02\/IMG_2556.png\"><img loading=\"lazy\" decoding=\"async\" class=\"alignnone size-large wp-image-6351\" src=\"https:\/\/agora.xtec.cat\/iesmaragall\/wp-content\/uploads\/usu1613\/2021\/02\/IMG_2556.png\" alt=\"\" width=\"320\" height=\"240\" srcset=\"https:\/\/agora.xtec.cat\/iesmaragall\/wp-content\/uploads\/usu1613\/2021\/02\/IMG_2556.png 320w, https:\/\/agora.xtec.cat\/iesmaragall\/wp-content\/uploads\/usu1613\/2021\/02\/IMG_2556-300x225.png 300w, https:\/\/agora.xtec.cat\/iesmaragall\/wp-content\/uploads\/usu1613\/2021\/02\/IMG_2556-200x150.png 200w\" sizes=\"auto, (max-width: 320px) 100vw, 320px\" \/><\/a><a href=\"https:\/\/agora.xtec.cat\/iesmaragall\/wp-content\/uploads\/usu1613\/2021\/02\/IMG_2512.png\"><img loading=\"lazy\" decoding=\"async\" class=\"alignnone size-full wp-image-6353\" src=\"https:\/\/agora.xtec.cat\/iesmaragall\/wp-content\/uploads\/usu1613\/2021\/02\/IMG_2512.png\" alt=\"\" width=\"320\" height=\"240\" srcset=\"https:\/\/agora.xtec.cat\/iesmaragall\/wp-content\/uploads\/usu1613\/2021\/02\/IMG_2512.png 320w, https:\/\/agora.xtec.cat\/iesmaragall\/wp-content\/uploads\/usu1613\/2021\/02\/IMG_2512-300x225.png 300w, https:\/\/agora.xtec.cat\/iesmaragall\/wp-content\/uploads\/usu1613\/2021\/02\/IMG_2512-200x150.png 200w\" sizes=\"auto, (max-width: 320px) 100vw, 320px\" \/><\/a><\/p>\n<p>La pintura en la fa\u00e7ana \u00e9s una activitat que s\u2019ha anat omplint de continguts a mida que l\u2019hem practicat. Ara podem parlar que es treballen des de la capacitat d\u2019organitzaci\u00f3 del treball en equip, la gesti\u00f3 del temps, la cohesi\u00f3 dels grups, els diferents procediments pict\u00f2rics, l\u2019escalat d\u2019imatges de gran format, i molts d\u2019altres referents a les mat\u00e8ries del batxillerat d\u2019arts.<\/p>\n<p>Les fa\u00e7anes del Maragall ja formen part del paisatge de l\u2019eixample i, per a nosaltres s\u00f3n com finestres obertes a trav\u00e9s de les quals la gent del carrer pot veure\u2019ns.<\/p>\n<p>I ens agrada que ens veieu!<\/p>\n<p>&nbsp;<\/p>\n","protected":false},"excerpt":{"rendered":"<p>La fa\u00e7ana de l\u2019Institut s\u2019ha convertit, de fa uns anys, en el suport ideal per a exterioritzar de quina manera treballem al Batxillerat d\u2019Arts Pl\u00e0stiques, Imatge i Disseny.<br \/>\nL\u2019aplacat de pissarra sint\u00e8tica que revesteix el mur del carrer Proven\u00e7a i el xamfr\u00e0 amb el d\u2019Enric Granados&hellip;  <a href=\"https:\/\/agora.xtec.cat\/iesmaragall\/com-treballem\/projectes-activitats\/quan-linstitut-es-un-llenc\/\" title=\"Read Quan l&#8217;institut \u00e9s un llen\u00e7\">Llegeix m\u00e9s\u00bb<\/a><\/p>\n","protected":false},"author":1,"featured_media":0,"parent":469,"menu_order":17,"comment_status":"closed","ping_status":"closed","template":"page-templates\/side-menu.php","meta":{"_bbp_topic_count":0,"_bbp_reply_count":0,"_bbp_total_topic_count":0,"_bbp_total_reply_count":0,"_bbp_voice_count":0,"_bbp_anonymous_reply_count":0,"_bbp_topic_count_hidden":0,"_bbp_reply_count_hidden":0,"_bbp_forum_subforum_count":0,"footnotes":""},"class_list":["post-6327","page","type-page","status-publish","hentry"],"post_mailing_queue_ids":[],"_links":{"self":[{"href":"https:\/\/agora.xtec.cat\/iesmaragall\/wp-json\/wp\/v2\/pages\/6327","targetHints":{"allow":["GET"]}}],"collection":[{"href":"https:\/\/agora.xtec.cat\/iesmaragall\/wp-json\/wp\/v2\/pages"}],"about":[{"href":"https:\/\/agora.xtec.cat\/iesmaragall\/wp-json\/wp\/v2\/types\/page"}],"author":[{"embeddable":true,"href":"https:\/\/agora.xtec.cat\/iesmaragall\/wp-json\/wp\/v2\/users\/1"}],"replies":[{"embeddable":true,"href":"https:\/\/agora.xtec.cat\/iesmaragall\/wp-json\/wp\/v2\/comments?post=6327"}],"version-history":[{"count":3,"href":"https:\/\/agora.xtec.cat\/iesmaragall\/wp-json\/wp\/v2\/pages\/6327\/revisions"}],"predecessor-version":[{"id":6355,"href":"https:\/\/agora.xtec.cat\/iesmaragall\/wp-json\/wp\/v2\/pages\/6327\/revisions\/6355"}],"up":[{"embeddable":true,"href":"https:\/\/agora.xtec.cat\/iesmaragall\/wp-json\/wp\/v2\/pages\/469"}],"wp:attachment":[{"href":"https:\/\/agora.xtec.cat\/iesmaragall\/wp-json\/wp\/v2\/media?parent=6327"}],"curies":[{"name":"wp","href":"https:\/\/api.w.org\/{rel}","templated":true}]}}