{"id":6325,"date":"2021-02-14T09:15:13","date_gmt":"2021-02-14T08:15:13","guid":{"rendered":"http:\/\/agora.xtec.cat\/iesmaragall\/?page_id=6325"},"modified":"2021-02-16T19:02:10","modified_gmt":"2021-02-16T18:02:10","slug":"fundacio-tapies","status":"publish","type":"page","link":"https:\/\/agora.xtec.cat\/iesmaragall\/com-treballem\/projectes-activitats\/fundacio-tapies\/","title":{"rendered":"Fundaci\u00f3 T\u00e0pies"},"content":{"rendered":"<p><a href=\"https:\/\/agora.xtec.cat\/iesmaragall\/wp-content\/uploads\/usu1613\/2021\/02\/olga-2.jpg\"><img loading=\"lazy\" decoding=\"async\" class=\"alignnone size-large wp-image-6421\" src=\"https:\/\/agora.xtec.cat\/iesmaragall\/wp-content\/uploads\/usu1613\/2021\/02\/olga-2-1024x768.jpg\" alt=\"\" width=\"1024\" height=\"768\" srcset=\"https:\/\/agora.xtec.cat\/iesmaragall\/wp-content\/uploads\/usu1613\/2021\/02\/olga-2-1024x768.jpg 1024w, https:\/\/agora.xtec.cat\/iesmaragall\/wp-content\/uploads\/usu1613\/2021\/02\/olga-2-300x225.jpg 300w, https:\/\/agora.xtec.cat\/iesmaragall\/wp-content\/uploads\/usu1613\/2021\/02\/olga-2-768x576.jpg 768w, https:\/\/agora.xtec.cat\/iesmaragall\/wp-content\/uploads\/usu1613\/2021\/02\/olga-2-200x150.jpg 200w, https:\/\/agora.xtec.cat\/iesmaragall\/wp-content\/uploads\/usu1613\/2021\/02\/olga-2.jpg 1984w\" sizes=\"auto, (max-width: 1024px) 100vw, 1024px\" \/><\/a><\/p>\n<p><em>Visita a la fundaci\u00f3 d\u2019Antoni T\u00e0pies, al 2019, amb els alumnes de Volum1 Fotos: professora Olga P\u00e9rez<\/em><\/p>\n<p>&nbsp;<\/p>\n<p>Aquest conveni sorgeix de la voluntat de cooperaci\u00f3 dels docents del Departament de Visual i Pl\u00e0stica,\u00a0 i\u00a0 de tenir com a refer\u00e8ncia d\u2019Art Contemporani\u00a0 a la instituci\u00f3 muse\u00edstica Fundaci\u00f3 Antoni T\u00e0pies. Tamb\u00e9 de trobar objectius comuns amb aquesta, i poder compartir activitats i cooperacions relacionades amb l\u2019exercici art\u00edstic i expositiu.<\/p>\n<p>En tant que ambdues institucions tenen una situaci\u00f3 geogr\u00e0fica propera: totes dues s\u00f3n a l\u2019Eixample de Barcelona, i a molt poca dist\u00e0ncia una de l\u2019altre prop\u00edcia la possibilitat de intercanvi de visites i realitzaci\u00f3 de treballs en com\u00fa.<\/p>\n<p><strong>Objecte del conveni:<\/strong><\/p>\n<p><strong>\u00a0<\/strong>L&#8217;objecte d&#8217;aquest conveni \u00e9s reafirmar la col\u00b7laboraci\u00f3 entre l&#8217;INSTITUT i la FUNDACI\u00d3 en els assumptes d\u2019inter\u00e8s com\u00fa en l\u2019\u00e0mbit de l\u2019art i l\u2019educaci\u00f3.<\/p>\n<p>Les finalitats d&#8217;aquest conveni s\u00f3n:<\/p>\n<p>-Promoure relacions de car\u00e0cter educatiu i art\u00edstic entre l&#8217;INSTITUT i la FUNDACI\u00d3.<\/p>\n<p>-Fomentar l&#8217;intercanvi rec\u00edproc d&#8217;informaci\u00f3 sobre temes d\u2019inter\u00e8s per a ambdues institucions.<\/p>\n<p>-Fomentar el debat i intercanvi d\u2019experi\u00e8ncies sobre tots aquells temes que puguin beneficiar ambdues institucions, especialment sobre la investigaci\u00f3 de la creativitat contempor\u00e0nia.<\/p>\n<p>-Tots aquells altres aspectes que es considerin d\u2019inter\u00e8s per a ambdues institucions.<\/p>\n<p>-La nostra voluntat des del Departament de Visual I Pl\u00e0stica\u00a0 del Centre \u00e9s promoure que els estudiants i professors de l\u2019INSTITUT puguem realitzar\u00a0 projectes educatius relacionades amb l&#8217;art contemporani, tenint la Fundaci\u00f3 T\u00e0pies com a referent proper del barri.<\/p>\n<p>A l\u2019\u00e0mbit de\u00a0 la col\u00b7laboraci\u00f3,\u00a0 la FUNDACI\u00d3 Antoni T\u00e0pies aporta :<\/p>\n<p>Oferir entrada gratu\u00efta a l\u2019alumnat de l\u2019INSTITUT i un descompte del 20% de l\u2019entrada general del museu als altres membres de la comunitat de l\u2019INSTITUT (professorat, personal de suport a la doc\u00e8ncia i personal d\u2019administraci\u00f3 i serveis). Per poder gaudir d\u2019aquest descompte, els interessats hauran de presentar un document oficial acreditatiu.<\/p>\n<p>Fins ara hem realitzat visites a exposicions i hem participat en projectes de la Fundaci\u00f3. Donat el notable inter\u00e8s que tot aix\u00f2 t\u00e9 per la formaci\u00f3 del alumnat d\u2019Arts Pl\u00e0stiques, el contacte amb la planificaci\u00f3 de la FAT \u00e9s estret i anem acomodant, segons la seva oferta expositiva, apropaments en forma de classes , visites i treballs en l\u00ednia.<\/p>\n<p>El fet de que anem projectant treballs i idees, fa que el cam\u00ed amb la connexi\u00f3 directa de l\u2019Art d\u2019Antoni T\u00e0pies\u00a0 amb l\u2019ensenyament de l\u2019Art al nostre Institut sigui un fet creatiu en s\u00ed mateix, i una bona oportunitat per gaudir alumnat i professorat d\u2019Arts.<\/p>\n<p>Olga P\u00e9rez.<\/p>\n<p>Cap de Departament de Visual i Pl\u00e0stica\u00a0 de l\u2019INS Poeta Maragall.<\/p>\n<p><a href=\"https:\/\/agora.xtec.cat\/iesmaragall\/wp-content\/uploads\/usu1613\/2021\/02\/olga-1.jpg\"><img loading=\"lazy\" decoding=\"async\" class=\"alignnone wp-image-6419 size-large\" src=\"https:\/\/agora.xtec.cat\/iesmaragall\/wp-content\/uploads\/usu1613\/2021\/02\/olga-1-1024x768.jpg\" alt=\"\" width=\"1024\" height=\"768\" srcset=\"https:\/\/agora.xtec.cat\/iesmaragall\/wp-content\/uploads\/usu1613\/2021\/02\/olga-1-1024x768.jpg 1024w, https:\/\/agora.xtec.cat\/iesmaragall\/wp-content\/uploads\/usu1613\/2021\/02\/olga-1-300x225.jpg 300w, https:\/\/agora.xtec.cat\/iesmaragall\/wp-content\/uploads\/usu1613\/2021\/02\/olga-1-768x576.jpg 768w, https:\/\/agora.xtec.cat\/iesmaragall\/wp-content\/uploads\/usu1613\/2021\/02\/olga-1-200x150.jpg 200w\" sizes=\"auto, (max-width: 1024px) 100vw, 1024px\" \/><\/a><\/p>\n","protected":false},"excerpt":{"rendered":"<p><a href=\"https:\/\/agora.xtec.cat\/iesmaragall\/wp-content\/uploads\/usu1613\/2021\/02\/olga-2.jpg\"><\/a><br \/>\nVisita a la fundaci\u00f3 d\u2019Antoni T\u00e0pies, al 2019, amb els alumnes de Volum1 Fotos: professora Olga P\u00e9rez<br \/>\n&nbsp;<br \/>\nAquest conveni sorgeix de la voluntat de cooperaci\u00f3 dels docents del Departament de Visual i Pl\u00e0stica,\u00a0 i\u00a0 de tenir com a refer\u00e8ncia d\u2019Art Contemporani\u00a0 a la instituci\u00f3 muse\u00edstica&hellip;  <a href=\"https:\/\/agora.xtec.cat\/iesmaragall\/com-treballem\/projectes-activitats\/fundacio-tapies\/\" title=\"Read Fundaci\u00f3 T\u00e0pies\">Llegeix m\u00e9s\u00bb<\/a><\/p>\n","protected":false},"author":1,"featured_media":0,"parent":469,"menu_order":16,"comment_status":"closed","ping_status":"closed","template":"page-templates\/side-menu.php","meta":{"_bbp_topic_count":0,"_bbp_reply_count":0,"_bbp_total_topic_count":0,"_bbp_total_reply_count":0,"_bbp_voice_count":0,"_bbp_anonymous_reply_count":0,"_bbp_topic_count_hidden":0,"_bbp_reply_count_hidden":0,"_bbp_forum_subforum_count":0,"footnotes":""},"class_list":["post-6325","page","type-page","status-publish","hentry"],"post_mailing_queue_ids":[],"_links":{"self":[{"href":"https:\/\/agora.xtec.cat\/iesmaragall\/wp-json\/wp\/v2\/pages\/6325","targetHints":{"allow":["GET"]}}],"collection":[{"href":"https:\/\/agora.xtec.cat\/iesmaragall\/wp-json\/wp\/v2\/pages"}],"about":[{"href":"https:\/\/agora.xtec.cat\/iesmaragall\/wp-json\/wp\/v2\/types\/page"}],"author":[{"embeddable":true,"href":"https:\/\/agora.xtec.cat\/iesmaragall\/wp-json\/wp\/v2\/users\/1"}],"replies":[{"embeddable":true,"href":"https:\/\/agora.xtec.cat\/iesmaragall\/wp-json\/wp\/v2\/comments?post=6325"}],"version-history":[{"count":3,"href":"https:\/\/agora.xtec.cat\/iesmaragall\/wp-json\/wp\/v2\/pages\/6325\/revisions"}],"predecessor-version":[{"id":6422,"href":"https:\/\/agora.xtec.cat\/iesmaragall\/wp-json\/wp\/v2\/pages\/6325\/revisions\/6422"}],"up":[{"embeddable":true,"href":"https:\/\/agora.xtec.cat\/iesmaragall\/wp-json\/wp\/v2\/pages\/469"}],"wp:attachment":[{"href":"https:\/\/agora.xtec.cat\/iesmaragall\/wp-json\/wp\/v2\/media?parent=6325"}],"curies":[{"name":"wp","href":"https:\/\/api.w.org\/{rel}","templated":true}]}}