{"id":6320,"date":"2021-02-14T09:10:14","date_gmt":"2021-02-14T08:10:14","guid":{"rendered":"http:\/\/agora.xtec.cat\/iesmaragall\/?page_id=6320"},"modified":"2021-02-19T17:25:16","modified_gmt":"2021-02-19T16:25:16","slug":"tot-dansa","status":"publish","type":"page","link":"https:\/\/agora.xtec.cat\/iesmaragall\/com-treballem\/projectes-activitats\/tot-dansa\/","title":{"rendered":"Tot Dansa"},"content":{"rendered":"<p><strong>Enlla\u00e7os als v\u00eddeos de Tot Dansa 2019 i 2020<\/strong><\/p>\n<p><a href=\"https:\/\/www.youtube.com\/watch?v=cC3Skd1LzUU&amp;t=1s\">Veure video 1<\/a><\/p>\n<p><a href=\"https:\/\/www.youtube.com\/watch?v=f753cAtw2OQ\">Veure video 2<\/a><\/p>\n<p><span style=\"font-size: 13.999999999999998pt; font-family: Arial; color: #000000; background-color: transparent; font-weight: 400; font-style: italic; font-variant: normal; text-decoration: none; vertical-align: baseline; white-space: pre-wrap;\">Tot Dansa <\/span><span style=\"font-size: 13.999999999999998pt; font-family: Arial; color: #000000; background-color: transparent; font-weight: 400; font-style: normal; font-variant: normal; text-decoration: none; vertical-align: baseline; white-space: pre-wrap;\">\u00e9s un projecte organitzat per l\u2019Institut del Teatre, el Mercat de les Flors i l\u2019Institut d\u2019Educaci\u00f3 de l\u2019Ajuntament de Barcelona. L\u2019objectiu d\u2019aquest projecte \u00e9s promoure el treball en equip, la cohesi\u00f3 i la integraci\u00f3 de tots els participants, el treball corporal i la descoberta de noves dimensions personals a trav\u00e9s de la dansa contempor\u00e0nia.\u00a0<\/span><b style=\"font-weight: normal;\"><\/b><\/p>\n<figure class=\"figure wp-caption alignnone\"><a href=\"https:\/\/agora.xtec.cat\/iesmaragall\/wp-content\/uploads\/usu1613\/2021\/02\/C\u00f2pia-de-DSCF5341.jpg\"><img loading=\"lazy\" decoding=\"async\" class=\"size-large wp-image-6465\" src=\"https:\/\/agora.xtec.cat\/iesmaragall\/wp-content\/uploads\/usu1613\/2021\/02\/C\u00f2pia-de-DSCF5341-1024x683.jpg\" alt=\"\" width=\"1024\" height=\"683\" srcset=\"https:\/\/agora.xtec.cat\/iesmaragall\/wp-content\/uploads\/usu1613\/2021\/02\/C\u00f2pia-de-DSCF5341-1024x683.jpg 1024w, https:\/\/agora.xtec.cat\/iesmaragall\/wp-content\/uploads\/usu1613\/2021\/02\/C\u00f2pia-de-DSCF5341-300x200.jpg 300w, https:\/\/agora.xtec.cat\/iesmaragall\/wp-content\/uploads\/usu1613\/2021\/02\/C\u00f2pia-de-DSCF5341-768x512.jpg 768w, https:\/\/agora.xtec.cat\/iesmaragall\/wp-content\/uploads\/usu1613\/2021\/02\/C\u00f2pia-de-DSCF5341.jpg 1734w\" sizes=\"auto, (max-width: 1024px) 100vw, 1024px\" \/><\/a><figcaption class=\"wp-caption-text\">Paula Raso<\/figcaption><\/figure>\n<p><span style=\"font-size: 13.999999999999998pt; font-family: Arial; color: #000000; background-color: transparent; font-weight: 400; font-style: normal; font-variant: normal; text-decoration: none; vertical-align: baseline; white-space: pre-wrap;\">\u00a0<\/span><\/p>\n<p><span style=\"font-size: 13.999999999999998pt; font-family: Arial; color: #000000; background-color: transparent; font-weight: 400; font-style: normal; font-variant: normal; text-decoration: none; vertical-align: baseline; white-space: pre-wrap;\">El nostre institut, juntament amb altres centres p\u00fablics de la ciutat de Barcelona, hi ha participat en les darreres tres convocat\u00f2ries amb uns resultats extraordinaris per part de l\u2019alumnat i el professorat participant i amb la sensaci\u00f3 d\u2019haver aconseguit els objectius proposats amb escreix, amb una valoraci\u00f3 positiva de la formaci\u00f3 del professorat, del grau de motivaci\u00f3 i de la capacitat de superaci\u00f3 de l\u2019alumnat, fins i tot en moments en els quals la pand\u00e8mia Covid-19 ha afectat el funcionament natural del projecte.<\/span><b style=\"font-weight: normal;\"><\/b><\/p>\n<p><a href=\"https:\/\/agora.xtec.cat\/iesmaragall\/wp-content\/uploads\/usu1613\/2021\/02\/C\u00f2pia-de-_DSC7481.jpg\"><img loading=\"lazy\" decoding=\"async\" class=\"alignnone size-large wp-image-6467\" src=\"https:\/\/agora.xtec.cat\/iesmaragall\/wp-content\/uploads\/usu1613\/2021\/02\/C\u00f2pia-de-_DSC7481-1024x684.jpg\" alt=\"\" width=\"1024\" height=\"684\" srcset=\"https:\/\/agora.xtec.cat\/iesmaragall\/wp-content\/uploads\/usu1613\/2021\/02\/C\u00f2pia-de-_DSC7481-1024x684.jpg 1024w, https:\/\/agora.xtec.cat\/iesmaragall\/wp-content\/uploads\/usu1613\/2021\/02\/C\u00f2pia-de-_DSC7481-300x200.jpg 300w, https:\/\/agora.xtec.cat\/iesmaragall\/wp-content\/uploads\/usu1613\/2021\/02\/C\u00f2pia-de-_DSC7481-768x513.jpg 768w, https:\/\/agora.xtec.cat\/iesmaragall\/wp-content\/uploads\/usu1613\/2021\/02\/C\u00f2pia-de-_DSC7481.jpg 1250w\" sizes=\"auto, (max-width: 1024px) 100vw, 1024px\" \/><\/a> <a href=\"https:\/\/agora.xtec.cat\/iesmaragall\/wp-content\/uploads\/usu1613\/2021\/02\/C\u00f2pia-de-_DSC7440.jpg\"><img loading=\"lazy\" decoding=\"async\" class=\"alignnone size-large wp-image-6464\" src=\"https:\/\/agora.xtec.cat\/iesmaragall\/wp-content\/uploads\/usu1613\/2021\/02\/C\u00f2pia-de-_DSC7440-1024x684.jpg\" alt=\"\" width=\"1024\" height=\"684\" srcset=\"https:\/\/agora.xtec.cat\/iesmaragall\/wp-content\/uploads\/usu1613\/2021\/02\/C\u00f2pia-de-_DSC7440-1024x684.jpg 1024w, https:\/\/agora.xtec.cat\/iesmaragall\/wp-content\/uploads\/usu1613\/2021\/02\/C\u00f2pia-de-_DSC7440-300x200.jpg 300w, https:\/\/agora.xtec.cat\/iesmaragall\/wp-content\/uploads\/usu1613\/2021\/02\/C\u00f2pia-de-_DSC7440-768x513.jpg 768w, https:\/\/agora.xtec.cat\/iesmaragall\/wp-content\/uploads\/usu1613\/2021\/02\/C\u00f2pia-de-_DSC7440.jpg 1250w\" sizes=\"auto, (max-width: 1024px) 100vw, 1024px\" \/><\/a><\/p>\n<p><a href=\"https:\/\/agora.xtec.cat\/iesmaragall\/wp-content\/uploads\/usu1613\/2021\/02\/C\u00f2pia-de-DSCF5471.jpg\"><img loading=\"lazy\" decoding=\"async\" class=\"size-large wp-image-6462\" src=\"https:\/\/agora.xtec.cat\/iesmaragall\/wp-content\/uploads\/usu1613\/2021\/02\/C\u00f2pia-de-DSCF5471-1024x683.jpg\" alt=\"\" width=\"1024\" height=\"683\" srcset=\"https:\/\/agora.xtec.cat\/iesmaragall\/wp-content\/uploads\/usu1613\/2021\/02\/C\u00f2pia-de-DSCF5471-1024x683.jpg 1024w, https:\/\/agora.xtec.cat\/iesmaragall\/wp-content\/uploads\/usu1613\/2021\/02\/C\u00f2pia-de-DSCF5471-300x200.jpg 300w, https:\/\/agora.xtec.cat\/iesmaragall\/wp-content\/uploads\/usu1613\/2021\/02\/C\u00f2pia-de-DSCF5471-768x512.jpg 768w\" sizes=\"auto, (max-width: 1024px) 100vw, 1024px\" \/><\/a><\/p>\n<p>Paula Raso<\/p>\n<p><span style=\"font-size: 13.999999999999998pt; font-family: Arial; color: #000000; background-color: transparent; font-weight: 400; font-style: normal; font-variant: normal; text-decoration: none; vertical-align: baseline; white-space: pre-wrap;\">Cal dir que el projecte Tot Dansa s\u2019ha incl\u00f2s a la mat\u00e8ria optativa de 4t d\u2019ESO d\u2019Arts esc\u00e8niques.\u00a0<\/span><\/p>\n<p>&nbsp;<\/p>\n","protected":false},"excerpt":{"rendered":"<p>Enlla\u00e7os als v\u00eddeos de Tot Dansa 2019 i 2020<br \/>\n<a href=\"https:\/\/www.youtube.com\/watch?v=cC3Skd1LzUU&amp;t=1s\">Veure video 1<\/a><br \/>\n<a href=\"https:\/\/www.youtube.com\/watch?v=f753cAtw2OQ\">Veure video 2<\/a><br \/>\nTot Dansa \u00e9s un projecte organitzat per l\u2019Institut del Teatre, el Mercat de les Flors i l\u2019Institut d\u2019Educaci\u00f3 de l\u2019Ajuntament de Barcelona. L\u2019objectiu d\u2019aquest projecte \u00e9s promoure el treball en equip,&hellip;  <a href=\"https:\/\/agora.xtec.cat\/iesmaragall\/com-treballem\/projectes-activitats\/tot-dansa\/\" title=\"Read Tot Dansa\">Llegeix m\u00e9s\u00bb<\/a><\/p>\n","protected":false},"author":1,"featured_media":0,"parent":469,"menu_order":12,"comment_status":"closed","ping_status":"closed","template":"page-templates\/side-menu.php","meta":{"_bbp_topic_count":0,"_bbp_reply_count":0,"_bbp_total_topic_count":0,"_bbp_total_reply_count":0,"_bbp_voice_count":0,"_bbp_anonymous_reply_count":0,"_bbp_topic_count_hidden":0,"_bbp_reply_count_hidden":0,"_bbp_forum_subforum_count":0,"footnotes":""},"class_list":["post-6320","page","type-page","status-publish","hentry"],"post_mailing_queue_ids":[],"_links":{"self":[{"href":"https:\/\/agora.xtec.cat\/iesmaragall\/wp-json\/wp\/v2\/pages\/6320","targetHints":{"allow":["GET"]}}],"collection":[{"href":"https:\/\/agora.xtec.cat\/iesmaragall\/wp-json\/wp\/v2\/pages"}],"about":[{"href":"https:\/\/agora.xtec.cat\/iesmaragall\/wp-json\/wp\/v2\/types\/page"}],"author":[{"embeddable":true,"href":"https:\/\/agora.xtec.cat\/iesmaragall\/wp-json\/wp\/v2\/users\/1"}],"replies":[{"embeddable":true,"href":"https:\/\/agora.xtec.cat\/iesmaragall\/wp-json\/wp\/v2\/comments?post=6320"}],"version-history":[{"count":3,"href":"https:\/\/agora.xtec.cat\/iesmaragall\/wp-json\/wp\/v2\/pages\/6320\/revisions"}],"predecessor-version":[{"id":6471,"href":"https:\/\/agora.xtec.cat\/iesmaragall\/wp-json\/wp\/v2\/pages\/6320\/revisions\/6471"}],"up":[{"embeddable":true,"href":"https:\/\/agora.xtec.cat\/iesmaragall\/wp-json\/wp\/v2\/pages\/469"}],"wp:attachment":[{"href":"https:\/\/agora.xtec.cat\/iesmaragall\/wp-json\/wp\/v2\/media?parent=6320"}],"curies":[{"name":"wp","href":"https:\/\/api.w.org\/{rel}","templated":true}]}}