{"id":6318,"date":"2021-02-14T09:09:24","date_gmt":"2021-02-14T08:09:24","guid":{"rendered":"http:\/\/agora.xtec.cat\/iesmaragall\/?page_id=6318"},"modified":"2021-02-16T19:53:04","modified_gmt":"2021-02-16T18:53:04","slug":"fotografia-matematica","status":"publish","type":"page","link":"https:\/\/agora.xtec.cat\/iesmaragall\/com-treballem\/projectes-activitats\/fotografia-matematica\/","title":{"rendered":"Fotografia matem\u00e0tica"},"content":{"rendered":"<p class=\"MsoNormal\"><span style=\"mso-fareast-font-family: Tahoma;\">FOTOGRAFIA MATEM\u00c0TICA<\/span><\/p>\n<p><a href=\"https:\/\/agora.xtec.cat\/iesmaragall\/wp-content\/uploads\/usu1613\/2021\/02\/IMG_20190425_150529918.jpg\"><img loading=\"lazy\" decoding=\"async\" class=\"alignnone size-large wp-image-6435\" src=\"https:\/\/agora.xtec.cat\/iesmaragall\/wp-content\/uploads\/usu1613\/2021\/02\/IMG_20190425_150529918-1024x576.jpg\" alt=\"\" width=\"1024\" height=\"576\" srcset=\"https:\/\/agora.xtec.cat\/iesmaragall\/wp-content\/uploads\/usu1613\/2021\/02\/IMG_20190425_150529918-1024x576.jpg 1024w, https:\/\/agora.xtec.cat\/iesmaragall\/wp-content\/uploads\/usu1613\/2021\/02\/IMG_20190425_150529918-300x169.jpg 300w, https:\/\/agora.xtec.cat\/iesmaragall\/wp-content\/uploads\/usu1613\/2021\/02\/IMG_20190425_150529918-768x432.jpg 768w, https:\/\/agora.xtec.cat\/iesmaragall\/wp-content\/uploads\/usu1613\/2021\/02\/IMG_20190425_150529918.jpg 1040w\" sizes=\"auto, (max-width: 1024px) 100vw, 1024px\" \/><\/a><\/p>\n<p>&nbsp;<\/p>\n<p class=\"MsoNormal\"><span style=\"mso-fareast-font-family: Tahoma;\">La participaci\u00f3 de l\u2019alumnat <span style=\"mso-spacerun: yes;\">\u00a0<\/span>en el concurs de fotografia matem\u00e0tica organitzat per ABEAM (Associaci\u00f3 de professors de matem\u00e0tiques de Barcelona) \u00e9s una activitat que ja t\u00e9 un llarg recorregut a l\u2019institut Poeta Maragall.<\/span><\/p>\n<p class=\"MsoNormal\"><span style=\"mso-fareast-font-family: Tahoma;\">Any rera any, el departament de matem\u00e0tiques fa difusi\u00f3 i promoci\u00f3 del concurs entre l\u2019alumnat i la resta de la comunitat educativa del centre.<\/span><\/p>\n<p class=\"MsoNormal\"><span style=\"mso-fareast-font-family: Tahoma;\">La participaci\u00f3 en aquesta activitat consisteix en presentar una fotografia amb el t\u00edtol corresponent que il\u00b7lustri algun concepte, idea, q\u00fcesti\u00f3&#8230; relacionada amb les matem\u00e0tiques. Es valora la qualitat de la fotografia, la idone\u00eftat del t\u00edtol i sobretot, la relaci\u00f3 de la imatge i el t\u00edtol amb el concepte matem\u00e0tic representat.<\/span><\/p>\n<p><a href=\"https:\/\/agora.xtec.cat\/iesmaragall\/wp-content\/uploads\/usu1613\/2021\/02\/Foto-2.jpg\"><img loading=\"lazy\" decoding=\"async\" class=\"alignnone size-large wp-image-6425\" src=\"https:\/\/agora.xtec.cat\/iesmaragall\/wp-content\/uploads\/usu1613\/2021\/02\/Foto-2-1024x576.jpg\" alt=\"\" width=\"1024\" height=\"576\" srcset=\"https:\/\/agora.xtec.cat\/iesmaragall\/wp-content\/uploads\/usu1613\/2021\/02\/Foto-2.jpg 1024w, https:\/\/agora.xtec.cat\/iesmaragall\/wp-content\/uploads\/usu1613\/2021\/02\/Foto-2-300x169.jpg 300w, https:\/\/agora.xtec.cat\/iesmaragall\/wp-content\/uploads\/usu1613\/2021\/02\/Foto-2-768x432.jpg 768w\" sizes=\"auto, (max-width: 1024px) 100vw, 1024px\" \/><\/a><\/p>\n<p>&nbsp;<\/p>\n<p class=\"MsoNormal\"><span style=\"mso-fareast-font-family: Tahoma;\">El concurs de fotografia matem\u00e0tica es desenvolupa en dues fases <\/span><\/p>\n<p class=\"MsoNormal\"><b style=\"font-family: inherit; font-size: 1em;\">1a Fase<\/b><\/p>\n<p class=\"MsoCaption\"><span style=\"mso-fareast-font-family: Tahoma; font-style: normal; mso-bidi-font-style: italic;\">Concurs intern, el resultat del qual es fa coincidir amb el lliurament de premis de Sant Jordi.<\/span><\/p>\n<p class=\"MsoCaption\"><span style=\"font-family: inherit; font-size: 1em;\">El departament de matem\u00e0tiques fa una exposici\u00f3 de les fotografies presentades a la planta 3a, i s\u00f3n els membres del departament qui fan de jurat i trien les fotografies guanyadores per a cada categoria.<\/span><\/p>\n<p class=\"MsoCaption\"><b style=\"font-family: inherit; font-size: 1em;\">2a fase<\/b><\/p>\n<p class=\"MsoCaption\"><span style=\"mso-fareast-font-family: Tahoma; font-style: normal; mso-bidi-font-style: italic;\">Les fotografies guanyadores s\u2019envien a la 2a fase del concurs d\u2019\u00e0mbit tot Catalunya. En aquesta 2a fase la compet\u00e8ncia \u00e9s considerable, cada any hi ha fotografies m\u00e9s originals i \u00e9s dif\u00edcil aconseguir premi.<\/span><\/p>\n<p class=\"MsoCaption\"><span style=\"mso-fareast-font-family: Tahoma; font-style: normal; mso-bidi-font-style: italic;\">Per aix\u00f2 \u00e9s un orgull pel departament de matem\u00e0tiques presentar-vos les fotografies del \u201cMaragall\u201d que han obtingut premi o menci\u00f3 en aquest segona fase.<\/span><\/p>\n<p><strong>T\u00edtol: CDlindre oblic<\/strong><br \/>\n<strong>Autor: Irene Valldeoriola Villegas<\/strong><br \/>\n<strong>Categoria: 2n cicle ESO<\/strong><br \/>\n<strong>Any: 2014 (acc\u00e8ssit)<\/strong><br \/>\n<strong>Centre: Institut Poeta Maragall (Barcelona)<\/strong><\/p>\n<p><a href=\"https:\/\/agora.xtec.cat\/iesmaragall\/wp-content\/uploads\/usu1613\/2021\/02\/36_ABEAM2014-ESO-34_CDLINDRE-OBLIC.jpg\"><img loading=\"lazy\" decoding=\"async\" class=\"alignnone size-full wp-image-6428\" src=\"https:\/\/agora.xtec.cat\/iesmaragall\/wp-content\/uploads\/usu1613\/2021\/02\/36_ABEAM2014-ESO-34_CDLINDRE-OBLIC.jpg\" alt=\"\" width=\"555\" height=\"667\" srcset=\"https:\/\/agora.xtec.cat\/iesmaragall\/wp-content\/uploads\/usu1613\/2021\/02\/36_ABEAM2014-ESO-34_CDLINDRE-OBLIC.jpg 555w, https:\/\/agora.xtec.cat\/iesmaragall\/wp-content\/uploads\/usu1613\/2021\/02\/36_ABEAM2014-ESO-34_CDLINDRE-OBLIC-250x300.jpg 250w\" sizes=\"auto, (max-width: 555px) 100vw, 555px\" \/><\/a><\/p>\n<p>&nbsp;<\/p>\n<p><strong>T\u00edtol:\u00a0 \u03c0 zza rad<\/strong><br \/>\n<strong>Autor: Gabriel Garc\u00eda Mir\u00f3<\/strong><br \/>\n<strong>Categoria: 2n Cicle ESO<\/strong><br \/>\n<strong>Any: 2019 (3r premi)<\/strong><br \/>\n<strong>Centre: Institut Poeta Maragall<\/strong><\/p>\n<p class=\"MsoCaption\"><a href=\"https:\/\/agora.xtec.cat\/iesmaragall\/wp-content\/uploads\/usu1613\/2021\/02\/QA-\u03c0-zza-rad-Gabriel-Garcia-per-web-1024x768.jpg\"><img loading=\"lazy\" decoding=\"async\" class=\"alignnone size-large wp-image-6426\" src=\"https:\/\/agora.xtec.cat\/iesmaragall\/wp-content\/uploads\/usu1613\/2021\/02\/QA-\u03c0-zza-rad-Gabriel-Garcia-per-web-1024x768-1024x768.jpg\" alt=\"\" width=\"1024\" height=\"768\" srcset=\"https:\/\/agora.xtec.cat\/iesmaragall\/wp-content\/uploads\/usu1613\/2021\/02\/QA-\u03c0-zza-rad-Gabriel-Garcia-per-web-1024x768.jpg 1024w, https:\/\/agora.xtec.cat\/iesmaragall\/wp-content\/uploads\/usu1613\/2021\/02\/QA-\u03c0-zza-rad-Gabriel-Garcia-per-web-1024x768-300x225.jpg 300w, https:\/\/agora.xtec.cat\/iesmaragall\/wp-content\/uploads\/usu1613\/2021\/02\/QA-\u03c0-zza-rad-Gabriel-Garcia-per-web-1024x768-768x576.jpg 768w, https:\/\/agora.xtec.cat\/iesmaragall\/wp-content\/uploads\/usu1613\/2021\/02\/QA-\u03c0-zza-rad-Gabriel-Garcia-per-web-1024x768-200x150.jpg 200w\" sizes=\"auto, (max-width: 1024px) 100vw, 1024px\" \/><\/a><\/p>\n<p>&nbsp;<\/p>\n<p>&nbsp;<\/p>\n<p><strong>T\u00edtol: f(x) = f(-x)<\/strong><br \/>\n<strong>Autor: Maria Godina Lapaz<\/strong><br \/>\n<strong>Categoria: Batxillerat<\/strong><br \/>\n<strong>Any: 2014 (2n premi)<\/strong><br \/>\n<strong>Centre: Institut Poeta Maragall (Barcelona)<\/strong><\/p>\n<p><a href=\"https:\/\/agora.xtec.cat\/iesmaragall\/wp-content\/uploads\/usu1613\/2021\/02\/61_ABEAM2014-ESPO_fxf-x-1024x679.jpg\"><img loading=\"lazy\" decoding=\"async\" class=\"alignnone size-large wp-image-6432\" src=\"https:\/\/agora.xtec.cat\/iesmaragall\/wp-content\/uploads\/usu1613\/2021\/02\/61_ABEAM2014-ESPO_fxf-x-1024x679-1024x679.jpg\" alt=\"\" width=\"1024\" height=\"679\" srcset=\"https:\/\/agora.xtec.cat\/iesmaragall\/wp-content\/uploads\/usu1613\/2021\/02\/61_ABEAM2014-ESPO_fxf-x-1024x679.jpg 1024w, https:\/\/agora.xtec.cat\/iesmaragall\/wp-content\/uploads\/usu1613\/2021\/02\/61_ABEAM2014-ESPO_fxf-x-1024x679-300x199.jpg 300w, https:\/\/agora.xtec.cat\/iesmaragall\/wp-content\/uploads\/usu1613\/2021\/02\/61_ABEAM2014-ESPO_fxf-x-1024x679-768x509.jpg 768w\" sizes=\"auto, (max-width: 1024px) 100vw, 1024px\" \/><\/a><\/p>\n<p>&nbsp;<\/p>\n<p class=\"MsoCaption\"><b style=\"font-family: inherit; font-size: 1em;\">Valoraci\u00f3<\/b><\/p>\n<p class=\"MsoCaption\"><span style=\"mso-fareast-font-family: Tahoma; font-style: normal; mso-bidi-font-style: italic;\">Es valora molt positivament la participaci\u00f3 en aquest concurs perqu\u00e8 la mirada cap a les matem\u00e0tiques \u00e9s una mirada art\u00edstica que convida a tot tipus de persones a participar-hi.<\/span><\/p>\n<p class=\"MsoCaption\"><span style=\"mso-fareast-font-family: Tahoma; font-style: normal; mso-bidi-font-style: italic;\">\u00c9s sens dubte una manera diferent i original d\u2019apropar les matem\u00e0tiques a tothom.<\/span><\/p>\n<p><a href=\"https:\/\/agora.xtec.cat\/iesmaragall\/wp-content\/uploads\/usu1613\/2021\/02\/IMG_20190425_150547183.jpg\"><img loading=\"lazy\" decoding=\"async\" class=\"alignnone wp-image-6423 size-full\" src=\"https:\/\/agora.xtec.cat\/iesmaragall\/wp-content\/uploads\/usu1613\/2021\/02\/IMG_20190425_150547183.jpg\" alt=\"\" width=\"2080\" height=\"1170\" srcset=\"https:\/\/agora.xtec.cat\/iesmaragall\/wp-content\/uploads\/usu1613\/2021\/02\/IMG_20190425_150547183.jpg 2080w, https:\/\/agora.xtec.cat\/iesmaragall\/wp-content\/uploads\/usu1613\/2021\/02\/IMG_20190425_150547183-300x169.jpg 300w, https:\/\/agora.xtec.cat\/iesmaragall\/wp-content\/uploads\/usu1613\/2021\/02\/IMG_20190425_150547183-768x432.jpg 768w, https:\/\/agora.xtec.cat\/iesmaragall\/wp-content\/uploads\/usu1613\/2021\/02\/IMG_20190425_150547183-1024x576.jpg 1024w\" sizes=\"auto, (max-width: 2080px) 100vw, 2080px\" \/><\/a><\/p>\n","protected":false},"excerpt":{"rendered":"<p>FOTOGRAFIA MATEM\u00c0TICA<br \/>\n<a href=\"https:\/\/agora.xtec.cat\/iesmaragall\/wp-content\/uploads\/usu1613\/2021\/02\/IMG_20190425_150529918.jpg\"><\/a><br \/>\n&nbsp;<br \/>\nLa participaci\u00f3 de l\u2019alumnat \u00a0en el concurs de fotografia matem\u00e0tica organitzat per ABEAM (Associaci\u00f3 de professors de matem\u00e0tiques de Barcelona) \u00e9s una activitat que ja t\u00e9 un llarg recorregut a l\u2019institut Poeta Maragall.<br \/>\nAny rera any, el departament de matem\u00e0tiques fa difusi\u00f3 i promoci\u00f3&hellip;  <a href=\"https:\/\/agora.xtec.cat\/iesmaragall\/com-treballem\/projectes-activitats\/fotografia-matematica\/\" title=\"Read Fotografia matem\u00e0tica\">Llegeix m\u00e9s\u00bb<\/a><\/p>\n","protected":false},"author":1,"featured_media":0,"parent":469,"menu_order":11,"comment_status":"closed","ping_status":"closed","template":"page-templates\/side-menu.php","meta":{"_bbp_topic_count":0,"_bbp_reply_count":0,"_bbp_total_topic_count":0,"_bbp_total_reply_count":0,"_bbp_voice_count":0,"_bbp_anonymous_reply_count":0,"_bbp_topic_count_hidden":0,"_bbp_reply_count_hidden":0,"_bbp_forum_subforum_count":0,"footnotes":""},"class_list":["post-6318","page","type-page","status-publish","hentry"],"post_mailing_queue_ids":[],"_links":{"self":[{"href":"https:\/\/agora.xtec.cat\/iesmaragall\/wp-json\/wp\/v2\/pages\/6318","targetHints":{"allow":["GET"]}}],"collection":[{"href":"https:\/\/agora.xtec.cat\/iesmaragall\/wp-json\/wp\/v2\/pages"}],"about":[{"href":"https:\/\/agora.xtec.cat\/iesmaragall\/wp-json\/wp\/v2\/types\/page"}],"author":[{"embeddable":true,"href":"https:\/\/agora.xtec.cat\/iesmaragall\/wp-json\/wp\/v2\/users\/1"}],"replies":[{"embeddable":true,"href":"https:\/\/agora.xtec.cat\/iesmaragall\/wp-json\/wp\/v2\/comments?post=6318"}],"version-history":[{"count":4,"href":"https:\/\/agora.xtec.cat\/iesmaragall\/wp-json\/wp\/v2\/pages\/6318\/revisions"}],"predecessor-version":[{"id":6436,"href":"https:\/\/agora.xtec.cat\/iesmaragall\/wp-json\/wp\/v2\/pages\/6318\/revisions\/6436"}],"up":[{"embeddable":true,"href":"https:\/\/agora.xtec.cat\/iesmaragall\/wp-json\/wp\/v2\/pages\/469"}],"wp:attachment":[{"href":"https:\/\/agora.xtec.cat\/iesmaragall\/wp-json\/wp\/v2\/media?parent=6318"}],"curies":[{"name":"wp","href":"https:\/\/api.w.org\/{rel}","templated":true}]}}