{"id":6311,"date":"2021-02-14T09:05:05","date_gmt":"2021-02-14T08:05:05","guid":{"rendered":"http:\/\/agora.xtec.cat\/iesmaragall\/?page_id=6311"},"modified":"2021-02-15T16:53:27","modified_gmt":"2021-02-15T15:53:27","slug":"filosofia-3-18","status":"publish","type":"page","link":"https:\/\/agora.xtec.cat\/iesmaragall\/com-treballem\/projectes-activitats\/filosofia-3-18\/","title":{"rendered":"Filosofia 3\/18"},"content":{"rendered":"<p><a href=\"https:\/\/agora.xtec.cat\/iesmaragall\/wp-content\/uploads\/usu1613\/2021\/02\/IMG_20200312_073939_296.jpg\"><img loading=\"lazy\" decoding=\"async\" class=\"size-full wp-image-6332 aligncenter\" src=\"https:\/\/agora.xtec.cat\/iesmaragall\/wp-content\/uploads\/usu1613\/2021\/02\/IMG_20200312_073939_296.jpg\" alt=\"\" width=\"540\" height=\"540\" srcset=\"https:\/\/agora.xtec.cat\/iesmaragall\/wp-content\/uploads\/usu1613\/2021\/02\/IMG_20200312_073939_296.jpg 540w, https:\/\/agora.xtec.cat\/iesmaragall\/wp-content\/uploads\/usu1613\/2021\/02\/IMG_20200312_073939_296-150x150.jpg 150w, https:\/\/agora.xtec.cat\/iesmaragall\/wp-content\/uploads\/usu1613\/2021\/02\/IMG_20200312_073939_296-300x300.jpg 300w\" sizes=\"auto, (max-width: 540px) 100vw, 540px\" \/><\/a><\/p>\n<p>FILOSOFIA 3\/18 \u00e9s un projecte de llarg recorregut, experimentat en molts \u00e0mbits educatius i des de fa molts anys, seguint la inspiraci\u00f3 de les idees de l\u2019educador i fil\u00f2sof nord-americ\u00e0 Mattew Lipman.<\/p>\n<p>FILOSOFIA 3\/18 ens acompanya des de fa tres anys. Som el primer centre p\u00fablic de Catalunya que l\u2019est\u00e0 desenvolupant a tots els nivells de l\u2019ESO.<\/p>\n<p>FILOSOFIA 3\/18 pret\u00e9n posar a prova que la reflexi\u00f3, l\u2019esperit cr\u00edtic i la mirada curosa s\u00f3n habilitats que qualsevol adolescent pot aplicar a la seva vida quotidiana.<\/p>\n<p>FILOSOFIA 3\/18 fa possible treballar aquestes habilitats dins del marc de les Compet\u00e8ncies B\u00e0siques de l\u2019assignatura de Cultura i Valors i en conson\u00e0ncia amb les altres mat\u00e8ries del curr\u00edculum.<\/p>\n<p>FILOSOFIA 3\/18 creu en el valor del di\u00e0leg com la millor manera de plantejar i solucionar problemes de tot tipus amb l\u2019anomenada comunitat d\u2019indagaci\u00f3 que permet a qualsevol disposar d\u2019eines intel\u00b7lectuals per entendre el punt de vista de l\u2019altre.<\/p>\n<p>FILOSOFIA 3\/18, per \u00faltim, considera que si volem adults amb criteri, hem d\u2019educar infants i adolescents<br \/>\nque vagin construint el seu prop criteri.<\/p>\n<p><a href=\"https:\/\/agora.xtec.cat\/iesmaragall\/wp-content\/uploads\/usu1613\/2021\/02\/IMG_20200311_174420.jpg\"><img loading=\"lazy\" decoding=\"async\" class=\"alignnone size-large wp-image-6333\" src=\"https:\/\/agora.xtec.cat\/iesmaragall\/wp-content\/uploads\/usu1613\/2021\/02\/IMG_20200311_174420-1024x768.jpg\" alt=\"\" width=\"1024\" height=\"768\" srcset=\"https:\/\/agora.xtec.cat\/iesmaragall\/wp-content\/uploads\/usu1613\/2021\/02\/IMG_20200311_174420-1024x768.jpg 1024w, https:\/\/agora.xtec.cat\/iesmaragall\/wp-content\/uploads\/usu1613\/2021\/02\/IMG_20200311_174420-300x225.jpg 300w, https:\/\/agora.xtec.cat\/iesmaragall\/wp-content\/uploads\/usu1613\/2021\/02\/IMG_20200311_174420-768x576.jpg 768w, https:\/\/agora.xtec.cat\/iesmaragall\/wp-content\/uploads\/usu1613\/2021\/02\/IMG_20200311_174420-200x150.jpg 200w\" sizes=\"auto, (max-width: 1024px) 100vw, 1024px\" \/><\/a> <a href=\"https:\/\/agora.xtec.cat\/iesmaragall\/wp-content\/uploads\/usu1613\/2021\/02\/IMG_20200311_174408.jpg\"><img loading=\"lazy\" decoding=\"async\" class=\"alignnone size-large wp-image-6334\" src=\"https:\/\/agora.xtec.cat\/iesmaragall\/wp-content\/uploads\/usu1613\/2021\/02\/IMG_20200311_174408-1024x768.jpg\" alt=\"\" width=\"1024\" height=\"768\" srcset=\"https:\/\/agora.xtec.cat\/iesmaragall\/wp-content\/uploads\/usu1613\/2021\/02\/IMG_20200311_174408-1024x768.jpg 1024w, https:\/\/agora.xtec.cat\/iesmaragall\/wp-content\/uploads\/usu1613\/2021\/02\/IMG_20200311_174408-300x225.jpg 300w, https:\/\/agora.xtec.cat\/iesmaragall\/wp-content\/uploads\/usu1613\/2021\/02\/IMG_20200311_174408-768x576.jpg 768w, https:\/\/agora.xtec.cat\/iesmaragall\/wp-content\/uploads\/usu1613\/2021\/02\/IMG_20200311_174408-200x150.jpg 200w\" sizes=\"auto, (max-width: 1024px) 100vw, 1024px\" \/><\/a><\/p>\n","protected":false},"excerpt":{"rendered":"<p><a href=\"https:\/\/agora.xtec.cat\/iesmaragall\/wp-content\/uploads\/usu1613\/2021\/02\/IMG_20200312_073939_296.jpg\"><\/a><br \/>\nFILOSOFIA 3\/18 \u00e9s un projecte de llarg recorregut, experimentat en molts \u00e0mbits educatius i des de fa molts anys, seguint la inspiraci\u00f3 de les idees de l\u2019educador i fil\u00f2sof nord-americ\u00e0 Mattew Lipman.<br \/>\nFILOSOFIA 3\/18 ens acompanya des de fa tres anys. Som el primer centre&hellip;  <a href=\"https:\/\/agora.xtec.cat\/iesmaragall\/com-treballem\/projectes-activitats\/filosofia-3-18\/\" title=\"Read Filosofia 3\/18\">Llegeix m\u00e9s\u00bb<\/a><\/p>\n","protected":false},"author":1,"featured_media":0,"parent":469,"menu_order":8,"comment_status":"closed","ping_status":"closed","template":"page-templates\/side-menu.php","meta":{"_bbp_topic_count":0,"_bbp_reply_count":0,"_bbp_total_topic_count":0,"_bbp_total_reply_count":0,"_bbp_voice_count":0,"_bbp_anonymous_reply_count":0,"_bbp_topic_count_hidden":0,"_bbp_reply_count_hidden":0,"_bbp_forum_subforum_count":0,"footnotes":""},"class_list":["post-6311","page","type-page","status-publish","hentry"],"post_mailing_queue_ids":[],"_links":{"self":[{"href":"https:\/\/agora.xtec.cat\/iesmaragall\/wp-json\/wp\/v2\/pages\/6311","targetHints":{"allow":["GET"]}}],"collection":[{"href":"https:\/\/agora.xtec.cat\/iesmaragall\/wp-json\/wp\/v2\/pages"}],"about":[{"href":"https:\/\/agora.xtec.cat\/iesmaragall\/wp-json\/wp\/v2\/types\/page"}],"author":[{"embeddable":true,"href":"https:\/\/agora.xtec.cat\/iesmaragall\/wp-json\/wp\/v2\/users\/1"}],"replies":[{"embeddable":true,"href":"https:\/\/agora.xtec.cat\/iesmaragall\/wp-json\/wp\/v2\/comments?post=6311"}],"version-history":[{"count":3,"href":"https:\/\/agora.xtec.cat\/iesmaragall\/wp-json\/wp\/v2\/pages\/6311\/revisions"}],"predecessor-version":[{"id":6336,"href":"https:\/\/agora.xtec.cat\/iesmaragall\/wp-json\/wp\/v2\/pages\/6311\/revisions\/6336"}],"up":[{"embeddable":true,"href":"https:\/\/agora.xtec.cat\/iesmaragall\/wp-json\/wp\/v2\/pages\/469"}],"wp:attachment":[{"href":"https:\/\/agora.xtec.cat\/iesmaragall\/wp-json\/wp\/v2\/media?parent=6311"}],"curies":[{"name":"wp","href":"https:\/\/api.w.org\/{rel}","templated":true}]}}