{"id":6307,"date":"2021-02-14T08:57:11","date_gmt":"2021-02-14T07:57:11","guid":{"rendered":"http:\/\/agora.xtec.cat\/iesmaragall\/?page_id=6307"},"modified":"2021-02-17T18:41:41","modified_gmt":"2021-02-17T17:41:41","slug":"aps-microplastics-watchers","status":"publish","type":"page","link":"https:\/\/agora.xtec.cat\/iesmaragall\/com-treballem\/projectes-activitats\/aps-microplastics-watchers\/","title":{"rendered":"APS &#8211; Micropl\u00e0stics watchers"},"content":{"rendered":"<h5 dir=\"ltr\">Micropl\u00e0stics watchers \u00e9s un servei comunitari de caire cient\u00edfic.<\/h5>\n<p dir=\"ltr\">La nostra tasca consisteix en recollir de forma sistem\u00e0tica mostres de sorra de la platja de la Barceloneta i fer-ne l&#8217;an\u00e0lisi per tal de quantificar els micro-pl\u00e0stics i els meso-pl\u00e0stics que contenen.<\/p>\n<p dir=\"ltr\">Els resultats s\u00f3n adre\u00e7ats a &#8220;Observadors del Mar&#8221; que \u00e9s l&#8217;organitzaci\u00f3\u00a0 que fa l&#8217;estudi cient\u00edfic fent servir els nostres resultats i els d&#8217;altres instituts col\u00b7laboradors.<\/p>\n<p dir=\"ltr\">Crec que en aquests cas,\u00a0 tamb\u00e9 de forma literal, si que aportem el nostre granet de sorra.<\/p>\n<p dir=\"ltr\"><a href=\"http:\/\/mmbobservadorsdelaplatja.blogspot.com\/\">Blog de &#8220;Observadors del Mar&#8221;<\/a><\/p>\n<h6 dir=\"ltr\">El grup<\/h6>\n<p dir=\"ltr\">El nostre grup est\u00e0 format per alumnat de 4t A, B i C de l&#8217;institut Poeta Maragall i la professora de matem\u00e0tiques. Hem d&#8217;agrair a la Sra Cristina Puig , membre del grup &#8220;Observadors del mar&#8221; del Museu mar\u00edtim de Barcelona, el seu suport, sobretot en la fase inicial.<\/p>\n<p dir=\"ltr\"><a href=\"https:\/\/agora.xtec.cat\/iesmaragall\/wp-content\/uploads\/usu1613\/2021\/02\/grup-2.jpg\"><img loading=\"lazy\" decoding=\"async\" class=\"alignnone size-large wp-image-6371\" src=\"https:\/\/agora.xtec.cat\/iesmaragall\/wp-content\/uploads\/usu1613\/2021\/02\/grup-2-1024x576.jpg\" alt=\"\" width=\"1024\" height=\"576\" srcset=\"https:\/\/agora.xtec.cat\/iesmaragall\/wp-content\/uploads\/usu1613\/2021\/02\/grup-2-1024x576.jpg 1024w, https:\/\/agora.xtec.cat\/iesmaragall\/wp-content\/uploads\/usu1613\/2021\/02\/grup-2-300x169.jpg 300w, https:\/\/agora.xtec.cat\/iesmaragall\/wp-content\/uploads\/usu1613\/2021\/02\/grup-2-768x432.jpg 768w\" sizes=\"auto, (max-width: 1024px) 100vw, 1024px\" \/><\/a><\/p>\n<p dir=\"ltr\"><a href=\"https:\/\/agora.xtec.cat\/iesmaragall\/wp-content\/uploads\/usu1613\/2021\/02\/grup-1.jpg\"><img loading=\"lazy\" decoding=\"async\" class=\"alignnone size-large wp-image-6372\" src=\"https:\/\/agora.xtec.cat\/iesmaragall\/wp-content\/uploads\/usu1613\/2021\/02\/grup-1-1024x576.jpg\" alt=\"\" width=\"1024\" height=\"576\" srcset=\"https:\/\/agora.xtec.cat\/iesmaragall\/wp-content\/uploads\/usu1613\/2021\/02\/grup-1-1024x576.jpg 1024w, https:\/\/agora.xtec.cat\/iesmaragall\/wp-content\/uploads\/usu1613\/2021\/02\/grup-1-300x169.jpg 300w, https:\/\/agora.xtec.cat\/iesmaragall\/wp-content\/uploads\/usu1613\/2021\/02\/grup-1-768x432.jpg 768w\" sizes=\"auto, (max-width: 1024px) 100vw, 1024px\" \/><\/a><\/p>\n<h6 dir=\"ltr\">Recollida de mostres<\/h6>\n<p dir=\"ltr\">La recollida de mostres es realitza de forma sistem\u00e0tica. Cada parella d&#8217;alumnes marca a la sorra una parcel\u00b7la de 1\/2 metre quadrat que contingui la &#8220;l\u00ednia de marea&#8221;.<\/p>\n<p dir=\"ltr\">\u00a0La primera i darrera parella enregistren les coordenades de longitud i latitud de les respectives parcel\u00b7les fent us del tel\u00e8fon m\u00f2bil.<\/p>\n<p dir=\"ltr\">Cada parcel\u00b7la esta situada a una dist\u00e0ncia de 10 m de la parcel\u00b7la seg\u00fcent.<\/p>\n<p dir=\"ltr\">Cal recollir en un recipient la sorra superficial de la parcel\u00b7la en q\u00fcesti\u00f3.<\/p>\n<p><a href=\"https:\/\/agora.xtec.cat\/iesmaragall\/wp-content\/uploads\/usu1613\/2021\/02\/platja-3.jpg\"><img loading=\"lazy\" decoding=\"async\" class=\"alignnone wp-image-6374 size-medium\" src=\"https:\/\/agora.xtec.cat\/iesmaragall\/wp-content\/uploads\/usu1613\/2021\/02\/platja-3-300x169.jpg\" alt=\"\" width=\"300\" height=\"169\" srcset=\"https:\/\/agora.xtec.cat\/iesmaragall\/wp-content\/uploads\/usu1613\/2021\/02\/platja-3-300x169.jpg 300w, https:\/\/agora.xtec.cat\/iesmaragall\/wp-content\/uploads\/usu1613\/2021\/02\/platja-3-768x432.jpg 768w, https:\/\/agora.xtec.cat\/iesmaragall\/wp-content\/uploads\/usu1613\/2021\/02\/platja-3-1024x576.jpg 1024w\" sizes=\"auto, (max-width: 300px) 100vw, 300px\" \/><\/a> <a href=\"https:\/\/agora.xtec.cat\/iesmaragall\/wp-content\/uploads\/usu1613\/2021\/02\/platja-2.jpg\"><img loading=\"lazy\" decoding=\"async\" class=\"alignnone wp-image-6375 size-medium\" src=\"https:\/\/agora.xtec.cat\/iesmaragall\/wp-content\/uploads\/usu1613\/2021\/02\/platja-2-300x169.jpg\" alt=\"\" width=\"300\" height=\"169\" srcset=\"https:\/\/agora.xtec.cat\/iesmaragall\/wp-content\/uploads\/usu1613\/2021\/02\/platja-2-300x169.jpg 300w, https:\/\/agora.xtec.cat\/iesmaragall\/wp-content\/uploads\/usu1613\/2021\/02\/platja-2-768x432.jpg 768w, https:\/\/agora.xtec.cat\/iesmaragall\/wp-content\/uploads\/usu1613\/2021\/02\/platja-2-1024x576.jpg 1024w\" sizes=\"auto, (max-width: 300px) 100vw, 300px\" \/><\/a> <a href=\"https:\/\/agora.xtec.cat\/iesmaragall\/wp-content\/uploads\/usu1613\/2021\/02\/platja-1.jpg\"><img loading=\"lazy\" decoding=\"async\" class=\"alignnone wp-image-6376 size-medium\" src=\"https:\/\/agora.xtec.cat\/iesmaragall\/wp-content\/uploads\/usu1613\/2021\/02\/platja-1-300x169.jpg\" alt=\"\" width=\"300\" height=\"169\" srcset=\"https:\/\/agora.xtec.cat\/iesmaragall\/wp-content\/uploads\/usu1613\/2021\/02\/platja-1-300x169.jpg 300w, https:\/\/agora.xtec.cat\/iesmaragall\/wp-content\/uploads\/usu1613\/2021\/02\/platja-1-768x432.jpg 768w, https:\/\/agora.xtec.cat\/iesmaragall\/wp-content\/uploads\/usu1613\/2021\/02\/platja-1-1024x576.jpg 1024w\" sizes=\"auto, (max-width: 300px) 100vw, 300px\" \/><\/a><\/p>\n<p><a href=\"https:\/\/agora.xtec.cat\/iesmaragall\/wp-content\/uploads\/usu1613\/2021\/02\/platja5.jpg\"><img loading=\"lazy\" decoding=\"async\" class=\"alignnone wp-image-6437 \" src=\"https:\/\/agora.xtec.cat\/iesmaragall\/wp-content\/uploads\/usu1613\/2021\/02\/platja5.jpg\" alt=\"\" width=\"532\" height=\"300\" srcset=\"https:\/\/agora.xtec.cat\/iesmaragall\/wp-content\/uploads\/usu1613\/2021\/02\/platja5.jpg 2080w, https:\/\/agora.xtec.cat\/iesmaragall\/wp-content\/uploads\/usu1613\/2021\/02\/platja5-300x169.jpg 300w, https:\/\/agora.xtec.cat\/iesmaragall\/wp-content\/uploads\/usu1613\/2021\/02\/platja5-768x432.jpg 768w, https:\/\/agora.xtec.cat\/iesmaragall\/wp-content\/uploads\/usu1613\/2021\/02\/platja5-1024x576.jpg 1024w\" sizes=\"auto, (max-width: 532px) 100vw, 532px\" \/><\/a><a href=\"https:\/\/agora.xtec.cat\/iesmaragall\/wp-content\/uploads\/usu1613\/2021\/02\/Coordenades-A1-22-10.png\"><img loading=\"lazy\" decoding=\"async\" class=\"alignnone wp-image-6384 size-medium\" src=\"https:\/\/agora.xtec.cat\/iesmaragall\/wp-content\/uploads\/usu1613\/2021\/02\/Coordenades-A1-22-10-169x300.png\" alt=\"\" width=\"169\" height=\"300\" srcset=\"https:\/\/agora.xtec.cat\/iesmaragall\/wp-content\/uploads\/usu1613\/2021\/02\/Coordenades-A1-22-10-169x300.png 169w, https:\/\/agora.xtec.cat\/iesmaragall\/wp-content\/uploads\/usu1613\/2021\/02\/Coordenades-A1-22-10-576x1024.png 576w, https:\/\/agora.xtec.cat\/iesmaragall\/wp-content\/uploads\/usu1613\/2021\/02\/Coordenades-A1-22-10.png 720w\" sizes=\"auto, (max-width: 169px) 100vw, 169px\" \/><\/a><\/p>\n<h6 dir=\"ltr\">An\u00e0lisi de les mostres i recompte<\/h6>\n<p dir=\"ltr\">Fem servir pinces i graelles per recollir i classificar tipus de micropl\u00e0stics i mesopl\u00e0stics<\/p>\n<p><a href=\"https:\/\/agora.xtec.cat\/iesmaragall\/wp-content\/uploads\/usu1613\/2021\/02\/IMG_20201029_143440959_HDR.jpg\"><img loading=\"lazy\" decoding=\"async\" class=\"alignnone wp-image-6379 size-medium\" src=\"https:\/\/agora.xtec.cat\/iesmaragall\/wp-content\/uploads\/usu1613\/2021\/02\/IMG_20201029_143440959_HDR-300x169.jpg\" alt=\"\" width=\"300\" height=\"169\" srcset=\"https:\/\/agora.xtec.cat\/iesmaragall\/wp-content\/uploads\/usu1613\/2021\/02\/IMG_20201029_143440959_HDR-300x169.jpg 300w, https:\/\/agora.xtec.cat\/iesmaragall\/wp-content\/uploads\/usu1613\/2021\/02\/IMG_20201029_143440959_HDR-768x432.jpg 768w, https:\/\/agora.xtec.cat\/iesmaragall\/wp-content\/uploads\/usu1613\/2021\/02\/IMG_20201029_143440959_HDR-1024x576.jpg 1024w\" sizes=\"auto, (max-width: 300px) 100vw, 300px\" \/><\/a> <a href=\"https:\/\/agora.xtec.cat\/iesmaragall\/wp-content\/uploads\/usu1613\/2021\/02\/IMG_20201029_143551627.jpg\"><img loading=\"lazy\" decoding=\"async\" class=\"alignnone wp-image-6380 size-medium\" src=\"https:\/\/agora.xtec.cat\/iesmaragall\/wp-content\/uploads\/usu1613\/2021\/02\/IMG_20201029_143551627-300x169.jpg\" alt=\"\" width=\"300\" height=\"169\" srcset=\"https:\/\/agora.xtec.cat\/iesmaragall\/wp-content\/uploads\/usu1613\/2021\/02\/IMG_20201029_143551627-300x169.jpg 300w, https:\/\/agora.xtec.cat\/iesmaragall\/wp-content\/uploads\/usu1613\/2021\/02\/IMG_20201029_143551627-768x432.jpg 768w, https:\/\/agora.xtec.cat\/iesmaragall\/wp-content\/uploads\/usu1613\/2021\/02\/IMG_20201029_143551627-1024x576.jpg 1024w\" sizes=\"auto, (max-width: 300px) 100vw, 300px\" \/><\/a> <a href=\"https:\/\/agora.xtec.cat\/iesmaragall\/wp-content\/uploads\/usu1613\/2021\/02\/IMG_20201029_143633046.jpg\"><img loading=\"lazy\" decoding=\"async\" class=\"alignnone wp-image-6381 size-medium\" src=\"https:\/\/agora.xtec.cat\/iesmaragall\/wp-content\/uploads\/usu1613\/2021\/02\/IMG_20201029_143633046-300x169.jpg\" alt=\"\" width=\"300\" height=\"169\" srcset=\"https:\/\/agora.xtec.cat\/iesmaragall\/wp-content\/uploads\/usu1613\/2021\/02\/IMG_20201029_143633046-300x169.jpg 300w, https:\/\/agora.xtec.cat\/iesmaragall\/wp-content\/uploads\/usu1613\/2021\/02\/IMG_20201029_143633046-768x432.jpg 768w, https:\/\/agora.xtec.cat\/iesmaragall\/wp-content\/uploads\/usu1613\/2021\/02\/IMG_20201029_143633046-1024x576.jpg 1024w\" sizes=\"auto, (max-width: 300px) 100vw, 300px\" \/><\/a><a href=\"https:\/\/agora.xtec.cat\/iesmaragall\/wp-content\/uploads\/usu1613\/2021\/02\/IMG_20201029_143245622-e1613408495334.jpg\"><img loading=\"lazy\" decoding=\"async\" class=\"alignnone wp-image-6378 size-medium\" src=\"https:\/\/agora.xtec.cat\/iesmaragall\/wp-content\/uploads\/usu1613\/2021\/02\/IMG_20201029_143245622-e1613408495334-300x169.jpg\" alt=\"\" width=\"300\" height=\"169\" srcset=\"https:\/\/agora.xtec.cat\/iesmaragall\/wp-content\/uploads\/usu1613\/2021\/02\/IMG_20201029_143245622-e1613408495334-300x169.jpg 300w, https:\/\/agora.xtec.cat\/iesmaragall\/wp-content\/uploads\/usu1613\/2021\/02\/IMG_20201029_143245622-e1613408495334-768x432.jpg 768w, https:\/\/agora.xtec.cat\/iesmaragall\/wp-content\/uploads\/usu1613\/2021\/02\/IMG_20201029_143245622-e1613408495334-1024x576.jpg 1024w\" sizes=\"auto, (max-width: 300px) 100vw, 300px\" \/><\/a><\/p>\n<p>&nbsp;<\/p>\n<h6 dir=\"ltr\">Enviament de resultats<\/h6>\n<p dir=\"ltr\">Enviem les fotografies i graella completa a &#8220;Observadors del mar&#8221;. Cal penjar tota la informaci\u00f3 a la web que &#8220;Observadors de mar&#8221; ens ha posat a disposici\u00f3,\u00a0 en un fitxer comprimit.<\/p>\n<p><a href=\"https:\/\/agora.xtec.cat\/iesmaragall\/wp-content\/uploads\/usu1613\/2021\/02\/microplastics-1.jpg\"><img loading=\"lazy\" decoding=\"async\" class=\"alignnone wp-image-6382 size-medium\" src=\"https:\/\/agora.xtec.cat\/iesmaragall\/wp-content\/uploads\/usu1613\/2021\/02\/microplastics-1-225x300.jpg\" alt=\"\" width=\"225\" height=\"300\" srcset=\"https:\/\/agora.xtec.cat\/iesmaragall\/wp-content\/uploads\/usu1613\/2021\/02\/microplastics-1-225x300.jpg 225w, https:\/\/agora.xtec.cat\/iesmaragall\/wp-content\/uploads\/usu1613\/2021\/02\/microplastics-1.jpg 744w\" sizes=\"auto, (max-width: 225px) 100vw, 225px\" \/><\/a> <a href=\"https:\/\/agora.xtec.cat\/iesmaragall\/wp-content\/uploads\/usu1613\/2021\/02\/Masoplastics-1.jpg\"><img loading=\"lazy\" decoding=\"async\" class=\"alignnone wp-image-6383 size-medium\" src=\"https:\/\/agora.xtec.cat\/iesmaragall\/wp-content\/uploads\/usu1613\/2021\/02\/Masoplastics-1-225x300.jpg\" alt=\"\" width=\"225\" height=\"300\" srcset=\"https:\/\/agora.xtec.cat\/iesmaragall\/wp-content\/uploads\/usu1613\/2021\/02\/Masoplastics-1-225x300.jpg 225w, https:\/\/agora.xtec.cat\/iesmaragall\/wp-content\/uploads\/usu1613\/2021\/02\/Masoplastics-1.jpg 744w\" sizes=\"auto, (max-width: 225px) 100vw, 225px\" \/><\/a><\/p>\n<p dir=\"ltr\" style=\"line-height: 1.4000000000000001; text-align: justify; margin-top: 15pt; margin-bottom: 0pt;\"><span style=\"font-size: 18pt; font-family: Calibri; color: #ffffff; background-color: transparent; font-weight: 400; font-variant-numeric: normal; font-variant-east-asian: normal; vertical-align: baseline; white-space: pre-wrap;\"> <a href=\"https:\/\/agora.xtec.cat\/iesmaragall\/wp-content\/uploads\/usu1613\/2021\/02\/taula.jpg\"><img loading=\"lazy\" decoding=\"async\" class=\"alignnone size-large wp-image-6386\" src=\"https:\/\/agora.xtec.cat\/iesmaragall\/wp-content\/uploads\/usu1613\/2021\/02\/taula-1024x576.jpg\" alt=\"\" width=\"1024\" height=\"576\" srcset=\"https:\/\/agora.xtec.cat\/iesmaragall\/wp-content\/uploads\/usu1613\/2021\/02\/taula-1024x576.jpg 1024w, https:\/\/agora.xtec.cat\/iesmaragall\/wp-content\/uploads\/usu1613\/2021\/02\/taula-300x169.jpg 300w, https:\/\/agora.xtec.cat\/iesmaragall\/wp-content\/uploads\/usu1613\/2021\/02\/taula-768x432.jpg 768w\" sizes=\"auto, (max-width: 1024px) 100vw, 1024px\" \/><\/a><\/span><\/p>\n<p dir=\"ltr\"><strong>Tamb\u00e9 Juguem<\/strong><\/p>\n<p dir=\"ltr\"><a href=\"https:\/\/agora.xtec.cat\/iesmaragall\/wp-content\/uploads\/usu1613\/2021\/02\/IMG_20210114_140316627.jpg\"><img loading=\"lazy\" decoding=\"async\" class=\"alignnone wp-image-6403 size-medium\" src=\"https:\/\/agora.xtec.cat\/iesmaragall\/wp-content\/uploads\/usu1613\/2021\/02\/IMG_20210114_140316627-300x169.jpg\" alt=\"\" width=\"300\" height=\"169\" srcset=\"https:\/\/agora.xtec.cat\/iesmaragall\/wp-content\/uploads\/usu1613\/2021\/02\/IMG_20210114_140316627-300x169.jpg 300w, https:\/\/agora.xtec.cat\/iesmaragall\/wp-content\/uploads\/usu1613\/2021\/02\/IMG_20210114_140316627-768x432.jpg 768w, https:\/\/agora.xtec.cat\/iesmaragall\/wp-content\/uploads\/usu1613\/2021\/02\/IMG_20210114_140316627-1024x576.jpg 1024w\" sizes=\"auto, (max-width: 300px) 100vw, 300px\" \/><\/a> <a href=\"https:\/\/agora.xtec.cat\/iesmaragall\/wp-content\/uploads\/usu1613\/2021\/02\/IMG_20210114_140427871.jpg\"><img loading=\"lazy\" decoding=\"async\" class=\"alignnone wp-image-6404 size-medium\" src=\"https:\/\/agora.xtec.cat\/iesmaragall\/wp-content\/uploads\/usu1613\/2021\/02\/IMG_20210114_140427871-300x169.jpg\" alt=\"\" width=\"300\" height=\"169\" srcset=\"https:\/\/agora.xtec.cat\/iesmaragall\/wp-content\/uploads\/usu1613\/2021\/02\/IMG_20210114_140427871-300x169.jpg 300w, https:\/\/agora.xtec.cat\/iesmaragall\/wp-content\/uploads\/usu1613\/2021\/02\/IMG_20210114_140427871-768x432.jpg 768w, https:\/\/agora.xtec.cat\/iesmaragall\/wp-content\/uploads\/usu1613\/2021\/02\/IMG_20210114_140427871-1024x576.jpg 1024w\" sizes=\"auto, (max-width: 300px) 100vw, 300px\" \/><\/a> <a href=\"https:\/\/agora.xtec.cat\/iesmaragall\/wp-content\/uploads\/usu1613\/2021\/02\/IMG_20210114_140429939_HDR.jpg\"><img loading=\"lazy\" decoding=\"async\" class=\"alignnone wp-image-6405 size-medium\" src=\"https:\/\/agora.xtec.cat\/iesmaragall\/wp-content\/uploads\/usu1613\/2021\/02\/IMG_20210114_140429939_HDR-300x169.jpg\" alt=\"\" width=\"300\" height=\"169\" srcset=\"https:\/\/agora.xtec.cat\/iesmaragall\/wp-content\/uploads\/usu1613\/2021\/02\/IMG_20210114_140429939_HDR-300x169.jpg 300w, https:\/\/agora.xtec.cat\/iesmaragall\/wp-content\/uploads\/usu1613\/2021\/02\/IMG_20210114_140429939_HDR-768x432.jpg 768w, https:\/\/agora.xtec.cat\/iesmaragall\/wp-content\/uploads\/usu1613\/2021\/02\/IMG_20210114_140429939_HDR-1024x576.jpg 1024w\" sizes=\"auto, (max-width: 300px) 100vw, 300px\" \/><\/a><\/p>\n","protected":false},"excerpt":{"rendered":"<p>Micropl\u00e0stics watchers \u00e9s un servei comunitari de caire cient\u00edfic.<br \/>\nLa nostra tasca consisteix en recollir de forma sistem\u00e0tica mostres de sorra de la platja de la Barceloneta i fer-ne l&#8217;an\u00e0lisi per tal de quantificar els micro-pl\u00e0stics i els meso-pl\u00e0stics que contenen.<br \/>\nEls resultats s\u00f3n adre\u00e7ats a &#8220;Observadors&hellip;  <a href=\"https:\/\/agora.xtec.cat\/iesmaragall\/com-treballem\/projectes-activitats\/aps-microplastics-watchers\/\" title=\"Read APS &#8211; Micropl\u00e0stics watchers\">Llegeix m\u00e9s\u00bb<\/a><\/p>\n","protected":false},"author":1,"featured_media":0,"parent":469,"menu_order":4,"comment_status":"closed","ping_status":"closed","template":"page-templates\/side-menu.php","meta":{"_bbp_topic_count":0,"_bbp_reply_count":0,"_bbp_total_topic_count":0,"_bbp_total_reply_count":0,"_bbp_voice_count":0,"_bbp_anonymous_reply_count":0,"_bbp_topic_count_hidden":0,"_bbp_reply_count_hidden":0,"_bbp_forum_subforum_count":0,"footnotes":""},"class_list":["post-6307","page","type-page","status-publish","hentry"],"post_mailing_queue_ids":[],"_links":{"self":[{"href":"https:\/\/agora.xtec.cat\/iesmaragall\/wp-json\/wp\/v2\/pages\/6307","targetHints":{"allow":["GET"]}}],"collection":[{"href":"https:\/\/agora.xtec.cat\/iesmaragall\/wp-json\/wp\/v2\/pages"}],"about":[{"href":"https:\/\/agora.xtec.cat\/iesmaragall\/wp-json\/wp\/v2\/types\/page"}],"author":[{"embeddable":true,"href":"https:\/\/agora.xtec.cat\/iesmaragall\/wp-json\/wp\/v2\/users\/1"}],"replies":[{"embeddable":true,"href":"https:\/\/agora.xtec.cat\/iesmaragall\/wp-json\/wp\/v2\/comments?post=6307"}],"version-history":[{"count":4,"href":"https:\/\/agora.xtec.cat\/iesmaragall\/wp-json\/wp\/v2\/pages\/6307\/revisions"}],"predecessor-version":[{"id":6439,"href":"https:\/\/agora.xtec.cat\/iesmaragall\/wp-json\/wp\/v2\/pages\/6307\/revisions\/6439"}],"up":[{"embeddable":true,"href":"https:\/\/agora.xtec.cat\/iesmaragall\/wp-json\/wp\/v2\/pages\/469"}],"wp:attachment":[{"href":"https:\/\/agora.xtec.cat\/iesmaragall\/wp-json\/wp\/v2\/media?parent=6307"}],"curies":[{"name":"wp","href":"https:\/\/api.w.org\/{rel}","templated":true}]}}