{"id":6305,"date":"2021-02-14T08:55:21","date_gmt":"2021-02-14T07:55:21","guid":{"rendered":"http:\/\/agora.xtec.cat\/iesmaragall\/?page_id=6305"},"modified":"2021-02-15T17:28:57","modified_gmt":"2021-02-15T16:28:57","slug":"aps-preservacio-fauna-i-flora","status":"publish","type":"page","link":"https:\/\/agora.xtec.cat\/iesmaragall\/com-treballem\/projectes-activitats\/aps-preservacio-fauna-i-flora\/","title":{"rendered":"APS &#8211; Preservaci\u00f3 fauna i flora"},"content":{"rendered":"<p>ACTIVITATS DE SSCC AL BOSC TURULL<\/p>\n<p>El grup de Serveis Comunitaris de Flora i Fauna, de 4 t d\u2019ESO, estem fent bona feina. Estem treballant al Bosc Turull, en un equipament municipal per a l\u2019educaci\u00f3 ambiental.<\/p>\n<p>Mitjan\u00e7ant la col\u00b7laboraci\u00f3 de l\u2019alumnat i dels ve\u00efns, es porten a terme activitats de protecci\u00f3 i foment de la biodiversitat en aquest espai tant interessant que fa de pont entre el medi urb\u00e0 i Collserola. Al mateix temps es vol aconseguir una transformaci\u00f3 social, de conscienciaci\u00f3 de l\u2019impacte de la nostra actitud vers el medi.<\/p>\n<p>Les feines que hem fet fins ara han estat b\u00e0sicament de conservaci\u00f3 de l\u2019espai: regar, eliminar plantes invasores, eliminar de l\u2019exc\u00e9s de fulles i brancatge del sotabosc, llaurar al voltant dels arbusts i arbres acabats de plantar, reomplir els compostadors.<\/p>\n<p>En properes estades farem feines de control de plaga de procession\u00e0ria, col\u00b7locaci\u00f3 de caixes niu d\u2019ocells insect\u00edvors, manteniment de l\u2019hort urb\u00e0, i continuarem amb les de manteniment de l\u2019espai com hem estat fent fins ara.<\/p>\n<p>No cal dir que l\u2019alumnat gaudeix molt d\u2019aquestes activitats en aquest entorn privilegiat de Barcelona.<\/p>\n<p><a href=\"https:\/\/agora.xtec.cat\/iesmaragall\/wp-content\/uploads\/usu1613\/2021\/02\/IMG_0809-1.jpeg\"><img loading=\"lazy\" decoding=\"async\" class=\"alignnone wp-image-6360 size-medium\" src=\"https:\/\/agora.xtec.cat\/iesmaragall\/wp-content\/uploads\/usu1613\/2021\/02\/IMG_0809-1-225x300.jpeg\" alt=\"\" width=\"225\" height=\"300\" srcset=\"https:\/\/agora.xtec.cat\/iesmaragall\/wp-content\/uploads\/usu1613\/2021\/02\/IMG_0809-1-225x300.jpeg 225w, https:\/\/agora.xtec.cat\/iesmaragall\/wp-content\/uploads\/usu1613\/2021\/02\/IMG_0809-1-768x1024.jpeg 768w\" sizes=\"auto, (max-width: 225px) 100vw, 225px\" \/><\/a> <a href=\"https:\/\/agora.xtec.cat\/iesmaragall\/wp-content\/uploads\/usu1613\/2021\/02\/IMG_0818.jpeg\"><img loading=\"lazy\" decoding=\"async\" class=\"alignnone wp-image-6363 size-medium\" src=\"https:\/\/agora.xtec.cat\/iesmaragall\/wp-content\/uploads\/usu1613\/2021\/02\/IMG_0818-225x300.jpeg\" alt=\"\" width=\"225\" height=\"300\" srcset=\"https:\/\/agora.xtec.cat\/iesmaragall\/wp-content\/uploads\/usu1613\/2021\/02\/IMG_0818-225x300.jpeg 225w, https:\/\/agora.xtec.cat\/iesmaragall\/wp-content\/uploads\/usu1613\/2021\/02\/IMG_0818-768x1024.jpeg 768w, https:\/\/agora.xtec.cat\/iesmaragall\/wp-content\/uploads\/usu1613\/2021\/02\/IMG_0818.jpeg 1512w\" sizes=\"auto, (max-width: 225px) 100vw, 225px\" \/><\/a> <a href=\"https:\/\/agora.xtec.cat\/iesmaragall\/wp-content\/uploads\/usu1613\/2021\/02\/IMG_0831.jpeg\"><img loading=\"lazy\" decoding=\"async\" class=\"alignnone wp-image-6364 size-medium\" src=\"https:\/\/agora.xtec.cat\/iesmaragall\/wp-content\/uploads\/usu1613\/2021\/02\/IMG_0831-300x225.jpeg\" alt=\"\" width=\"300\" height=\"225\" srcset=\"https:\/\/agora.xtec.cat\/iesmaragall\/wp-content\/uploads\/usu1613\/2021\/02\/IMG_0831-300x225.jpeg 300w, https:\/\/agora.xtec.cat\/iesmaragall\/wp-content\/uploads\/usu1613\/2021\/02\/IMG_0831-768x576.jpeg 768w, https:\/\/agora.xtec.cat\/iesmaragall\/wp-content\/uploads\/usu1613\/2021\/02\/IMG_0831-1024x768.jpeg 1024w, https:\/\/agora.xtec.cat\/iesmaragall\/wp-content\/uploads\/usu1613\/2021\/02\/IMG_0831-200x150.jpeg 200w, https:\/\/agora.xtec.cat\/iesmaragall\/wp-content\/uploads\/usu1613\/2021\/02\/IMG_0831.jpeg 2016w\" sizes=\"auto, (max-width: 300px) 100vw, 300px\" \/><\/a> <a href=\"https:\/\/agora.xtec.cat\/iesmaragall\/wp-content\/uploads\/usu1613\/2021\/02\/IMG_0841.jpeg\"><img loading=\"lazy\" decoding=\"async\" class=\"alignnone size-large wp-image-6365\" src=\"https:\/\/agora.xtec.cat\/iesmaragall\/wp-content\/uploads\/usu1613\/2021\/02\/IMG_0841-768x1024.jpeg\" alt=\"\" width=\"768\" height=\"1024\" srcset=\"https:\/\/agora.xtec.cat\/iesmaragall\/wp-content\/uploads\/usu1613\/2021\/02\/IMG_0841-768x1024.jpeg 768w, https:\/\/agora.xtec.cat\/iesmaragall\/wp-content\/uploads\/usu1613\/2021\/02\/IMG_0841-225x300.jpeg 225w, https:\/\/agora.xtec.cat\/iesmaragall\/wp-content\/uploads\/usu1613\/2021\/02\/IMG_0841.jpeg 1512w\" sizes=\"auto, (max-width: 768px) 100vw, 768px\" \/><\/a> <a href=\"https:\/\/agora.xtec.cat\/iesmaragall\/wp-content\/uploads\/usu1613\/2021\/02\/IMG_0862.jpeg\"><img loading=\"lazy\" decoding=\"async\" class=\"alignnone size-large wp-image-6366\" src=\"https:\/\/agora.xtec.cat\/iesmaragall\/wp-content\/uploads\/usu1613\/2021\/02\/IMG_0862-768x1024.jpeg\" alt=\"\" width=\"768\" height=\"1024\" srcset=\"https:\/\/agora.xtec.cat\/iesmaragall\/wp-content\/uploads\/usu1613\/2021\/02\/IMG_0862-768x1024.jpeg 768w, https:\/\/agora.xtec.cat\/iesmaragall\/wp-content\/uploads\/usu1613\/2021\/02\/IMG_0862-225x300.jpeg 225w, https:\/\/agora.xtec.cat\/iesmaragall\/wp-content\/uploads\/usu1613\/2021\/02\/IMG_0862.jpeg 1512w\" sizes=\"auto, (max-width: 768px) 100vw, 768px\" \/><\/a><\/p>\n","protected":false},"excerpt":{"rendered":"<p>ACTIVITATS DE SSCC AL BOSC TURULL<br \/>\nEl grup de Serveis Comunitaris de Flora i Fauna, de 4 t d\u2019ESO, estem fent bona feina. Estem treballant al Bosc Turull, en un equipament municipal per a l\u2019educaci\u00f3 ambiental.<br \/>\nMitjan\u00e7ant la col\u00b7laboraci\u00f3 de l\u2019alumnat i dels ve\u00efns, es porten a&hellip;  <a href=\"https:\/\/agora.xtec.cat\/iesmaragall\/com-treballem\/projectes-activitats\/aps-preservacio-fauna-i-flora\/\" title=\"Read APS &#8211; Preservaci\u00f3 fauna i flora\">Llegeix m\u00e9s\u00bb<\/a><\/p>\n","protected":false},"author":1,"featured_media":0,"parent":469,"menu_order":3,"comment_status":"closed","ping_status":"closed","template":"page-templates\/side-menu.php","meta":{"_bbp_topic_count":0,"_bbp_reply_count":0,"_bbp_total_topic_count":0,"_bbp_total_reply_count":0,"_bbp_voice_count":0,"_bbp_anonymous_reply_count":0,"_bbp_topic_count_hidden":0,"_bbp_reply_count_hidden":0,"_bbp_forum_subforum_count":0,"footnotes":""},"class_list":["post-6305","page","type-page","status-publish","hentry"],"post_mailing_queue_ids":[],"_links":{"self":[{"href":"https:\/\/agora.xtec.cat\/iesmaragall\/wp-json\/wp\/v2\/pages\/6305","targetHints":{"allow":["GET"]}}],"collection":[{"href":"https:\/\/agora.xtec.cat\/iesmaragall\/wp-json\/wp\/v2\/pages"}],"about":[{"href":"https:\/\/agora.xtec.cat\/iesmaragall\/wp-json\/wp\/v2\/types\/page"}],"author":[{"embeddable":true,"href":"https:\/\/agora.xtec.cat\/iesmaragall\/wp-json\/wp\/v2\/users\/1"}],"replies":[{"embeddable":true,"href":"https:\/\/agora.xtec.cat\/iesmaragall\/wp-json\/wp\/v2\/comments?post=6305"}],"version-history":[{"count":3,"href":"https:\/\/agora.xtec.cat\/iesmaragall\/wp-json\/wp\/v2\/pages\/6305\/revisions"}],"predecessor-version":[{"id":6369,"href":"https:\/\/agora.xtec.cat\/iesmaragall\/wp-json\/wp\/v2\/pages\/6305\/revisions\/6369"}],"up":[{"embeddable":true,"href":"https:\/\/agora.xtec.cat\/iesmaragall\/wp-json\/wp\/v2\/pages\/469"}],"wp:attachment":[{"href":"https:\/\/agora.xtec.cat\/iesmaragall\/wp-json\/wp\/v2\/media?parent=6305"}],"curies":[{"name":"wp","href":"https:\/\/api.w.org\/{rel}","templated":true}]}}