{"id":629,"date":"2017-01-23T14:13:53","date_gmt":"2017-01-23T13:13:53","guid":{"rendered":"http:\/\/agora.xtec.cat\/iesmaragall\/?page_id=629"},"modified":"2025-11-01T09:30:17","modified_gmt":"2025-11-01T08:30:17","slug":"1r-eso","status":"publish","type":"page","link":"https:\/\/agora.xtec.cat\/iesmaragall\/estudis\/1r-eso\/","title":{"rendered":"1r ESO"},"content":{"rendered":"<ul>\n<li><img loading=\"lazy\" decoding=\"async\" class=\"wp-image-1531 size-full alignright\" src=\"http:\/\/agora.xtec.cat\/iesmaragall\/wp-content\/uploads\/usu1613\/2014\/09\/1rESO-1.gif\" width=\"150\" height=\"150\" \/><a href=\"http:\/\/agora.xtec.cat\/iesmaragall\/categoria\/1r-eso\/\"><strong>Activitats<\/strong><\/a><\/li>\n<li><a href=\"https:\/\/drive.google.com\/file\/d\/1u10OpsgcX-pgvBa5yDqbbvqVb59Eh3i8\/view?usp=drive_link\" target=\"_blank\" rel=\"noopener noreferrer\"><strong>Criteris d&#8217;avaluaci\u00f3<\/strong><\/a><\/li>\n<li><a href=\"https:\/\/drive.google.com\/drive\/u\/1\/folders\/12q6QyCWWM8wGluzfnLuAHyfdBF4B_enS\"><strong>Llibres<\/strong><\/a><\/li>\n<li><strong>Horaris<\/strong>: <a href=\"https:\/\/drive.google.com\/file\/d\/1m9rr5DBk1DGdZLMtKm9dJUxNN_cGc_to\/view?usp=share_link\">1r A ESO<\/a> | <a href=\"https:\/\/drive.google.com\/file\/d\/1GGxrjEmFpn-pFuqFBw5pATuJUHZzs4I2\/view?usp=share_link\">1r B ESO<\/a> | <a href=\"https:\/\/drive.google.com\/file\/d\/1bXkdkJ2mBILKVt9lrWjOiHQPENggePNc\/view?usp=sharing\">1r C ESO<\/a> |\u00a0<a href=\"https:\/\/drive.google.com\/file\/d\/1wHJ5FLqY_1Lk4lq9kqQwSXuL7TiMss--\/view?usp=share_link\">1r D ESO<\/a><\/li>\n<li><strong>Tutors\/es:<\/strong>\n<ul>\n<li>\u2013 <span style=\"color: #999999;\">Tutor 1r ESO A : Carlos Jerez<\/span><\/li>\n<li>\u2013 <span style=\"color: #999999;\">Tutora 1r ESO B: S\u00f2nia Garcia<\/span><\/li>\n<li>\u2013 <span style=\"color: #999999;\">Tutora 1r ESO C: Ane Ceballos<\/span><\/li>\n<li>\u2013 <span style=\"color: #999999;\">Tutor 1r ESO D: Albert Pal\u00e0<\/span><\/li>\n<\/ul>\n<\/li>\n<li><strong>Mat\u00e8ries optatives:<\/strong>\n<ul>\n<li><span style=\"background-color: #ffffff;\">Segona llengua estrangera Franc\u00e8s: per escollir aquesta optativa l&#8217;alumnat ha de tenir un bon nivell en lleng\u00fces i tenir en compte que l&#8217;elecci\u00f3 \u00e9s per tot el curs i per tota l&#8217;etapa.<\/span><\/li>\n<li><span style=\"background-color: #ffffff;\">Optativa Mediaci\u00f3<\/span><\/li>\n<li><span style=\"background-color: #ffffff;\">Escacs<\/span><\/li>\n<li>Optativa Ci\u00e8ncies<\/li>\n<\/ul>\n<\/li>\n<\/ul>\n","protected":false},"excerpt":{"rendered":"<ul>\n<li><a href=\"http:\/\/agora.xtec.cat\/iesmaragall\/categoria\/1r-eso\/\">Activitats<\/a><\/li>\n<li><a href=\"https:\/\/drive.google.com\/file\/d\/1u10OpsgcX-pgvBa5yDqbbvqVb59Eh3i8\/view?usp=drive_link\" target=\"_blank\" rel=\"noopener noreferrer\">Criteris d&#8217;avaluaci\u00f3<\/a><\/li>\n<li><a href=\"https:\/\/drive.google.com\/drive\/u\/1\/folders\/12q6QyCWWM8wGluzfnLuAHyfdBF4B_enS\">Llibres<\/a><\/li>\n<li>Horaris: <a href=\"https:\/\/drive.google.com\/file\/d\/1m9rr5DBk1DGdZLMtKm9dJUxNN_cGc_to\/view?usp=share_link\">1r A ESO<\/a> | <a href=\"https:\/\/drive.google.com\/file\/d\/1GGxrjEmFpn-pFuqFBw5pATuJUHZzs4I2\/view?usp=share_link\">1r B ESO<\/a> | <a href=\"https:\/\/drive.google.com\/file\/d\/1bXkdkJ2mBILKVt9lrWjOiHQPENggePNc\/view?usp=sharing\">1r C ESO<\/a> |\u00a0<a href=\"https:\/\/drive.google.com\/file\/d\/1wHJ5FLqY_1Lk4lq9kqQwSXuL7TiMss--\/view?usp=share_link\">1r D ESO<\/a><\/li>\n<li>Tutors\/es:\n<ul>\n<li>\u2013 Tutor 1r ESO A : Carlos Jerez<\/li>\n<li>\u2013 Tutora 1r ESO B: S\u00f2nia Garcia<\/li>\n<li>\u2013 Tutora 1r ESO C: Ane Ceballos<\/li>\n<li>\u2013&hellip;  <a href=\"https:\/\/agora.xtec.cat\/iesmaragall\/estudis\/1r-eso\/\" title=\"Read 1r ESO\">Llegeix m\u00e9s\u00bb<\/a><br \/>\n","protected":false},"author":1,"featured_media":0,"parent":195,"menu_order":0,"comment_status":"closed","ping_status":"closed","template":"page-templates\/side-menu.php","meta":{"_bbp_topic_count":0,"_bbp_reply_count":0,"_bbp_total_topic_count":0,"_bbp_total_reply_count":0,"_bbp_voice_count":0,"_bbp_anonymous_reply_count":0,"_bbp_topic_count_hidden":0,"_bbp_reply_count_hidden":0,"_bbp_forum_subforum_count":0,"footnotes":""},"class_list":["post-629","page","type-page","status-publish","hentry"],"post_mailing_queue_ids":[],"_links":{"self":[{"href":"https:\/\/agora.xtec.cat\/iesmaragall\/wp-json\/wp\/v2\/pages\/629","targetHints":{"allow":["GET"]}}],"collection":[{"href":"https:\/\/agora.xtec.cat\/iesmaragall\/wp-json\/wp\/v2\/pages"}],"about":[{"href":"https:\/\/agora.xtec.cat\/iesmaragall\/wp-json\/wp\/v2\/types\/page"}],"author":[{"embeddable":true,"href":"https:\/\/agora.xtec.cat\/iesmaragall\/wp-json\/wp\/v2\/users\/1"}],"replies":[{"embeddable":true,"href":"https:\/\/agora.xtec.cat\/iesmaragall\/wp-json\/wp\/v2\/comments?post=629"}],"version-history":[{"count":6,"href":"https:\/\/agora.xtec.cat\/iesmaragall\/wp-json\/wp\/v2\/pages\/629\/revisions"}],"predecessor-version":[{"id":10358,"href":"https:\/\/agora.xtec.cat\/iesmaragall\/wp-json\/wp\/v2\/pages\/629\/revisions\/10358"}],"up":[{"embeddable":true,"href":"https:\/\/agora.xtec.cat\/iesmaragall\/wp-json\/wp\/v2\/pages\/195"}],"wp:attachment":[{"href":"https:\/\/agora.xtec.cat\/iesmaragall\/wp-json\/wp\/v2\/media?parent=629"}],"curies":[{"name":"wp","href":"https:\/\/api.w.org\/{rel}","templated":true}]}}