{"id":6225,"date":"2021-02-09T13:40:53","date_gmt":"2021-02-09T12:40:53","guid":{"rendered":"http:\/\/agora.xtec.cat\/iesmaragall\/?page_id=6225"},"modified":"2021-02-24T20:10:29","modified_gmt":"2021-02-24T19:10:29","slug":"aprenentatge-basat-en-projectes","status":"publish","type":"page","link":"https:\/\/agora.xtec.cat\/iesmaragall\/com-treballem\/aprenentatge-basat-en-projectes\/","title":{"rendered":"Aprenentatge basat en projectes"},"content":{"rendered":"<p>Durant diferents per\u00edodes al llarg del curs, l\u2019alumnat d\u2019ESO treballa emprant la metodologia d\u2019Aprenentatge Basat en Projectes.<\/p>\n<p><a href=\"https:\/\/agora.xtec.cat\/iesmaragall\/wp-content\/uploads\/usu1613\/2021\/02\/20181115_143420.jpg\"><img loading=\"lazy\" decoding=\"async\" class=\"alignnone size-large wp-image-6521\" src=\"https:\/\/agora.xtec.cat\/iesmaragall\/wp-content\/uploads\/usu1613\/2021\/02\/20181115_143420-1024x576.jpg\" alt=\"\" width=\"1024\" height=\"576\" srcset=\"https:\/\/agora.xtec.cat\/iesmaragall\/wp-content\/uploads\/usu1613\/2021\/02\/20181115_143420-1024x576.jpg 1024w, https:\/\/agora.xtec.cat\/iesmaragall\/wp-content\/uploads\/usu1613\/2021\/02\/20181115_143420-300x169.jpg 300w, https:\/\/agora.xtec.cat\/iesmaragall\/wp-content\/uploads\/usu1613\/2021\/02\/20181115_143420-768x432.jpg 768w, https:\/\/agora.xtec.cat\/iesmaragall\/wp-content\/uploads\/usu1613\/2021\/02\/20181115_143420.jpg 1552w\" sizes=\"auto, (max-width: 1024px) 100vw, 1024px\" \/><\/a><\/p>\n<p>Aquesta metodologia de treball implica que no es treballen els continguts de les mat\u00e8ries de manera compartimentada, sin\u00f3 que es proposa una s\u00e8rie de reptes o problemes a l\u2019alumnat que ha de resoldre de manera aut\u00f2noma, i obtenir un producte final. Per fer tot aix\u00f2 els nois i noies hauran d\u2019adquirir i utilitzar una s\u00e8rie de compet\u00e8ncies i continguts de diferents mat\u00e8ries.<\/p>\n<p>Es treballa en grup de manera col\u00b7laborativa i\/o cooperativa i amb l\u2019acompanyament pel professorat.<\/p>\n<p><a href=\"https:\/\/agora.xtec.cat\/iesmaragall\/wp-content\/uploads\/usu1613\/2021\/02\/20181113_114424.jpg\"><img loading=\"lazy\" decoding=\"async\" class=\"alignnone size-large wp-image-6523\" src=\"https:\/\/agora.xtec.cat\/iesmaragall\/wp-content\/uploads\/usu1613\/2021\/02\/20181113_114424-1024x576.jpg\" alt=\"\" width=\"1024\" height=\"576\" srcset=\"https:\/\/agora.xtec.cat\/iesmaragall\/wp-content\/uploads\/usu1613\/2021\/02\/20181113_114424-1024x576.jpg 1024w, https:\/\/agora.xtec.cat\/iesmaragall\/wp-content\/uploads\/usu1613\/2021\/02\/20181113_114424-300x169.jpg 300w, https:\/\/agora.xtec.cat\/iesmaragall\/wp-content\/uploads\/usu1613\/2021\/02\/20181113_114424-768x432.jpg 768w, https:\/\/agora.xtec.cat\/iesmaragall\/wp-content\/uploads\/usu1613\/2021\/02\/20181113_114424.jpg 1552w\" sizes=\"auto, (max-width: 1024px) 100vw, 1024px\" \/><\/a><\/p>\n","protected":false},"excerpt":{"rendered":"<p>Durant diferents per\u00edodes al llarg del curs, l\u2019alumnat d\u2019ESO treballa emprant la metodologia d\u2019Aprenentatge Basat en Projectes.<br \/>\n<a href=\"https:\/\/agora.xtec.cat\/iesmaragall\/wp-content\/uploads\/usu1613\/2021\/02\/20181115_143420.jpg\"><\/a><br \/>\nAquesta metodologia de treball implica que no es treballen els continguts de les mat\u00e8ries de manera compartimentada, sin\u00f3 que es proposa una s\u00e8rie de reptes o problemes a&hellip;  <a href=\"https:\/\/agora.xtec.cat\/iesmaragall\/com-treballem\/aprenentatge-basat-en-projectes\/\" title=\"Read Aprenentatge basat en projectes\">Llegeix m\u00e9s\u00bb<\/a><\/p>\n","protected":false},"author":1,"featured_media":0,"parent":465,"menu_order":9,"comment_status":"closed","ping_status":"closed","template":"page-templates\/side-menu.php","meta":{"_bbp_topic_count":0,"_bbp_reply_count":0,"_bbp_total_topic_count":0,"_bbp_total_reply_count":0,"_bbp_voice_count":0,"_bbp_anonymous_reply_count":0,"_bbp_topic_count_hidden":0,"_bbp_reply_count_hidden":0,"_bbp_forum_subforum_count":0,"footnotes":""},"class_list":["post-6225","page","type-page","status-publish","hentry"],"post_mailing_queue_ids":[],"_links":{"self":[{"href":"https:\/\/agora.xtec.cat\/iesmaragall\/wp-json\/wp\/v2\/pages\/6225","targetHints":{"allow":["GET"]}}],"collection":[{"href":"https:\/\/agora.xtec.cat\/iesmaragall\/wp-json\/wp\/v2\/pages"}],"about":[{"href":"https:\/\/agora.xtec.cat\/iesmaragall\/wp-json\/wp\/v2\/types\/page"}],"author":[{"embeddable":true,"href":"https:\/\/agora.xtec.cat\/iesmaragall\/wp-json\/wp\/v2\/users\/1"}],"replies":[{"embeddable":true,"href":"https:\/\/agora.xtec.cat\/iesmaragall\/wp-json\/wp\/v2\/comments?post=6225"}],"version-history":[{"count":3,"href":"https:\/\/agora.xtec.cat\/iesmaragall\/wp-json\/wp\/v2\/pages\/6225\/revisions"}],"predecessor-version":[{"id":6527,"href":"https:\/\/agora.xtec.cat\/iesmaragall\/wp-json\/wp\/v2\/pages\/6225\/revisions\/6527"}],"up":[{"embeddable":true,"href":"https:\/\/agora.xtec.cat\/iesmaragall\/wp-json\/wp\/v2\/pages\/465"}],"wp:attachment":[{"href":"https:\/\/agora.xtec.cat\/iesmaragall\/wp-json\/wp\/v2\/media?parent=6225"}],"curies":[{"name":"wp","href":"https:\/\/api.w.org\/{rel}","templated":true}]}}