{"id":607,"date":"2017-01-23T13:55:08","date_gmt":"2017-01-23T12:55:08","guid":{"rendered":"http:\/\/agora.xtec.cat\/iesmaragall\/?page_id=607"},"modified":"2022-11-26T10:08:33","modified_gmt":"2022-11-26T09:08:33","slug":"materies-optatives","status":"publish","type":"page","link":"https:\/\/agora.xtec.cat\/iesmaragall\/com-treballem\/materies-optatives\/","title":{"rendered":"Mat\u00e8ries optatives"},"content":{"rendered":"<div class=\"section-container accordion\" data-section=\"accordion\">\n<section>\n<div class=\"content\" data-section-content=\"\">\n<p><a style=\"font-family: inherit; font-size: 1em;\" href=\"#\"><strong>Lleng\u00fces estrangeres<\/strong><\/a><\/p>\n<\/div>\n<\/section>\n<section>\n<div class=\"content\" data-section-content=\"\">\n<p>Una de les nostres prioritats \u00e9s completar la formaci\u00f3 en <strong>lleng\u00fces estrangeres<\/strong> mitjan\u00e7ant mat\u00e8ries optatives. Tant a l\u2019ESO com al Batxillerat oferim el <strong>franc\u00e8s<\/strong> com a segona llengua estrangera.<\/p>\n<p>Al Batxillerat, les mat\u00e8ries optatives de franc\u00e8s i d\u2019angl\u00e8s serveixen per preparar els alumnes per obtenir una certificaci\u00f3 oficial.<\/p>\n<p>Per millorar les compet\u00e8ncies de llengua anglesa en situaci\u00f3 d\u2019\u00fas, oferim \u00a0al Batxillerat mat\u00e8ries optatives no ling\u00fc\u00edstiques en angl\u00e8s.<\/p>\n<\/div>\n<\/section>\n<section>\n<p class=\"title\" data-section-title=\"\"><a href=\"#\"><strong>Optatives de nous coneixements a 4t d\u2019ESO<\/strong><\/a><\/p>\n<div class=\"content\" data-section-content=\"\">\n<p><img loading=\"lazy\" decoding=\"async\" class=\"size-full wp-image-1511 alignright\" src=\"http:\/\/agora.xtec.cat\/iesmaragall\/wp-content\/uploads\/usu1613\/2017\/01\/Optatives5.jpg\" alt=\"optatives ci\u00e8ncies IES Poeta Maragall\" width=\"295\" height=\"183\" \/>Les mat\u00e8ries optatives de 4t d\u2019ESO, 9 hores setmanals en total, s\u00f3n de tem\u00e0tica molt variada. Es pret\u00e9n que aquestes optatives donin eines i orientaci\u00f3 a l\u2019alumnat que finalitza la secund\u00e0ria obliga-t\u00f2ria perqu\u00e8 pugui prendre decisions encertades sobre el seu futur acad\u00e8mic.<\/p>\n<p>Oferim un ventall d\u2019optatives en diferents \u00e0mbits:<strong> ci\u00e8ncies, tecnologies, cultura cl\u00e0ssica, arts, filosofia, economia i emprenedoria.<\/strong><\/p>\n<\/div>\n<\/section>\n<\/div>\n","protected":false},"excerpt":{"rendered":"<p><a style=\"font-family: inherit; font-size: 1em;\" href=\"#\">Lleng\u00fces estrangeres<\/a><\/p>\n<p>Una de les nostres prioritats \u00e9s completar la formaci\u00f3 en lleng\u00fces estrangeres mitjan\u00e7ant mat\u00e8ries optatives. Tant a l\u2019ESO com al Batxillerat oferim el franc\u00e8s com a segona llengua estrangera.<br \/>\nAl Batxillerat, les mat\u00e8ries optatives de franc\u00e8s i d\u2019angl\u00e8s serveixen per&hellip;  <a href=\"https:\/\/agora.xtec.cat\/iesmaragall\/com-treballem\/materies-optatives\/\" title=\"Read Mat\u00e8ries optatives\">Llegeix m\u00e9s\u00bb<\/a><\/p>\n","protected":false},"author":1,"featured_media":0,"parent":465,"menu_order":3,"comment_status":"closed","ping_status":"closed","template":"page-templates\/side-menu.php","meta":{"_bbp_topic_count":0,"_bbp_reply_count":0,"_bbp_total_topic_count":0,"_bbp_total_reply_count":0,"_bbp_voice_count":0,"_bbp_anonymous_reply_count":0,"_bbp_topic_count_hidden":0,"_bbp_reply_count_hidden":0,"_bbp_forum_subforum_count":0,"footnotes":""},"class_list":["post-607","page","type-page","status-publish","hentry"],"post_mailing_queue_ids":[],"_links":{"self":[{"href":"https:\/\/agora.xtec.cat\/iesmaragall\/wp-json\/wp\/v2\/pages\/607","targetHints":{"allow":["GET"]}}],"collection":[{"href":"https:\/\/agora.xtec.cat\/iesmaragall\/wp-json\/wp\/v2\/pages"}],"about":[{"href":"https:\/\/agora.xtec.cat\/iesmaragall\/wp-json\/wp\/v2\/types\/page"}],"author":[{"embeddable":true,"href":"https:\/\/agora.xtec.cat\/iesmaragall\/wp-json\/wp\/v2\/users\/1"}],"replies":[{"embeddable":true,"href":"https:\/\/agora.xtec.cat\/iesmaragall\/wp-json\/wp\/v2\/comments?post=607"}],"version-history":[{"count":3,"href":"https:\/\/agora.xtec.cat\/iesmaragall\/wp-json\/wp\/v2\/pages\/607\/revisions"}],"predecessor-version":[{"id":8012,"href":"https:\/\/agora.xtec.cat\/iesmaragall\/wp-json\/wp\/v2\/pages\/607\/revisions\/8012"}],"up":[{"embeddable":true,"href":"https:\/\/agora.xtec.cat\/iesmaragall\/wp-json\/wp\/v2\/pages\/465"}],"wp:attachment":[{"href":"https:\/\/agora.xtec.cat\/iesmaragall\/wp-json\/wp\/v2\/media?parent=607"}],"curies":[{"name":"wp","href":"https:\/\/api.w.org\/{rel}","templated":true}]}}