{"id":603,"date":"2017-01-23T13:54:23","date_gmt":"2017-01-23T12:54:23","guid":{"rendered":"http:\/\/agora.xtec.cat\/iesmaragall\/?page_id=603"},"modified":"2021-02-09T13:23:01","modified_gmt":"2021-02-09T12:23:01","slug":"participacio-convivencia","status":"publish","type":"page","link":"https:\/\/agora.xtec.cat\/iesmaragall\/com-treballem\/participacio-convivencia\/","title":{"rendered":"Participaci\u00f3 i conviv\u00e8ncia"},"content":{"rendered":"<p>Aconseguir un bon clima escolar, perqu\u00e8 tots els membres de la comunitat educativa ens sentim a gust al centre, \u00e9s un dels nostres objectius prioritaris. El benestar dels nois i noies \u00e9s fonamental perqu\u00e8 aconsegueixin l\u2019\u00e8xit escolar i arribin a ser ciutadans responsables, sensibles i amb criteri propi, capa\u00e7os de fer aportacions beneficioses a la societat.<\/p>\n<p><img loading=\"lazy\" decoding=\"async\" class=\"alignnone size-full wp-image-1480\" src=\"http:\/\/agora.xtec.cat\/iesmaragall\/wp-content\/uploads\/usu1613\/2017\/01\/participacio_i_convivencia.jpg\" alt=\"Diversitat, participaci\u00f3 i conviv\u00e8ncia\" width=\"783\" height=\"483\" srcset=\"https:\/\/agora.xtec.cat\/iesmaragall\/wp-content\/uploads\/usu1613\/2017\/01\/participacio_i_convivencia.jpg 783w, https:\/\/agora.xtec.cat\/iesmaragall\/wp-content\/uploads\/usu1613\/2017\/01\/participacio_i_convivencia-300x185.jpg 300w, https:\/\/agora.xtec.cat\/iesmaragall\/wp-content\/uploads\/usu1613\/2017\/01\/participacio_i_convivencia-768x474.jpg 768w\" sizes=\"auto, (max-width: 783px) 100vw, 783px\" \/><\/p>\n<div class=\"section-container accordion\" data-section=\"accordion\">\n<section>\n<p class=\"title\" data-section-title=\"\"><a href=\"#\"><strong>Assemblea de delegats<\/strong><\/a><\/p>\n<div class=\"content\" data-section-content=\"\">\n<p>Tots els alumnes del centre tenen l&#8217;oportunitat de participar en la presa de decisions sobre el funcionament i l&#8217;organitzaci\u00f3 del centre. Les reunions de l&#8217;Assemblea de delegats, portades pels representants de l&#8217;alumnat al Consell Escolar, serveixen per discutir les propostes dels diferents grups i de l&#8217;Equip de Gesti\u00f3, i prendre acords.<\/p>\n<\/div>\n<\/section>\n<section>\n<p class=\"title\" data-section-title=\"\"><a href=\"#\"><strong>Fam\u00edlies<\/strong><\/a><\/p>\n<div class=\"content\" data-section-content=\"\">\n<p>La pres\u00e8ncia de les fam\u00edlies en el dia a dia del centre, per participar i col\u00b7laborar en els processos d\u2019aprenentatge dels nois i noies, es pot visualitzar al vest\u00edbul, molts cops ple de pares, mares, germanes, avis, etc. que esperen per reunir-se amb els tutors i tutores. D\u2019una manera m\u00e9s col\u00b7lectiva, l\u2019AFA organitza i\/o col\u00b7labora en diferents activitats, tant acad\u00e8miques com l\u00fadiques. I de manera personal, alguns familiars aporten la seva experi\u00e8ncia personal per a realitzar activitats, com per exemple la Setmana de l\u2019Orientaci\u00f3.<\/p>\n<\/div>\n<\/section>\n<section>\n<p class=\"title\" data-section-title=\"\"><a href=\"#\"><strong>Projectes socials i solidaris<\/strong><\/a><\/p>\n<div class=\"content\" data-section-content=\"\">\n<p>La realitzaci\u00f3 dels projectes i activitats que impliquen tot el centre, en les quals tothom col\u00b7labora per assolir uns objectius, afavoreixen, sens dubte, la conviv\u00e8ncia.<\/p>\n<p>Des de fa alguns cursos els alumnes dissenyen i organitzen accions per col\u00b7laborar amb una organitzaci\u00f3 solid\u00e0ria, en aquestes accions hi participa tot el centre i finalitzen al juny amb una festa de final de curs. Hem col\u00b7laborat amb \u00abAcci\u00f3n contra el hambre\u00bb, amb l\u2019Hospital Sant Joan de D\u00e9u contra el c\u00e0ncer infantil i amb la AUXILIA Fundaci\u00f3 de persones amb discapacitat de Barcelona<\/p>\n<\/div>\n<\/section>\n<section>\n<p class=\"title\" data-section-title=\"\"><a href=\"#\"><strong>Mediaci\u00f3 i comissi\u00f3 de conviv\u00e8ncia<\/strong><\/a><\/p>\n<div class=\"content\" data-section-content=\"\">\n<p>La prevenci\u00f3 de situacions que pertorben la conviv\u00e8ncia es fa directament des de les tutories, amb activitats per treballar les relacions interpersonals, el respecte a la difer\u00e8ncia i la prevenci\u00f3 de relacions abusives. La mediaci\u00f3 i l&#8217;actuaci\u00f3 de la Comissi\u00f3 de conviv\u00e8ncia serveixen per trobar solucions quan es produeix algun problema.<\/p>\n<\/div>\n<\/section>\n<section>\n<p class=\"title\" data-section-title=\"\"><a href=\"#\"><strong>El nostre barri<\/strong><\/a><\/p>\n<div class=\"content\" data-section-content=\"\">\n<p><img loading=\"lazy\" decoding=\"async\" class=\"alignright wp-image-1485 size-full\" style=\"margin-bottom: 20px;\" src=\"http:\/\/agora.xtec.cat\/iesmaragall\/wp-content\/uploads\/usu1613\/2017\/01\/Participaci\u00f3-i-conviv\u00e8ncia-3-1.jpg\" alt=\"respecte, participacio i convivencia\" width=\"400\" height=\"300\" srcset=\"https:\/\/agora.xtec.cat\/iesmaragall\/wp-content\/uploads\/usu1613\/2017\/01\/Participaci\u00f3-i-conviv\u00e8ncia-3-1.jpg 400w, https:\/\/agora.xtec.cat\/iesmaragall\/wp-content\/uploads\/usu1613\/2017\/01\/Participaci\u00f3-i-conviv\u00e8ncia-3-1-300x225.jpg 300w, https:\/\/agora.xtec.cat\/iesmaragall\/wp-content\/uploads\/usu1613\/2017\/01\/Participaci\u00f3-i-conviv\u00e8ncia-3-1-200x150.jpg 200w\" sizes=\"auto, (max-width: 400px) 100vw, 400px\" \/>Creiem que els instituts han de ser espais de trobada del barri i que han de donar servei a les fam\u00edlies m\u00e9s enll\u00e0 de l\u2019horari escolar. Fora de l\u2019horari escolar realitzem activitats extraescolars: refor\u00e7 escolar (\u00c8xit 1), hip hop i tallers de ci\u00e8ncies (STEM). Treballem amb xarxa amb altres centres educatius en diferents projectes (Xarxes per al canvi, Escoles+sostenibles, Cam\u00ed Amic), col\u00b7laborem amb diferents serveis, entitats i organitzacions del barri i de la ciutat (Fundaci\u00f3 T\u00e0pies, Centre C\u00edvic Urgell, Eix Jove de l\u2019Eixample, Eix Gran de<br \/>\nl\u2019Eixample, Fundaci\u00f3 Aroa, etc.)<\/p>\n<\/div>\n<\/section>\n<\/div>\n","protected":false},"excerpt":{"rendered":"<p>Aconseguir un bon clima escolar, perqu\u00e8 tots els membres de la comunitat educativa ens sentim a gust al centre, \u00e9s un dels nostres objectius prioritaris. El benestar dels nois i noies \u00e9s fonamental perqu\u00e8 aconsegueixin l\u2019\u00e8xit escolar i arribin a ser ciutadans responsables, sensibles i&hellip;  <a href=\"https:\/\/agora.xtec.cat\/iesmaragall\/com-treballem\/participacio-convivencia\/\" title=\"Read Participaci\u00f3 i conviv\u00e8ncia\">Llegeix m\u00e9s\u00bb<\/a><\/p>\n","protected":false},"author":1,"featured_media":0,"parent":465,"menu_order":4,"comment_status":"closed","ping_status":"closed","template":"page-templates\/side-menu.php","meta":{"_bbp_topic_count":0,"_bbp_reply_count":0,"_bbp_total_topic_count":0,"_bbp_total_reply_count":0,"_bbp_voice_count":0,"_bbp_anonymous_reply_count":0,"_bbp_topic_count_hidden":0,"_bbp_reply_count_hidden":0,"_bbp_forum_subforum_count":0,"footnotes":""},"class_list":["post-603","page","type-page","status-publish","hentry"],"post_mailing_queue_ids":[],"_links":{"self":[{"href":"https:\/\/agora.xtec.cat\/iesmaragall\/wp-json\/wp\/v2\/pages\/603","targetHints":{"allow":["GET"]}}],"collection":[{"href":"https:\/\/agora.xtec.cat\/iesmaragall\/wp-json\/wp\/v2\/pages"}],"about":[{"href":"https:\/\/agora.xtec.cat\/iesmaragall\/wp-json\/wp\/v2\/types\/page"}],"author":[{"embeddable":true,"href":"https:\/\/agora.xtec.cat\/iesmaragall\/wp-json\/wp\/v2\/users\/1"}],"replies":[{"embeddable":true,"href":"https:\/\/agora.xtec.cat\/iesmaragall\/wp-json\/wp\/v2\/comments?post=603"}],"version-history":[{"count":4,"href":"https:\/\/agora.xtec.cat\/iesmaragall\/wp-json\/wp\/v2\/pages\/603\/revisions"}],"predecessor-version":[{"id":6223,"href":"https:\/\/agora.xtec.cat\/iesmaragall\/wp-json\/wp\/v2\/pages\/603\/revisions\/6223"}],"up":[{"embeddable":true,"href":"https:\/\/agora.xtec.cat\/iesmaragall\/wp-json\/wp\/v2\/pages\/465"}],"wp:attachment":[{"href":"https:\/\/agora.xtec.cat\/iesmaragall\/wp-json\/wp\/v2\/media?parent=603"}],"curies":[{"name":"wp","href":"https:\/\/api.w.org\/{rel}","templated":true}]}}