{"id":590,"date":"2017-01-23T13:50:14","date_gmt":"2017-01-23T12:50:14","guid":{"rendered":"http:\/\/agora.xtec.cat\/iesmaragall\/?page_id=590"},"modified":"2025-06-05T12:48:51","modified_gmt":"2025-06-05T10:48:51","slug":"xarxes-per-al-canvi","status":"publish","type":"page","link":"https:\/\/agora.xtec.cat\/iesmaragall\/com-treballem\/projectes-activitats\/xarxes-per-al-canvi\/","title":{"rendered":"Xarxes per al canvi"},"content":{"rendered":"<p>Disposeu de tota la informaci\u00f3 d&#8217;aquest projecte a la seg\u00fcent adre\u00e7a del Consorci d&#8217;Educaci\u00f3 de Barcelona: <a href=\"http:\/\/www.edubcn.cat\/ca\/suport_educatiu_recursos\/plans_programes\/eines_per_al_canvi\">xarxes per al canvi<\/a>.<\/p>\n","protected":false},"excerpt":{"rendered":"<p>Disposeu de tota la informaci\u00f3 d&#8217;aquest projecte a la seg\u00fcent adre\u00e7a del Consorci d&#8217;Educaci\u00f3 de Barcelona: <a href=\"http:\/\/www.edubcn.cat\/ca\/suport_educatiu_recursos\/plans_programes\/eines_per_al_canvi\">xarxes per al canvi<\/a>.<\/p>\n","protected":false},"author":1,"featured_media":0,"parent":469,"menu_order":25,"comment_status":"closed","ping_status":"closed","template":"page-templates\/side-menu.php","meta":{"_bbp_topic_count":0,"_bbp_reply_count":0,"_bbp_total_topic_count":0,"_bbp_total_reply_count":0,"_bbp_voice_count":0,"_bbp_anonymous_reply_count":0,"_bbp_topic_count_hidden":0,"_bbp_reply_count_hidden":0,"_bbp_forum_subforum_count":0,"footnotes":""},"class_list":["post-590","page","type-page","status-publish","hentry"],"post_mailing_queue_ids":[],"_links":{"self":[{"href":"https:\/\/agora.xtec.cat\/iesmaragall\/wp-json\/wp\/v2\/pages\/590","targetHints":{"allow":["GET"]}}],"collection":[{"href":"https:\/\/agora.xtec.cat\/iesmaragall\/wp-json\/wp\/v2\/pages"}],"about":[{"href":"https:\/\/agora.xtec.cat\/iesmaragall\/wp-json\/wp\/v2\/types\/page"}],"author":[{"embeddable":true,"href":"https:\/\/agora.xtec.cat\/iesmaragall\/wp-json\/wp\/v2\/users\/1"}],"replies":[{"embeddable":true,"href":"https:\/\/agora.xtec.cat\/iesmaragall\/wp-json\/wp\/v2\/comments?post=590"}],"version-history":[{"count":4,"href":"https:\/\/agora.xtec.cat\/iesmaragall\/wp-json\/wp\/v2\/pages\/590\/revisions"}],"predecessor-version":[{"id":9913,"href":"https:\/\/agora.xtec.cat\/iesmaragall\/wp-json\/wp\/v2\/pages\/590\/revisions\/9913"}],"up":[{"embeddable":true,"href":"https:\/\/agora.xtec.cat\/iesmaragall\/wp-json\/wp\/v2\/pages\/469"}],"wp:attachment":[{"href":"https:\/\/agora.xtec.cat\/iesmaragall\/wp-json\/wp\/v2\/media?parent=590"}],"curies":[{"name":"wp","href":"https:\/\/api.w.org\/{rel}","templated":true}]}}