{"id":588,"date":"2017-01-23T13:49:54","date_gmt":"2017-01-23T12:49:54","guid":{"rendered":"http:\/\/agora.xtec.cat\/iesmaragall\/?page_id=588"},"modified":"2021-02-14T09:12:02","modified_gmt":"2021-02-14T08:12:02","slug":"diversificacio-curricular","status":"publish","type":"page","link":"https:\/\/agora.xtec.cat\/iesmaragall\/com-treballem\/projectes-activitats\/diversificacio-curricular\/","title":{"rendered":"Diversificaci\u00f3 curricular"},"content":{"rendered":"<p>Aconseguir que tots els nostres alumnes puguin assolir l&#8217;\u00e8xit escolar \u00e9s un dels nostres objectius prioritaris, i per fer-ho necessitem poder donar una atenci\u00f3 diferenciada i particular depenent de les necessitats, interessos i situacions de cada noi i noia.<\/p>\n<p>Posem a l&#8217;abast\u00a0 del nostre alumnat aprenentatges en compet\u00e8ncies, pr\u00e0ctics i vivencials.<\/p>\n<p>Els projectes de diversificaci\u00f3 curricular ens serveixen per intentar mantenir l&#8217;inter\u00e8s escolar dels alumnes que poden estar en risc d&#8217;abandonar els estudis i orientar-los a futurs estudis.<\/p>\n<p><strong>Projecte Enginy<\/strong>, tamb\u00e9 anomenat\u00a0 <strong>&#8220;Oficis a la ciutat&#8221;<\/strong>\u00a0, \u00e9s un programa d&#8217;innovaci\u00f3 pedag\u00f2gica impulsat des de<strong>\u00a0l\u2019\u00c0rea d\u2019Innovaci\u00f3 i formaci\u00f3 del Consorci d\u2019Educaci\u00f3 de Barcelona.<\/strong><\/p>\n<p>El projecte en q\u00fcesti\u00f3 consisteix en oferir a aquells alumnes desmotivats i amb risc abandonament escolar l&#8217;oportunitat de participar en <strong>tallers d&#8217;aprenentatge i pr\u00e0ctica de diferents oficis com la mec\u00e0nica de bicicletes, la reparaci\u00f3 de vaixells, la cuina i hostaleria, la jardineria, la fusteria\u00a0 i la perruqueria i est\u00e8tica.<\/strong><\/p>\n<p><a href=\"http:\/\/agora.xtec.cat\/iesmaragall\/wp-content\/uploads\/usu1613\/2018\/01\/oficis-a-la-ciutat.png\"><img loading=\"lazy\" decoding=\"async\" class=\"alignnone size-full wp-image-3435\" src=\"http:\/\/agora.xtec.cat\/iesmaragall\/wp-content\/uploads\/usu1613\/2018\/01\/oficis-a-la-ciutat.png\" alt=\"\" width=\"806\" height=\"886\" srcset=\"https:\/\/agora.xtec.cat\/iesmaragall\/wp-content\/uploads\/usu1613\/2018\/01\/oficis-a-la-ciutat.png 806w, https:\/\/agora.xtec.cat\/iesmaragall\/wp-content\/uploads\/usu1613\/2018\/01\/oficis-a-la-ciutat-273x300.png 273w, https:\/\/agora.xtec.cat\/iesmaragall\/wp-content\/uploads\/usu1613\/2018\/01\/oficis-a-la-ciutat-768x844.png 768w\" sizes=\"auto, (max-width: 806px) 100vw, 806px\" \/><\/a><\/p>\n<p><b><img loading=\"lazy\" decoding=\"async\" class=\"size-full wp-image-1612 alignright\" src=\"http:\/\/agora.xtec.cat\/iesmaragall\/wp-content\/uploads\/usu1613\/2017\/01\/Diversificaci\u00f3-curricular_ok.jpg\" alt=\"Projecte Diversificacio curricular\" width=\"300\" height=\"533\" srcset=\"https:\/\/agora.xtec.cat\/iesmaragall\/wp-content\/uploads\/usu1613\/2017\/01\/Diversificaci\u00f3-curricular_ok.jpg 300w, https:\/\/agora.xtec.cat\/iesmaragall\/wp-content\/uploads\/usu1613\/2017\/01\/Diversificaci\u00f3-curricular_ok-169x300.jpg 169w\" sizes=\"auto, (max-width: 300px) 100vw, 300px\" \/><\/b><\/p>\n<p>&nbsp;<\/p>\n<p>&nbsp;<\/p>\n<p><b>L&#8217;hort\u00a0ecol\u00f2gic <\/b>\u00e9s un\u00a0altre dels projectes iniciat en cursos anteriors i amb continu\u00eftat en el curs actual, Amb materials re-utilitzats s&#8217;ha constru\u00eft un petit hort urb\u00e0. Els alumnes conreen faves, p\u00e8sols, enciams i altres hortalisses a la terrassa del nostre institut.<\/p>\n<p>&nbsp;<\/p>\n<p>&nbsp;<\/p>\n<p>&nbsp;<\/p>\n<p>&nbsp;<\/p>\n<p>El curs 2016-2017, una de les activitats del projecte de diversificaci\u00f3 curricular va ser <strong>la realitzaci\u00f3 d&#8217;un gran mural decoratiu pel pati<\/strong> de l&#8217;institut Poeta Maragall, aquest mural \u00e9s el llegat que van deixar per la resta de companys que continuen a l&#8217;institut, i pels nous alumnes que vindran.<\/p>\n<p><img loading=\"lazy\" decoding=\"async\" class=\"alignnone size-full wp-image-1935\" src=\"http:\/\/agora.xtec.cat\/iesmaragall\/wp-content\/uploads\/usu1613\/2017\/01\/diversificacio_curricular.jpg\" alt=\"Projecte Diversificaci\u00f3 Curricular IES Poeta Maragall\" width=\"900\" height=\"675\" srcset=\"https:\/\/agora.xtec.cat\/iesmaragall\/wp-content\/uploads\/usu1613\/2017\/01\/diversificacio_curricular.jpg 900w, https:\/\/agora.xtec.cat\/iesmaragall\/wp-content\/uploads\/usu1613\/2017\/01\/diversificacio_curricular-300x225.jpg 300w, https:\/\/agora.xtec.cat\/iesmaragall\/wp-content\/uploads\/usu1613\/2017\/01\/diversificacio_curricular-768x576.jpg 768w, https:\/\/agora.xtec.cat\/iesmaragall\/wp-content\/uploads\/usu1613\/2017\/01\/diversificacio_curricular-200x150.jpg 200w\" sizes=\"auto, (max-width: 900px) 100vw, 900px\" \/><\/p>\n<p>&nbsp;<\/p>\n","protected":false},"excerpt":{"rendered":"<p>Aconseguir que tots els nostres alumnes puguin assolir l&#8217;\u00e8xit escolar \u00e9s un dels nostres objectius prioritaris, i per fer-ho necessitem poder donar una atenci\u00f3 diferenciada i particular depenent de les necessitats, interessos i situacions de cada noi i noia.<br \/>\nPosem a l&#8217;abast\u00a0 del nostre alumnat aprenentatges&hellip;  <a href=\"https:\/\/agora.xtec.cat\/iesmaragall\/com-treballem\/projectes-activitats\/diversificacio-curricular\/\" title=\"Read Diversificaci\u00f3 curricular\">Llegeix m\u00e9s\u00bb<\/a><\/p>\n","protected":false},"author":1,"featured_media":0,"parent":469,"menu_order":14,"comment_status":"closed","ping_status":"closed","template":"page-templates\/side-menu.php","meta":{"_bbp_topic_count":0,"_bbp_reply_count":0,"_bbp_total_topic_count":0,"_bbp_total_reply_count":0,"_bbp_voice_count":0,"_bbp_anonymous_reply_count":0,"_bbp_topic_count_hidden":0,"_bbp_reply_count_hidden":0,"_bbp_forum_subforum_count":0,"footnotes":""},"class_list":["post-588","page","type-page","status-publish","hentry"],"post_mailing_queue_ids":[],"_links":{"self":[{"href":"https:\/\/agora.xtec.cat\/iesmaragall\/wp-json\/wp\/v2\/pages\/588","targetHints":{"allow":["GET"]}}],"collection":[{"href":"https:\/\/agora.xtec.cat\/iesmaragall\/wp-json\/wp\/v2\/pages"}],"about":[{"href":"https:\/\/agora.xtec.cat\/iesmaragall\/wp-json\/wp\/v2\/types\/page"}],"author":[{"embeddable":true,"href":"https:\/\/agora.xtec.cat\/iesmaragall\/wp-json\/wp\/v2\/users\/1"}],"replies":[{"embeddable":true,"href":"https:\/\/agora.xtec.cat\/iesmaragall\/wp-json\/wp\/v2\/comments?post=588"}],"version-history":[{"count":4,"href":"https:\/\/agora.xtec.cat\/iesmaragall\/wp-json\/wp\/v2\/pages\/588\/revisions"}],"predecessor-version":[{"id":3446,"href":"https:\/\/agora.xtec.cat\/iesmaragall\/wp-json\/wp\/v2\/pages\/588\/revisions\/3446"}],"up":[{"embeddable":true,"href":"https:\/\/agora.xtec.cat\/iesmaragall\/wp-json\/wp\/v2\/pages\/469"}],"wp:attachment":[{"href":"https:\/\/agora.xtec.cat\/iesmaragall\/wp-json\/wp\/v2\/media?parent=588"}],"curies":[{"name":"wp","href":"https:\/\/api.w.org\/{rel}","templated":true}]}}