{"id":580,"date":"2017-01-23T13:47:31","date_gmt":"2017-01-23T12:47:31","guid":{"rendered":"http:\/\/agora.xtec.cat\/iesmaragall\/?page_id=580"},"modified":"2021-02-13T20:48:08","modified_gmt":"2021-02-13T19:48:08","slug":"altaveus-per-la-igualtat","status":"publish","type":"page","link":"https:\/\/agora.xtec.cat\/iesmaragall\/com-treballem\/projectes-activitats\/altaveus-per-la-igualtat\/","title":{"rendered":"APS &#8211; Altaveus per la igualtat"},"content":{"rendered":"<p>Altaveus x la igualtat \u00e9s un projecte educatiu d&#8217;aprenentatge\u00a0i servei el qual es porta a terme al nostre institut des del curs 2015-16 en col\u00b7laboraci\u00f3 amb la <a href=\"http:\/\/fundacioaroa.org\/\" target=\"_blank\" rel=\"noopener noreferrer\">Fundaci\u00f3 Aroa<\/a>.<\/p>\n<p>Els objectius del projecte s\u00f3n:<\/p>\n<ul>\n<li>Fomentar la reflexi\u00f3 entorn les desigualtats de g\u00e8nere a la nostra societat.<\/li>\n<li>La prevenci\u00f3 de la viol\u00e8ncia masclista a l\u2019adolesc\u00e8ncia.<\/li>\n<li>La sensibilitzaci\u00f3 ciutadana, a partir de les campanyes creades per les noies i nois que hi participen.<\/li>\n<\/ul>\n<p>Amb aquest projecte es vol potenciar la capacitat cr\u00edtica de les noies i nois, transformar creences i actituds masclistes, fomentar l\u2019equitat i els models de relaci\u00f3 no abusius, el creixement personal i la seva capacitat individual i col\u00b7lectiva per implicar-se en la construcci\u00f3 d\u2019una societat lliure de viol\u00e8ncia masclista.<\/p>\n<p><img loading=\"lazy\" decoding=\"async\" class=\"wp-image-3339 size-medium alignleft\" src=\"http:\/\/agora.xtec.cat\/iesmaragall\/wp-content\/uploads\/usu1613\/2018\/01\/Portada_fundacio_aroa-300x225.jpg\" alt=\"\" width=\"300\" height=\"225\" srcset=\"https:\/\/agora.xtec.cat\/iesmaragall\/wp-content\/uploads\/usu1613\/2018\/01\/Portada_fundacio_aroa-300x225.jpg 300w, https:\/\/agora.xtec.cat\/iesmaragall\/wp-content\/uploads\/usu1613\/2018\/01\/Portada_fundacio_aroa-768x576.jpg 768w, https:\/\/agora.xtec.cat\/iesmaragall\/wp-content\/uploads\/usu1613\/2018\/01\/Portada_fundacio_aroa-200x150.jpg 200w, https:\/\/agora.xtec.cat\/iesmaragall\/wp-content\/uploads\/usu1613\/2018\/01\/Portada_fundacio_aroa.jpg 816w\" sizes=\"auto, (max-width: 300px) 100vw, 300px\" \/><\/p>\n<p>Durant el<b> curs 2018-2019,\u00a0<\/b>els alumnes de\u00a0<b>4t d&#8217;ESO<\/b>\u00a0participants han rebut una formaci\u00f3 sobre viol\u00e8ncia de g\u00e8nere en la societat. L&#8217;alumnat ha comen\u00e7at a\u00a0 preparar diferents activitats per fer la sensibilitzaci\u00f3, estan preparant, entre altres coses, uns tallers per a nens i nenes i una performance que es podr\u00e0 veure durant\u00a0 el dia del &#8220;Maragall surt al carrer&#8221;<\/p>\n<p>&nbsp;<\/p>\n<p><a href=\"http:\/\/agora.xtec.cat\/iesmaragall\/wp-content\/uploads\/usu1613\/2017\/01\/aroa-2018-2.jpg\"><img loading=\"lazy\" decoding=\"async\" class=\"wp-image-3500 size-medium alignnone\" src=\"http:\/\/agora.xtec.cat\/iesmaragall\/wp-content\/uploads\/usu1613\/2017\/01\/aroa-2018-2-300x225.jpg\" alt=\"\" width=\"300\" height=\"225\" srcset=\"https:\/\/agora.xtec.cat\/iesmaragall\/wp-content\/uploads\/usu1613\/2017\/01\/aroa-2018-2-300x225.jpg 300w, https:\/\/agora.xtec.cat\/iesmaragall\/wp-content\/uploads\/usu1613\/2017\/01\/aroa-2018-2-768x576.jpg 768w, https:\/\/agora.xtec.cat\/iesmaragall\/wp-content\/uploads\/usu1613\/2017\/01\/aroa-2018-2-200x150.jpg 200w, https:\/\/agora.xtec.cat\/iesmaragall\/wp-content\/uploads\/usu1613\/2017\/01\/aroa-2018-2.jpg 816w\" sizes=\"auto, (max-width: 300px) 100vw, 300px\" \/><img loading=\"lazy\" decoding=\"async\" class=\"wp-image-3501 size-medium alignnone\" src=\"http:\/\/agora.xtec.cat\/iesmaragall\/wp-content\/uploads\/usu1613\/2017\/01\/aroa-2018-3-300x225.jpg\" alt=\"\" width=\"300\" height=\"225\" srcset=\"https:\/\/agora.xtec.cat\/iesmaragall\/wp-content\/uploads\/usu1613\/2017\/01\/aroa-2018-3-300x225.jpg 300w, https:\/\/agora.xtec.cat\/iesmaragall\/wp-content\/uploads\/usu1613\/2017\/01\/aroa-2018-3-768x576.jpg 768w, https:\/\/agora.xtec.cat\/iesmaragall\/wp-content\/uploads\/usu1613\/2017\/01\/aroa-2018-3-200x150.jpg 200w, https:\/\/agora.xtec.cat\/iesmaragall\/wp-content\/uploads\/usu1613\/2017\/01\/aroa-2018-3.jpg 816w\" sizes=\"auto, (max-width: 300px) 100vw, 300px\" \/><\/a><\/p>\n<p>&nbsp;<\/p>\n<p>El<strong> curs 2015-16<\/strong> els tres grups de <strong>4t d&#8217;ESO<\/strong> van dissenyar una <strong>campanya de sensibilitzaci\u00f3 sobre la prevenci\u00f3 de viol\u00e8ncia masclista dirigida a nois i noies adolescents<\/strong>, i van crear i elaborar els materials per la campanya (v\u00eddeos, xapes, punts de llibre i fotografies).<\/p>\n<p><iframe loading=\"lazy\" src=\"https:\/\/www.youtube.com\/embed\/gHq2QKYEJwM?ecver=1\" width=\"854\" height=\"480\" frameborder=\"0\"><\/iframe><\/p>\n<p>&nbsp;<\/p>\n<p>Amb el material elaborat s&#8217;ha organitzat l&#8217;<strong><span style=\"background-color: #ffffff;\">exposici\u00f3 &#8220;A t\u00fa tamb\u00e9 et pot passar&#8221; <\/span><\/strong>que ha estat ubicada a l&#8217;<strong>Espai 210<\/strong> del carrer Padilla. L&#8217;alumnat de 4t d&#8217;ESO que participa aquest <strong>curs 2016-17<\/strong> al projecte, va assistir, el passat 10 de novembre, a la presentaci\u00f3 de l&#8217;exposici\u00f3 realitzada per un grup de nois i noies participants del curs passat. El repte per aquest nou curs \u00e9s que els mateixos nois i noies que dissenyen les campanyes les puguin posar en pr\u00e0ctica per a sensibilitzar altres adolescents.<iframe loading=\"lazy\" src=\"https:\/\/www.youtube.com\/embed\/8RWxi40NITA?ecver=1\" width=\"854\" height=\"480\" frameborder=\"0\"><\/iframe><\/p>\n<p><img loading=\"lazy\" decoding=\"async\" class=\"alignnone\" src=\"https:\/\/lh3.googleusercontent.com\/vnlxhqf4FL4g_EXGLBK8Vf-H58hPO-bAmfPJifU3rKQpbAwfoXWuM27AKSa4cJhnjho3mSa-DYIqv_fmQdm5JLW82Ao_2-QqvIjZB7ZFUfvqC_pGnNkg7lmzjCpoSFMj8oCYi7_E5bDY0tvvLb-z5g3vi8VScRqwUIKhzPBTyRs7yu3lO-ghj1W0qVWIK7sh44IPIi50X8Z80S2Z_9xAtprrFVyB7LroiXB_6Cs5Cs82WcHTW3DxaKf3ZMk0Ug4dmS9WgDP5v6QOrOdCztUCkQaitb04HUt3exJQaNAnZKUuqilULUjif0H1tI5AIcaLcIhwwLDKDe8_Qf0R-tdK6vny3qElwbmRr9ZotJ7msIdlVHq94A3aYmVLjGkqgILyV_ChZqK8r_Indg5znVzzSJEJ9MoykpCnyxAYXp8RUJqZsIKS23TJVLrzBxaYuJ0EGrAdVrORfGiJyEyBFVsgnQhSBnPouguZ8nmawvEkNsCENZR_-ntxU59KsDFZ45_85LWG9ALgS0W1IZ4WSJTNrM3frKqceVwvQAfo-unplXPQ1ybCPYKS_JYQF8406YvmBPLeLVJHI7-RY1WnQOgZoc0XYhC4fs_KG4JLMHTQBo2GeRQe8bL-TtF_w_K2mqJpM7JiFKz7630DPjJiFQQrugBoD6w4H4WENUMwYbYDxYA=w960-h720-no\" width=\"960\" height=\"720\" \/><\/p>\n<p style=\"text-align: center;\"><a href=\"https:\/\/goo.gl\/photos\/XiARhxtArhiQdEsZA\">M\u00e9s fotos<\/a><\/p>\n","protected":false},"excerpt":{"rendered":"<p>Altaveus x la igualtat \u00e9s un projecte educatiu d&#8217;aprenentatge\u00a0i servei el qual es porta a terme al nostre institut des del curs 2015-16 en col\u00b7laboraci\u00f3 amb la <a href=\"http:\/\/fundacioaroa.org\/\" target=\"_blank\" rel=\"noopener noreferrer\">Fundaci\u00f3 Aroa<\/a>.<br \/>\nEls objectius del projecte s\u00f3n:<\/p>\n<ul>\n<li>Fomentar la reflexi\u00f3 entorn les desigualtats de g\u00e8nere a&hellip;  <a href=\"https:\/\/agora.xtec.cat\/iesmaragall\/com-treballem\/projectes-activitats\/altaveus-per-la-igualtat\/\" title=\"Read APS &#8211; Altaveus per la igualtat\">Llegeix m\u00e9s\u00bb<\/a><br \/>\n","protected":false},"author":1,"featured_media":0,"parent":469,"menu_order":2,"comment_status":"closed","ping_status":"closed","template":"page-templates\/side-menu.php","meta":{"_bbp_topic_count":0,"_bbp_reply_count":0,"_bbp_total_topic_count":0,"_bbp_total_reply_count":0,"_bbp_voice_count":0,"_bbp_anonymous_reply_count":0,"_bbp_topic_count_hidden":0,"_bbp_reply_count_hidden":0,"_bbp_forum_subforum_count":0,"footnotes":""},"class_list":["post-580","page","type-page","status-publish","hentry"],"post_mailing_queue_ids":[],"_links":{"self":[{"href":"https:\/\/agora.xtec.cat\/iesmaragall\/wp-json\/wp\/v2\/pages\/580","targetHints":{"allow":["GET"]}}],"collection":[{"href":"https:\/\/agora.xtec.cat\/iesmaragall\/wp-json\/wp\/v2\/pages"}],"about":[{"href":"https:\/\/agora.xtec.cat\/iesmaragall\/wp-json\/wp\/v2\/types\/page"}],"author":[{"embeddable":true,"href":"https:\/\/agora.xtec.cat\/iesmaragall\/wp-json\/wp\/v2\/users\/1"}],"replies":[{"embeddable":true,"href":"https:\/\/agora.xtec.cat\/iesmaragall\/wp-json\/wp\/v2\/comments?post=580"}],"version-history":[{"count":3,"href":"https:\/\/agora.xtec.cat\/iesmaragall\/wp-json\/wp\/v2\/pages\/580\/revisions"}],"predecessor-version":[{"id":6300,"href":"https:\/\/agora.xtec.cat\/iesmaragall\/wp-json\/wp\/v2\/pages\/580\/revisions\/6300"}],"up":[{"embeddable":true,"href":"https:\/\/agora.xtec.cat\/iesmaragall\/wp-json\/wp\/v2\/pages\/469"}],"wp:attachment":[{"href":"https:\/\/agora.xtec.cat\/iesmaragall\/wp-json\/wp\/v2\/media?parent=580"}],"curies":[{"name":"wp","href":"https:\/\/api.w.org\/{rel}","templated":true}]}}