{"id":57,"date":"2014-09-17T17:01:07","date_gmt":"2014-09-17T15:01:07","guid":{"rendered":"http:\/\/agora.xtec.cat\/iesmaragall\/?page_id=57"},"modified":"2018-01-10T13:18:07","modified_gmt":"2018-01-10T12:18:07","slug":"projecte-educatiu","status":"publish","type":"page","link":"https:\/\/agora.xtec.cat\/iesmaragall\/com-treballem\/projecte-educatiu\/","title":{"rendered":"Projecte educatiu"},"content":{"rendered":"<p><strong>L\u2019Institut considera cadascun dels alumnes com a centre i objectiu del proc\u00e9s educatiu.<\/strong> \u00c9s a l\u2019alumnat a qui va adre\u00e7at l\u2019esfor\u00e7 quotidi\u00e0 i el comprom\u00eds del professorat. Els sabers i les compet\u00e8ncies ocupen un lloc central en la seva formaci\u00f3.<\/p>\n<p><strong>Els nostres objectius s\u00f3n: <\/strong><span style=\"color: #999999;\"><em>(clica sobre els gr\u00e0fics o consulta el <a href=\"http:\/\/agora.xtec.cat\/iesmaragall\/wp-content\/uploads\/usu1613\/2014\/09\/objectius.pdf\">text sencer<\/a>)<\/em><\/span><\/p>\n<div class=\"row\">\n<div class=\"small-12 large-6 columns\"><a href=\"#\" data-reveal-id=\"Rigor\"><img loading=\"lazy\" decoding=\"async\" class=\"alignnone wp-image-1568 size-full\" style=\"margin-bottom: 20px;\" src=\"http:\/\/agora.xtec.cat\/iesmaragall\/wp-content\/uploads\/usu1613\/2014\/09\/objectiu_rigor_i_qualitat-1.gif\" alt=\"Rigor i Qualitat\" width=\"340\" height=\"50\" \/><\/a><\/div>\n<div class=\"small-12 large-6 columns\"><a href=\"#\" data-reveal-id=\"Atencio\"><img loading=\"lazy\" decoding=\"async\" class=\"alignnone wp-image-1651 size-full\" style=\"margin-bottom: 20px;\" src=\"http:\/\/agora.xtec.cat\/iesmaragall\/wp-content\/uploads\/usu1613\/2014\/09\/objectiu_atencio_individualitzada.gif\" alt=\"Atenci\u00f3 Personalitzada \" width=\"340\" height=\"50\" \/><\/a><\/div>\n<\/div>\n<div class=\"row\">\n<div class=\"small-12 large-6 columns\"><a href=\"#\" data-reveal-id=\"Respecte\"><img loading=\"lazy\" decoding=\"async\" class=\"alignnone wp-image-1569 size-full\" style=\"margin-bottom: 20px;\" src=\"http:\/\/agora.xtec.cat\/iesmaragall\/wp-content\/uploads\/usu1613\/2014\/09\/objectiu_respecte_convivencia-1.gif\" alt=\"Objectiu respecte i conviv\u00e8ncia\" width=\"340\" height=\"50\" \/><\/a><\/div>\n<div class=\"small-12 large-6 columns\"><a href=\"#\" data-reveal-id=\"Participacio\"><img loading=\"lazy\" decoding=\"async\" class=\"alignnone wp-image-1654 size-full\" style=\"margin-bottom: 20px;\" src=\"http:\/\/agora.xtec.cat\/iesmaragall\/wp-content\/uploads\/usu1613\/2014\/09\/objectiu_participacio.gif\" alt=\"objectiu participacio i comunicaci\u00f3 IES Poeta Maragall\" width=\"340\" height=\"50\" \/><\/a><\/div>\n<\/div>\n<div class=\"row\">\n<div class=\"small-12 large-6 columns\"><a href=\"#\" data-reveal-id=\"Innovacio\"><img loading=\"lazy\" decoding=\"async\" class=\"alignnone wp-image-1555 size-full\" src=\"http:\/\/agora.xtec.cat\/iesmaragall\/wp-content\/uploads\/usu1613\/2014\/09\/objectiu_innovacio.gif\" alt=\"objectiu innovacio\" width=\"340\" height=\"50\" \/><\/a><\/div>\n<div class=\"small-12 large-6 columns\"><a href=\"#\" data-reveal-id=\"Idiomes\"><img loading=\"lazy\" decoding=\"async\" class=\"alignnone wp-image-1653 size-full\" src=\"http:\/\/agora.xtec.cat\/iesmaragall\/wp-content\/uploads\/usu1613\/2014\/09\/objectiu_idiomes-1.gif\" alt=\"objectiu idiomes\" width=\"340\" height=\"50\" \/><\/a><\/div>\n<\/div>\n<div id=\"Rigor\" class=\"reveal-modal\">\n<h2>Rigor i Qualitat<\/h2>\n<ul>\n<li>\u00c9s prioritari preparar l\u2019alumnat amb rigor i qualitat perqu\u00e8 pugui accedir i cursar amb \u00e8xit estudis superiors o, en el seu cas, incorporar-se al m\u00f3n professional.<\/li>\n<li>D\u2019altra banda volem acompanyar l\u2019alumne en la formaci\u00f3 del seu car\u00e0cter, descobrir i desenvolupar les seves aptituds i talents, per tal que esdevingui un ciutad\u00e0 conscient i responsable capa\u00e7 d\u2019enfrontar-se amb la vida.<\/li>\n<\/ul>\n<p><a class=\"close-reveal-modal\">\u00d7<\/a><\/p>\n<\/div>\n<div id=\"Atencio\" class=\"reveal-modal\">\n<h2>Atenci\u00f3 personalitzada<\/h2>\n<ul>\n<li>Volem donar resposta, de forma individualitzada, als diferents moments de maduraci\u00f3 personal dels nostres alumnes, tant a nivell acad\u00e8mic com a nivell personal, ni uns s\u2019han de sentir frenats ni d\u2019altres pressionats.<\/li>\n<li>Volem que el curr\u00edculum obligatori estigui completat per una part opcional (mat\u00e8ries i activitats), que permeti l\u2019alumnat desenvolupar al m\u00e0xim les seves aptituds i tamb\u00e9 fer nous descobriments.<\/li>\n<\/ul>\n<p><a class=\"close-reveal-modal\">\u00d7<\/a><\/p>\n<\/div>\n<div id=\"Respecte\" class=\"reveal-modal\">\n<h2>Respecte, Conviv\u00e8ncia i Integraci\u00f3<\/h2>\n<ul>\n<li>\u00c9s objectiu prioritari transmetre el valor del respecte i fomentar la bona conviv\u00e8ncia entre tots els membres de l\u2019institut i volem aprofitar l\u2019oportunitat que la diversitat cultural i de proced\u00e8ncia de l\u2019alumnat, com a mostra d\u2019una societat cada cop m\u00e9s globalitzada, ens brinda en aquest sentit.<\/li>\n<li>Volem que l\u2019institut sigui una centre inclusiu i que vetlli per donar resposta a aquell alumnat amb necessitats especials que hagi optat per un ensenyament p\u00fablic i de qualitat.<\/li>\n<\/ul>\n<p><a class=\"close-reveal-modal\">\u00d7<\/a><\/p>\n<\/div>\n<div id=\"Participacio\" class=\"reveal-modal\">\n<h2>Participaci\u00f3 i Comunicaci\u00f3<\/h2>\n<ul>\n<li>L\u2019institut considera prioritari mantenir una relaci\u00f3 de confian\u00e7a i una comunicaci\u00f3 constant i flu\u00efda amb les fam\u00edlies i tota la comunitat educativa.<\/li>\n<li>Posem especial \u00e8mfasi en l\u2019acollida inicial dels alumnes nouvinguts a 1r d\u2019ESO, en la qual est\u00e0 implicat la majoria del professorat del centre.<\/li>\n<li>\u00c9s objectiu de l\u2019institut que el centre estigui ben integrat en el seu entorn i que mantingui relacions constructives amb les entitats i organitzacions del barri i la ciutat.<\/li>\n<li>Volem que les fam\u00edlies puguin accedir de forma immediata al control d\u2019incid\u00e8ncies i d\u2019assist\u00e8ncia via internet.<\/li>\n<\/ul>\n<p><a class=\"close-reveal-modal\">\u00d7<\/a><\/p>\n<\/div>\n<div id=\"Innovacio\" class=\"reveal-modal\">\n<h2>Innovaci\u00f3<\/h2>\n<p>L&#8217;institut \u00e9s receptiu als corrents d&#8217;innovaci\u00f3 en l&#8217;educaci\u00f3, valorant-los i analitzant-los, i si \u00e9s el cas, adoptant-los. Fem \u00fas de les TIC (Moodle, Blogs, Programari educatiu) i valorem positivament el treball per projectes en determinades mat\u00e8ries.<\/p>\n<p><a class=\"close-reveal-modal\">\u00d7<\/a><\/p>\n<\/div>\n<div id=\"Idiomes\" class=\"reveal-modal\">\n<h2>Idiomes<\/h2>\n<ul>\n<li>\u00c9s prioritat del centre que els alumnes puguin assolir un bon nivell en les lleng\u00fces estrangeres, Angl\u00e8s i Franc\u00e8s.<\/li>\n<li>Els alumnes que aix\u00ed ho desitgin, tenen la possibilitat de preparar-se per presentar-se als ex\u00e0mens oficials d\u2019Angl\u00e8s i de Franc\u00e8s.<\/li>\n<\/ul>\n<p><a class=\"close-reveal-modal\">\u00d7<\/a><\/p>\n<\/div>\n","protected":false},"excerpt":{"rendered":"<p>L\u2019Institut considera cadascun dels alumnes com a centre i objectiu del proc\u00e9s educatiu. \u00c9s a l\u2019alumnat a qui va adre\u00e7at l\u2019esfor\u00e7 quotidi\u00e0 i el comprom\u00eds del professorat. Els sabers i les compet\u00e8ncies ocupen un lloc central en la seva formaci\u00f3.<br \/>\nEls nostres objectius s\u00f3n: (clica sobre&hellip;  <a href=\"https:\/\/agora.xtec.cat\/iesmaragall\/com-treballem\/projecte-educatiu\/\" title=\"Read Projecte educatiu\">Llegeix m\u00e9s\u00bb<\/a><\/p>\n","protected":false},"author":1,"featured_media":0,"parent":465,"menu_order":0,"comment_status":"closed","ping_status":"closed","template":"page-templates\/side-menu.php","meta":{"_bbp_topic_count":0,"_bbp_reply_count":0,"_bbp_total_topic_count":0,"_bbp_total_reply_count":0,"_bbp_voice_count":0,"_bbp_anonymous_reply_count":0,"_bbp_topic_count_hidden":0,"_bbp_reply_count_hidden":0,"_bbp_forum_subforum_count":0,"footnotes":""},"class_list":["post-57","page","type-page","status-publish","hentry"],"post_mailing_queue_ids":[],"_links":{"self":[{"href":"https:\/\/agora.xtec.cat\/iesmaragall\/wp-json\/wp\/v2\/pages\/57","targetHints":{"allow":["GET"]}}],"collection":[{"href":"https:\/\/agora.xtec.cat\/iesmaragall\/wp-json\/wp\/v2\/pages"}],"about":[{"href":"https:\/\/agora.xtec.cat\/iesmaragall\/wp-json\/wp\/v2\/types\/page"}],"author":[{"embeddable":true,"href":"https:\/\/agora.xtec.cat\/iesmaragall\/wp-json\/wp\/v2\/users\/1"}],"replies":[{"embeddable":true,"href":"https:\/\/agora.xtec.cat\/iesmaragall\/wp-json\/wp\/v2\/comments?post=57"}],"version-history":[{"count":3,"href":"https:\/\/agora.xtec.cat\/iesmaragall\/wp-json\/wp\/v2\/pages\/57\/revisions"}],"predecessor-version":[{"id":3277,"href":"https:\/\/agora.xtec.cat\/iesmaragall\/wp-json\/wp\/v2\/pages\/57\/revisions\/3277"}],"up":[{"embeddable":true,"href":"https:\/\/agora.xtec.cat\/iesmaragall\/wp-json\/wp\/v2\/pages\/465"}],"wp:attachment":[{"href":"https:\/\/agora.xtec.cat\/iesmaragall\/wp-json\/wp\/v2\/media?parent=57"}],"curies":[{"name":"wp","href":"https:\/\/api.w.org\/{rel}","templated":true}]}}