{"id":5559,"date":"2020-04-20T17:47:52","date_gmt":"2020-04-20T15:47:52","guid":{"rendered":"http:\/\/agora.xtec.cat\/iesmaragall\/?page_id=5559"},"modified":"2021-05-07T17:28:22","modified_gmt":"2021-05-07T15:28:22","slug":"portes-obertes-batxillerat-2020","status":"publish","type":"page","link":"https:\/\/agora.xtec.cat\/iesmaragall\/portes-obertes-batxillerat-2020\/","title":{"rendered":"PORTES OBERTES BATXILLERAT 2021"},"content":{"rendered":"<h3><\/h3>\n<table style=\"height: 1293px; border-style: none;\">\n<tbody>\n<tr style=\"height: 107px;\">\n<td style=\"width: 990.8px; height: 107px; border-style: none;\" colspan=\"2\">\n<p style=\"text-align: center;\"><span style=\"color: #ff0000;\"><strong>L&#8217;INSTITUT POETA MARAGALL<\/strong><\/span><\/p>\n<p><strong>Feu play al v\u00eddeo per veure tot un recull d\u2019experi\u00e8ncies en primera persona d\u2019alumnes i professorat sobre la seva experi\u00e8ncia en el nostre centre: quina percepci\u00f3 tenen de l\u2019institut, que han apr\u00e8s sobretot a nivell personal, com definirien el nostre centre, com el perceben\u2026 En definitiva, a trav\u00e9s dels veritables protagonistes podreu saber quina \u00e9s la nostra filosofia i com entenem l\u2019educaci\u00f3.<\/strong><\/p>\n<p style=\"text-align: center;\"><iframe loading=\"lazy\" src=\"https:\/\/www.youtube.com\/embed\/PQAZGc_W4vs\" width=\"560\" height=\"315\" frameborder=\"0\"><\/iframe><\/p>\n<\/td>\n<\/tr>\n<tr style=\"height: 245px;\">\n<td style=\"width: 526.4px; text-align: center; height: 238px; border-style: none;\"><span style=\"color: #ff0000;\"><strong>EL CURR\u00cdCULUM DE BATXILLERAT<\/strong><\/span><\/p>\n<p style=\"text-align: left;\"><strong>En el document adjunt trobareu tota la informaci\u00f3 sobre el curr\u00edculum dels batxillerats que impartim al nostre centre:<\/strong><\/p>\n<p><a href=\"https:\/\/drive.google.com\/file\/d\/1Qr1lLZiF76dxH2YvAs4CiQGEQ47T82cD\/view?usp=sharing\"><img loading=\"lazy\" decoding=\"async\" class=\"alignnone wp-image-6713\" src=\"https:\/\/agora.xtec.cat\/iesmaragall\/wp-content\/uploads\/usu1613\/2021\/04\/Curr\u00edculum2021-2022.jpg\" alt=\"\" width=\"311\" height=\"221\" srcset=\"https:\/\/agora.xtec.cat\/iesmaragall\/wp-content\/uploads\/usu1613\/2021\/04\/Curr\u00edculum2021-2022.jpg 807w, https:\/\/agora.xtec.cat\/iesmaragall\/wp-content\/uploads\/usu1613\/2021\/04\/Curr\u00edculum2021-2022-300x213.jpg 300w, https:\/\/agora.xtec.cat\/iesmaragall\/wp-content\/uploads\/usu1613\/2021\/04\/Curr\u00edculum2021-2022-768x546.jpg 768w\" sizes=\"auto, (max-width: 311px) 100vw, 311px\" \/><\/a><\/p>\n<p>Aquest curr\u00edculum \u00e9s susceptible d\u2019alguna modificaci\u00f3 el curs vinent.<\/td>\n<td style=\"width: 462.4px; height: 238px; border-style: none;\">\n<p style=\"text-align: center;\"><span style=\"color: #ff0000;\"><strong>CI\u00c8NCIES DEL MON CONTEMPORANI EN ANGL\u00c8S<\/strong><\/span><\/p>\n<p style=\"text-align: center;\"><iframe loading=\"lazy\" src=\"https:\/\/www.youtube.com\/embed\/Q9T3-y04d3k\" width=\"400\" height=\"225\" frameborder=\"0\"><span data-mce-type=\"bookmark\" style=\"display: inline-block; width: 0px; overflow: hidden; line-height: 0;\" class=\"mce_SELRES_start\">\ufeff<\/span><\/iframe><\/p>\n<p>&nbsp;<\/p>\n<p>&nbsp;<\/td>\n<\/tr>\n<tr style=\"height: 345px;\">\n<td style=\"text-align: center; border-style: none; height: 345px;\" colspan=\"2\"><span style=\"color: #ff0000;\"><strong>EL TRACTAMENT DE LES LLENG\u00dcES ESTRANGERES:<\/strong><\/span><\/p>\n<p><iframe loading=\"lazy\" src=\"https:\/\/www.youtube.com\/embed\/qhaEdC1vUbk\" width=\"400\" height=\"225\" frameborder=\"0\"><\/iframe> \u00a0 \u00a0 \u00a0 \u00a0 \u00a0 \u00a0 \u00a0 \u00a0 \u00a0 \u00a0 \u00a0 \u00a0 \u00a0 <iframe loading=\"lazy\" src=\"https:\/\/www.youtube.com\/embed\/pq41nObTE3U\" width=\"400\" height=\"225\" frameborder=\"0\"><span data-mce-type=\"bookmark\" style=\"display: inline-block; width: 0px; overflow: hidden; line-height: 0;\" class=\"mce_SELRES_start\">\ufeff<\/span><\/iframe><\/p>\n<p><span style=\"color: #ff0000;\"><strong>\u00a0<\/strong><\/span><\/td>\n<\/tr>\n<tr>\n<td style=\"text-align: center; border-style: none; width: 990.8px;\" colspan=\"2\"><span style=\"color: #ff0000;\"><strong>MODALITAT D&#8217;HUMANITATS I CI\u00c8NCIES SOCIALS<\/strong><\/span><\/p>\n<p style=\"text-align: left;\"><strong>Feu play al v\u00eddeo per informar-vos del curr\u00edculum que podeu seguir si us matriculeu als batxillerats d&#8217;Humanitats i de Ci\u00e8ncies Socials a l&#8217;Institut Poeta Maragall. Tamb\u00e9 podreu veure com enfoquem els aprenentatges de les diferents mat\u00e8ries i quines activitats fem.<\/strong><\/p>\n<p><iframe loading=\"lazy\" src=\"https:\/\/www.youtube.com\/embed\/POFbTTdTBi4\" width=\"560\" height=\"315\" frameborder=\"0\"><\/iframe><\/td>\n<\/tr>\n<tr style=\"height: 55px;\">\n<td style=\"text-align: center; border-style: none; height: 55px;\" colspan=\"2\"><span style=\"color: #ff0000;\"><strong>MODALITAT DE CI\u00c8NCIES I TECNOLOGIA<\/strong><\/span><\/p>\n<p style=\"text-align: left;\"><strong>A l&#8217;Institut Poeta Maragall oferim un Batxillerat de Ci\u00e8ncies i Tecnologia de qualitat. Treballem amb grups petits que ens permeten una atenci\u00f3 tutorial i acad\u00e8mica molt individualitzada. Introdu\u00efm activitats motivadores per a que l&#8217;alumnat pugui trobar l&#8217;aplicaci\u00f3 pr\u00e0ctica dels conceptes que treballem. Programem activitats d&#8217;orientaci\u00f3 educativa per acompanyar-los en el proc\u00e9s d&#8217;elecci\u00f3 dels estudis posteriors.<\/strong><\/p>\n<p><iframe loading=\"lazy\" src=\"https:\/\/www.youtube.com\/embed\/pjAw_w9_mZA\" width=\"560\" height=\"315\" frameborder=\"0\"><\/iframe><\/td>\n<\/tr>\n<tr>\n<td style=\"text-align: center; border-style: none; width: 990.8px;\" colspan=\"2\"><span style=\"color: #ff0000;\"><strong>BATXILLERAT PRO &#8211; Modalitat Ci\u00e8ncies i Tecnologia<\/strong><\/span><\/p>\n<p><strong>El curs 2020-2021, com a novetat, al centre oferim un grup de Batxillerat Professionalitzador de la modalitat de Ci\u00e8ncies i Tecnologia. Aquest batxillerat va dirigit a alumnat que vulgui optar, quan acabi el Batxillerat, per un cicle de formaci\u00f3 professional de grau superior. En el video us expliquem el curr\u00edculum de Batxillerat Pro del nostre institut, en quins aspectes farem incid\u00e8ncia i les metodologies de treball que aplicarem.<\/strong><\/p>\n<p><iframe loading=\"lazy\" src=\"https:\/\/www.youtube.com\/embed\/2aMImyyJV1g\" width=\"560\" height=\"315\" frameborder=\"0\"><\/iframe><\/td>\n<\/tr>\n<tr style=\"height: 31px;\">\n<td style=\"width: 990.8px; text-align: center; border-style: none; height: 31px;\" colspan=\"2\"><span style=\"color: #ff0000;\"><strong>MODALITAT D&#8217;ARTS PL\u00c0STIQUES, IMATGE I DISSENY<\/strong><\/span><\/p>\n<p style=\"text-align: left;\"><strong><span style=\"color: #000000;\">Us presentem les mat\u00e8ries que impartim al nostre Batxillerat d&#8217;Arts Pl\u00e0stiques, Imatge i Disseny. Feu play al v\u00eddeo per veure quins continguts i com treballem en les diferents assignatures i una mostra de les activitats que organitzem dins i fora de l&#8217;institut.<\/span><\/strong><\/p>\n<p><iframe loading=\"lazy\" src=\"https:\/\/www.youtube.com\/embed\/CAkV7wN6hDw\" width=\"560\" height=\"315\" frameborder=\"0\"><\/iframe><\/td>\n<\/tr>\n<tr style=\"height: 31px;\">\n<td style=\"width: 990.8px; height: 31px; border-style: none;\" colspan=\"2\">\n<p style=\"text-align: center;\"><span style=\"color: #ff0000;\"><strong>MODALITAT D&#8217;ARTS ESC\u00c8NIQUES M\u00daSICA I DANSA<\/strong><\/span><\/p>\n<p><strong>Us presentem una panor\u00e0mica de les assignatures de modalitat i espec\u00edfiques que podreu trobar en el nostre Batxillerat Art\u00edstic Esc\u00e8nic, M\u00fasica i Dansa. Us explicarem en qu\u00e8 consisteixen i podreu veure imatges i v\u00eddeos d\u2019activitats que realitzem. Tamb\u00e9 podreu escoltar l\u2019experi\u00e8ncia d\u2019alumnes i exalumnes que cursen o han cursat aquesta modalitat en el nostre centre.<\/strong><\/p>\n<p><strong>Recordar-vos que tenim dos grups a primer i dos grups a segon de batxillerat. Us hi esperem el proper curs !!!<\/strong><\/p>\n<p style=\"text-align: center;\"><iframe loading=\"lazy\" src=\"https:\/\/www.youtube.com\/embed\/sisHUMCTunI\" width=\"560\" height=\"315\" frameborder=\"0\"><\/iframe><\/p>\n<\/td>\n<\/tr>\n<\/tbody>\n<\/table>\n","protected":false},"excerpt":{"rendered":"<p>L&#8217;INSTITUT POETA MARAGALL<br \/>\nFeu play al v\u00eddeo per veure tot un recull d\u2019experi\u00e8ncies en primera persona d\u2019alumnes i professorat sobre la seva experi\u00e8ncia en el nostre centre: quina percepci\u00f3 tenen de l\u2019institut, que han apr\u00e8s sobretot a nivell personal, com definirien el nostre centre, com el&hellip;  <a href=\"https:\/\/agora.xtec.cat\/iesmaragall\/portes-obertes-batxillerat-2020\/\" title=\"Read PORTES OBERTES BATXILLERAT 2021\">Llegeix m\u00e9s\u00bb<\/a><\/p>\n","protected":false},"author":1,"featured_media":0,"parent":0,"menu_order":0,"comment_status":"closed","ping_status":"closed","template":"","meta":{"_bbp_topic_count":0,"_bbp_reply_count":0,"_bbp_total_topic_count":0,"_bbp_total_reply_count":0,"_bbp_voice_count":0,"_bbp_anonymous_reply_count":0,"_bbp_topic_count_hidden":0,"_bbp_reply_count_hidden":0,"_bbp_forum_subforum_count":0,"footnotes":""},"class_list":["post-5559","page","type-page","status-publish","hentry"],"post_mailing_queue_ids":[],"_links":{"self":[{"href":"https:\/\/agora.xtec.cat\/iesmaragall\/wp-json\/wp\/v2\/pages\/5559","targetHints":{"allow":["GET"]}}],"collection":[{"href":"https:\/\/agora.xtec.cat\/iesmaragall\/wp-json\/wp\/v2\/pages"}],"about":[{"href":"https:\/\/agora.xtec.cat\/iesmaragall\/wp-json\/wp\/v2\/types\/page"}],"author":[{"embeddable":true,"href":"https:\/\/agora.xtec.cat\/iesmaragall\/wp-json\/wp\/v2\/users\/1"}],"replies":[{"embeddable":true,"href":"https:\/\/agora.xtec.cat\/iesmaragall\/wp-json\/wp\/v2\/comments?post=5559"}],"version-history":[{"count":3,"href":"https:\/\/agora.xtec.cat\/iesmaragall\/wp-json\/wp\/v2\/pages\/5559\/revisions"}],"predecessor-version":[{"id":6772,"href":"https:\/\/agora.xtec.cat\/iesmaragall\/wp-json\/wp\/v2\/pages\/5559\/revisions\/6772"}],"wp:attachment":[{"href":"https:\/\/agora.xtec.cat\/iesmaragall\/wp-json\/wp\/v2\/media?parent=5559"}],"curies":[{"name":"wp","href":"https:\/\/api.w.org\/{rel}","templated":true}]}}