{"id":533,"date":"2017-01-20T14:07:53","date_gmt":"2017-01-20T13:07:53","guid":{"rendered":"http:\/\/agora.xtec.cat\/iesmaragall\/?page_id=533"},"modified":"2025-09-23T21:49:13","modified_gmt":"2025-09-23T19:49:13","slug":"musica","status":"publish","type":"page","link":"https:\/\/agora.xtec.cat\/iesmaragall\/linstitut\/departaments\/musica\/","title":{"rendered":"M\u00fasica, Arts Esc\u00e8niques i Educaci\u00f3 F\u00edsica"},"content":{"rendered":"<h4><img loading=\"lazy\" decoding=\"async\" class=\"wp-image-997 size-full alignright\" src=\"http:\/\/agora.xtec.cat\/iesmaragall\/wp-content\/uploads\/usu1613\/2017\/01\/musica.png\" alt=\"Departament de M\u00fasica\" width=\"157\" height=\"157\" srcset=\"https:\/\/agora.xtec.cat\/iesmaragall\/wp-content\/uploads\/usu1613\/2017\/01\/musica.png 157w, https:\/\/agora.xtec.cat\/iesmaragall\/wp-content\/uploads\/usu1613\/2017\/01\/musica-150x150.png 150w\" sizes=\"auto, (max-width: 157px) 100vw, 157px\" \/>Equip<\/h4>\n<ul>\n<li>Dolors Artiola Ruhi (M\u00fasica)<\/li>\n<li>In\u00e9s Casta\u00f1ares Castro (Educaci\u00f3 F\u00edsica) &#8211; Coordinadora ESO<\/li>\n<li>Abraham Mohino Balet (Arts Esc\u00e8niques)<\/li>\n<li>Marta Quintana Carbonell (M\u00fasica) &#8211; Cap departament<\/li>\n<li>Sergi Ribera Tom\u00e1s (Educaci\u00f3 F\u00edsica, 1\/2 jornada)<\/li>\n<li>Josep Sala Colom (M\u00fasica)<\/li>\n<li>Guillermo Seijas Albir (Eduaci\u00f3 F\u00edsica)<\/li>\n<li>Abraham Tena Manrique (M\u00fasica)<\/li>\n<\/ul>\n<h4>Ubicaci\u00f3<\/h4>\n<p>El Departament de M\u00fasica es troba situat a la\u00a0<strong>7a planta\u00a0del centre<\/strong>. <span class=\"Estilo14\"><span data-scayt_word=\"L'aula\" data-scaytid=\"21\">L&#8217;aula<\/span> de <span data-scayt_word=\"m\u00fasica\" data-scaytid=\"19\">m\u00fasica<\/span> <span data-scayt_word=\"tamb\u00e9\" data-scaytid=\"23\">tamb\u00e9<\/span> <span data-scayt_word=\"es\" data-scaytid=\"24\">es<\/span> <span data-scayt_word=\"troba\" data-scaytid=\"25\">troba<\/span> en <span data-scayt_word=\"aquesta\" data-scaytid=\"26\">aquesta<\/span> <span data-scayt_word=\"planta\" data-scaytid=\"20\">planta<\/span>, <span data-scayt_word=\"l'entrada\" data-scaytid=\"28\">l&#8217;entrada<\/span> <span data-scayt_word=\"\u00e9s\" data-scaytid=\"29\">\u00e9s<\/span> per la <span data-scayt_word=\"terrassa\" data-scaytid=\"30\">terrassa<\/span>.<\/span><\/p>\n","protected":false},"excerpt":{"rendered":"<p>Equip<\/p>\n<ul>\n<li>Dolors Artiola Ruhi (M\u00fasica)<\/li>\n<li>In\u00e9s Casta\u00f1ares Castro (Educaci\u00f3 F\u00edsica) &#8211; Coordinadora ESO<\/li>\n<li>Abraham Mohino Balet (Arts Esc\u00e8niques)<\/li>\n<li>Marta Quintana Carbonell (M\u00fasica) &#8211; Cap departament<\/li>\n<li>Sergi Ribera Tom\u00e1s (Educaci\u00f3 F\u00edsica, 1\/2 jornada)<\/li>\n<li>Josep Sala Colom (M\u00fasica)<\/li>\n<li>Guillermo Seijas Albir (Eduaci\u00f3 F\u00edsica)<\/li>\n<li>Abraham Tena Manrique (M\u00fasica)<\/li>\n<\/ul>\n<p>Ubicaci\u00f3<br \/>\nEl Departament de M\u00fasica es troba situat a la\u00a07a&hellip;  <a href=\"https:\/\/agora.xtec.cat\/iesmaragall\/linstitut\/departaments\/musica\/\" title=\"Read M\u00fasica, Arts Esc\u00e8niques i Educaci\u00f3 F\u00edsica\">Llegeix m\u00e9s\u00bb<\/a><\/p>\n","protected":false},"author":1,"featured_media":0,"parent":503,"menu_order":14,"comment_status":"closed","ping_status":"closed","template":"page-templates\/side-menu.php","meta":{"_bbp_topic_count":0,"_bbp_reply_count":0,"_bbp_total_topic_count":0,"_bbp_total_reply_count":0,"_bbp_voice_count":0,"_bbp_anonymous_reply_count":0,"_bbp_topic_count_hidden":0,"_bbp_reply_count_hidden":0,"_bbp_forum_subforum_count":0,"footnotes":""},"class_list":["post-533","page","type-page","status-publish","hentry"],"post_mailing_queue_ids":[],"_links":{"self":[{"href":"https:\/\/agora.xtec.cat\/iesmaragall\/wp-json\/wp\/v2\/pages\/533","targetHints":{"allow":["GET"]}}],"collection":[{"href":"https:\/\/agora.xtec.cat\/iesmaragall\/wp-json\/wp\/v2\/pages"}],"about":[{"href":"https:\/\/agora.xtec.cat\/iesmaragall\/wp-json\/wp\/v2\/types\/page"}],"author":[{"embeddable":true,"href":"https:\/\/agora.xtec.cat\/iesmaragall\/wp-json\/wp\/v2\/users\/1"}],"replies":[{"embeddable":true,"href":"https:\/\/agora.xtec.cat\/iesmaragall\/wp-json\/wp\/v2\/comments?post=533"}],"version-history":[{"count":5,"href":"https:\/\/agora.xtec.cat\/iesmaragall\/wp-json\/wp\/v2\/pages\/533\/revisions"}],"predecessor-version":[{"id":10268,"href":"https:\/\/agora.xtec.cat\/iesmaragall\/wp-json\/wp\/v2\/pages\/533\/revisions\/10268"}],"up":[{"embeddable":true,"href":"https:\/\/agora.xtec.cat\/iesmaragall\/wp-json\/wp\/v2\/pages\/503"}],"wp:attachment":[{"href":"https:\/\/agora.xtec.cat\/iesmaragall\/wp-json\/wp\/v2\/media?parent=533"}],"curies":[{"name":"wp","href":"https:\/\/api.w.org\/{rel}","templated":true}]}}