{"id":531,"date":"2017-01-20T14:07:28","date_gmt":"2017-01-20T13:07:28","guid":{"rendered":"http:\/\/agora.xtec.cat\/iesmaragall\/?page_id=531"},"modified":"2025-09-23T21:50:30","modified_gmt":"2025-09-23T19:50:30","slug":"matematiques","status":"publish","type":"page","link":"https:\/\/agora.xtec.cat\/iesmaragall\/linstitut\/departaments\/matematiques\/","title":{"rendered":"Matem\u00e0tiques i Economia"},"content":{"rendered":"<h4><img loading=\"lazy\" decoding=\"async\" class=\"wp-image-971 size-full alignright\" src=\"http:\/\/agora.xtec.cat\/iesmaragall\/wp-content\/uploads\/usu1613\/2017\/01\/matematicas.png\" alt=\"Departament de Matem\u00e0tiques\" width=\"157\" height=\"157\" srcset=\"https:\/\/agora.xtec.cat\/iesmaragall\/wp-content\/uploads\/usu1613\/2017\/01\/matematicas.png 157w, https:\/\/agora.xtec.cat\/iesmaragall\/wp-content\/uploads\/usu1613\/2017\/01\/matematicas-150x150.png 150w\" sizes=\"auto, (max-width: 157px) 100vw, 157px\" \/>Equip hum\u00e0<\/h4>\n<ul>\n<li>Maria Alcacer Colomer<\/li>\n<li>Rub\u00e9n Mart\u00ednez N\u00fa\u00f1ez<\/li>\n<li>Joan Nualart Riera &#8211; Cap d&#8217;Estudis<\/li>\n<li>Jordi Par\u00eds Mollo &#8211; Coordinador Riscos Laborals<\/li>\n<li>Luc\u00eda Va\u00f1o Hern\u00e1ndez &#8211; Cap de departament<\/li>\n<li>Anna Vidal Pampols (Economia)<\/li>\n<\/ul>\n<h4>Ubicaci\u00f3<\/h4>\n<p>El Departament de Matem\u00e0tiques\u00a0es troba situat a la <strong>3a planta del centre<\/strong>.<\/p>\n","protected":false},"excerpt":{"rendered":"<p>Equip hum\u00e0<\/p>\n<ul>\n<li>Maria Alcacer Colomer<\/li>\n<li>Rub\u00e9n Mart\u00ednez N\u00fa\u00f1ez<\/li>\n<li>Joan Nualart Riera &#8211; Cap d&#8217;Estudis<\/li>\n<li>Jordi Par\u00eds Mollo &#8211; Coordinador Riscos Laborals<\/li>\n<li>Luc\u00eda Va\u00f1o Hern\u00e1ndez &#8211; Cap de departament<\/li>\n<li>Anna Vidal Pampols (Economia)<\/li>\n<\/ul>\n<p>Ubicaci\u00f3<br \/>\nEl Departament de Matem\u00e0tiques\u00a0es troba situat a la 3a planta del centre.<\/p>\n","protected":false},"author":1,"featured_media":0,"parent":503,"menu_order":13,"comment_status":"closed","ping_status":"closed","template":"page-templates\/side-menu.php","meta":{"_bbp_topic_count":0,"_bbp_reply_count":0,"_bbp_total_topic_count":0,"_bbp_total_reply_count":0,"_bbp_voice_count":0,"_bbp_anonymous_reply_count":0,"_bbp_topic_count_hidden":0,"_bbp_reply_count_hidden":0,"_bbp_forum_subforum_count":0,"footnotes":""},"class_list":["post-531","page","type-page","status-publish","hentry"],"post_mailing_queue_ids":[],"_links":{"self":[{"href":"https:\/\/agora.xtec.cat\/iesmaragall\/wp-json\/wp\/v2\/pages\/531","targetHints":{"allow":["GET"]}}],"collection":[{"href":"https:\/\/agora.xtec.cat\/iesmaragall\/wp-json\/wp\/v2\/pages"}],"about":[{"href":"https:\/\/agora.xtec.cat\/iesmaragall\/wp-json\/wp\/v2\/types\/page"}],"author":[{"embeddable":true,"href":"https:\/\/agora.xtec.cat\/iesmaragall\/wp-json\/wp\/v2\/users\/1"}],"replies":[{"embeddable":true,"href":"https:\/\/agora.xtec.cat\/iesmaragall\/wp-json\/wp\/v2\/comments?post=531"}],"version-history":[{"count":6,"href":"https:\/\/agora.xtec.cat\/iesmaragall\/wp-json\/wp\/v2\/pages\/531\/revisions"}],"predecessor-version":[{"id":10271,"href":"https:\/\/agora.xtec.cat\/iesmaragall\/wp-json\/wp\/v2\/pages\/531\/revisions\/10271"}],"up":[{"embeddable":true,"href":"https:\/\/agora.xtec.cat\/iesmaragall\/wp-json\/wp\/v2\/pages\/503"}],"wp:attachment":[{"href":"https:\/\/agora.xtec.cat\/iesmaragall\/wp-json\/wp\/v2\/media?parent=531"}],"curies":[{"name":"wp","href":"https:\/\/api.w.org\/{rel}","templated":true}]}}