{"id":521,"date":"2017-01-20T14:05:18","date_gmt":"2017-01-20T13:05:18","guid":{"rendered":"http:\/\/agora.xtec.cat\/iesmaragall\/?page_id=521"},"modified":"2025-09-23T21:37:39","modified_gmt":"2025-09-23T19:37:39","slug":"llengua-anglesa","status":"publish","type":"page","link":"https:\/\/agora.xtec.cat\/iesmaragall\/linstitut\/departaments\/llengua-anglesa\/","title":{"rendered":"Idiomes"},"content":{"rendered":"<h4><img loading=\"lazy\" decoding=\"async\" class=\"size-full wp-image-983 alignright\" src=\"http:\/\/agora.xtec.cat\/iesmaragall\/wp-content\/uploads\/usu1613\/2017\/01\/angles.png\" alt=\"Departament de Llengua Anglesa\" width=\"157\" height=\"157\" srcset=\"https:\/\/agora.xtec.cat\/iesmaragall\/wp-content\/uploads\/usu1613\/2017\/01\/angles.png 157w, https:\/\/agora.xtec.cat\/iesmaragall\/wp-content\/uploads\/usu1613\/2017\/01\/angles-150x150.png 150w\" sizes=\"auto, (max-width: 157px) 100vw, 157px\" \/>Equip hum\u00e0<\/h4>\n<ul>\n<li>Jos\u00e9 G\u00f3mez Gonz\u00e1lez (Franc\u00e8s)<\/li>\n<li>Violeta de Lama Obiol<\/li>\n<li>Pilar Pamblanco Perales<\/li>\n<li>Elisenda P\u00e0mies Casas &#8211; Coordinadora 1r batxillerat<\/li>\n<li>Josep Ramon Sureda<\/li>\n<li>Rold\u00e1n Rivero, Maria Jos\u00e9 (1\/2 jornada)<\/li>\n<li>Sanchez Moneny, Mariona &#8211; Coordinadora pedag\u00f2gica<\/li>\n<li>\u00c0ngels Serra Marimon &#8211; Cap de departament<\/li>\n<\/ul>\n<h4>Ubicaci\u00f3<\/h4>\n<p>El Departament de Llengua Anglesa\u00a0es troba situat a la\u00a0<strong>7a planta\u00a0del centre<\/strong>.<\/p>\n","protected":false},"excerpt":{"rendered":"<p>Equip hum\u00e0<\/p>\n<ul>\n<li>Jos\u00e9 G\u00f3mez Gonz\u00e1lez (Franc\u00e8s)<\/li>\n<li>Violeta de Lama Obiol<\/li>\n<li>Pilar Pamblanco Perales<\/li>\n<li>Elisenda P\u00e0mies Casas &#8211; Coordinadora 1r batxillerat<\/li>\n<li>Josep Ramon Sureda<\/li>\n<li>Rold\u00e1n Rivero, Maria Jos\u00e9 (1\/2 jornada)<\/li>\n<li>Sanchez Moneny, Mariona &#8211; Coordinadora pedag\u00f2gica<\/li>\n<li>\u00c0ngels Serra Marimon &#8211; Cap de departament<\/li>\n<\/ul>\n<p>Ubicaci\u00f3<br \/>\nEl Departament de Llengua Anglesa\u00a0es troba situat a la\u00a07a planta\u00a0del centre.<\/p>\n","protected":false},"author":1,"featured_media":0,"parent":503,"menu_order":8,"comment_status":"closed","ping_status":"closed","template":"page-templates\/side-menu.php","meta":{"_bbp_topic_count":0,"_bbp_reply_count":0,"_bbp_total_topic_count":0,"_bbp_total_reply_count":0,"_bbp_voice_count":0,"_bbp_anonymous_reply_count":0,"_bbp_topic_count_hidden":0,"_bbp_reply_count_hidden":0,"_bbp_forum_subforum_count":0,"footnotes":""},"class_list":["post-521","page","type-page","status-publish","hentry"],"post_mailing_queue_ids":[],"_links":{"self":[{"href":"https:\/\/agora.xtec.cat\/iesmaragall\/wp-json\/wp\/v2\/pages\/521","targetHints":{"allow":["GET"]}}],"collection":[{"href":"https:\/\/agora.xtec.cat\/iesmaragall\/wp-json\/wp\/v2\/pages"}],"about":[{"href":"https:\/\/agora.xtec.cat\/iesmaragall\/wp-json\/wp\/v2\/types\/page"}],"author":[{"embeddable":true,"href":"https:\/\/agora.xtec.cat\/iesmaragall\/wp-json\/wp\/v2\/users\/1"}],"replies":[{"embeddable":true,"href":"https:\/\/agora.xtec.cat\/iesmaragall\/wp-json\/wp\/v2\/comments?post=521"}],"version-history":[{"count":6,"href":"https:\/\/agora.xtec.cat\/iesmaragall\/wp-json\/wp\/v2\/pages\/521\/revisions"}],"predecessor-version":[{"id":10262,"href":"https:\/\/agora.xtec.cat\/iesmaragall\/wp-json\/wp\/v2\/pages\/521\/revisions\/10262"}],"up":[{"embeddable":true,"href":"https:\/\/agora.xtec.cat\/iesmaragall\/wp-json\/wp\/v2\/pages\/503"}],"wp:attachment":[{"href":"https:\/\/agora.xtec.cat\/iesmaragall\/wp-json\/wp\/v2\/media?parent=521"}],"curies":[{"name":"wp","href":"https:\/\/api.w.org\/{rel}","templated":true}]}}