{"id":517,"date":"2017-01-20T14:04:28","date_gmt":"2017-01-20T13:04:28","guid":{"rendered":"http:\/\/agora.xtec.cat\/iesmaragall\/?page_id=517"},"modified":"2025-09-23T21:19:38","modified_gmt":"2025-09-23T19:19:38","slug":"filosofia","status":"publish","type":"page","link":"https:\/\/agora.xtec.cat\/iesmaragall\/linstitut\/departaments\/filosofia\/","title":{"rendered":"Humanitats"},"content":{"rendered":"<h4><img loading=\"lazy\" decoding=\"async\" class=\"size-full wp-image-970 alignright\" src=\"http:\/\/agora.xtec.cat\/iesmaragall\/wp-content\/uploads\/usu1613\/2017\/01\/filosofia.png\" alt=\"Departament de Filosofia\" width=\"157\" height=\"157\" srcset=\"https:\/\/agora.xtec.cat\/iesmaragall\/wp-content\/uploads\/usu1613\/2017\/01\/filosofia.png 157w, https:\/\/agora.xtec.cat\/iesmaragall\/wp-content\/uploads\/usu1613\/2017\/01\/filosofia-150x150.png 150w\" sizes=\"auto, (max-width: 157px) 100vw, 157px\" \/>Equip hum\u00e0<\/h4>\n<ul>\n<li>Jaume Bertran Mol\u00ed (Socials)<\/li>\n<li>Eugenia Exp\u00f3sito Morales (Filosofia 1\/2 jornada)<\/li>\n<li>Gl\u00f2ria Harillo Rodr\u00edguez (Cl\u00e0ssiques)<\/li>\n<li>Javier Lucena G\u00f3mez (Religi\u00f3)<\/li>\n<li>Gl\u00f2ria M\u00e8lich Bolet<\/li>\n<li>Jordi Nadal Feliu (Socials) &#8211; Coordinador activitats i sortides<\/li>\n<li>Albert Pal\u00e0 Moncus\u00ed (Socials)<\/li>\n<li>Loures Perolada Boronat (Socials)<\/li>\n<li>Daniel Pina Mart\u00edn (Socials) &#8211; Director<\/li>\n<li>Maria Vict\u00f2ria Salvado Poy<\/li>\n<li>Manel Villar Pujol &#8211; Cap de departament<\/li>\n<\/ul>\n<h4>Ubicaci\u00f3<\/h4>\n<p>El Departament de Filosofia i Cl\u00e0ssiques es troba situat a la <strong>6a planta del centre, el seminari de Socials a la 2a planta.\u00a0<\/strong><\/p>\n","protected":false},"excerpt":{"rendered":"<p>Equip hum\u00e0<\/p>\n<ul>\n<li>Jaume Bertran Mol\u00ed (Socials)<\/li>\n<li>Eugenia Exp\u00f3sito Morales (Filosofia 1\/2 jornada)<\/li>\n<li>Gl\u00f2ria Harillo Rodr\u00edguez (Cl\u00e0ssiques)<\/li>\n<li>Javier Lucena G\u00f3mez (Religi\u00f3)<\/li>\n<li>Gl\u00f2ria M\u00e8lich Bolet<\/li>\n<li>Jordi Nadal Feliu (Socials) &#8211; Coordinador activitats i sortides<\/li>\n<li>Albert Pal\u00e0 Moncus\u00ed (Socials)<\/li>\n<li>Loures Perolada Boronat (Socials)<\/li>\n<li>Daniel Pina Mart\u00edn (Socials) &#8211; Director<\/li>\n<li>Maria Vict\u00f2ria Salvado Poy<\/li>\n<li>Manel Villar Pujol &#8211; Cap de&hellip;  <a href=\"https:\/\/agora.xtec.cat\/iesmaragall\/linstitut\/departaments\/filosofia\/\" title=\"Read Humanitats\">Llegeix m\u00e9s\u00bb<\/a><br \/>\n","protected":false},"author":1,"featured_media":0,"parent":503,"menu_order":6,"comment_status":"closed","ping_status":"closed","template":"page-templates\/side-menu.php","meta":{"_bbp_topic_count":0,"_bbp_reply_count":0,"_bbp_total_topic_count":0,"_bbp_total_reply_count":0,"_bbp_voice_count":0,"_bbp_anonymous_reply_count":0,"_bbp_topic_count_hidden":0,"_bbp_reply_count_hidden":0,"_bbp_forum_subforum_count":0,"footnotes":""},"class_list":["post-517","page","type-page","status-publish","hentry"],"post_mailing_queue_ids":[],"_links":{"self":[{"href":"https:\/\/agora.xtec.cat\/iesmaragall\/wp-json\/wp\/v2\/pages\/517","targetHints":{"allow":["GET"]}}],"collection":[{"href":"https:\/\/agora.xtec.cat\/iesmaragall\/wp-json\/wp\/v2\/pages"}],"about":[{"href":"https:\/\/agora.xtec.cat\/iesmaragall\/wp-json\/wp\/v2\/types\/page"}],"author":[{"embeddable":true,"href":"https:\/\/agora.xtec.cat\/iesmaragall\/wp-json\/wp\/v2\/users\/1"}],"replies":[{"embeddable":true,"href":"https:\/\/agora.xtec.cat\/iesmaragall\/wp-json\/wp\/v2\/comments?post=517"}],"version-history":[{"count":4,"href":"https:\/\/agora.xtec.cat\/iesmaragall\/wp-json\/wp\/v2\/pages\/517\/revisions"}],"predecessor-version":[{"id":10252,"href":"https:\/\/agora.xtec.cat\/iesmaragall\/wp-json\/wp\/v2\/pages\/517\/revisions\/10252"}],"up":[{"embeddable":true,"href":"https:\/\/agora.xtec.cat\/iesmaragall\/wp-json\/wp\/v2\/pages\/503"}],"wp:attachment":[{"href":"https:\/\/agora.xtec.cat\/iesmaragall\/wp-json\/wp\/v2\/media?parent=517"}],"curies":[{"name":"wp","href":"https:\/\/api.w.org\/{rel}","templated":true}]}}