{"id":515,"date":"2017-01-20T14:04:02","date_gmt":"2017-01-20T13:04:02","guid":{"rendered":"http:\/\/agora.xtec.cat\/iesmaragall\/?page_id=515"},"modified":"2025-09-23T21:15:20","modified_gmt":"2025-09-23T19:15:20","slug":"educacio-visual-i-plastica","status":"publish","type":"page","link":"https:\/\/agora.xtec.cat\/iesmaragall\/linstitut\/departaments\/educacio-visual-i-plastica\/","title":{"rendered":"Educaci\u00f3 Visual i Pl\u00e0stica"},"content":{"rendered":"<h4><img loading=\"lazy\" decoding=\"async\" class=\"size-full wp-image-922 alignright\" src=\"http:\/\/agora.xtec.cat\/iesmaragall\/wp-content\/uploads\/usu1613\/2017\/01\/plastica.png\" alt=\"Departament d'Educaci\u00f3 Visual i Pl\u00e0stica\" width=\"157\" height=\"157\" srcset=\"https:\/\/agora.xtec.cat\/iesmaragall\/wp-content\/uploads\/usu1613\/2017\/01\/plastica.png 157w, https:\/\/agora.xtec.cat\/iesmaragall\/wp-content\/uploads\/usu1613\/2017\/01\/plastica-150x150.png 150w\" sizes=\"auto, (max-width: 157px) 100vw, 157px\" \/>Equip hum\u00e0<\/h4>\n<ul>\n<li>Lara Amat G\u00f3mez<\/li>\n<li>Ane Ceballos Crist\u00f3bal<\/li>\n<li>Pilar Dom\u00e8nech Castillo &#8211; Cap de departament<\/li>\n<li>Daniel Moya Goti<\/li>\n<li>Laura Murillo Iba\u00f1ez- Coordinadora 2n batxillerat<\/li>\n<li>Olga Perez Garcia<\/li>\n<li>Paco Rico Soriano<\/li>\n<\/ul>\n<h4>Ubicaci\u00f3<\/h4>\n<p>El Departament d&#8217;Educaci\u00f3 Visual i Pl\u00e0stica es troba situat a la <strong>7a planta<\/strong> del centre.<\/p>\n<p>El Departament disposa de les seg\u00fcents <strong>aules especialitzades<\/strong> a la 5a planta:<\/p>\n<ul>\n<li>Aula de Dibuix T\u00e8cnic <span style=\"color: #808080;\">Aula 51<\/span><\/li>\n<li>Aula de T\u00e8cniques d&#8217;Expressi\u00f3 Graficopl\u00e0stica <span style=\"color: #808080;\">Aula 52<\/span><\/li>\n<li>Aula de Volum<span style=\"color: #808080;\"> Aula 53<\/span><\/li>\n<li>Aula de Disseny <span style=\"color: #808080;\">Aula 54<\/span><\/li>\n<li>Aula d&#8217;Infografia \/ Inform\u00e0tica<span style=\"color: #808080;\"> Aula 55<\/span><\/li>\n<li>Aula de Cultura Audiovisual <span style=\"color: #808080;\">Aula 56<\/span><\/li>\n<li>Laboratori de Fotografia<span style=\"color: #808080;\"> Aula 56 (interior)<\/span><\/li>\n<li>Aula d&#8217;Educaci\u00f3 Visual i Pl\u00e0stica d&#8217;ESO <span style=\"color: #808080;\">Aula 57<\/span><\/li>\n<li>Aula de Dibuix Art\u00edstic <span style=\"color: #808080;\">Aula 58<\/span><\/li>\n<\/ul>\n<p>El Departament tamb\u00e9 compta amb els seg\u00fcents<strong> equipaments<\/strong>:<\/p>\n<ul>\n<li>Pantalles de projecci\u00f3 extensibles:\u00a0<span style=\"color: #808080;\">a totes les aules<\/span><\/li>\n<li>Can\u00f3 de projecci\u00f3 fix + ordinador amb teclat:\u00a0<span style=\"color: #808080;\">a totes les aules<\/span><\/li>\n<li>Monitors TV-DVD:<span style=\"color: #808080;\"> aules 56 i 57<\/span><\/li>\n<li>13 ordinadors + 1 impressora + 1 esc\u00e0ner: <span style=\"color: #808080;\">aula 55<\/span><\/li>\n<\/ul>\n<h4><\/h4>\n","protected":false},"excerpt":{"rendered":"<p>Equip hum\u00e0<\/p>\n<ul>\n<li>Lara Amat G\u00f3mez<\/li>\n<li>Ane Ceballos Crist\u00f3bal<\/li>\n<li>Pilar Dom\u00e8nech Castillo &#8211; Cap de departament<\/li>\n<li>Daniel Moya Goti<\/li>\n<li>Laura Murillo Iba\u00f1ez- Coordinadora 2n batxillerat<\/li>\n<li>Olga Perez Garcia<\/li>\n<li>Paco Rico Soriano<\/li>\n<\/ul>\n<p>Ubicaci\u00f3<br \/>\nEl Departament d&#8217;Educaci\u00f3 Visual i Pl\u00e0stica es troba situat a la 7a planta del centre.<br \/>\nEl Departament disposa de les seg\u00fcents aules especialitzades a&hellip;  <a href=\"https:\/\/agora.xtec.cat\/iesmaragall\/linstitut\/departaments\/educacio-visual-i-plastica\/\" title=\"Read Educaci\u00f3 Visual i Pl\u00e0stica\">Llegeix m\u00e9s\u00bb<\/a><\/p>\n","protected":false},"author":1,"featured_media":0,"parent":503,"menu_order":5,"comment_status":"closed","ping_status":"closed","template":"page-templates\/side-menu.php","meta":{"_bbp_topic_count":0,"_bbp_reply_count":0,"_bbp_total_topic_count":0,"_bbp_total_reply_count":0,"_bbp_voice_count":0,"_bbp_anonymous_reply_count":0,"_bbp_topic_count_hidden":0,"_bbp_reply_count_hidden":0,"_bbp_forum_subforum_count":0,"footnotes":""},"class_list":["post-515","page","type-page","status-publish","hentry"],"post_mailing_queue_ids":[],"_links":{"self":[{"href":"https:\/\/agora.xtec.cat\/iesmaragall\/wp-json\/wp\/v2\/pages\/515","targetHints":{"allow":["GET"]}}],"collection":[{"href":"https:\/\/agora.xtec.cat\/iesmaragall\/wp-json\/wp\/v2\/pages"}],"about":[{"href":"https:\/\/agora.xtec.cat\/iesmaragall\/wp-json\/wp\/v2\/types\/page"}],"author":[{"embeddable":true,"href":"https:\/\/agora.xtec.cat\/iesmaragall\/wp-json\/wp\/v2\/users\/1"}],"replies":[{"embeddable":true,"href":"https:\/\/agora.xtec.cat\/iesmaragall\/wp-json\/wp\/v2\/comments?post=515"}],"version-history":[{"count":5,"href":"https:\/\/agora.xtec.cat\/iesmaragall\/wp-json\/wp\/v2\/pages\/515\/revisions"}],"predecessor-version":[{"id":10251,"href":"https:\/\/agora.xtec.cat\/iesmaragall\/wp-json\/wp\/v2\/pages\/515\/revisions\/10251"}],"up":[{"embeddable":true,"href":"https:\/\/agora.xtec.cat\/iesmaragall\/wp-json\/wp\/v2\/pages\/503"}],"wp:attachment":[{"href":"https:\/\/agora.xtec.cat\/iesmaragall\/wp-json\/wp\/v2\/media?parent=515"}],"curies":[{"name":"wp","href":"https:\/\/api.w.org\/{rel}","templated":true}]}}