{"id":503,"date":"2017-01-20T13:58:57","date_gmt":"2017-01-20T12:58:57","guid":{"rendered":"http:\/\/agora.xtec.cat\/iesmaragall\/?page_id=503"},"modified":"2025-09-23T21:27:21","modified_gmt":"2025-09-23T19:27:21","slug":"departaments","status":"publish","type":"page","link":"https:\/\/agora.xtec.cat\/iesmaragall\/linstitut\/departaments\/","title":{"rendered":"Departaments"},"content":{"rendered":"<ul class=\"small-block-grid-2 large-block-grid-6\">\n<li>\n<p><figure class=\"figure wp-caption alignleft\"><a href=\"https:\/\/agora.xtec.cat\/iesmaragall\/linstitut\/departaments\/biologia-i-geologia\/\"><img loading=\"lazy\" decoding=\"async\" class=\"size-full wp-image-1010\" src=\"http:\/\/agora.xtec.cat\/iesmaragall\/wp-content\/uploads\/usu1613\/2017\/01\/biologia_s.png\" alt=\"Departament de Biologia i Geologia\" width=\"100\" height=\"100\" \/><\/a><figcaption class=\"wp-caption-text\"><strong>Departament de Ci\u00e8ncies Experimentals i Tecnolog\u00eca<\/strong><\/figcaption><\/figure><\/li>\n<li><\/li>\n<li><\/li>\n<li><\/li>\n<li><\/li>\n<li>\n<p><figure class=\"figure wp-caption alignleft\"><a href=\"https:\/\/agora.xtec.cat\/iesmaragall\/linstitut\/departaments\/educacio-visual-i-plastica\/\"><img loading=\"lazy\" decoding=\"async\" class=\"size-full wp-image-1021\" src=\"http:\/\/agora.xtec.cat\/iesmaragall\/wp-content\/uploads\/usu1613\/2017\/01\/plastica_s.png\" alt=\"Departament d'Educaci\u00f3 Visual i Pl\u00e0stica\" width=\"100\" height=\"100\" \/><\/a><figcaption class=\"wp-caption-text\"><strong>\u00a0Departament d&#8217;Educaci\u00f3 Visual i Pl\u00e0stica<\/strong><\/figcaption><\/figure><\/li>\n<li>\n<p><figure class=\"figure wp-caption alignleft\"><a href=\"https:\/\/agora.xtec.cat\/iesmaragall\/linstitut\/departaments\/filosofia\/\"><img loading=\"lazy\" decoding=\"async\" class=\"size-full wp-image-1016\" src=\"http:\/\/agora.xtec.cat\/iesmaragall\/wp-content\/uploads\/usu1613\/2017\/01\/filosofia_s.png\" alt=\"Departament de Filosofia\" width=\"100\" height=\"100\" \/><\/a><figcaption class=\"wp-caption-text\"><strong>Departament d&#8217;Humanitats<\/strong><\/figcaption><\/figure><\/li>\n<li>\n<p><figure class=\"figure wp-caption alignleft\"><a href=\"https:\/\/agora.xtec.cat\/iesmaragall\/linstitut\/departaments\/llengua-anglesa\/\"><img loading=\"lazy\" decoding=\"async\" class=\"size-full wp-image-1009\" src=\"http:\/\/agora.xtec.cat\/iesmaragall\/wp-content\/uploads\/usu1613\/2017\/01\/angles_s.png\" alt=\"Departament d'Angl\u00e8s\" width=\"100\" height=\"100\" \/><\/a><figcaption class=\"wp-caption-text\"><strong>Departament d&#8217;Idiomes<\/strong><\/figcaption><\/figure><\/li>\n<li><\/li>\n<li>\n<p><figure class=\"figure wp-caption alignleft\"><a href=\"https:\/\/agora.xtec.cat\/iesmaragall\/linstitut\/departaments\/llengua-i-literatura-castellanes\/\"><img loading=\"lazy\" decoding=\"async\" class=\"size-full wp-image-1011\" src=\"http:\/\/agora.xtec.cat\/iesmaragall\/wp-content\/uploads\/usu1613\/2017\/01\/castella_s.png\" alt=\"Castell\u00e0\" width=\"100\" height=\"100\" \/><\/a><figcaption class=\"wp-caption-text\"><strong>Departament de Llengua Castellana<\/strong><\/figcaption><\/figure><\/li>\n<li>\n<p><figure class=\"figure wp-caption alignleft\"><a href=\"https:\/\/agora.xtec.cat\/iesmaragall\/linstitut\/departaments\/llengua-i-literatura-catalanes\/\"><img loading=\"lazy\" decoding=\"async\" class=\"size-full wp-image-1012\" src=\"http:\/\/agora.xtec.cat\/iesmaragall\/wp-content\/uploads\/usu1613\/2017\/01\/catala_s.png\" alt=\"Llengua i Literatura catalanes\" width=\"100\" height=\"100\" \/><\/a><figcaption class=\"wp-caption-text\"><strong>Departament de Llengua Catalana<\/strong><\/figcaption><\/figure><\/li>\n<li><\/li>\n<li>\n<p><figure class=\"figure wp-caption alignleft\"><a href=\"https:\/\/agora.xtec.cat\/iesmaragall\/linstitut\/departaments\/matematiques\/\"><img loading=\"lazy\" decoding=\"async\" class=\"size-full wp-image-1019\" src=\"http:\/\/agora.xtec.cat\/iesmaragall\/wp-content\/uploads\/usu1613\/2017\/01\/matematicas_s.png\" alt=\"Matem\u00e0tiques\" width=\"100\" height=\"100\" \/><\/a><figcaption class=\"wp-caption-text\"><strong>Departament de Matem\u00e0tiques i Economia<\/strong><\/figcaption><\/figure><\/li>\n<li>\n<p><figure class=\"figure wp-caption alignleft\"><a href=\"https:\/\/agora.xtec.cat\/iesmaragall\/linstitut\/departaments\/musica\/\"><img loading=\"lazy\" decoding=\"async\" class=\"size-full wp-image-1020\" src=\"http:\/\/agora.xtec.cat\/iesmaragall\/wp-content\/uploads\/usu1613\/2017\/01\/musica_s.png\" alt=\"M\u00fasica\" width=\"100\" height=\"100\" \/><\/a><figcaption class=\"wp-caption-text\"><b>Departament de M\u00fasica, Arts Esc\u00e8niques i Educaci\u00f3 F\u00edsica<\/b><\/figcaption><\/figure><\/li>\n<li>\n<p><figure class=\"figure wp-caption alignleft\"><a href=\"https:\/\/agora.xtec.cat\/iesmaragall\/linstitut\/departaments\/orientacio-educativa-i-psicopedagogia\/\"><img loading=\"lazy\" decoding=\"async\" class=\"size-full wp-image-1022\" src=\"http:\/\/agora.xtec.cat\/iesmaragall\/wp-content\/uploads\/usu1613\/2017\/01\/psicologia_s.png\" alt=\"Psicopedagogia\" width=\"100\" height=\"100\" \/><\/a><figcaption class=\"wp-caption-text\"><strong>Departament Psicopedagogia<\/strong><\/figcaption><\/figure><\/li>\n<li><\/li>\n<li><\/li>\n<\/ul>\n","protected":false},"excerpt":{"rendered":"<ul class=\"small-block-grid-2 large-block-grid-6\">\n<li>\n<a href=\"https:\/\/agora.xtec.cat\/iesmaragall\/linstitut\/departaments\/biologia-i-geologia\/\"><\/a>Departament de Ci\u00e8ncies Experimentals i Tecnolog\u00eca<\/li>\n<li><\/li>\n<li><\/li>\n<li><\/li>\n<li><\/li>\n<li>\n<a href=\"https:\/\/agora.xtec.cat\/iesmaragall\/linstitut\/departaments\/educacio-visual-i-plastica\/\"><\/a>\u00a0Departament d&#8217;Educaci\u00f3 Visual i Pl\u00e0stica<\/li>\n<li>\n<a href=\"https:\/\/agora.xtec.cat\/iesmaragall\/linstitut\/departaments\/filosofia\/\"><\/a>Departament d&#8217;Humanitats<\/li>\n<li>\n<a href=\"https:\/\/agora.xtec.cat\/iesmaragall\/linstitut\/departaments\/llengua-anglesa\/\"><\/a>Departament d&#8217;Idiomes<\/li>\n<li><\/li>\n<li>\n<a href=\"https:\/\/agora.xtec.cat\/iesmaragall\/linstitut\/departaments\/llengua-i-literatura-castellanes\/\"><\/a>Departament de Llengua Castellana<\/li>\n<li>\n<a href=\"https:\/\/agora.xtec.cat\/iesmaragall\/linstitut\/departaments\/llengua-i-literatura-catalanes\/\"><\/a>Departament de Llengua Catalana<\/li>\n<li><\/li>\n<li>\n<a href=\"https:\/\/agora.xtec.cat\/iesmaragall\/linstitut\/departaments\/matematiques\/\"><\/a>Departament de Matem\u00e0tiques i Economia<\/li>\n<li>\n<a href=\"https:\/\/agora.xtec.cat\/iesmaragall\/linstitut\/departaments\/musica\/\"><\/a>Departament de M\u00fasica, Arts Esc\u00e8niques i Educaci\u00f3 F\u00edsica<\/li>\n<li>\n<a href=\"https:\/\/agora.xtec.cat\/iesmaragall\/linstitut\/departaments\/orientacio-educativa-i-psicopedagogia\/\"><\/a>Departament Psicopedagogia<\/li>\n<li><\/li>\n<li><\/li>\n<\/ul>\n","protected":false},"author":1,"featured_media":0,"parent":19,"menu_order":8,"comment_status":"closed","ping_status":"closed","template":"page-templates\/side-menu.php","meta":{"_bbp_topic_count":0,"_bbp_reply_count":0,"_bbp_total_topic_count":0,"_bbp_total_reply_count":0,"_bbp_voice_count":0,"_bbp_anonymous_reply_count":0,"_bbp_topic_count_hidden":0,"_bbp_reply_count_hidden":0,"_bbp_forum_subforum_count":0,"footnotes":""},"class_list":["post-503","page","type-page","status-publish","hentry"],"post_mailing_queue_ids":[],"_links":{"self":[{"href":"https:\/\/agora.xtec.cat\/iesmaragall\/wp-json\/wp\/v2\/pages\/503","targetHints":{"allow":["GET"]}}],"collection":[{"href":"https:\/\/agora.xtec.cat\/iesmaragall\/wp-json\/wp\/v2\/pages"}],"about":[{"href":"https:\/\/agora.xtec.cat\/iesmaragall\/wp-json\/wp\/v2\/types\/page"}],"author":[{"embeddable":true,"href":"https:\/\/agora.xtec.cat\/iesmaragall\/wp-json\/wp\/v2\/users\/1"}],"replies":[{"embeddable":true,"href":"https:\/\/agora.xtec.cat\/iesmaragall\/wp-json\/wp\/v2\/comments?post=503"}],"version-history":[{"count":6,"href":"https:\/\/agora.xtec.cat\/iesmaragall\/wp-json\/wp\/v2\/pages\/503\/revisions"}],"predecessor-version":[{"id":10256,"href":"https:\/\/agora.xtec.cat\/iesmaragall\/wp-json\/wp\/v2\/pages\/503\/revisions\/10256"}],"up":[{"embeddable":true,"href":"https:\/\/agora.xtec.cat\/iesmaragall\/wp-json\/wp\/v2\/pages\/19"}],"wp:attachment":[{"href":"https:\/\/agora.xtec.cat\/iesmaragall\/wp-json\/wp\/v2\/media?parent=503"}],"curies":[{"name":"wp","href":"https:\/\/api.w.org\/{rel}","templated":true}]}}