{"id":495,"date":"2017-01-20T13:57:07","date_gmt":"2017-01-20T12:57:07","guid":{"rendered":"http:\/\/agora.xtec.cat\/iesmaragall\/?page_id=495"},"modified":"2022-01-26T10:14:27","modified_gmt":"2022-01-26T09:14:27","slug":"exit","status":"publish","type":"page","link":"https:\/\/agora.xtec.cat\/iesmaragall\/administracio-i-serveis\/exit\/","title":{"rendered":"AFA"},"content":{"rendered":"<p>El centre considera molt valuosa la col\u00b7laboraci\u00f3 que rebem de les fam\u00edlies a trav\u00e9s de l&#8217;Associaci\u00f3 de fam\u00edlies.<\/p>\n<p><strong>L&#8217;AFA gestiona serveis imprescindibles<\/strong>, com s\u00f3n el menjador escolar, les extraescolars i l&#8217;intercanvi de llibres, i col\u00b7labora amb el professorat i l&#8217;equip de gesti\u00f3 en l&#8217;organitzaci\u00f3 de nombroses activitats: viatges, col\u00f2nies, sortides, tallers, etc.<\/p>\n<p>Creiem que tenir una AFA en la qual hi hagi un nombre alt de fam\u00edlies que s&#8217;impliquen i posen el seu granet de sorra,<strong> ens ajuda a poder educar millor els nois i noies que tenim al nostre c\u00e0rrec<\/strong>, i a aconseguir un centre m\u00e9s acollidor per a tots.<\/p>\n<p>L&#8217;AFA t\u00e9 un <strong><a href=\"https:\/\/sites.google.com\/view\/afainstitutpoetamaragall\/home\">bloc<\/a><\/strong> per a informar els pares i les mares de les seves activitats.<\/p>\n","protected":false},"excerpt":{"rendered":"<p>El centre considera molt valuosa la col\u00b7laboraci\u00f3 que rebem de les fam\u00edlies a trav\u00e9s de l&#8217;Associaci\u00f3 de fam\u00edlies.<br \/>\nL&#8217;AFA gestiona serveis imprescindibles, com s\u00f3n el menjador escolar, les extraescolars i l&#8217;intercanvi de llibres, i col\u00b7labora amb el professorat i l&#8217;equip de gesti\u00f3 en l&#8217;organitzaci\u00f3 de nombroses&hellip;  <a href=\"https:\/\/agora.xtec.cat\/iesmaragall\/administracio-i-serveis\/exit\/\" title=\"Read AFA\">Llegeix m\u00e9s\u00bb<\/a><\/p>\n","protected":false},"author":1,"featured_media":0,"parent":611,"menu_order":3,"comment_status":"closed","ping_status":"closed","template":"page-templates\/side-menu.php","meta":{"_bbp_topic_count":0,"_bbp_reply_count":0,"_bbp_total_topic_count":0,"_bbp_total_reply_count":0,"_bbp_voice_count":0,"_bbp_anonymous_reply_count":0,"_bbp_topic_count_hidden":0,"_bbp_reply_count_hidden":0,"_bbp_forum_subforum_count":0,"footnotes":""},"class_list":["post-495","page","type-page","status-publish","hentry"],"post_mailing_queue_ids":[],"_links":{"self":[{"href":"https:\/\/agora.xtec.cat\/iesmaragall\/wp-json\/wp\/v2\/pages\/495","targetHints":{"allow":["GET"]}}],"collection":[{"href":"https:\/\/agora.xtec.cat\/iesmaragall\/wp-json\/wp\/v2\/pages"}],"about":[{"href":"https:\/\/agora.xtec.cat\/iesmaragall\/wp-json\/wp\/v2\/types\/page"}],"author":[{"embeddable":true,"href":"https:\/\/agora.xtec.cat\/iesmaragall\/wp-json\/wp\/v2\/users\/1"}],"replies":[{"embeddable":true,"href":"https:\/\/agora.xtec.cat\/iesmaragall\/wp-json\/wp\/v2\/comments?post=495"}],"version-history":[{"count":3,"href":"https:\/\/agora.xtec.cat\/iesmaragall\/wp-json\/wp\/v2\/pages\/495\/revisions"}],"predecessor-version":[{"id":7296,"href":"https:\/\/agora.xtec.cat\/iesmaragall\/wp-json\/wp\/v2\/pages\/495\/revisions\/7296"}],"up":[{"embeddable":true,"href":"https:\/\/agora.xtec.cat\/iesmaragall\/wp-json\/wp\/v2\/pages\/611"}],"wp:attachment":[{"href":"https:\/\/agora.xtec.cat\/iesmaragall\/wp-json\/wp\/v2\/media?parent=495"}],"curies":[{"name":"wp","href":"https:\/\/api.w.org\/{rel}","templated":true}]}}