{"id":469,"date":"2017-01-20T13:21:27","date_gmt":"2017-01-20T12:21:27","guid":{"rendered":"http:\/\/agora.xtec.cat\/iesmaragall\/?page_id=469"},"modified":"2021-02-21T17:40:58","modified_gmt":"2021-02-21T16:40:58","slug":"projectes-activitats","status":"publish","type":"page","link":"https:\/\/agora.xtec.cat\/iesmaragall\/com-treballem\/projectes-activitats\/","title":{"rendered":"Projectes i Activitats"},"content":{"rendered":"<div class=\"section-container accordion\" data-section=\"accordion\">\n<p><a href=\"http:\/\/agora.xtec.cat\/iesmaragall\/com-treballem\/projectes-activitats\/innovacio-projectes-2\/\">Innovaci\u00f3 &#8211; Projectes<\/a><\/p>\n<p>Per nosaltres la finalitat de la innovaci\u00f3 educativa \u00e9s aconseguir l\u2019educaci\u00f3 de qualitat, tamb\u00e9 ha de servir per lluitar contra l\u2019abandonament escolar i per orientar adequadament els nostres joves.<\/p>\n<p>Els nostres projectes innovadors parteixen dels interessos, emocions i preocupacions dels alumnes i s\u00f3n ells els que en porten el fil conductor. Tenen objectius amb un efecte positiu en la societat o l\u2019entorn i impliquen el treball per compet\u00e8ncies per planificar i realitzar les accions per assolir-los. La majoria d\u2019aquests projectes els fem en col\u00b7laboraci\u00f3 amb serveis, entitats i organismes externs al centre, i s\u00f3n una manera d\u2019obrir el centre a l\u2019entorn i a la resta del m\u00f3n.<\/p>\n<p>Amb aquest mateix objectiu, animem els nostres alumnes a participar a concursos, premis i mostres de treballs i programem sortides i activitats en les quals intervenen persones de fora el centre.<\/p>\n<p>La innovaci\u00f3 educativa ha d\u2019anar lligada for\u00e7osament amb la formaci\u00f3 del professorat i el treball en xarxa entre docents i centres.<\/p>\n<p>Durant tres cursos vam participar en el programa d\u2019innovaci\u00f3 pedag\u00f2gica d\u2019Eines per al Canvi del Consorci d\u2019Educaci\u00f3 de Barcelona i actualment participem al programa AraArt del Departament d\u2019Educaci\u00f3 en col\u00b7laboraci\u00f3 amb la Filmoteca de Catalunya.<\/p>\n<p>El grup de professorat impulsor treballem en petits grups per tractar diferents temes que ens preocupen i buscar solucions que ens ajudin a millorar els processos d\u2019aprenentatge dels nois i noies.<\/p>\n<p>D\u2019altra banda, durant els darrers tres cursos el professorat del centre estem realitzant formaci\u00f3 que ens ha d\u2019ajudar a implementar canvis en les nostres metodologies educatives.<\/p>\n<p>Tamb\u00e9 des del curs 2016-17 formem part de Xarxes per al canvi i amb altres centres de l\u2019Esquerra de l\u2019Eixample compartim reflexions i experi\u00e8ncies sobre els processos d\u2019aprenentatge i el treball a l\u2019aula.<\/p>\n<div class=\"content\" data-section-content=\"\">\n<p><img loading=\"lazy\" decoding=\"async\" class=\"alignnone size-full wp-image-1522\" src=\"http:\/\/agora.xtec.cat\/iesmaragall\/wp-content\/uploads\/usu1613\/2017\/01\/Escoles-sostenibles-1.jpg\" alt=\"Projectes innovadors escoles sostenibles\" width=\"800\" height=\"533\" srcset=\"https:\/\/agora.xtec.cat\/iesmaragall\/wp-content\/uploads\/usu1613\/2017\/01\/Escoles-sostenibles-1.jpg 800w, https:\/\/agora.xtec.cat\/iesmaragall\/wp-content\/uploads\/usu1613\/2017\/01\/Escoles-sostenibles-1-300x200.jpg 300w, https:\/\/agora.xtec.cat\/iesmaragall\/wp-content\/uploads\/usu1613\/2017\/01\/Escoles-sostenibles-1-768x512.jpg 768w\" sizes=\"auto, (max-width: 800px) 100vw, 800px\" \/><\/p>\n<\/div>\n<section>\n<p class=\"title\" data-section-title=\"\"><a href=\"http:\/\/agora.xtec.cat\/iesmaragall\/com-treballem\/projectes-activitats\/aprenentatge-i-servei-projectes-aps\/\">Projectes (APS) &#8211; APRENENTATGE i SERVEI<\/a><\/p>\n<div class=\"content\" data-section-content=\"\">\n<p>Ens sentim especialment orgullosos dels projectes d\u2019aprenentatge i servei a la comunitat (APS) que realitzen\u00a0 els nois i noies de 4t d\u2019ESO, alguns dels quals ja tenen un recorregut de diversos cursos acad\u00e8mics i que es fan en el marc de la mat\u00e8ria Servei a la Comunitat.<\/p>\n<p>Alguns d&#8217;aquests projectes els realitzem en col\u00b7laboraci\u00f3 amb diverses associacions i fundacions del nostre barri i donen servei a diferents col\u00b7lectius del barri (nens i nenes d\u2019escoles adscrite, usuaris d\u2019un menjador social, usuaris dels serveis de l\u2019Eix gran de l\u2019Eixample&#8230;)<\/p>\n<p>N&#8217;hi d&#8217;altres, de caire m\u00e9s cient\u00edfic, on el servei a la comunitat \u00e9s tradueix en la col\u00b7laboraci\u00f3 en recerca i activitats adre\u00e7ades a la preservaci\u00f3 del medi ambient i a la sostenibilitat.<\/p>\n<p><strong>Els projectes de servei comunitari de 4t d\u2019ESO del curs 2020-21 s\u00f3n:<\/strong><\/p>\n<ul>\n<li><a href=\"http:\/\/agora.xtec.cat\/iesmaragall\/com-treballem\/projectes-activitats\/altaveus-per-la-igualtat\/\">Altaveus per la igualtat (Fundaci\u00f3 AROA)<\/a><\/li>\n<li><a href=\"https:\/\/agora.xtec.cat\/iesmaragall\/com-treballem\/projectes-activitats\/aps-inclusions\/\">Inclusions ((Espai Subirachs, Fundaci\u00f3 ONCE i el Centre d\u2019higiene mental)<\/a><\/li>\n<li><a href=\"http:\/\/agora.xtec.cat\/iesmaragall\/com-treballem\/projectes-activitats\/aps-preservacio-fauna-i-flora\/\">Preservaci\u00f3 de la fauna i flora de Barcelona (Bosc Turull, Vend\u00e8e Globe, Programes de Ci\u00e8ncia ciutadana &#8211; Mosquito Alert i Odour Control)<\/a><\/li>\n<li><a href=\"http:\/\/agora.xtec.cat\/iesmaragall\/com-treballem\/projectes-activitats\/gent-gran-eixample\/\">Gent gran de l&#8217;Eixample\u00a0 (L&#8217;Eix gran de l&#8217;Eixample)<\/a><\/li>\n<li><a href=\"http:\/\/agora.xtec.cat\/iesmaragall\/com-treballem\/projectes-activitats\/aps-microplastics-watchers\/\">Micropl\u00e0stics watchers\u00a0 (Observadors del mar &#8211; Museu Mar\u00edtim de Barcelona)<\/a><\/li>\n<\/ul>\n<p><strong>Tamb\u00e9 podeu consultar els projectes de servei comunitari de 4t d\u2019ESO de cursos anteriors<\/strong><\/p>\n<ul>\n<li><a href=\"https:\/\/agora.xtec.cat\/iesmaragall\/?page_id=3472&amp;preview=true\">Club de lectura<\/a><\/li>\n<li><a href=\"http:\/\/agora.xtec.cat\/iesmaragall\/com-treballem\/projectes-activitats\/proteccio-danimals\/\">Protecci\u00f3 d&#8217;animals<\/a><\/li>\n<\/ul>\n<\/div>\n<\/section>\n<section>\n<p class=\"title\" data-section-title=\"\"><a href=\"#\">Els altres\u00a0 PROJECTES<\/a><\/p>\n<div class=\"content\" data-section-content=\"\">\n<ul>\n<li><a href=\"http:\/\/agora.xtec.cat\/iesmaragall\/com-treballem\/projectes-activitats\/maragall-es-cinema\/\">Maragall \u00e9s cinema<\/a><\/li>\n<li><a href=\"http:\/\/agora.xtec.cat\/iesmaragall\/com-treballem\/projectes-activitats\/filosofia-3-18\/\">Filosofia 3\/18<\/a><\/li>\n<li><a href=\"http:\/\/agora.xtec.cat\/iesmaragall\/com-treballem\/projectes-activitats\/tutoria-entre-iguals\/\">Tutoria entre iguals<\/a><\/li>\n<li><a href=\"http:\/\/agora.xtec.cat\/iesmaragall\/com-treballem\/projectes-activitats\/escoles-sostenibles\/\">Escoles + sostenibles<\/a><\/li>\n<li><a href=\"http:\/\/agora.xtec.cat\/iesmaragall\/com-treballem\/projectes-activitats\/fotografia-matematica\/\">Fotografia Matem\u00e0tica<\/a><\/li>\n<li><a href=\"http:\/\/agora.xtec.cat\/iesmaragall\/com-treballem\/projectes-activitats\/tot-dansa\/\">Tot dansa<\/a><\/li>\n<li><a href=\"http:\/\/agora.xtec.cat\/iesmaragall\/com-treballem\/projectes-activitats\/creadors-en-residencia\/\">Creadors en resid\u00e8ncia<\/a><\/li>\n<li><a href=\"http:\/\/agora.xtec.cat\/iesmaragall\/com-treballem\/projectes-activitats\/diversificacio-curricular\/\">Diversificaci\u00f3 curricular<\/a><\/li>\n<li><a href=\"http:\/\/agora.xtec.cat\/iesmaragall\/com-treballem\/projectes-activitats\/arts-esceniques\/\">Arts esc\u00e8niques<\/a><\/li>\n<li><a href=\"http:\/\/agora.xtec.cat\/iesmaragall\/com-treballem\/projectes-activitats\/fundacio-tapies\/\">Fundaci\u00f3 T\u00e0pies<\/a><\/li>\n<li><a href=\"http:\/\/agora.xtec.cat\/iesmaragall\/com-treballem\/projectes-activitats\/quan-linstitut-es-un-llenc\/\">Quan l&#8217;institut \u00e9s un llen\u00e7<\/a><\/li>\n<\/ul>\n<p class=\"title\" data-section-title=\"\"><a href=\"#\">projectes ANTERIORS<\/a><\/p>\n<div class=\"content\" data-section-content=\"\">\n<ul>\n<li><a href=\"http:\/\/agora.xtec.cat\/iesmaragall\/com-treballem\/projectes-activitats\/escoles-sostenibles\/\">Escoles + sostenibles<\/a><\/li>\n<li><a href=\"http:\/\/agora.xtec.cat\/iesmaragall\/com-treballem\/projectes-activitats\/pla-doralitat\/\">Pla d\u2019oralitat<\/a><\/li>\n<li><a href=\"http:\/\/agora.xtec.cat\/iesmaragall\/com-treballem\/projectes-activitats\/mobilitzem-la-informatica\/\">Mobilitzem la inform\u00e0tica<\/a><\/li>\n<li><a href=\"http:\/\/agora.xtec.cat\/iesmaragall\/com-treballem\/projectes-activitats\/steam\/\">STEAM<\/a><\/li>\n<li><a href=\"http:\/\/agora.xtec.cat\/iesmaragall\/com-treballem\/projectes-activitats\/som-solidaris\/\">Som solidaris<\/a><\/li>\n<\/ul>\n<\/div>\n<\/div>\n<\/section>\n<\/div>\n","protected":false},"excerpt":{"rendered":"<p><a href=\"http:\/\/agora.xtec.cat\/iesmaragall\/com-treballem\/projectes-activitats\/innovacio-projectes-2\/\">Innovaci\u00f3 &#8211; Projectes<\/a><br \/>\nPer nosaltres la finalitat de la innovaci\u00f3 educativa \u00e9s aconseguir l\u2019educaci\u00f3 de qualitat, tamb\u00e9 ha de servir per lluitar contra l\u2019abandonament escolar i per orientar adequadament els nostres joves.<br \/>\nEls nostres projectes innovadors parteixen dels interessos, emocions i preocupacions dels alumnes i s\u00f3n&hellip;  <a href=\"https:\/\/agora.xtec.cat\/iesmaragall\/com-treballem\/projectes-activitats\/\" title=\"Read Projectes i Activitats\">Llegeix m\u00e9s\u00bb<\/a><\/p>\n","protected":false},"author":1,"featured_media":0,"parent":465,"menu_order":8,"comment_status":"closed","ping_status":"closed","template":"page-templates\/side-menu.php","meta":{"_bbp_topic_count":0,"_bbp_reply_count":0,"_bbp_total_topic_count":0,"_bbp_total_reply_count":0,"_bbp_voice_count":0,"_bbp_anonymous_reply_count":0,"_bbp_topic_count_hidden":0,"_bbp_reply_count_hidden":0,"_bbp_forum_subforum_count":0,"footnotes":""},"class_list":["post-469","page","type-page","status-publish","hentry"],"post_mailing_queue_ids":[],"_links":{"self":[{"href":"https:\/\/agora.xtec.cat\/iesmaragall\/wp-json\/wp\/v2\/pages\/469","targetHints":{"allow":["GET"]}}],"collection":[{"href":"https:\/\/agora.xtec.cat\/iesmaragall\/wp-json\/wp\/v2\/pages"}],"about":[{"href":"https:\/\/agora.xtec.cat\/iesmaragall\/wp-json\/wp\/v2\/types\/page"}],"author":[{"embeddable":true,"href":"https:\/\/agora.xtec.cat\/iesmaragall\/wp-json\/wp\/v2\/users\/1"}],"replies":[{"embeddable":true,"href":"https:\/\/agora.xtec.cat\/iesmaragall\/wp-json\/wp\/v2\/comments?post=469"}],"version-history":[{"count":4,"href":"https:\/\/agora.xtec.cat\/iesmaragall\/wp-json\/wp\/v2\/pages\/469\/revisions"}],"predecessor-version":[{"id":6478,"href":"https:\/\/agora.xtec.cat\/iesmaragall\/wp-json\/wp\/v2\/pages\/469\/revisions\/6478"}],"up":[{"embeddable":true,"href":"https:\/\/agora.xtec.cat\/iesmaragall\/wp-json\/wp\/v2\/pages\/465"}],"wp:attachment":[{"href":"https:\/\/agora.xtec.cat\/iesmaragall\/wp-json\/wp\/v2\/media?parent=469"}],"curies":[{"name":"wp","href":"https:\/\/api.w.org\/{rel}","templated":true}]}}