{"id":46,"date":"2014-09-17T16:53:45","date_gmt":"2014-09-17T14:53:45","guid":{"rendered":"http:\/\/agora.xtec.cat\/iesmaragall\/?page_id=46"},"modified":"2025-09-23T20:47:00","modified_gmt":"2025-09-23T18:47:00","slug":"organigrama","status":"publish","type":"page","link":"https:\/\/agora.xtec.cat\/iesmaragall\/linstitut\/organigrama\/","title":{"rendered":"Organigrama"},"content":{"rendered":"<h4>Equip directiu\/ Coordinaci\u00f3<\/h4>\n<p><!--more--><\/p>\n<p><strong>Director<\/strong>\u00a0: Daniel Pina Mart\u00edn<\/p>\n<p><strong>Cap d&#8217;Estudis<\/strong> : Joan Nualart Riera<\/p>\n<p><strong>Secret\u00e0ria<\/strong> : Susanna Colomer Dom\u00e8nech<\/p>\n<p><strong>Coordinadora Pedag\u00f2gica<\/strong> : Mariona S\u00e1nchez Money<\/p>\n<p><strong>Coordinadora de 1r Batxillerat<\/strong>: Elisenda P\u00e0mies<\/p>\n<p><strong>Coordinadora de 2n Batxillerat<\/strong>: Laura Murillo<\/p>\n<p><strong style=\"font-family: inherit; font-size: 1em;\">Coordinadora d&#8217;ESO<\/strong><span style=\"font-family: inherit; font-size: 1em;\">: In\u00e9s Casta\u00f1ares<\/span><\/p>\n<h5>Atenci\u00f3 al p\u00fablic de l&#8217;equip directiu i de coordinaci\u00f3: cal enviar un missatge per demanar cita pr\u00e8via al correu electr\u00f2nic del centre a8013160@xtec.cat<\/h5>\n","protected":false},"excerpt":{"rendered":"<p>Equip directiu\/ Coordinaci\u00f3<\/p>\n","protected":false},"author":1,"featured_media":0,"parent":19,"menu_order":7,"comment_status":"closed","ping_status":"closed","template":"page-templates\/side-menu.php","meta":{"_bbp_topic_count":0,"_bbp_reply_count":0,"_bbp_total_topic_count":0,"_bbp_total_reply_count":0,"_bbp_voice_count":0,"_bbp_anonymous_reply_count":0,"_bbp_topic_count_hidden":0,"_bbp_reply_count_hidden":0,"_bbp_forum_subforum_count":0,"footnotes":""},"class_list":["post-46","page","type-page","status-publish","hentry"],"post_mailing_queue_ids":[],"_links":{"self":[{"href":"https:\/\/agora.xtec.cat\/iesmaragall\/wp-json\/wp\/v2\/pages\/46","targetHints":{"allow":["GET"]}}],"collection":[{"href":"https:\/\/agora.xtec.cat\/iesmaragall\/wp-json\/wp\/v2\/pages"}],"about":[{"href":"https:\/\/agora.xtec.cat\/iesmaragall\/wp-json\/wp\/v2\/types\/page"}],"author":[{"embeddable":true,"href":"https:\/\/agora.xtec.cat\/iesmaragall\/wp-json\/wp\/v2\/users\/1"}],"replies":[{"embeddable":true,"href":"https:\/\/agora.xtec.cat\/iesmaragall\/wp-json\/wp\/v2\/comments?post=46"}],"version-history":[{"count":5,"href":"https:\/\/agora.xtec.cat\/iesmaragall\/wp-json\/wp\/v2\/pages\/46\/revisions"}],"predecessor-version":[{"id":10241,"href":"https:\/\/agora.xtec.cat\/iesmaragall\/wp-json\/wp\/v2\/pages\/46\/revisions\/10241"}],"up":[{"embeddable":true,"href":"https:\/\/agora.xtec.cat\/iesmaragall\/wp-json\/wp\/v2\/pages\/19"}],"wp:attachment":[{"href":"https:\/\/agora.xtec.cat\/iesmaragall\/wp-json\/wp\/v2\/media?parent=46"}],"curies":[{"name":"wp","href":"https:\/\/api.w.org\/{rel}","templated":true}]}}