{"id":457,"date":"2017-01-20T12:46:18","date_gmt":"2017-01-20T11:46:18","guid":{"rendered":"http:\/\/agora.xtec.cat\/iesmaragall\/?page_id=457"},"modified":"2017-01-30T13:28:00","modified_gmt":"2017-01-30T12:28:00","slug":"contacte","status":"publish","type":"page","link":"https:\/\/agora.xtec.cat\/iesmaragall\/linstitut\/contacte\/","title":{"rendered":"Contacte"},"content":{"rendered":"<p style=\"color: #666666;\"><strong>Institut Poeta Maragall<\/strong><br \/>\nC. de Proven\u00e7a, 187, <span class=\"postal-code\">08036<\/span> <span class=\"locality\">Barcelona<br \/>\nTel. 93 4534782<br \/>\ncorreu: <a href=\"mailto:iesmaragall@xtec.cat\">iesmaragall@xtec.cat<\/a><br \/>\n<\/span><\/p>\n<p><iframe loading=\"lazy\" style=\"border: 0;\" src=\"https:\/\/www.google.com\/maps\/embed?pb=!1m14!1m8!1m3!1d2993.204198344282!2d2.154584!3d41.3913716!3m2!1i1024!2i768!4f13.1!3m3!1m2!1s0x12a4a2937bc592ff%3A0x9bb61bf21a85737c!2sInstitut+Poeta+Maragall!5e0!3m2!1sca!2ses!4v1485353276859\" width=\"600\" height=\"450\" frameborder=\"0\" allowfullscreen=\"allowfullscreen\"><\/iframe><\/p>\n<h5>Com arribar-hi:<strong><br \/>\n<\/strong><\/h5>\n<ul>\n<li><strong>Per tren<\/strong>: Estaci\u00f3 Proven\u00e7a l\u00ednies ES, S1, S2, S5, S55, L6 i L7 dels <a href=\"http:\/\/www.fgc.cat\/cat\/index.asp\">Ferrocarrils catalans <\/a>i Estaci\u00f3 Passeig de Gr\u00e0cia de RENFE.<\/li>\n<li><strong>Per bus<\/strong>: Podeu consultar al web de <a href=\"https:\/\/www.tmb.cat\/ca\/barcelona\/autobusos\/linies\">TMB<\/a> totes les l\u00ednies que tenen parada a la zona.<\/li>\n<li><strong>Per metro<\/strong>: L\u00ednies 3 i 5 (parada Diagonal).<\/li>\n<\/ul>\n<h5>Coordenades GPS:<\/h5>\n<ul>\n<li><span class=\"locality\">Latitud: 41.391293 <\/span><\/li>\n<li><span class=\"locality\">Longitud: 2.1567565000000286<\/span><\/li>\n<\/ul>\n<p>&nbsp;<\/p>\n","protected":false},"excerpt":{"rendered":"<p>Institut Poeta Maragall<br \/>\nC. de Proven\u00e7a, 187, 08036 Barcelona<br \/>\nTel. 93 4534782<br \/>\ncorreu: <a href=\"mailto:iesmaragall@xtec.cat\">iesmaragall@xtec.cat<\/a><\/p>\n<p>Com arribar-hi:<\/p>\n<ul>\n<li>Per tren: Estaci\u00f3 Proven\u00e7a l\u00ednies ES, S1, S2, S5, S55, L6 i L7 dels <a href=\"http:\/\/www.fgc.cat\/cat\/index.asp\">Ferrocarrils catalans <\/a>i Estaci\u00f3 Passeig de Gr\u00e0cia de RENFE.<\/li>\n<li>Per bus: Podeu consultar al web de <a href=\"https:\/\/www.tmb.cat\/ca\/barcelona\/autobusos\/linies\">TMB<\/a> totes&hellip;  <a href=\"https:\/\/agora.xtec.cat\/iesmaragall\/linstitut\/contacte\/\" title=\"Read Contacte\">Llegeix m\u00e9s\u00bb<\/a><br \/>\n","protected":false},"author":1,"featured_media":0,"parent":19,"menu_order":2,"comment_status":"closed","ping_status":"closed","template":"page-templates\/side-menu.php","meta":{"_bbp_topic_count":0,"_bbp_reply_count":0,"_bbp_total_topic_count":0,"_bbp_total_reply_count":0,"_bbp_voice_count":0,"_bbp_anonymous_reply_count":0,"_bbp_topic_count_hidden":0,"_bbp_reply_count_hidden":0,"_bbp_forum_subforum_count":0,"footnotes":""},"class_list":["post-457","page","type-page","status-publish","hentry"],"post_mailing_queue_ids":[],"_links":{"self":[{"href":"https:\/\/agora.xtec.cat\/iesmaragall\/wp-json\/wp\/v2\/pages\/457","targetHints":{"allow":["GET"]}}],"collection":[{"href":"https:\/\/agora.xtec.cat\/iesmaragall\/wp-json\/wp\/v2\/pages"}],"about":[{"href":"https:\/\/agora.xtec.cat\/iesmaragall\/wp-json\/wp\/v2\/types\/page"}],"author":[{"embeddable":true,"href":"https:\/\/agora.xtec.cat\/iesmaragall\/wp-json\/wp\/v2\/users\/1"}],"replies":[{"embeddable":true,"href":"https:\/\/agora.xtec.cat\/iesmaragall\/wp-json\/wp\/v2\/comments?post=457"}],"version-history":[{"count":3,"href":"https:\/\/agora.xtec.cat\/iesmaragall\/wp-json\/wp\/v2\/pages\/457\/revisions"}],"predecessor-version":[{"id":949,"href":"https:\/\/agora.xtec.cat\/iesmaragall\/wp-json\/wp\/v2\/pages\/457\/revisions\/949"}],"up":[{"embeddable":true,"href":"https:\/\/agora.xtec.cat\/iesmaragall\/wp-json\/wp\/v2\/pages\/19"}],"wp:attachment":[{"href":"https:\/\/agora.xtec.cat\/iesmaragall\/wp-json\/wp\/v2\/media?parent=457"}],"curies":[{"name":"wp","href":"https:\/\/api.w.org\/{rel}","templated":true}]}}