{"id":43,"date":"2014-09-17T16:45:07","date_gmt":"2014-09-17T14:45:07","guid":{"rendered":"http:\/\/agora.xtec.cat\/iesmaragall\/?page_id=43"},"modified":"2025-12-08T13:49:12","modified_gmt":"2025-12-08T12:49:12","slug":"consell-escolar","status":"publish","type":"page","link":"https:\/\/agora.xtec.cat\/iesmaragall\/linstitut\/consell-escolar\/","title":{"rendered":"Consell Escolar"},"content":{"rendered":"<div class=\"row\">\n<div class=\"small-12 large-6 columns\">\n<ul>\n<li><strong>Director<\/strong>: Daniel Pina Mart\u00edn<\/li>\n<li><strong>Cap d&#8217;Estudis<\/strong>: Joan Nualart Riera<\/li>\n<li><strong>Representant de l&#8217;Ajuntament<\/strong>:<br \/>\nTeresa Perez Cabero<\/li>\n<li><strong>Representants del professorat<\/strong>:\n<ul>\n<li>Carlos Ivo Jerez Rodr\u00edguez<\/li>\n<li>Gl\u00f2ria M\u00e8lich Bolet<\/li>\n<li>Maria Jose Roldan Rivero<\/li>\n<li>Estefania Sanjurjo Rodr\u00edguez<\/li>\n<li>Luc\u00eda Va\u00f1\u00f3 Hern\u00e0ndez<\/li>\n<li>Anna Vidal Pampols<\/li>\n<\/ul>\n<\/li>\n<\/ul>\n<\/div>\n<div class=\"small-12 large-6 columns\">\n<ul>\n<li><strong>Representants de l&#8217;alumnat<\/strong>:\n<ul>\n<li>Noa Arellano Jer\u00f3nimo<\/li>\n<li>Mar\u00e7al Bomb\u00ed Escoda<\/li>\n<li>Ramona Gisela Peralta Brizuela<\/li>\n<\/ul>\n<\/li>\n<li><strong>Representants de pares i mares<\/strong>:\n<ul>\n<li>Olga Badia Muns<\/li>\n<li>Imma Ponsa Arjona<\/li>\n<\/ul>\n<\/li>\n<li><strong>Representant de l&#8217;AFA<\/strong>: \u00c8rik Canals Cister\u00f3<\/li>\n<li><strong>Representant PAS<\/strong><strong>:<\/strong> Elena Gonz\u00e1lez Espu\u00f1a<\/li>\n<li><strong>Representant PAE:<\/strong> Alba Sanchez Salsench<\/li>\n<li><strong>Secret\u00e0ria<\/strong>: Susanna Colomer Dom\u00e8nech<\/li>\n<\/ul>\n<\/div>\n<\/div>\n<div class=\"row\">\n<p><a href=\"http:\/\/agora.xtec.cat\/iesmaragall\/wp-content\/uploads\/usu1613\/2014\/09\/raised-hands-color-1.gif\"><img loading=\"lazy\" decoding=\"async\" class=\"alignnone wp-image-863 size-full\" src=\"http:\/\/agora.xtec.cat\/iesmaragall\/wp-content\/uploads\/usu1613\/2014\/09\/raised-hands-color-1.gif\" width=\"899\" height=\"328\" \/><\/a><\/p>\n<\/div>\n","protected":false},"excerpt":{"rendered":"<ul>\n<li>Director: Daniel Pina Mart\u00edn<\/li>\n<li>Cap d&#8217;Estudis: Joan Nualart Riera<\/li>\n<li>Representant de l&#8217;Ajuntament:<br \/>\nTeresa Perez Cabero<\/li>\n<li>Representants del professorat:\n<ul>\n<li>Carlos Ivo Jerez Rodr\u00edguez<\/li>\n<li>Gl\u00f2ria M\u00e8lich Bolet<\/li>\n<li>Maria Jose Roldan Rivero<\/li>\n<li>Estefania Sanjurjo Rodr\u00edguez<\/li>\n<li>Luc\u00eda Va\u00f1\u00f3 Hern\u00e0ndez<\/li>\n<li>Anna Vidal Pampols<\/li>\n<\/ul>\n<\/li>\n<\/ul>\n<ul>\n<li>Representants de l&#8217;alumnat:\n<ul>\n<li>Noa Arellano Jer\u00f3nimo<\/li>\n<li>Mar\u00e7al Bomb\u00ed Escoda<\/li>\n<li>Ramona Gisela Peralta Brizuela<\/li>\n<\/ul>\n<\/li>\n<li>Representants de pares i mares:\n<ul>\n<li>Olga Badia Muns<\/li>\n<li>Imma Ponsa Arjona<\/li>\n<\/ul>\n<\/li>\n<li>Representant&hellip;  <a href=\"https:\/\/agora.xtec.cat\/iesmaragall\/linstitut\/consell-escolar\/\" title=\"Read Consell Escolar\">Llegeix m\u00e9s\u00bb<\/a><br \/>\n","protected":false},"author":1,"featured_media":0,"parent":19,"menu_order":7,"comment_status":"closed","ping_status":"closed","template":"page-templates\/side-menu.php","meta":{"_bbp_topic_count":0,"_bbp_reply_count":0,"_bbp_total_topic_count":0,"_bbp_total_reply_count":0,"_bbp_voice_count":0,"_bbp_anonymous_reply_count":0,"_bbp_topic_count_hidden":0,"_bbp_reply_count_hidden":0,"_bbp_forum_subforum_count":0,"footnotes":""},"class_list":["post-43","page","type-page","status-publish","hentry"],"post_mailing_queue_ids":[],"_links":{"self":[{"href":"https:\/\/agora.xtec.cat\/iesmaragall\/wp-json\/wp\/v2\/pages\/43","targetHints":{"allow":["GET"]}}],"collection":[{"href":"https:\/\/agora.xtec.cat\/iesmaragall\/wp-json\/wp\/v2\/pages"}],"about":[{"href":"https:\/\/agora.xtec.cat\/iesmaragall\/wp-json\/wp\/v2\/types\/page"}],"author":[{"embeddable":true,"href":"https:\/\/agora.xtec.cat\/iesmaragall\/wp-json\/wp\/v2\/users\/1"}],"replies":[{"embeddable":true,"href":"https:\/\/agora.xtec.cat\/iesmaragall\/wp-json\/wp\/v2\/comments?post=43"}],"version-history":[{"count":5,"href":"https:\/\/agora.xtec.cat\/iesmaragall\/wp-json\/wp\/v2\/pages\/43\/revisions"}],"predecessor-version":[{"id":10503,"href":"https:\/\/agora.xtec.cat\/iesmaragall\/wp-json\/wp\/v2\/pages\/43\/revisions\/10503"}],"up":[{"embeddable":true,"href":"https:\/\/agora.xtec.cat\/iesmaragall\/wp-json\/wp\/v2\/pages\/19"}],"wp:attachment":[{"href":"https:\/\/agora.xtec.cat\/iesmaragall\/wp-json\/wp\/v2\/media?parent=43"}],"curies":[{"name":"wp","href":"https:\/\/api.w.org\/{rel}","templated":true}]}}