{"id":3568,"date":"2018-02-08T17:26:06","date_gmt":"2018-02-08T16:26:06","guid":{"rendered":"http:\/\/agora.xtec.cat\/iesmaragall\/?page_id=3568"},"modified":"2021-02-14T09:23:57","modified_gmt":"2021-02-14T08:23:57","slug":"proteccio-danimals","status":"publish","type":"page","link":"https:\/\/agora.xtec.cat\/iesmaragall\/com-treballem\/projectes-activitats\/proteccio-danimals\/","title":{"rendered":"APS &#8211; Protecci\u00f3 d&#8217;animals"},"content":{"rendered":"<h6>Protecci\u00f3 Animals 2018-2019<\/h6>\n<div dir=\"ltr\">\n<div>\n<p>El projecte d&#8217;APS (Aprenentatge i Serveis) <b>Protecci\u00f3 d&#8217;animals<\/b> es va iniciar el curs 2017\/2018 al nostre centre.<\/p>\n<p>Aquest projecte t\u00e9 per finalitat que els alumnes de 4t d&#8217;ESO realitzin un voluntariat centrat ens els drets i la protecci\u00f3 dels animals.<\/p>\n<p>Tant l&#8217;any passat com enguany,\u00a0 les fundacions <b>GALGOS112 <\/b>i <b>PROGATS<\/b> han vingut a fer-nos xerrades de formaci\u00f3 sobre el tema.<\/p>\n<p>Com a novetat, enguany comptem amb la <b>FUNDACI\u00d3N ALTARRIBA<\/b> com a &#8220;associaci\u00f3-guia&#8221; del projecte durant tot el curs. \u00a0Es tracta d&#8217;una entitat solid\u00e0ria creada amb la finalitat de protegir els animals.\u00a0 Entre d&#8217;altres coses, a la Funcdaci\u00f3 Altarriba duen a terme projectes educatius i de divulgaci\u00f3 per tal de conscienciar a la societat i millorar\u00a0 l&#8217;actitud de les persones vers els animals.<\/p>\n<p>Amb tot aix\u00f2, els alumnes reben una formaci\u00f3 ben completa per tal de dur les accions adients segons les necessitats dels animals que tenim al nostre entorn. Tamb\u00e9 es fa un important treball de difusi\u00f3 i conscienciaci\u00f3 cap a la societat al final de projecte.<\/p>\n<\/div>\n<\/div>\n<div class=\"yj6qo ajU\">\n<div tabindex=\"0\" role=\"button\" aria-expanded=\"false\" aria-label=\"Mostra el contingut redu\u00eft\" data-tooltip=\"Mostra el contingut redu\u00eft\"><a href=\"https:\/\/agora.xtec.cat\/iesmaragall\/wp-content\/uploads\/usu1613\/2019\/02\/WhatsApp-Image-2018-11-13-at-20.08.37.jpeg\"><img loading=\"lazy\" decoding=\"async\" class=\"alignnone size-medium wp-image-4604\" src=\"https:\/\/agora.xtec.cat\/iesmaragall\/wp-content\/uploads\/usu1613\/2019\/02\/WhatsApp-Image-2018-11-13-at-20.08.37-225x300.jpeg\" alt=\"\" width=\"225\" height=\"300\" srcset=\"https:\/\/agora.xtec.cat\/iesmaragall\/wp-content\/uploads\/usu1613\/2019\/02\/WhatsApp-Image-2018-11-13-at-20.08.37-225x300.jpeg 225w, https:\/\/agora.xtec.cat\/iesmaragall\/wp-content\/uploads\/usu1613\/2019\/02\/WhatsApp-Image-2018-11-13-at-20.08.37-768x1024.jpeg 768w, https:\/\/agora.xtec.cat\/iesmaragall\/wp-content\/uploads\/usu1613\/2019\/02\/WhatsApp-Image-2018-11-13-at-20.08.37.jpeg 1200w\" sizes=\"auto, (max-width: 225px) 100vw, 225px\" \/><\/a> <a href=\"https:\/\/agora.xtec.cat\/iesmaragall\/wp-content\/uploads\/usu1613\/2019\/02\/IMG_2459.jpeg\"><img loading=\"lazy\" decoding=\"async\" class=\"alignnone size-medium wp-image-4603\" src=\"https:\/\/agora.xtec.cat\/iesmaragall\/wp-content\/uploads\/usu1613\/2019\/02\/IMG_2459-300x225.jpeg\" alt=\"\" width=\"300\" height=\"225\" srcset=\"https:\/\/agora.xtec.cat\/iesmaragall\/wp-content\/uploads\/usu1613\/2019\/02\/IMG_2459-300x225.jpeg 300w, https:\/\/agora.xtec.cat\/iesmaragall\/wp-content\/uploads\/usu1613\/2019\/02\/IMG_2459-768x576.jpeg 768w, https:\/\/agora.xtec.cat\/iesmaragall\/wp-content\/uploads\/usu1613\/2019\/02\/IMG_2459-1024x768.jpeg 1024w, https:\/\/agora.xtec.cat\/iesmaragall\/wp-content\/uploads\/usu1613\/2019\/02\/IMG_2459-200x150.jpeg 200w\" sizes=\"auto, (max-width: 300px) 100vw, 300px\" \/><\/a> <a href=\"https:\/\/agora.xtec.cat\/iesmaragall\/wp-content\/uploads\/usu1613\/2019\/02\/IMG_2277.jpeg\"><img loading=\"lazy\" decoding=\"async\" class=\"alignnone size-medium wp-image-4602\" src=\"https:\/\/agora.xtec.cat\/iesmaragall\/wp-content\/uploads\/usu1613\/2019\/02\/IMG_2277-300x225.jpeg\" alt=\"\" width=\"300\" height=\"225\" srcset=\"https:\/\/agora.xtec.cat\/iesmaragall\/wp-content\/uploads\/usu1613\/2019\/02\/IMG_2277-300x225.jpeg 300w, https:\/\/agora.xtec.cat\/iesmaragall\/wp-content\/uploads\/usu1613\/2019\/02\/IMG_2277-768x576.jpeg 768w, https:\/\/agora.xtec.cat\/iesmaragall\/wp-content\/uploads\/usu1613\/2019\/02\/IMG_2277-1024x768.jpeg 1024w, https:\/\/agora.xtec.cat\/iesmaragall\/wp-content\/uploads\/usu1613\/2019\/02\/IMG_2277-200x150.jpeg 200w\" sizes=\"auto, (max-width: 300px) 100vw, 300px\" \/><\/a> <a href=\"https:\/\/agora.xtec.cat\/iesmaragall\/wp-content\/uploads\/usu1613\/2019\/02\/IMG_2245.jpeg\"><img loading=\"lazy\" decoding=\"async\" class=\"alignnone size-medium wp-image-4601\" src=\"https:\/\/agora.xtec.cat\/iesmaragall\/wp-content\/uploads\/usu1613\/2019\/02\/IMG_2245-300x225.jpeg\" alt=\"\" width=\"300\" height=\"225\" srcset=\"https:\/\/agora.xtec.cat\/iesmaragall\/wp-content\/uploads\/usu1613\/2019\/02\/IMG_2245-300x225.jpeg 300w, https:\/\/agora.xtec.cat\/iesmaragall\/wp-content\/uploads\/usu1613\/2019\/02\/IMG_2245-768x576.jpeg 768w, https:\/\/agora.xtec.cat\/iesmaragall\/wp-content\/uploads\/usu1613\/2019\/02\/IMG_2245-1024x768.jpeg 1024w, https:\/\/agora.xtec.cat\/iesmaragall\/wp-content\/uploads\/usu1613\/2019\/02\/IMG_2245-200x150.jpeg 200w\" sizes=\"auto, (max-width: 300px) 100vw, 300px\" \/><\/a> <a href=\"https:\/\/agora.xtec.cat\/iesmaragall\/wp-content\/uploads\/usu1613\/2019\/02\/WhatsApp-Image-2018-11-13-at-20.08.41.jpeg\"><img loading=\"lazy\" decoding=\"async\" class=\"alignnone size-medium wp-image-4600\" src=\"https:\/\/agora.xtec.cat\/iesmaragall\/wp-content\/uploads\/usu1613\/2019\/02\/WhatsApp-Image-2018-11-13-at-20.08.41-300x225.jpeg\" alt=\"\" width=\"300\" height=\"225\" srcset=\"https:\/\/agora.xtec.cat\/iesmaragall\/wp-content\/uploads\/usu1613\/2019\/02\/WhatsApp-Image-2018-11-13-at-20.08.41-300x225.jpeg 300w, https:\/\/agora.xtec.cat\/iesmaragall\/wp-content\/uploads\/usu1613\/2019\/02\/WhatsApp-Image-2018-11-13-at-20.08.41-768x576.jpeg 768w, https:\/\/agora.xtec.cat\/iesmaragall\/wp-content\/uploads\/usu1613\/2019\/02\/WhatsApp-Image-2018-11-13-at-20.08.41-1024x768.jpeg 1024w, https:\/\/agora.xtec.cat\/iesmaragall\/wp-content\/uploads\/usu1613\/2019\/02\/WhatsApp-Image-2018-11-13-at-20.08.41-200x150.jpeg 200w, https:\/\/agora.xtec.cat\/iesmaragall\/wp-content\/uploads\/usu1613\/2019\/02\/WhatsApp-Image-2018-11-13-at-20.08.41.jpeg 1600w\" sizes=\"auto, (max-width: 300px) 100vw, 300px\" \/><\/a><\/div>\n<div tabindex=\"0\" role=\"button\" aria-expanded=\"false\" aria-label=\"Mostra el contingut redu\u00eft\" data-tooltip=\"Mostra el contingut redu\u00eft\"><\/div>\n<div id=\":ol\" class=\"ajR\" tabindex=\"0\" role=\"button\" aria-expanded=\"false\" aria-label=\"Mostra el contingut redu\u00eft\" data-tooltip=\"Mostra el contingut redu\u00eft\"><img decoding=\"async\" class=\"ajT\" src=\"https:\/\/ssl.gstatic.com\/ui\/v1\/icons\/mail\/images\/cleardot.gif\" \/><\/div>\n<\/div>\n<h6>Protecci\u00f3 Animals 2017-2018<\/h6>\n<p>Un grup d&#8217;alumnes de 4t d&#8217;ESO participa en el projecte de <strong>Protecci\u00f3 d&#8217;animals<\/strong>.<\/p>\n<p><a href=\"http:\/\/agora.xtec.cat\/iesmaragall\/wp-content\/uploads\/usu1613\/2017\/11\/11-2017-Galgos.jpg\"><img loading=\"lazy\" decoding=\"async\" class=\"alignnone wp-image-3080 size-medium\" src=\"http:\/\/agora.xtec.cat\/iesmaragall\/wp-content\/uploads\/usu1613\/2017\/11\/11-2017-Galgos-300x225.jpg\" alt=\"\" width=\"300\" height=\"225\" srcset=\"https:\/\/agora.xtec.cat\/iesmaragall\/wp-content\/uploads\/usu1613\/2017\/11\/11-2017-Galgos-300x225.jpg 300w, https:\/\/agora.xtec.cat\/iesmaragall\/wp-content\/uploads\/usu1613\/2017\/11\/11-2017-Galgos-768x576.jpg 768w, https:\/\/agora.xtec.cat\/iesmaragall\/wp-content\/uploads\/usu1613\/2017\/11\/11-2017-Galgos-1024x768.jpg 1024w, https:\/\/agora.xtec.cat\/iesmaragall\/wp-content\/uploads\/usu1613\/2017\/11\/11-2017-Galgos-200x150.jpg 200w, https:\/\/agora.xtec.cat\/iesmaragall\/wp-content\/uploads\/usu1613\/2017\/11\/11-2017-Galgos.jpg 1296w\" sizes=\"auto, (max-width: 300px) 100vw, 300px\" \/><\/a><\/p>\n<p>Els mateixos alumnes han redactat un text per explicar en qu\u00e8 consisteix la seva tasca.<\/p>\n<p style=\"padding-left: 30px;\">Fem el voluntariat d\u2019ajuda d\u2019animals. En concret, estem col\u00b7laborant amb<strong> Progats i Galgos112<\/strong>. Per ajudar-los estem fent cartells de publicitat, casetes per als gats, v\u00eddeos per conscienciar la gent i ensenyar el proc\u00e9s que fem, notic\u00edes en xarxes socials per publicar adopcions, etc. Tamb\u00e9 sortim a realitzar activitats fora de l\u2019institut. Per exemple, vam anar en una illa de cases on hi ha una col\u00f2nia de gats i vam repartir flyers informant la gent del que passava i sobre l\u2019entitat Progats. Cada dimarts a la tarda un grup de tres persones de l\u2019assignatura van a l\u2019Escola Industrial a canviar l\u2019aigua i el menjar dels refugis dels gats.<\/p>\n<p style=\"padding-left: 30px;\"><a href=\"https:\/\/photos.app.goo.gl\/z5GTrF0a3HFowG0i2\">Veure video<\/a><\/p>\n<p style=\"padding-left: 30px;\">Alumnes de 4t ESO del projecte de Protecci\u00f3 d&#8217;animals.<\/p>\n<p>&nbsp;<\/p>\n<p><a href=\"http:\/\/agora.xtec.cat\/iesmaragall\/wp-content\/uploads\/usu1613\/2017\/12\/2017-12-serveis-comunitat-gats.jpg\"><img loading=\"lazy\" decoding=\"async\" class=\"alignnone size-large wp-image-3199\" src=\"http:\/\/agora.xtec.cat\/iesmaragall\/wp-content\/uploads\/usu1613\/2017\/12\/2017-12-serveis-comunitat-gats-1024x768.jpg\" alt=\"\" width=\"1024\" height=\"768\" srcset=\"https:\/\/agora.xtec.cat\/iesmaragall\/wp-content\/uploads\/usu1613\/2017\/12\/2017-12-serveis-comunitat-gats-1024x768.jpg 1024w, https:\/\/agora.xtec.cat\/iesmaragall\/wp-content\/uploads\/usu1613\/2017\/12\/2017-12-serveis-comunitat-gats-300x225.jpg 300w, https:\/\/agora.xtec.cat\/iesmaragall\/wp-content\/uploads\/usu1613\/2017\/12\/2017-12-serveis-comunitat-gats-768x576.jpg 768w, https:\/\/agora.xtec.cat\/iesmaragall\/wp-content\/uploads\/usu1613\/2017\/12\/2017-12-serveis-comunitat-gats-200x150.jpg 200w, https:\/\/agora.xtec.cat\/iesmaragall\/wp-content\/uploads\/usu1613\/2017\/12\/2017-12-serveis-comunitat-gats.jpg 1296w\" sizes=\"auto, (max-width: 1024px) 100vw, 1024px\" \/><\/a><\/p>\n","protected":false},"excerpt":{"rendered":"<p>Protecci\u00f3 Animals 2018-2019<\/p>\n<p>El projecte d&#8217;APS (Aprenentatge i Serveis) Protecci\u00f3 d&#8217;animals es va iniciar el curs 2017\/2018 al nostre centre.<br \/>\nAquest projecte t\u00e9 per finalitat que els alumnes de 4t d&#8217;ESO realitzin un voluntariat centrat ens els drets i la protecci\u00f3 dels animals.<br \/>\nTant l&#8217;any passat com enguany,\u00a0&hellip;  <a href=\"https:\/\/agora.xtec.cat\/iesmaragall\/com-treballem\/projectes-activitats\/proteccio-danimals\/\" title=\"Read APS &#8211; Protecci\u00f3 d&#8217;animals\">Llegeix m\u00e9s\u00bb<\/a><\/p>\n","protected":false},"author":1,"featured_media":0,"parent":469,"menu_order":5,"comment_status":"closed","ping_status":"closed","template":"page-templates\/side-menu.php","meta":{"_bbp_topic_count":0,"_bbp_reply_count":0,"_bbp_total_topic_count":0,"_bbp_total_reply_count":0,"_bbp_voice_count":0,"_bbp_anonymous_reply_count":0,"_bbp_topic_count_hidden":0,"_bbp_reply_count_hidden":0,"_bbp_forum_subforum_count":0,"footnotes":""},"class_list":["post-3568","page","type-page","status-publish","hentry"],"post_mailing_queue_ids":[],"_links":{"self":[{"href":"https:\/\/agora.xtec.cat\/iesmaragall\/wp-json\/wp\/v2\/pages\/3568","targetHints":{"allow":["GET"]}}],"collection":[{"href":"https:\/\/agora.xtec.cat\/iesmaragall\/wp-json\/wp\/v2\/pages"}],"about":[{"href":"https:\/\/agora.xtec.cat\/iesmaragall\/wp-json\/wp\/v2\/types\/page"}],"author":[{"embeddable":true,"href":"https:\/\/agora.xtec.cat\/iesmaragall\/wp-json\/wp\/v2\/users\/1"}],"replies":[{"embeddable":true,"href":"https:\/\/agora.xtec.cat\/iesmaragall\/wp-json\/wp\/v2\/comments?post=3568"}],"version-history":[{"count":4,"href":"https:\/\/agora.xtec.cat\/iesmaragall\/wp-json\/wp\/v2\/pages\/3568\/revisions"}],"predecessor-version":[{"id":3574,"href":"https:\/\/agora.xtec.cat\/iesmaragall\/wp-json\/wp\/v2\/pages\/3568\/revisions\/3574"}],"up":[{"embeddable":true,"href":"https:\/\/agora.xtec.cat\/iesmaragall\/wp-json\/wp\/v2\/pages\/469"}],"wp:attachment":[{"href":"https:\/\/agora.xtec.cat\/iesmaragall\/wp-json\/wp\/v2\/media?parent=3568"}],"curies":[{"name":"wp","href":"https:\/\/api.w.org\/{rel}","templated":true}]}}