{"id":3536,"date":"2018-02-06T12:43:03","date_gmt":"2018-02-06T11:43:03","guid":{"rendered":"http:\/\/agora.xtec.cat\/iesmaragall\/?page_id=3536"},"modified":"2021-02-14T08:53:10","modified_gmt":"2021-02-14T07:53:10","slug":"gent-gran-eixample","status":"publish","type":"page","link":"https:\/\/agora.xtec.cat\/iesmaragall\/com-treballem\/projectes-activitats\/gent-gran-eixample\/","title":{"rendered":"APS &#8211; Gent gran de l&#8217;Eixample"},"content":{"rendered":"<p>El projecte<strong>\u00a0Gent gran de l&#8217;Eixample\u00a0<\/strong> s&#8217;inicia el curs 2017-2018 i consisteix a realitzar un VOLUNTARIAT\u00a0 per a la gent gran\u00a0 amb l&#8217;entitat\u00a0 EIXGRAN. \u00c9s un projecte realitzat per alumnat de 4t d&#8217;ESO.<\/p>\n<p>El projecte continua el curs 2018-19: <a href=\"https:\/\/agora.xtec.cat\/iesmaragall\/general\/aps-aprenentatge-i-servei-gent-gran-de-leixample-4t-eso\/\">veieu com s&#8217;ha organitzat aquest curs.<\/a><\/p>\n<p>EIXGRAN \u00e9s una iniciativa comunit\u00e0ria que treballa per a la gent gran del barri. Els alumnes tenen l&#8217;oportunitat de con\u00e8ixer la situaci\u00f3 sentimental, f\u00edsica i econ\u00f2mica de la gent gran, gr\u00e0cies a les diverses xerrades rebudes.<\/p>\n<p>Els alumnes\u00a0 investiguen i treballen en grups sobre diverses organitzacions d&#8217;ajuda a les persones grans i les persones que es troben en situaci\u00f3 de depend\u00e8ncia al barri de l\u2019Eixample.<\/p>\n<p><a href=\"http:\/\/agora.xtec.cat\/iesmaragall\/wp-content\/uploads\/usu1613\/2018\/02\/20171107_162316.jpg\"><img loading=\"lazy\" decoding=\"async\" class=\"alignnone wp-image-3549 size-large\" src=\"http:\/\/agora.xtec.cat\/iesmaragall\/wp-content\/uploads\/usu1613\/2018\/02\/20171107_162316-1024x768.jpg\" alt=\"\" width=\"1024\" height=\"768\" srcset=\"https:\/\/agora.xtec.cat\/iesmaragall\/wp-content\/uploads\/usu1613\/2018\/02\/20171107_162316-1024x768.jpg 1024w, https:\/\/agora.xtec.cat\/iesmaragall\/wp-content\/uploads\/usu1613\/2018\/02\/20171107_162316-300x225.jpg 300w, https:\/\/agora.xtec.cat\/iesmaragall\/wp-content\/uploads\/usu1613\/2018\/02\/20171107_162316-768x576.jpg 768w, https:\/\/agora.xtec.cat\/iesmaragall\/wp-content\/uploads\/usu1613\/2018\/02\/20171107_162316-200x150.jpg 200w, https:\/\/agora.xtec.cat\/iesmaragall\/wp-content\/uploads\/usu1613\/2018\/02\/20171107_162316.jpg 1152w\" sizes=\"auto, (max-width: 1024px) 100vw, 1024px\" \/><\/a><\/p>\n<p><a href=\"http:\/\/agora.xtec.cat\/iesmaragall\/wp-content\/uploads\/usu1613\/2018\/02\/DSC08745.jpg\"><img loading=\"lazy\" decoding=\"async\" class=\"wp-image-3550 size-medium alignleft\" src=\"http:\/\/agora.xtec.cat\/iesmaragall\/wp-content\/uploads\/usu1613\/2018\/02\/DSC08745-300x225.jpg\" alt=\"\" width=\"300\" height=\"225\" srcset=\"https:\/\/agora.xtec.cat\/iesmaragall\/wp-content\/uploads\/usu1613\/2018\/02\/DSC08745-300x225.jpg 300w, https:\/\/agora.xtec.cat\/iesmaragall\/wp-content\/uploads\/usu1613\/2018\/02\/DSC08745-768x576.jpg 768w, https:\/\/agora.xtec.cat\/iesmaragall\/wp-content\/uploads\/usu1613\/2018\/02\/DSC08745-1024x768.jpg 1024w, https:\/\/agora.xtec.cat\/iesmaragall\/wp-content\/uploads\/usu1613\/2018\/02\/DSC08745-200x150.jpg 200w, https:\/\/agora.xtec.cat\/iesmaragall\/wp-content\/uploads\/usu1613\/2018\/02\/DSC08745.jpg 1296w\" sizes=\"auto, (max-width: 300px) 100vw, 300px\" \/><\/a><\/p>\n<p>&nbsp;<\/p>\n<p>L&#8217;alumnat que participa en el projecte rep xerrades d&#8217;entitats com C\u00e0ritas, Emma\u00fas i la Colla Cuidadora.<\/p>\n<p>En petits grups de quatre persones els alumnes fan un voluntariat els dimarts al menjador social Emma\u00fas. Els alumnes serveixen, conjuntament amb els altres voluntaris d&#8217;Emma\u00fas, un bon \u00e0pat i tamb\u00e9 es relacionen amb la gent gran que hi va a dinar.<\/p>\n<p>&nbsp;<\/p>\n<p><a href=\"http:\/\/agora.xtec.cat\/iesmaragall\/wp-content\/uploads\/usu1613\/2018\/02\/DSC08735.jpg\"><img loading=\"lazy\" decoding=\"async\" class=\"alignnone size-large wp-image-3548\" src=\"http:\/\/agora.xtec.cat\/iesmaragall\/wp-content\/uploads\/usu1613\/2018\/02\/DSC08735-1024x768.jpg\" alt=\"\" width=\"1024\" height=\"768\" srcset=\"https:\/\/agora.xtec.cat\/iesmaragall\/wp-content\/uploads\/usu1613\/2018\/02\/DSC08735-1024x768.jpg 1024w, https:\/\/agora.xtec.cat\/iesmaragall\/wp-content\/uploads\/usu1613\/2018\/02\/DSC08735-300x225.jpg 300w, https:\/\/agora.xtec.cat\/iesmaragall\/wp-content\/uploads\/usu1613\/2018\/02\/DSC08735-768x576.jpg 768w, https:\/\/agora.xtec.cat\/iesmaragall\/wp-content\/uploads\/usu1613\/2018\/02\/DSC08735-200x150.jpg 200w, https:\/\/agora.xtec.cat\/iesmaragall\/wp-content\/uploads\/usu1613\/2018\/02\/DSC08735.jpg 1296w\" sizes=\"auto, (max-width: 1024px) 100vw, 1024px\" \/><\/a><\/p>\n<p>Pr\u00f2ximament s&#8217;organitzaran visites d\u2019acompanyament a avis que estiguin en resid\u00e8ncies i tamb\u00e9 est\u00e0 previst la col\u00b7laboraci\u00f3 amb alguna activitat festiva de l\u2019EIXGRAN al barri.<\/p>\n<p>Escrit pels alumnes del voluntariat<\/p>\n<p><a href=\"https:\/\/photos.app.goo.gl\/M95aQt7vLz6UCOc62\">Veure les fotos<\/a><\/p>\n<p>&nbsp;<\/p>\n<p>&nbsp;<\/p>\n<p>&nbsp;<\/p>\n","protected":false},"excerpt":{"rendered":"<p>El projecte\u00a0Gent gran de l&#8217;Eixample\u00a0 s&#8217;inicia el curs 2017-2018 i consisteix a realitzar un VOLUNTARIAT\u00a0 per a la gent gran\u00a0 amb l&#8217;entitat\u00a0 EIXGRAN. \u00c9s un projecte realitzat per alumnat de 4t d&#8217;ESO.<br \/>\nEl projecte continua el curs 2018-19: <a href=\"https:\/\/agora.xtec.cat\/iesmaragall\/general\/aps-aprenentatge-i-servei-gent-gran-de-leixample-4t-eso\/\">veieu com s&#8217;ha organitzat aquest curs.<\/a><br \/>\nEIXGRAN \u00e9s&hellip;  <a href=\"https:\/\/agora.xtec.cat\/iesmaragall\/com-treballem\/projectes-activitats\/gent-gran-eixample\/\" title=\"Read APS &#8211; Gent gran de l&#8217;Eixample\">Llegeix m\u00e9s\u00bb<\/a><\/p>\n","protected":false},"author":1,"featured_media":0,"parent":469,"menu_order":1,"comment_status":"closed","ping_status":"closed","template":"page-templates\/side-menu.php","meta":{"_bbp_topic_count":0,"_bbp_reply_count":0,"_bbp_total_topic_count":0,"_bbp_total_reply_count":0,"_bbp_voice_count":0,"_bbp_anonymous_reply_count":0,"_bbp_topic_count_hidden":0,"_bbp_reply_count_hidden":0,"_bbp_forum_subforum_count":0,"footnotes":""},"class_list":["post-3536","page","type-page","status-publish","hentry"],"post_mailing_queue_ids":[],"_links":{"self":[{"href":"https:\/\/agora.xtec.cat\/iesmaragall\/wp-json\/wp\/v2\/pages\/3536","targetHints":{"allow":["GET"]}}],"collection":[{"href":"https:\/\/agora.xtec.cat\/iesmaragall\/wp-json\/wp\/v2\/pages"}],"about":[{"href":"https:\/\/agora.xtec.cat\/iesmaragall\/wp-json\/wp\/v2\/types\/page"}],"author":[{"embeddable":true,"href":"https:\/\/agora.xtec.cat\/iesmaragall\/wp-json\/wp\/v2\/users\/1"}],"replies":[{"embeddable":true,"href":"https:\/\/agora.xtec.cat\/iesmaragall\/wp-json\/wp\/v2\/comments?post=3536"}],"version-history":[{"count":3,"href":"https:\/\/agora.xtec.cat\/iesmaragall\/wp-json\/wp\/v2\/pages\/3536\/revisions"}],"predecessor-version":[{"id":6298,"href":"https:\/\/agora.xtec.cat\/iesmaragall\/wp-json\/wp\/v2\/pages\/3536\/revisions\/6298"}],"up":[{"embeddable":true,"href":"https:\/\/agora.xtec.cat\/iesmaragall\/wp-json\/wp\/v2\/pages\/469"}],"wp:attachment":[{"href":"https:\/\/agora.xtec.cat\/iesmaragall\/wp-json\/wp\/v2\/media?parent=3536"}],"curies":[{"name":"wp","href":"https:\/\/api.w.org\/{rel}","templated":true}]}}