{"id":3361,"date":"2018-01-22T16:50:51","date_gmt":"2018-01-22T15:50:51","guid":{"rendered":"http:\/\/agora.xtec.cat\/iesmaragall\/?page_id=3361"},"modified":"2024-10-29T08:57:53","modified_gmt":"2024-10-29T07:57:53","slug":"families","status":"publish","type":"page","link":"https:\/\/agora.xtec.cat\/iesmaragall\/families\/","title":{"rendered":"Fam\u00edlies"},"content":{"rendered":"<div class=\"panel\" style=\"text-align: left;\"><strong>Recordeu que per accedir als informes d&#8217;assist\u00e8ncia i d&#8217;incid\u00e8ncies de l&#8217;alumnat podeu clicar el men\u00fa &#8220;assist\u00e8ncia&#8221; que \u00e9s troba situat a la p\u00e0gina d&#8217;inici, a dalt a la dreta.<br \/>\n<\/strong> <strong><br \/>\n<\/strong><\/div>\n<div class=\"panel\" style=\"text-align: left;\"><strong>\u00a0<\/strong><\/div>\n<div class=\"panel\" style=\"text-align: left;\"><strong><a href=\"https:\/\/agora.xtec.cat\/iesmaragall\/linstitut\/calendari-escolar\/\">Calendari escolar<\/a><br \/>\n<\/strong><\/div>\n<table style=\"border-collapse: collapse; width: 100%;\" border=\"1\">\n<tbody>\n<tr>\n<td style=\"width: 100%; background-color: #e3d8d8;\"><strong>Q\u00dcESTIONARIS ACTIUS:<\/strong><\/p>\n<ul>\n<li><\/li>\n<\/ul>\n<\/td>\n<\/tr>\n<\/tbody>\n<\/table>\n<p>&nbsp;<\/p>\n<p><a href=\"http:\/\/agora.xtec.cat\/iesmaragall\/wp-content\/uploads\/usu1613\/2018\/01\/Fam\u00edlia.jpg\"><img loading=\"lazy\" decoding=\"async\" class=\"alignnone size-large wp-image-3397\" src=\"http:\/\/agora.xtec.cat\/iesmaragall\/wp-content\/uploads\/usu1613\/2018\/01\/Fam\u00edlia-1024x292.jpg\" alt=\"\" width=\"1024\" height=\"292\" srcset=\"https:\/\/agora.xtec.cat\/iesmaragall\/wp-content\/uploads\/usu1613\/2018\/01\/Fam\u00edlia-1024x292.jpg 1024w, https:\/\/agora.xtec.cat\/iesmaragall\/wp-content\/uploads\/usu1613\/2018\/01\/Fam\u00edlia-300x86.jpg 300w, https:\/\/agora.xtec.cat\/iesmaragall\/wp-content\/uploads\/usu1613\/2018\/01\/Fam\u00edlia-768x219.jpg 768w, https:\/\/agora.xtec.cat\/iesmaragall\/wp-content\/uploads\/usu1613\/2018\/01\/Fam\u00edlia.jpg 1500w\" sizes=\"auto, (max-width: 1024px) 100vw, 1024px\" \/><\/a><\/p>\n","protected":false},"excerpt":{"rendered":"<p>Recordeu que per accedir als informes d&#8217;assist\u00e8ncia i d&#8217;incid\u00e8ncies de l&#8217;alumnat podeu clicar el men\u00fa &#8220;assist\u00e8ncia&#8221; que \u00e9s troba situat a la p\u00e0gina d&#8217;inici, a dalt a la dreta.<\/p>\n<p>\u00a0<br \/>\n<a href=\"https:\/\/agora.xtec.cat\/iesmaragall\/linstitut\/calendari-escolar\/\">Calendari escolar<\/a><\/p>\n<p>Q\u00dcESTIONARIS ACTIUS:<\/p>\n<ul>\n<li><\/li>\n<\/ul>\n<p>&nbsp;<br \/>\n<a href=\"http:\/\/agora.xtec.cat\/iesmaragall\/wp-content\/uploads\/usu1613\/2018\/01\/Fam\u00edlia.jpg\"><\/a><\/p>\n","protected":false},"author":1,"featured_media":0,"parent":0,"menu_order":0,"comment_status":"closed","ping_status":"closed","template":"page-templates\/side-menu.php","meta":{"_bbp_topic_count":0,"_bbp_reply_count":0,"_bbp_total_topic_count":0,"_bbp_total_reply_count":0,"_bbp_voice_count":0,"_bbp_anonymous_reply_count":0,"_bbp_topic_count_hidden":0,"_bbp_reply_count_hidden":0,"_bbp_forum_subforum_count":0,"footnotes":""},"class_list":["post-3361","page","type-page","status-publish","hentry"],"post_mailing_queue_ids":[],"_links":{"self":[{"href":"https:\/\/agora.xtec.cat\/iesmaragall\/wp-json\/wp\/v2\/pages\/3361","targetHints":{"allow":["GET"]}}],"collection":[{"href":"https:\/\/agora.xtec.cat\/iesmaragall\/wp-json\/wp\/v2\/pages"}],"about":[{"href":"https:\/\/agora.xtec.cat\/iesmaragall\/wp-json\/wp\/v2\/types\/page"}],"author":[{"embeddable":true,"href":"https:\/\/agora.xtec.cat\/iesmaragall\/wp-json\/wp\/v2\/users\/1"}],"replies":[{"embeddable":true,"href":"https:\/\/agora.xtec.cat\/iesmaragall\/wp-json\/wp\/v2\/comments?post=3361"}],"version-history":[{"count":5,"href":"https:\/\/agora.xtec.cat\/iesmaragall\/wp-json\/wp\/v2\/pages\/3361\/revisions"}],"predecessor-version":[{"id":9377,"href":"https:\/\/agora.xtec.cat\/iesmaragall\/wp-json\/wp\/v2\/pages\/3361\/revisions\/9377"}],"wp:attachment":[{"href":"https:\/\/agora.xtec.cat\/iesmaragall\/wp-json\/wp\/v2\/media?parent=3361"}],"curies":[{"name":"wp","href":"https:\/\/api.w.org\/{rel}","templated":true}]}}