{"id":27,"date":"2014-09-17T16:24:03","date_gmt":"2014-09-17T14:24:03","guid":{"rendered":"http:\/\/agora.xtec.cat\/iesmaragall\/?page_id=27"},"modified":"2025-09-28T19:51:49","modified_gmt":"2025-09-28T17:51:49","slug":"historia","status":"publish","type":"page","link":"https:\/\/agora.xtec.cat\/iesmaragall\/linstitut\/historia\/","title":{"rendered":"Hist\u00f2ria"},"content":{"rendered":"<blockquote>\n<div>Els<strong> m\u00e9s de 95 anys d&#8217;hist\u00f2ria<\/strong> de l&#8217;IES MARAGALL han perm\u00e8s dotar l&#8217;institut d&#8217;uns fons bibliogr\u00e0fics importants, col\u00b7leccions diverses i instrumental. Durant aquest per\u00edode s&#8217;han reunit m\u00e9s de 100.000 expedients d&#8217;alumnes i <strong>han passat per les aules de l&#8217;institut MARAGALL persones que han tingut un paper destacat en la nostra societat<\/strong>, b\u00e9 com a professors i professores, b\u00e9 com a alumnes.<\/div>\n<\/blockquote>\n<p><strong>La creaci\u00f3<\/strong> de l&#8217;actual <strong>IES MARAGALL<\/strong> va tenir lloc el <strong>14 de novembre de 1929<\/strong>, mitjan\u00e7ant un Reial Decret del Ministeri d&#8217;Instrucci\u00f3 P\u00fablica i Belles Arts. La decisi\u00f3 de crear <strong>un institut femen\u00ed<\/strong> &#8211; l&#8217;\u00fanic institut de Barcelona era el Balmes, que era mascul\u00ed &#8211; es va prendre amb motiu de la visita a Barcelona de la Reina Maria Cristina, durant l&#8217;Exposici\u00f3 Universal de l&#8217;any 1929. En un principi s&#8217;anomenava &#8220;Institut Infanta Maria Cristina&#8221;.<\/p>\n<p><a href=\"http:\/\/agora.xtec.cat\/iesmaragall\/wp-content\/uploads\/usu1613\/2014\/09\/hisfoto1.jpg\"><img loading=\"lazy\" decoding=\"async\" class=\"size-full wp-image-831 alignright\" src=\"http:\/\/agora.xtec.cat\/iesmaragall\/wp-content\/uploads\/usu1613\/2014\/09\/hisfoto1.jpg\" alt=\"Torre Sarri\u00e0\" width=\"120\" height=\"200\" \/><\/a>Les primeres alumnes del curs 1929-30 es van instal\u00b7lar en una torre de Sarri\u00e0.<\/p>\n<p>La proclamaci\u00f3 de<strong> la II Rep\u00fablica<\/strong>, el 14 d&#8217;abril de 1931 va comportar dos canvis importants, va deixar de ser un institut femen\u00ed per passar a ser un<strong> institut mixt i<\/strong> a la vegada hi haver un canvi de nom, <strong>passa a ser l&#8217;Institut MARAGALL<\/strong> en honor del poeta Joan Maragall mort vint anys abans.<\/p>\n<p>El maig de 1932 es trasllada a 2 immobles de l&#8217;Eixample, als carrers de Proven\u00e7a i d&#8217;Enric Granados, actual ubicaci\u00f3 del centre.<\/p>\n<p>Un decret de <strong>setembre de 1936<\/strong>, suprimeix la coeducaci\u00f3 i l&#8217;institut torna a convertir-se en un <strong>institut \u00fanicament femen\u00ed<\/strong>.<\/p>\n<p><a href=\"http:\/\/agora.xtec.cat\/iesmaragall\/wp-content\/uploads\/usu1613\/2014\/09\/hisfoto2.jpg\"><img loading=\"lazy\" decoding=\"async\" class=\"size-full wp-image-832 alignright\" src=\"http:\/\/agora.xtec.cat\/iesmaragall\/wp-content\/uploads\/usu1613\/2014\/09\/hisfoto2.jpg\" alt=\"hisfoto2\" width=\"200\" height=\"127\" \/><\/a>El <strong>1955 es creen els estudis de Batxillerat en r\u00e8gim nocturn<\/strong>, a la ciutat de Barcelona l&#8217;institut Maragall \u00e9s escollit per aquest fi, en un principi ser\u00e0 nom\u00e9s mascul\u00ed i poc despr\u00e8s mascul\u00ed i femen\u00ed. Per dificultats d&#8217;espai els grups de Batxillerat nocturn mascul\u00ed s&#8217;imparteixen a l&#8217;Escola Industrial, al carrer Comte d&#8217;Urgell.<\/p>\n<p>L&#8217;any 1964 s&#8217;enderroquen els edificis antics i es comen\u00e7a la construcci\u00f3 de l&#8217;actual edifici. Aquest fet obliga a un trasllat temporal a l&#8217;immoble que havia d&#8217;acollir despr\u00e8s l&#8217;institut Sant Josep de Calassan\u00e7 , al carrer de Sant Quint\u00ed , que durant tres cursos ser\u00e0 la seu del MARAGALL.<\/p>\n<p><strong>El curs 67-68 es disposa ja del nou edifici<\/strong>.<\/p>\n<p><a href=\"http:\/\/agora.xtec.cat\/iesmaragall\/wp-content\/uploads\/usu1613\/2014\/09\/Edifici_institut-1024x810.jpg\"><img loading=\"lazy\" decoding=\"async\" class=\"alignnone wp-image-1649 size-full\" src=\"http:\/\/agora.xtec.cat\/iesmaragall\/wp-content\/uploads\/usu1613\/2014\/09\/Centre.jpg\" alt=\"Fa\u00e7ana de l'Institut Poeta Maragall\" width=\"995\" height=\"659\" srcset=\"https:\/\/agora.xtec.cat\/iesmaragall\/wp-content\/uploads\/usu1613\/2014\/09\/Centre.jpg 995w, https:\/\/agora.xtec.cat\/iesmaragall\/wp-content\/uploads\/usu1613\/2014\/09\/Centre-300x199.jpg 300w, https:\/\/agora.xtec.cat\/iesmaragall\/wp-content\/uploads\/usu1613\/2014\/09\/Centre-768x509.jpg 768w\" sizes=\"auto, (max-width: 995px) 100vw, 995px\" \/><\/a><\/p>\n<p>El curs 69-70 es pren la decisi\u00f3 de suprimir el nocturn mascul\u00ed, degut a l&#8217;augment de matr\u00edcula del nocturn femen\u00ed. L&#8217;alumnat mascul\u00ed es redistribueix entre els instituts ve\u00efns.<\/p>\n<p><strong>Amb l&#8217;arribada de la democr\u00e0cia<\/strong>, el curs 79-80 l&#8217;institut accepta novament alumnat mascul\u00ed a nocturn i a primer curs de di\u00fcrn, altre cop <strong>torna a ser mixt<\/strong>.<\/p>\n<p>La<strong> implantaci\u00f3 de l&#8217;ESO a l&#8217;institut el curs 96-97<\/strong> suposa la pres\u00e8ncia en les aules d&#8217;alumnat m\u00e9s jove, de proced\u00e8ncia diversa i implica una constant adaptaci\u00f3 als reptes que el nou sistema demana.<\/p>\n<p><strong>El curs 98-99 s&#8217;implanta l&#8217;actual Batxillerat<\/strong>, de nom\u00e9s 2 cursos de durada.<\/p>\n<p>Aquests <strong>m\u00e9s de 95 anys<\/strong> han perm\u00e8s dotar l&#8217;institut d&#8217;uns<strong> fons bibliogr\u00e0fics importants<\/strong> que inclouen tots els camps de l&#8217;ensenyament, <strong>col\u00b7leccions diverses<\/strong> (f\u00f2ssils, minerals, mapes, fotografies)<strong> instrumental<\/strong> (aparells) que s&#8217;han conservat acuradament i que any rera any s&#8217;han anat substituint en un proc\u00e9s de renovaci\u00f3. Durant aquest per\u00edode s&#8217;han reunit m\u00e9s de 100.000 expedients d&#8217;alumnes i han passat per les aules de l&#8217;institut MARAGALL persones que han tingut un paper destacat en la nostra societat, b\u00e9 com a professors i professores, b\u00e9 com a alumnes.<\/p>\n<p><sub>(Font Bibliogr\u00e0fica : R.Manch\u00f3. Setanta anys de l&#8217;Institut Maragall (1929-1999). Barcelona 2000.)<\/sub><\/p>\n","protected":false},"excerpt":{"rendered":"<p>Els m\u00e9s de 95 anys d&#8217;hist\u00f2ria de l&#8217;IES MARAGALL han perm\u00e8s dotar l&#8217;institut d&#8217;uns fons bibliogr\u00e0fics importants, col\u00b7leccions diverses i instrumental. Durant aquest per\u00edode s&#8217;han reunit m\u00e9s de 100.000 expedients d&#8217;alumnes i han passat per les aules de l&#8217;institut MARAGALL persones que han tingut un&hellip;  <a href=\"https:\/\/agora.xtec.cat\/iesmaragall\/linstitut\/historia\/\" title=\"Read Hist\u00f2ria\">Llegeix m\u00e9s\u00bb<\/a><\/p>\n","protected":false},"author":1,"featured_media":0,"parent":19,"menu_order":5,"comment_status":"closed","ping_status":"closed","template":"page-templates\/side-menu.php","meta":{"_bbp_topic_count":0,"_bbp_reply_count":0,"_bbp_total_topic_count":0,"_bbp_total_reply_count":0,"_bbp_voice_count":0,"_bbp_anonymous_reply_count":0,"_bbp_topic_count_hidden":0,"_bbp_reply_count_hidden":0,"_bbp_forum_subforum_count":0,"footnotes":""},"class_list":["post-27","page","type-page","status-publish","hentry"],"post_mailing_queue_ids":[],"_links":{"self":[{"href":"https:\/\/agora.xtec.cat\/iesmaragall\/wp-json\/wp\/v2\/pages\/27","targetHints":{"allow":["GET"]}}],"collection":[{"href":"https:\/\/agora.xtec.cat\/iesmaragall\/wp-json\/wp\/v2\/pages"}],"about":[{"href":"https:\/\/agora.xtec.cat\/iesmaragall\/wp-json\/wp\/v2\/types\/page"}],"author":[{"embeddable":true,"href":"https:\/\/agora.xtec.cat\/iesmaragall\/wp-json\/wp\/v2\/users\/1"}],"replies":[{"embeddable":true,"href":"https:\/\/agora.xtec.cat\/iesmaragall\/wp-json\/wp\/v2\/comments?post=27"}],"version-history":[{"count":4,"href":"https:\/\/agora.xtec.cat\/iesmaragall\/wp-json\/wp\/v2\/pages\/27\/revisions"}],"predecessor-version":[{"id":10283,"href":"https:\/\/agora.xtec.cat\/iesmaragall\/wp-json\/wp\/v2\/pages\/27\/revisions\/10283"}],"up":[{"embeddable":true,"href":"https:\/\/agora.xtec.cat\/iesmaragall\/wp-json\/wp\/v2\/pages\/19"}],"wp:attachment":[{"href":"https:\/\/agora.xtec.cat\/iesmaragall\/wp-json\/wp\/v2\/media?parent=27"}],"curies":[{"name":"wp","href":"https:\/\/api.w.org\/{rel}","templated":true}]}}