{"id":2657,"date":"2017-07-07T12:45:37","date_gmt":"2017-07-07T10:45:37","guid":{"rendered":"http:\/\/agora.xtec.cat\/iesmaragall\/?page_id=2657"},"modified":"2021-06-05T20:53:34","modified_gmt":"2021-06-05T18:53:34","slug":"professorat","status":"publish","type":"page","link":"https:\/\/agora.xtec.cat\/iesmaragall\/professorat\/","title":{"rendered":"Professorat"},"content":{"rendered":"<table>\n<tbody>\n<tr>\n<td><a style=\"font-family: inherit; font-size: 1em;\" href=\"#\">Equips docents<\/a><\/td>\n<td>\n<ul>\n<li><a href=\"https:\/\/drive.google.com\/open?id=0B_zpHMIPwvLgUFRWZHpibzlscnM\">Normativa equips docents<\/a><\/li>\n<li><a href=\"https:\/\/drive.google.com\/open?id=0B_zpHMIPwvLgc1Q1c0Z3dHZ3RkU\">Assignaci\u00f3 professorat<\/a><\/li>\n<li><a href=\"https:\/\/drive.google.com\/drive\/folders\/10_VF1OWNSELpgoNHTiwRmZtSFiBE7egL?usp=sharing\" target=\"_blank\" rel=\"noopener noreferrer\">Actes<\/a><\/li>\n<\/ul>\n<\/td>\n<\/tr>\n<tr>\n<td><a href=\"#\">Gu\u00e0rdies<\/a><\/td>\n<td>\n<ul>\n<li><a href=\"https:\/\/drive.google.com\/file\/d\/1xOzXyWwRRFmkKU73TpoRRJiJ5WQ26pKX\/view?usp=sharing\" target=\"_blank\" rel=\"noopener noreferrer\">Protocol gu\u00e0rdies<\/a><\/li>\n<\/ul>\n<\/td>\n<\/tr>\n<tr>\n<td><a href=\"#\">Abs\u00e8ncies professorat<\/a><\/td>\n<td>\n<ul>\n<li><a href=\"https:\/\/drive.google.com\/open?id=0B_zpHMIPwvLgOWJzS3Q1LWNaMFk\">Normativa abs\u00e8ncies professorat<\/a><\/li>\n<li><a href=\"https:\/\/agora.xtec.cat\/iesmaragall\/wp-content\/uploads\/usu1613\/2019\/10\/Full-petici\u00f3-ABS\u00c8NCIA.pdf\">Full petici\u00f3 i\/o justificaci\u00f3 abs\u00e8ncia<\/a><\/li>\n<li><a href=\"https:\/\/drive.google.com\/open?id=0B_zpHMIPwvLgMm9qQnoySnZMd28\">Full de feines<\/a><\/li>\n<li><a href=\"https:\/\/www.muface.es\/content\/descarga-impresos\" target=\"_blank\" rel=\"noopener noreferrer\">Desc\u00e0rrega impressos de baixes MUFACE<\/a><\/li>\n<li><a href=\"https:\/\/drive.google.com\/open?id=0B_zpHMIPwvLga0Zla0RPOEJWeWs\">Llic\u00e8ncies i permisos<\/a><\/li>\n<li><a href=\"http:\/\/agora.xtec.cat\/iesmaragall\/wp-content\/uploads\/usu1613\/2018\/02\/Absencia-porfessor-a-1a-hora.pdf\">Abs\u00e8ncia professorat a 1a hora: full no assist\u00e8ncia alumnat<\/a><\/li>\n<li><a href=\"https:\/\/drive.google.com\/open?id=1OXe9SP2FZEZtYFEgoCDn6X6OE_WdObxi\">Declaraci\u00f3 responsable justificativa d&#8217;abs\u00e8ncia per motius de salut o d&#8217;assist\u00e8ncia a consulta m\u00e8dica<\/a><\/li>\n<\/ul>\n<\/td>\n<\/tr>\n<tr>\n<td><a href=\"#\">Riscos Laborals<\/a><\/td>\n<td>\n<ul>\n<li><a href=\"https:\/\/drive.google.com\/file\/d\/1DgoD6uG_Pm-Plms0qKuCz4ixlcxK9Oe6\/view?usp=sharing\" target=\"_blank\" rel=\"noopener noreferrer\">Pla d\u2019emerg\u00e8ncia<\/a><\/li>\n<li>Accident laboral\n<ul>\n<li><a href=\"https:\/\/drive.google.com\/file\/d\/1g6MQM25SXuvwuWzCcOXZCqSCdSRI0iyV\/view?usp=sharing\" target=\"_blank\" rel=\"noopener noreferrer\">Procediment<\/a><\/li>\n<li><a href=\"https:\/\/drive.google.com\/open?id=0B_zpHMIPwvLgS2wwMF91SkJsdlk\">Informacions<\/a><\/li>\n<\/ul>\n<\/li>\n<li>Adaptaci\u00f3 lloc de treball\n<ul>\n<li><a href=\"https:\/\/drive.google.com\/file\/d\/1rDKdmU3IHbZenySlpl1AgRqSrwqIcDkV\/view?usp=sharing\" target=\"_blank\" rel=\"noopener noreferrer\">Procediment<\/a><\/li>\n<li><a href=\"https:\/\/drive.google.com\/file\/d\/1Ka3DSUybamhwL2KM_o08laBAlH91chGS\/view?usp=sharing\" target=\"_blank\" rel=\"noopener noreferrer\">Sol\u00b7licitud<\/a><\/li>\n<\/ul>\n<\/li>\n<\/ul>\n<\/td>\n<\/tr>\n<tr>\n<td><a href=\"#\">Treballs de recerca<\/a><\/td>\n<td>\n<ul>\n<li><a href=\"https:\/\/drive.google.com\/open?id=0B_zpHMIPwvLgUDgxWFNxczB4UnM\">Normativa<\/a><\/li>\n<li><a href=\"https:\/\/drive.google.com\/open?id=0B_zpHMIPwvLgdmFMd3V0Q0EyTFE\">Fulls de seguiment de TR<\/a><\/li>\n<\/ul>\n<\/td>\n<\/tr>\n<tr>\n<td><a href=\"#\">Acollida professorat<\/a><\/td>\n<td>\n<ul>\n<li><a href=\"https:\/\/drive.google.com\/a\/institutmaragall.cat\/file\/d\/0B_zpHMIPwvLgNkY2clZKbldGbFU\/view?usp=sharing\">Protocol d&#8217;Acollida<\/a><\/li>\n<li><a href=\"https:\/\/drive.google.com\/open?id=1Wcu6tXJApHQ2SLHkMgvIvM1LekKUVi85\" target=\"_blank\" rel=\"noopener noreferrer\">Protocol d&#8217;Acollida de l&#8217;alumnat de pr\u00e0ctiques<\/a><\/li>\n<li><a href=\"https:\/\/drive.google.com\/open?id=1bTtGGmVgkbJYsi0dxJN79Po-YS9kKjiW\" target=\"_blank\" rel=\"noopener noreferrer\">Directori d&#8217;espais<\/a><\/li>\n<li><a href=\"https:\/\/drive.google.com\/file\/d\/10w3M1wM5-zj2P1Shz9_j4cipKdBZsxTq\/view?usp=sharing\" target=\"_blank\" rel=\"noopener noreferrer\">Dossier d&#8217;inici de curs<\/a><\/li>\n<\/ul>\n<\/td>\n<\/tr>\n<\/tbody>\n<\/table>\n<p>&nbsp;<\/p>\n<p>&nbsp;<\/p>\n<p>&nbsp;<\/p>\n<p>&nbsp;<\/p>\n<p>&nbsp;<\/p>\n<p>&nbsp;<\/p>\n<p>&nbsp;<\/p>\n<p>&nbsp;<\/p>\n<p><a style=\"font-family: inherit; font-size: 1em;\" href=\"#\">Equips docents<\/a><\/p>\n<div class=\"section-container vertical-tabs\" data-section=\"vertical-tabs\">\n<section class=\"active\">\n<div class=\"content\" data-section-content=\"\">\n<ul>\n<li><a href=\"https:\/\/drive.google.com\/open?id=0B_zpHMIPwvLgUFRWZHpibzlscnM\">Normativa equips docents<\/a><\/li>\n<li><a href=\"https:\/\/drive.google.com\/open?id=0B_zpHMIPwvLgc1Q1c0Z3dHZ3RkU\">Assignaci\u00f3 professorat<\/a><\/li>\n<li><a href=\"https:\/\/drive.google.com\/open?id=0B_zpHMIPwvLgUzNtRDhpSE9ZbEk\">Actes<\/a><\/li>\n<\/ul>\n<\/div>\n<\/section>\n<section>\n<p class=\"title\" data-section-title=\"\"><a href=\"#\">Avaluacions<\/a><\/p>\n<div class=\"content\" data-section-content=\"\">\n<ul>\n<li><a href=\"https:\/\/drive.google.com\/open?id=0B_zpHMIPwvLgNC1IelFPOWtrMnM\">Criteris per introduir les notes<\/a><\/li>\n<li><a href=\"https:\/\/drive.google.com\/open?id=0B_zpHMIPwvLgY0VFekFiVW90QWs\">Guia d&#8217;\u00fas del programari SAGA<\/a><\/li>\n<\/ul>\n<\/div>\n<\/section>\n<section>\n<p class=\"title\" data-section-title=\"\"><a href=\"#\">Gu\u00e0rdies<\/a><\/p>\n<div class=\"content\" data-section-content=\"\">\n<ul>\n<li><a href=\"https:\/\/agora.xtec.cat\/iesmaragall\/wp-content\/uploads\/usu1613\/2019\/10\/PROTOCOL-GU\u00c0RDIES-2019-20.pdf\">Protocol gu\u00e0rdies<\/a><\/li>\n<\/ul>\n<\/div>\n<\/section>\n<section>\n<p class=\"title\" data-section-title=\"\"><a href=\"#\">Abs\u00e8ncies professorat<\/a><\/p>\n<div class=\"content\" data-section-content=\"\">\n<ul>\n<li><a href=\"https:\/\/drive.google.com\/open?id=0B_zpHMIPwvLgOWJzS3Q1LWNaMFk\">Normativa abs\u00e8ncies professorat<\/a><\/li>\n<li><a href=\"https:\/\/agora.xtec.cat\/iesmaragall\/wp-content\/uploads\/usu1613\/2019\/10\/Full-petici\u00f3-ABS\u00c8NCIA.pdf\">Full petici\u00f3 i\/o justificaci\u00f3 abs\u00e8ncia<\/a><\/li>\n<li><a href=\"https:\/\/drive.google.com\/open?id=0B_zpHMIPwvLgMm9qQnoySnZMd28\">Full de feines<\/a><\/li>\n<li><a href=\"https:\/\/www.muface.es\/content\/descarga-impresos\" target=\"_blank\" rel=\"noopener noreferrer\">Desc\u00e0rrega impressos de baixes MUFACE<\/a><\/li>\n<li><a href=\"https:\/\/drive.google.com\/open?id=0B_zpHMIPwvLga0Zla0RPOEJWeWs\">Llic\u00e8ncies i permisos<\/a><\/li>\n<li><a href=\"http:\/\/agora.xtec.cat\/iesmaragall\/wp-content\/uploads\/usu1613\/2018\/02\/Absencia-porfessor-a-1a-hora.pdf\">Abs\u00e8ncia professorat a 1a hora: full no assist\u00e8ncia alumnat<\/a><\/li>\n<li><a href=\"https:\/\/drive.google.com\/open?id=1OXe9SP2FZEZtYFEgoCDn6X6OE_WdObxi\">Declaraci\u00f3 responsable justificativa d&#8217;abs\u00e8ncia per motius de salut o d&#8217;assist\u00e8ncia a consulta m\u00e8dica<\/a><\/li>\n<\/ul>\n<\/div>\n<\/section>\n<section>\n<p class=\"title\" data-section-title=\"\"><a href=\"#\">Riscos Laborals<\/a><\/p>\n<div class=\"content\" data-section-content=\"\">\n<ul>\n<li><a href=\"https:\/\/agora.xtec.cat\/iesmaragall\/wp-content\/uploads\/usu1613\/2019\/12\/Pla-demerg\u00e8ncia-2019-20-.pdf\" target=\"_blank\" rel=\"noopener noreferrer\">Pla d\u2019emerg\u00e8ncia<\/a><\/li>\n<li><a href=\"https:\/\/drive.google.com\/open?id=0B_zpHMIPwvLgMU5hdy1ob0RpRjA\">La veu<\/a><\/li>\n<li><a href=\"https:\/\/drive.google.com\/open?id=0B_zpHMIPwvLgS2wwMF91SkJsdlk\">Accidents laborals professorat<\/a><\/li>\n<\/ul>\n<\/div>\n<\/section>\n<section>\n<p class=\"title\" data-section-title=\"\"><a href=\"#\">Treballs de recerca<\/a><\/p>\n<div class=\"content\" data-section-content=\"\">\n<ul>\n<li><a href=\"https:\/\/drive.google.com\/open?id=0B_zpHMIPwvLgUDgxWFNxczB4UnM\">Normativa<\/a><\/li>\n<li><a href=\"https:\/\/drive.google.com\/open?id=0B_zpHMIPwvLgdmFMd3V0Q0EyTFE\">Fulls de seguiment de TR<\/a><\/li>\n<\/ul>\n<\/div>\n<\/section>\n<section>\n<p class=\"title\" data-section-title=\"\"><a href=\"#\">Acollida professorat<\/a><\/p>\n<div class=\"content\" data-section-content=\"\">\n<ul>\n<li><a href=\"https:\/\/drive.google.com\/a\/institutmaragall.cat\/file\/d\/0B_zpHMIPwvLgNkY2clZKbldGbFU\/view?usp=sharing\">Protocol d&#8217;Acollida<\/a><\/li>\n<li><a href=\"https:\/\/drive.google.com\/open?id=1Wcu6tXJApHQ2SLHkMgvIvM1LekKUVi85\" target=\"_blank\" rel=\"noopener noreferrer\">Protocol d&#8217;Acollida de l&#8217;alumnat de pr\u00e0ctiques<\/a><\/li>\n<li><a href=\"https:\/\/drive.google.com\/open?id=1bTtGGmVgkbJYsi0dxJN79Po-YS9kKjiW\" target=\"_blank\" rel=\"noopener noreferrer\">Directori d&#8217;espais<\/a><\/li>\n<li><a href=\"https:\/\/drive.google.com\/open?id=1ttM6C7Hj_5yXHSqluhk6SGGKF90It-Gc\" target=\"_blank\" rel=\"noopener noreferrer\">Dossier d&#8217;inici de curs<\/a><\/li>\n<\/ul>\n<\/div>\n<\/section>\n<\/div>\n","protected":false},"excerpt":{"rendered":"<p><a style=\"font-family: inherit; font-size: 1em;\" href=\"#\">Equips docents<\/a><\/p>\n<ul>\n<li><a href=\"https:\/\/drive.google.com\/open?id=0B_zpHMIPwvLgUFRWZHpibzlscnM\">Normativa equips docents<\/a><\/li>\n<li><a href=\"https:\/\/drive.google.com\/open?id=0B_zpHMIPwvLgc1Q1c0Z3dHZ3RkU\">Assignaci\u00f3 professorat<\/a><\/li>\n<li><a href=\"https:\/\/drive.google.com\/drive\/folders\/10_VF1OWNSELpgoNHTiwRmZtSFiBE7egL?usp=sharing\" target=\"_blank\" rel=\"noopener noreferrer\">Actes<\/a><\/li>\n<\/ul>\n<p><a href=\"#\">Gu\u00e0rdies<\/a><\/p>\n<ul>\n<li><a href=\"https:\/\/drive.google.com\/file\/d\/1xOzXyWwRRFmkKU73TpoRRJiJ5WQ26pKX\/view?usp=sharing\" target=\"_blank\" rel=\"noopener noreferrer\">Protocol gu\u00e0rdies<\/a><\/li>\n<\/ul>\n<p><a href=\"#\">Abs\u00e8ncies professorat<\/a><\/p>\n<ul>\n<li><a href=\"https:\/\/drive.google.com\/open?id=0B_zpHMIPwvLgOWJzS3Q1LWNaMFk\">Normativa abs\u00e8ncies professorat<\/a><\/li>\n<li><a href=\"https:\/\/agora.xtec.cat\/iesmaragall\/wp-content\/uploads\/usu1613\/2019\/10\/Full-petici\u00f3-ABS\u00c8NCIA.pdf\">Full petici\u00f3 i\/o justificaci\u00f3 abs\u00e8ncia<\/a><\/li>\n<li><a href=\"https:\/\/drive.google.com\/open?id=0B_zpHMIPwvLgMm9qQnoySnZMd28\">Full de feines<\/a><\/li>\n<li><a href=\"https:\/\/www.muface.es\/content\/descarga-impresos\" target=\"_blank\" rel=\"noopener noreferrer\">Desc\u00e0rrega impressos de baixes MUFACE<\/a><\/li>\n<li><a href=\"https:\/\/drive.google.com\/open?id=0B_zpHMIPwvLga0Zla0RPOEJWeWs\">Llic\u00e8ncies i&hellip;  <a href=\"https:\/\/agora.xtec.cat\/iesmaragall\/professorat\/\" title=\"Read Professorat\">Llegeix m\u00e9s\u00bb<\/a><br \/>\n","protected":false},"author":1,"featured_media":0,"parent":0,"menu_order":7,"comment_status":"closed","ping_status":"closed","template":"","meta":{"_bbp_topic_count":0,"_bbp_reply_count":0,"_bbp_total_topic_count":0,"_bbp_total_reply_count":0,"_bbp_voice_count":0,"_bbp_anonymous_reply_count":0,"_bbp_topic_count_hidden":0,"_bbp_reply_count_hidden":0,"_bbp_forum_subforum_count":0,"footnotes":""},"class_list":["post-2657","page","type-page","status-publish","hentry"],"post_mailing_queue_ids":[],"_links":{"self":[{"href":"https:\/\/agora.xtec.cat\/iesmaragall\/wp-json\/wp\/v2\/pages\/2657","targetHints":{"allow":["GET"]}}],"collection":[{"href":"https:\/\/agora.xtec.cat\/iesmaragall\/wp-json\/wp\/v2\/pages"}],"about":[{"href":"https:\/\/agora.xtec.cat\/iesmaragall\/wp-json\/wp\/v2\/types\/page"}],"author":[{"embeddable":true,"href":"https:\/\/agora.xtec.cat\/iesmaragall\/wp-json\/wp\/v2\/users\/1"}],"replies":[{"embeddable":true,"href":"https:\/\/agora.xtec.cat\/iesmaragall\/wp-json\/wp\/v2\/comments?post=2657"}],"version-history":[{"count":4,"href":"https:\/\/agora.xtec.cat\/iesmaragall\/wp-json\/wp\/v2\/pages\/2657\/revisions"}],"predecessor-version":[{"id":6852,"href":"https:\/\/agora.xtec.cat\/iesmaragall\/wp-json\/wp\/v2\/pages\/2657\/revisions\/6852"}],"wp:attachment":[{"href":"https:\/\/agora.xtec.cat\/iesmaragall\/wp-json\/wp\/v2\/media?parent=2657"}],"curies":[{"name":"wp","href":"https:\/\/api.w.org\/{rel}","templated":true}]}}