{"id":2187,"date":"2017-04-19T19:53:45","date_gmt":"2017-04-19T17:53:45","guid":{"rendered":"http:\/\/agora.xtec.cat\/iesmaragall\/?page_id=2187"},"modified":"2025-10-06T12:10:03","modified_gmt":"2025-10-06T10:10:03","slug":"calendari-escolar","status":"publish","type":"page","link":"https:\/\/agora.xtec.cat\/iesmaragall\/linstitut\/calendari-escolar\/","title":{"rendered":"Calendari escolar"},"content":{"rendered":"<blockquote>\n<h3>Calendari Escolar 2025-2026<\/h3>\n<\/blockquote>\n<ul>\n<li><strong>8 de setembre<\/strong> <strong>de 2025<\/strong>: inici de les classes ESO.<\/li>\n<li><strong>12 de setembre<\/strong> <strong>de 2025<\/strong>: inici de les classes Batxillerat.<\/li>\n<li><strong>Del 20 de desembre de 2025 <\/strong>al<strong> 7 de gener de 2026<\/strong>: vacances de Nadal.<\/li>\n<li><strong>Del 28 de mar\u00e7 al 6 d&#8217;abril de 2026<\/strong>: vacances de Setmana Santa.<\/li>\n<li><strong>19 de juny de 2026<\/strong>: acaben les classes\u00a0a\u00a0l&#8217;educaci\u00f3 secund\u00e0ria obligat\u00f2ria i batxillerat.<\/li>\n<\/ul>\n<p>Tenen la consideraci\u00f3 de dies festius els que determini la disposici\u00f3 corresponent del<a href=\"http:\/\/ensenyament.gencat.cat\/ca\/arees-actuacio\/centres-serveis-educatius\/centres\/calendari-escolar\/curs-2016-2017\/\"> Departament d&#8217;Empresa i Ocupaci\u00f3<\/a> i els dos dies de festa local. Els centres poden establir quatre dies festius de lliure disposici\u00f3.<\/p>\n<h4>Festes de lliure disposici\u00f3:<\/h4>\n<ul>\n<li>Divendres <strong>10\u00a0d&#8217;octubre de 2025<\/strong><\/li>\n<li>Dilluns <strong>3 de novembre de 2025<\/strong><\/li>\n<li>Dilluns <strong>16 de febrer de 2026<\/strong><\/li>\n<li>Dimarts <strong>26 de maig de 2026<\/strong><\/li>\n<\/ul>\n<p>El Consorci d&#8217;educaci\u00f3 de Barcelona ha autoritzat al centre a realitzar<strong> jornada continuada:<\/strong><\/p>\n<ul>\n<li>A partir del <strong>9\u00a0de juny del 2026<\/strong><\/li>\n<\/ul>\n","protected":false},"excerpt":{"rendered":"<p>Calendari Escolar 2025-2026<\/p>\n<ul>\n<li>8 de setembre de 2025: inici de les classes ESO.<\/li>\n<li>12 de setembre de 2025: inici de les classes Batxillerat.<\/li>\n<li>Del 20 de desembre de 2025 al 7 de gener de 2026: vacances de Nadal.<\/li>\n<li>Del 28 de mar\u00e7 al 6 d&#8217;abril de 2026: vacances de&hellip;  <a href=\"https:\/\/agora.xtec.cat\/iesmaragall\/linstitut\/calendari-escolar\/\" title=\"Read Calendari escolar\">Llegeix m\u00e9s\u00bb<\/a><br \/>\n","protected":false},"author":1,"featured_media":0,"parent":19,"menu_order":3,"comment_status":"closed","ping_status":"closed","template":"page-templates\/side-menu.php","meta":{"_bbp_topic_count":0,"_bbp_reply_count":0,"_bbp_total_topic_count":0,"_bbp_total_reply_count":0,"_bbp_voice_count":0,"_bbp_anonymous_reply_count":0,"_bbp_topic_count_hidden":0,"_bbp_reply_count_hidden":0,"_bbp_forum_subforum_count":0,"footnotes":""},"class_list":["post-2187","page","type-page","status-publish","hentry"],"post_mailing_queue_ids":[],"_links":{"self":[{"href":"https:\/\/agora.xtec.cat\/iesmaragall\/wp-json\/wp\/v2\/pages\/2187","targetHints":{"allow":["GET"]}}],"collection":[{"href":"https:\/\/agora.xtec.cat\/iesmaragall\/wp-json\/wp\/v2\/pages"}],"about":[{"href":"https:\/\/agora.xtec.cat\/iesmaragall\/wp-json\/wp\/v2\/types\/page"}],"author":[{"embeddable":true,"href":"https:\/\/agora.xtec.cat\/iesmaragall\/wp-json\/wp\/v2\/users\/1"}],"replies":[{"embeddable":true,"href":"https:\/\/agora.xtec.cat\/iesmaragall\/wp-json\/wp\/v2\/comments?post=2187"}],"version-history":[{"count":6,"href":"https:\/\/agora.xtec.cat\/iesmaragall\/wp-json\/wp\/v2\/pages\/2187\/revisions"}],"predecessor-version":[{"id":10304,"href":"https:\/\/agora.xtec.cat\/iesmaragall\/wp-json\/wp\/v2\/pages\/2187\/revisions\/10304"}],"up":[{"embeddable":true,"href":"https:\/\/agora.xtec.cat\/iesmaragall\/wp-json\/wp\/v2\/pages\/19"}],"wp:attachment":[{"href":"https:\/\/agora.xtec.cat\/iesmaragall\/wp-json\/wp\/v2\/media?parent=2187"}],"curies":[{"name":"wp","href":"https:\/\/api.w.org\/{rel}","templated":true}]}}