{"id":19,"date":"2014-09-17T14:56:56","date_gmt":"2014-09-17T14:56:56","guid":{"rendered":"http:\/\/agora.xtec.cat\/iesmaragall\/?page_id=19"},"modified":"2017-02-02T19:57:19","modified_gmt":"2017-02-02T18:57:19","slug":"linstitut","status":"publish","type":"page","link":"https:\/\/agora.xtec.cat\/iesmaragall\/linstitut\/","title":{"rendered":"L&#8217;institut"},"content":{"rendered":"<p>L&#8217;Institut Poeta Maragall est\u00e0 situat a l&#8217;esquerra de l&#8217;Eixample, en una <strong>zona molt c\u00e8ntrica i ben comunicada<\/strong>.<\/p>\n<p>Impartim els ensenyaments d\u2019ESO (tres l\u00ednies per grup) i de Batxillerat (sis grups a primer i cinc grups a segon). Al centre es poden cursar <strong>les tres modalitats de Batxillerat<\/strong>: Ci\u00e8ncies i tecnologia, Humanitats i ci\u00e8ncies socials<strong> i la modalitat d\u2019Arts en les dues vessants<\/strong>: Arts pl\u00e0stiques, imatge i disseny, i Arts esc\u00e8niques, m\u00fasica i dansa.<\/p>\n<p><a href=\"http:\/\/agora.xtec.cat\/iesmaragall\/wp-content\/uploads\/usu1613\/2014\/09\/Edifici_institut-900.jpg\"><img loading=\"lazy\" decoding=\"async\" class=\"alignnone wp-image-1006 size-full\" src=\"http:\/\/agora.xtec.cat\/iesmaragall\/wp-content\/uploads\/usu1613\/2014\/09\/Edifici_institut-900.jpg\" alt=\"Fa\u00e7ana de l'Institut Poeta Maragall\" width=\"900\" height=\"712\" srcset=\"https:\/\/agora.xtec.cat\/iesmaragall\/wp-content\/uploads\/usu1613\/2014\/09\/Edifici_institut-900.jpg 900w, https:\/\/agora.xtec.cat\/iesmaragall\/wp-content\/uploads\/usu1613\/2014\/09\/Edifici_institut-900-300x237.jpg 300w, https:\/\/agora.xtec.cat\/iesmaragall\/wp-content\/uploads\/usu1613\/2014\/09\/Edifici_institut-900-768x608.jpg 768w\" sizes=\"auto, (max-width: 900px) 100vw, 900px\" \/><\/a><\/p>\n","protected":false},"excerpt":{"rendered":"<p>L&#8217;Institut Poeta Maragall est\u00e0 situat a l&#8217;esquerra de l&#8217;Eixample, en una zona molt c\u00e8ntrica i ben comunicada.<br \/>\nImpartim els ensenyaments d\u2019ESO (tres l\u00ednies per grup) i de Batxillerat (sis grups a primer i cinc grups a segon). Al centre es poden cursar les tres modalitats de&hellip;  <a href=\"https:\/\/agora.xtec.cat\/iesmaragall\/linstitut\/\" title=\"Read L&#8217;institut\">Llegeix m\u00e9s\u00bb<\/a><\/p>\n","protected":false},"author":1,"featured_media":0,"parent":0,"menu_order":0,"comment_status":"closed","ping_status":"closed","template":"page-templates\/side-menu.php","meta":{"_bbp_topic_count":0,"_bbp_reply_count":0,"_bbp_total_topic_count":0,"_bbp_total_reply_count":0,"_bbp_voice_count":0,"_bbp_anonymous_reply_count":0,"_bbp_topic_count_hidden":0,"_bbp_reply_count_hidden":0,"_bbp_forum_subforum_count":0,"footnotes":""},"class_list":["post-19","page","type-page","status-publish","hentry"],"post_mailing_queue_ids":[],"_links":{"self":[{"href":"https:\/\/agora.xtec.cat\/iesmaragall\/wp-json\/wp\/v2\/pages\/19","targetHints":{"allow":["GET"]}}],"collection":[{"href":"https:\/\/agora.xtec.cat\/iesmaragall\/wp-json\/wp\/v2\/pages"}],"about":[{"href":"https:\/\/agora.xtec.cat\/iesmaragall\/wp-json\/wp\/v2\/types\/page"}],"author":[{"embeddable":true,"href":"https:\/\/agora.xtec.cat\/iesmaragall\/wp-json\/wp\/v2\/users\/1"}],"replies":[{"embeddable":true,"href":"https:\/\/agora.xtec.cat\/iesmaragall\/wp-json\/wp\/v2\/comments?post=19"}],"version-history":[{"count":3,"href":"https:\/\/agora.xtec.cat\/iesmaragall\/wp-json\/wp\/v2\/pages\/19\/revisions"}],"predecessor-version":[{"id":1007,"href":"https:\/\/agora.xtec.cat\/iesmaragall\/wp-json\/wp\/v2\/pages\/19\/revisions\/1007"}],"wp:attachment":[{"href":"https:\/\/agora.xtec.cat\/iesmaragall\/wp-json\/wp\/v2\/media?parent=19"}],"curies":[{"name":"wp","href":"https:\/\/api.w.org\/{rel}","templated":true}]}}