{"id":1719,"date":"2017-02-19T17:48:24","date_gmt":"2017-02-19T16:48:24","guid":{"rendered":"http:\/\/agora.xtec.cat\/iesmaragall\/?page_id=1719"},"modified":"2021-02-19T17:15:11","modified_gmt":"2021-02-19T16:15:11","slug":"arts-esceniques","status":"publish","type":"page","link":"https:\/\/agora.xtec.cat\/iesmaragall\/com-treballem\/projectes-activitats\/arts-esceniques\/","title":{"rendered":"Arts esc\u00e8niques"},"content":{"rendered":"<p><strong>El fet d\u2019impartir el Batxillerat d\u2019Arts esc\u00e8niques, m\u00fasica i dansa d\u00f3na al nostre institut unes caracter\u00edstiques que el fan diferent de la resta<\/strong>. L\u2019ensenyament de les arts esc\u00e8niques no nom\u00e9s t\u00e9 influ\u00e8ncia en els nois i noies de Batxillerat inscrits en les mat\u00e8ries d\u2019interpretaci\u00f3, m\u00fasica i dansa, sin\u00f3 que tot l\u2019institut es beneficia d\u2019aquesta sensibilitat per les arts esc\u00e8niques. Les metodologies emprades en aquestes mat\u00e8ries han dotat el professorat d\u2019una experi\u00e8ncia que apliquen en altres nivells i grups i els resultats dels aprenentatges es concreten en espectacles dels quals gaudim tota la comunitat educativa.<\/p>\n<p><a href=\"https:\/\/agora.xtec.cat\/iesmaragall\/com-treballem\/projectes-activitats\/arts-esceniques\/\"><strong>Pla de suport a les arts esc\u00e8niques de l\u2019Eix Jove de l\u2019Eixample<\/strong><\/a><\/p>\n<p>El centre rep el suport de l\u2019<a href=\"http:\/\/eixjove.cat\/\">Eix Jove<\/a>\u00a0del districte de l\u2019Eixample.<\/p>\n<p>Amb la seva col\u00b7laboraci\u00f3 es programen tallers, cursos i diferents activitats per fomentar la creaci\u00f3 art\u00edstica.<\/p>\n<p>El centre ha participat des de la primera edici\u00f3 a la\u00a0<a href=\"http:\/\/eixjove.cat\/mostra\/\">Mostra d\u2019Art Jove de l\u2019Eixample<\/a>, amb exposicions i espectacles de dansa, m\u00fasica i teatre.<\/p>\n<p>Durant tots aquests cursos, la col\u00b7laboraci\u00f3 parteix del Pla de suport a les arts esc\u00e8niques que l\u2019Eix Jove ofereix a l\u2019alumnat d\u2019aquesta modalitat del Batxillerat del nostre centre.<\/p>\n<p>La idea es treballar en profunditat amb professionals especialitzats en m\u00fasica, interpretaci\u00f3 i dansa, alguns aspectes que ja es treballen a l\u2019aula.<\/p>\n<p>Per preparar les actuacions que, a final de curs, duran a terme els alumnes a la Mostra d\u2019Art Jove de l\u2019Eixample i al centre.<\/p>\n<p>Els tallers programats gr\u00e0cies a aquesta col\u00b7laboraci\u00f3 s\u00f3n els seg\u00fcents:<\/p>\n<ul>\n<li><strong>Batukada<\/strong>: Sessions impartides pel professor de l\u2019Escola Luthier\u00a0<a href=\"http:\/\/escola.casaluthier.com\/edu-team\/txus-eguilaz-2\/\">Txus Egu\u00edlaz<\/a>, percussionista, actor i pedagog, per a dos grups d\u2019alumnes.<\/li>\n<li><strong>Sonoritzaci\u00f3 d\u2019espectacles<\/strong>: A c\u00e0rrec del t\u00e8cnic de so Adri\u00e0 Vidanya.<\/li>\n<li><strong>Taller de suport als de musicals<\/strong>: Sessions impartides per l\u2019actriu i cantant\u00a0<a href=\"http:\/\/www.mariacasellas.net\/\">Maria Caselles<\/a>.<\/li>\n<li><strong>Tallers d\u2019interpretaci\u00f3<\/strong>: Sessions impartides per l\u2019actor\u00a0<a href=\"http:\/\/www.mariushernandez.com\/\">M\u00e0rius Hern\u00e1ndez<\/a>.<\/li>\n<li><strong>Taller de dansa K-pop:\u00a0<\/strong>Sessions impartides per Ariadna C\u00e0naves.<\/li>\n<\/ul>\n<p><a href=\"https:\/\/agora.xtec.cat\/iesmaragall\/com-treballem\/projectes-activitats\/arts-esceniques\/\"><strong>Taller d\u2019interpretaci\u00f3 de primer de Batxillerat<\/strong><\/a><\/p>\n<p><u>Assignatura\u00a0<\/u>optativa de quatre hores<u>\u00a0impartida per diversos professors. S\u2019hi fa una hora de pr\u00e0ctica teatral, una hora de dansa, una hora de cant i una hora de teoria teatral:<\/u><\/p>\n<p>A\u00a0<strong>pr\u00e0ctica teatral<\/strong> es treballa la improvisaci\u00f3, el gest, la veu, la interpretaci\u00f3 oral de textos\u2026 A banda dels tallers de l\u2019Eix Jove, esmentats anteriorment, es fa un taller d\u2019improvisaci\u00f3 al mateix centre amb un professional del m\u00f3n del teatre, actualment amb l\u2019actor, director i guionista <strong>Sergi Pompermayer<\/strong>. Tamb\u00e9 es preparen en grups, un projecte de direcci\u00f3 esc\u00e8nica d\u2019obres en format microteatre creades pel nostre alumnat.<\/p>\n<p>A <strong>l\u2019 hora de\u00a0dansa<\/strong> es treballa la t\u00e8cnica de base d\u2019un ballar\u00ed, dansa jazz, contempor\u00e0nia, dansa urbana i hip-hop entre d\u2019altres. Fem un taller de hip-hop amb el ballar\u00ed <strong>Loewe Dionela<\/strong>. Durant el curs es presenten les coreografies treballades a classe i algunes creades pels propis alumnes.<\/p>\n<p>A <strong>l\u2019hora de cant<\/strong>, es prepara un repertori, tant en grup com amb solistes, amb acompanyament instrumental i a capel\u00b7la, normalment dedicat a les bandes sonores de pel\u00b7l\u00edcules i obres de teatre musical. Es donen una bases de t\u00e8cnica de posici\u00f3 corporal, respiraci\u00f3, vocalitzaci\u00f3 i afinaci\u00f3. Aquest repertori treballat es mostrar\u00e0 davant de tot l\u2019alumnat en les diferents festes de l\u2019institut. Aquest curs 20-21 hem fet un taller amb la professora i cantant <strong>Jone Arteogoita<\/strong>.<\/p>\n<p>A\u00a0<strong>teoria teatral<\/strong> es donen coneixements b\u00e0sics del m\u00f3n del teatre: oficis, vocabulari, companyies, grans autors, directors, actors\u2026 d\u2019ara i de la hist\u00f2ria del teatre universal.<\/p>\n<p>A partir del curs 20-21, participem en 2 projectes nous de dos anys de durada, on els\/les nostres alumnes, aprendran l\u2019ofici de programador de fires i festivals de teatre, m\u00fasica i dansa del nostre municipi i de tota Catalunya. Alguns\/es d\u2019aquests s\u00f3n: <strong>Festival Salmon i Dansa Quinzena Metropolitana<\/strong> de Barcelona, el <strong>Sism\u00f2graf<\/strong> d\u2019Olot, La <strong>fira de teatre de T\u00e0rrega<\/strong> i el <strong>festival TNT<\/strong> de Terrassa entre d\u2019altres.<\/p>\n<p><a href=\"https:\/\/agora.xtec.cat\/iesmaragall\/com-treballem\/projectes-activitats\/arts-esceniques\/\"><strong>Mat\u00e8ries: Arts esc\u00e8niques de segon de Batxillerat<\/strong><\/a><\/p>\n<p>Assignatura de modalitat de quatre hores. S\u2019hi fa un taller de veu amb un especialista en el mateix centre i es prepara la posada en escena d\u2019una o dues obres teatral al llarg del curs. Els alumnes interessats reben classes pr\u00e0ctiques dels diferents aspectes t\u00e8cnics que intervenen en el m\u00f3n del teatre: projeccions, so i il\u00b7luminaci\u00f3.\u00a0 Es fan diverses activitats lligades al seu futur professional: visita a TV3 i Catalunya R\u00e0dio, escola E\u00f2lia, Institut del Teatre, Espai de Moviment V\u00e0rium. Des de l\u2019aparici\u00f3 d\u2019aquesta modalitat de batxillerat s\u2019han representat en el centre adaptacions de les obres seg\u00fcents:<\/p>\n<ul>\n<li>Nueva York en un poeta (muntatge a partir de poemes de Garc\u00eda Lorca)<\/li>\n<li>El retaule del flautista<\/li>\n<li>Paraula viva (muntatge po\u00e8tic a partir de poemes de Joan Maragall)<\/li>\n<li>El metge a garrotades<\/li>\n<li>Cyrano de Bergerac<\/li>\n<li>Pels p\u00e8ls<\/li>\n<li>Pol\u00edticament incorrecte<\/li>\n<li>Conte de Nadal<\/li>\n<li>Ning\u00fa no \u00e9s perfecte<\/li>\n<li>La volta al m\u00f3n en vuitanta dies<\/li>\n<li>El lloro groc<\/li>\n<li>Els Pastorets<\/li>\n<li>Mamma Mia<\/li>\n<li>Hairspray<\/li>\n<li>El Despertar de la Primavera<\/li>\n<li>Una adaptaci\u00f3 del Petit Princep<\/li>\n<\/ul>\n<p>El centre disposa d\u2019un teatre amb instal\u00b7lacions de llum i so per fer les representacions de les obres a la resta de l\u2019alumnat, a alumnes d\u2019altres centres i als familiars de l\u2019alumnat.<\/p>\n<p>Intentem que tot el nostre alumnat d\u2019Arts Esc\u00e8niques, tant de primer com de segon de Batxillerat, trepitgi el m\u00e0xim d\u2019escenari possible, participant en diferents esdeveniments on se\u2019ns sol\u00b7licita: Organitzades per l\u2019institut: Concert de Nadal, Festa de Carnestoltes, Maragall al Carrer, Festa de Sant Jordi, London Show, Comiats de l\u2019alumnat de l\u2019institut, etc&#8230; I sol\u00b7licitades des del Consorci d\u2019Educaci\u00f3, Ajuntament i Diputaci\u00f3 de Barcelona, Etc: Conducci\u00f3 de la Jubilaci\u00f3 de Personal Docent, Sal\u00f3 de l\u2019Ensenyament, Entrega dels premis dels Jocs Florals de Barcelona al Sal\u00f3 de Cent, diverses vegades a les\u00a0Jornades Joves de Teatre al Teatre Lliure\u00a0i a l\u2019activitat\u00a0Un dia al TNC, a la Mostra d\u2019Arts organitzada per l\u2019Eix Jove, entre d\u2019altres.<\/p>\n<p>&nbsp;<\/p>\n<p><a href=\"https:\/\/agora.xtec.cat\/iesmaragall\/com-treballem\/projectes-activitats\/arts-esceniques\/\"><strong>Mat\u00e8ries: Arts esc\u00e8niques de quart d\u2019ESO<\/strong><\/a><\/p>\n<p>Des del curs 2016-17 s\u2019imparteix la mat\u00e8ria optativa de tres hores d\u2019Arts Esc\u00e8niques de quart d\u2019ESO. Es tracta d\u2019iniciar a l\u2019alumnat en algunes t\u00e8cniques de les arts esc\u00e8niques, sobretot les interpretatives. Al llarg del curs els nois i noies preparen la interpretaci\u00f3 d\u2019alguns textos.<\/p>\n<p>L\u2019assignatura contempla els continguts i criteris d\u2019avaluaci\u00f3 descrits al DOGC n\u00fam.6945 i, per tant, es desenvolupen activitats d\u2019expressi\u00f3 corporal, t\u00e8cniques de veu i de dicci\u00f3, d\u2019improvisaci\u00f3, jocs de confian\u00e7a i d\u2019interpretaci\u00f3. Aix\u00ed com tamb\u00e9, sessions m\u00e9s te\u00f2riques sobre literatura i teoria dram\u00e0tica o hist\u00f2ria de les arts de l\u2019espectacle. L\u2019objectiu \u00e9s que l\u2019alumnat formi un grup cohesionat, inclusiu, respectu\u00f3s i que entengui el teatre com un joc i alhora com la disciplina que \u00e9s. A m\u00e9s a m\u00e9s de millorar en els aspectes ling\u00fc\u00edstics i d\u2019expressi\u00f3 no verbal.<\/p>\n<p>En els darrer anys em participat en el projecte \u201cTot Dansa\u201d, presentant el seu espectacle al Mercat de les Flors.<\/p>\n","protected":false},"excerpt":{"rendered":"<p>El fet d\u2019impartir el Batxillerat d\u2019Arts esc\u00e8niques, m\u00fasica i dansa d\u00f3na al nostre institut unes caracter\u00edstiques que el fan diferent de la resta. L\u2019ensenyament de les arts esc\u00e8niques no nom\u00e9s t\u00e9 influ\u00e8ncia en els nois i noies de Batxillerat inscrits en les mat\u00e8ries d\u2019interpretaci\u00f3, m\u00fasica&hellip;  <a href=\"https:\/\/agora.xtec.cat\/iesmaragall\/com-treballem\/projectes-activitats\/arts-esceniques\/\" title=\"Read Arts esc\u00e8niques\">Llegeix m\u00e9s\u00bb<\/a><\/p>\n","protected":false},"author":1,"featured_media":0,"parent":469,"menu_order":15,"comment_status":"closed","ping_status":"closed","template":"page-templates\/side-menu.php","meta":{"_bbp_topic_count":0,"_bbp_reply_count":0,"_bbp_total_topic_count":0,"_bbp_total_reply_count":0,"_bbp_voice_count":0,"_bbp_anonymous_reply_count":0,"_bbp_topic_count_hidden":0,"_bbp_reply_count_hidden":0,"_bbp_forum_subforum_count":0,"footnotes":""},"class_list":["post-1719","page","type-page","status-publish","hentry"],"post_mailing_queue_ids":[],"_links":{"self":[{"href":"https:\/\/agora.xtec.cat\/iesmaragall\/wp-json\/wp\/v2\/pages\/1719","targetHints":{"allow":["GET"]}}],"collection":[{"href":"https:\/\/agora.xtec.cat\/iesmaragall\/wp-json\/wp\/v2\/pages"}],"about":[{"href":"https:\/\/agora.xtec.cat\/iesmaragall\/wp-json\/wp\/v2\/types\/page"}],"author":[{"embeddable":true,"href":"https:\/\/agora.xtec.cat\/iesmaragall\/wp-json\/wp\/v2\/users\/1"}],"replies":[{"embeddable":true,"href":"https:\/\/agora.xtec.cat\/iesmaragall\/wp-json\/wp\/v2\/comments?post=1719"}],"version-history":[{"count":4,"href":"https:\/\/agora.xtec.cat\/iesmaragall\/wp-json\/wp\/v2\/pages\/1719\/revisions"}],"predecessor-version":[{"id":6458,"href":"https:\/\/agora.xtec.cat\/iesmaragall\/wp-json\/wp\/v2\/pages\/1719\/revisions\/6458"}],"up":[{"embeddable":true,"href":"https:\/\/agora.xtec.cat\/iesmaragall\/wp-json\/wp\/v2\/pages\/469"}],"wp:attachment":[{"href":"https:\/\/agora.xtec.cat\/iesmaragall\/wp-json\/wp\/v2\/media?parent=1719"}],"curies":[{"name":"wp","href":"https:\/\/api.w.org\/{rel}","templated":true}]}}