{"id":1684,"date":"2017-02-18T20:12:57","date_gmt":"2017-02-18T19:12:57","guid":{"rendered":"http:\/\/agora.xtec.cat\/iesmaragall\/?page_id=1684"},"modified":"2021-02-21T17:39:27","modified_gmt":"2021-02-21T16:39:27","slug":"cami-amic","status":"publish","type":"page","link":"https:\/\/agora.xtec.cat\/iesmaragall\/com-treballem\/projectes-activitats\/cami-amic\/","title":{"rendered":"Cam\u00ed Amic"},"content":{"rendered":"<p>El <a href=\"https:\/\/camiamic.wordpress.com\/\">Cam\u00ed Amic<\/a> \u00e9s un <strong>projecte comunitari d\u2019educaci\u00f3 en valors c\u00edvics i mediambientals<\/strong>, que busca la complicitat i la col\u00b7laboraci\u00f3 de la gent dels barris de l\u2019Esquerra de l\u2019Eixample i Sant Antoni. Un comprom\u00eds ciutad\u00e0, amb recolzament municipal, que promou canvis en les conductes m\u00e9s inc\u00edviques i una millor organitzaci\u00f3 de l\u2019espai p\u00fablic.<\/p>\n<p><a href=\"http:\/\/agora.xtec.cat\/iesmaragall\/wp-content\/uploads\/usu1613\/2017\/06\/portada-cami-amic.jpg\"><img loading=\"lazy\" decoding=\"async\" class=\"alignnone size-full wp-image-2518\" src=\"http:\/\/agora.xtec.cat\/iesmaragall\/wp-content\/uploads\/usu1613\/2017\/06\/portada-cami-amic.jpg\" alt=\"\" width=\"968\" height=\"648\" srcset=\"https:\/\/agora.xtec.cat\/iesmaragall\/wp-content\/uploads\/usu1613\/2017\/06\/portada-cami-amic.jpg 968w, https:\/\/agora.xtec.cat\/iesmaragall\/wp-content\/uploads\/usu1613\/2017\/06\/portada-cami-amic-300x201.jpg 300w, https:\/\/agora.xtec.cat\/iesmaragall\/wp-content\/uploads\/usu1613\/2017\/06\/portada-cami-amic-768x514.jpg 768w\" sizes=\"auto, (max-width: 968px) 100vw, 968px\" \/><\/a><\/p>\n<p>No nom\u00e9s vol centrar-se en el disseny d&#8217;un possible recorregut per anar a l&#8217;escola segur, fomentant l\u2019autonomia dels nens i nenes, sin\u00f3 que desitja promoure un \u00fas del carrer m\u00e9s just i respectu\u00f3s amb totes les persones; que el carrer, el barri, la ciutat esdevingui un espai de relaci\u00f3, de col\u00b7laboraci\u00f3 i d\u2019intercanvi, un espai educatiu i d&#8217;enriquiment personal per a tothom, un espai agradable, de participaci\u00f3, implicaci\u00f3 i de treball en xarxa.<\/p>\n<p>Participem al Cam\u00ed Amic diferents centres p\u00fablics de l\u2019Esquerra de l\u2019Eixample i Sant Antoni, i les nostres AMPES, aix\u00ed com a altres entitats i associacions del barri.<\/p>\n<p>El Cam\u00ed Amic, entre d\u2019altres coses, organitzem activitats per les festes majors dels barris de l\u2019Esquerra de l\u2019Eixample i de Sant Antoni i una jornada escolar en la qual els nois i noies ocupen els carrers i espais del barri per realitzar activitats l\u00fadiques.<\/p>\n<p>A m\u00e9s els centres participants fem un treball educatiu conjunt sobre diferents temes. Aquest curs 2017-18 treballem sobre la mobilitat al barri, quins canvis podem fer en la manera que ens movem per aconseguir millores personals i grupals.<\/p>\n<p class=\"entry-title\">El curs 2016-17 les l\u00ednies de treball es van centrar amb la contaminaci\u00f3 ambiental, del treball de l&#8217;alumnat del nostre institut en va resultar l<a href=\"http:\/\/agora.xtec.cat\/iesmaragall\/general\/estudi-de-la-contaminacio-produida-pel-transit-a-lentorn-del-nostre-institut\/\"><strong>&#8216;Estudi de la contaminaci\u00f3 produ\u00efda pel tr\u00e0nsit a l\u2019entorn del nostre institut<\/strong><\/a>. I el curs 2017-18 vam treballar conjuntament amb l&#8217;Institut Ernest Lluch els mitjans de transport que fem servir per anar i tornar de l&#8217;institut i la relaci\u00f3 amb la contaminaci\u00f3, d&#8217;aquesta feina en va sortir el treball <strong><a href=\"https:\/\/drive.google.com\/file\/d\/1lqsOBYBZZH2jLBsnupbv4YXvPNY4MXbl\/view?usp=sharing\">Camina i respira. Com ens movem per la ciutat<\/a>.<\/strong><\/p>\n<p>Una altra preocupaci\u00f3 ha estat aconseguir entorns escolars amables i saludables. Per aix\u00f2 en diferents ocasions hem presentat demandes a l&#8217;Ajuntament, fru\u00eft d&#8217;aquestes demandes em aconseguit ampliar els entorns escolars i guanyar espai als cotxes del carrer. Seguim lluitant per aconseguir menys contaminaci\u00f3, menys soroll i m\u00e9s seguretat.<\/p>\n","protected":false},"excerpt":{"rendered":"<p>El <a href=\"https:\/\/camiamic.wordpress.com\/\">Cam\u00ed Amic<\/a> \u00e9s un projecte comunitari d\u2019educaci\u00f3 en valors c\u00edvics i mediambientals, que busca la complicitat i la col\u00b7laboraci\u00f3 de la gent dels barris de l\u2019Esquerra de l\u2019Eixample i Sant Antoni. Un comprom\u00eds ciutad\u00e0, amb recolzament municipal, que promou canvis en les conductes&hellip;  <a href=\"https:\/\/agora.xtec.cat\/iesmaragall\/com-treballem\/projectes-activitats\/cami-amic\/\" title=\"Read Cam\u00ed Amic\">Llegeix m\u00e9s\u00bb<\/a><\/p>\n","protected":false},"author":1,"featured_media":0,"parent":469,"menu_order":22,"comment_status":"closed","ping_status":"closed","template":"page-templates\/side-menu.php","meta":{"_bbp_topic_count":0,"_bbp_reply_count":0,"_bbp_total_topic_count":0,"_bbp_total_reply_count":0,"_bbp_voice_count":0,"_bbp_anonymous_reply_count":0,"_bbp_topic_count_hidden":0,"_bbp_reply_count_hidden":0,"_bbp_forum_subforum_count":0,"footnotes":""},"class_list":["post-1684","page","type-page","status-publish","hentry"],"post_mailing_queue_ids":[],"_links":{"self":[{"href":"https:\/\/agora.xtec.cat\/iesmaragall\/wp-json\/wp\/v2\/pages\/1684","targetHints":{"allow":["GET"]}}],"collection":[{"href":"https:\/\/agora.xtec.cat\/iesmaragall\/wp-json\/wp\/v2\/pages"}],"about":[{"href":"https:\/\/agora.xtec.cat\/iesmaragall\/wp-json\/wp\/v2\/types\/page"}],"author":[{"embeddable":true,"href":"https:\/\/agora.xtec.cat\/iesmaragall\/wp-json\/wp\/v2\/users\/1"}],"replies":[{"embeddable":true,"href":"https:\/\/agora.xtec.cat\/iesmaragall\/wp-json\/wp\/v2\/comments?post=1684"}],"version-history":[{"count":3,"href":"https:\/\/agora.xtec.cat\/iesmaragall\/wp-json\/wp\/v2\/pages\/1684\/revisions"}],"predecessor-version":[{"id":1687,"href":"https:\/\/agora.xtec.cat\/iesmaragall\/wp-json\/wp\/v2\/pages\/1684\/revisions\/1687"}],"up":[{"embeddable":true,"href":"https:\/\/agora.xtec.cat\/iesmaragall\/wp-json\/wp\/v2\/pages\/469"}],"wp:attachment":[{"href":"https:\/\/agora.xtec.cat\/iesmaragall\/wp-json\/wp\/v2\/media?parent=1684"}],"curies":[{"name":"wp","href":"https:\/\/api.w.org\/{rel}","templated":true}]}}