{"id":10296,"date":"2025-10-03T12:37:13","date_gmt":"2025-10-03T10:37:13","guid":{"rendered":"https:\/\/agora.xtec.cat\/iesmaragall\/?page_id=10296"},"modified":"2025-10-03T12:44:38","modified_gmt":"2025-10-03T10:44:38","slug":"convalidacions-i-exempcions","status":"publish","type":"page","link":"https:\/\/agora.xtec.cat\/iesmaragall\/convalidacions-i-exempcions\/","title":{"rendered":"Convalidacions i exempcions"},"content":{"rendered":"\n<p><a><strong>ESO<\/strong><\/a><\/p>\n\n\n\n<ul class=\"wp-block-list\">\n<li><a href=\"applewebdata:\/\/754CFFD9-F19F-4475-B70F-E2E125909628#ESOM%C3%BAsicaDansa\"><strong>M\u00fasica i Dansa<\/strong><\/a><\/li>\n\n\n\n<li><a href=\"applewebdata:\/\/754CFFD9-F19F-4475-B70F-E2E125909628#ESOEOI\"><strong>EOI<\/strong><\/a><\/li>\n\n\n\n<li><a href=\"applewebdata:\/\/754CFFD9-F19F-4475-B70F-E2E125909628#ESOEsport\"><strong>ESPORT<\/strong><\/a><\/li>\n<\/ul>\n\n\n\n<p><a><strong>M\u00fasica i Dansa<\/strong><\/a><\/p>\n\n\n\n<p>L&#8217;alumnat que cursa l&#8217;ESO i, simult\u00e0niament, estudis de m\u00fasica i dansa en conservatoris, centres professionals o escoles de m\u00fasica i dansa autoritzades, poden sol\u00b7licitar la convalidaci\u00f3 o el reconeixement de mat\u00e8ries d&#8217;ESO.<\/p>\n\n\n\n<ul class=\"wp-block-list\">\n<li><a href=\"applewebdata:\/\/754CFFD9-F19F-4475-B70F-E2E125909628#ESOM%C3%BCsicaConsevatori\">Alumnes d&#8217;ESO que cursen estudis de m\u00fasica en un conservatori o en un centre professional<\/a><\/li>\n\n\n\n<li><a href=\"applewebdata:\/\/754CFFD9-F19F-4475-B70F-E2E125909628#ESOM%C3%BCsicaAutoritzada\">Alumnes d&#8217;ESO que cursen estudis de m\u00fasica en una escola de m\u00fasica autoritzada<\/a><\/li>\n\n\n\n<li><a href=\"applewebdata:\/\/754CFFD9-F19F-4475-B70F-E2E125909628#ESODansaConsevatori\">Alumnes d&#8217;ESO que cursen estudis de dansa en un conservatori o en un centre professional<\/a><\/li>\n\n\n\n<li><a href=\"applewebdata:\/\/754CFFD9-F19F-4475-B70F-E2E125909628#ESODansaAutoritzada\">Alumnes d&#8217;ESO que cursen estudis de dansa en una escola de dansa autoritzada<\/a><\/li>\n<\/ul>\n\n\n\n<ul class=\"wp-block-list\">\n<li><a>Alumnes d&#8217;ESO que cursen\u00a0<u>estudis de m\u00fasica en un conservatori o en un centre professional<\/u><\/a><\/li>\n<\/ul>\n\n\n\n<p><em>Mat\u00e8ries convalidables<\/em>:<\/p>\n\n\n\n<ul class=\"wp-block-list\">\n<li>M\u00fasica (la mat\u00e8ria comuna de primer a tercer curs d&#8217;ESO).\u00a0<\/li>\n\n\n\n<li>Les mat\u00e8ries optatives de primer a tercer curs d&#8217;ESO (2 hores setmanals).\u00a0<\/li>\n\n\n\n<li>Una mat\u00e8ria optativa de quart curs d&#8217;ESO (fins a un m\u00e0xim de 4 hores setmanals).\u00a0<\/li>\n<\/ul>\n\n\n\n<p>*No s\u00f3n convalidables les mat\u00e8ries de Religi\u00f3 ni el Treball de S\u00edntesi (de primer a tercer) ni Educaci\u00f3 en Valors C\u00edvics i \u00c8tics ni el Projecte de Recerca de quart curs.<\/p>\n\n\n\n<ul class=\"wp-block-list\">\n<li><a>Alumnes d&#8217;ESO que cursen\u00a0<u>estudis de m\u00fasica en una escola de m\u00fasica autoritzada<\/u><\/a><\/li>\n<\/ul>\n\n\n\n<p><em>Mat\u00e8ries que es poden recon\u00e8ixer<\/em>:<\/p>\n\n\n\n<p>Situaci\u00f3 1. Alumnes amb una dedicaci\u00f3 hor\u00e0ria a l&#8217;escola de m\u00fasica d&#8217;entre 3 i 4 hores setmanals.&nbsp;<\/p>\n\n\n\n<ul class=\"wp-block-list\">\n<li>Les mat\u00e8ries optatives de primer a tercer curs d&#8217;ESO (2 hores setmanals)\u00a0<\/li>\n\n\n\n<li>Una mat\u00e8ria optativa de quart curs d&#8217;ESO (fins a un m\u00e0xim de 2 hores setmanals)\u00a0<\/li>\n<\/ul>\n\n\n\n<p>*No es poden recon\u00e8ixer les mat\u00e8ries de Religi\u00f3 ni el Treball de S\u00edntesi (de primer a tercer) ni Educaci\u00f3 en Valors C\u00edvics i \u00c8tics ni el Projecte de Recerca de quart curs.&nbsp;<\/p>\n\n\n\n<p>Situaci\u00f3 2. Alumnes amb una dedicaci\u00f3 hor\u00e0ria a l&#8217;escola de m\u00fasica de m\u00e9s de 4 hores setmanals.&nbsp;<\/p>\n\n\n\n<ul class=\"wp-block-list\">\n<li>M\u00fasica (la mat\u00e8ria comuna de primer a tercer curs d&#8217;ESO) Les mat\u00e8ries optatives de primer a tercer curs d&#8217;ESO (2 hores setmanals)\u00a0<\/li>\n\n\n\n<li>Una mat\u00e8ria optativa de quart curs d&#8217;ESO (fins a un m\u00e0xim de 4 hores setmanals)\u00a0<\/li>\n<\/ul>\n\n\n\n<p>*No es poden recon\u00e8ixer les mat\u00e8ries de Religi\u00f3 ni el Treball de S\u00edntesi (de primer a tercer) ni Educaci\u00f3 en Valors C\u00edvics i \u00c8tics ni el Projecte de Recerca de quart curs.<\/p>\n\n\n\n<p><a href=\"https:\/\/drive.google.com\/file\/d\/1gjJvMU3GSXou9tZUmzdGY-y66cQ2LMBp\/view?usp=drive_link\">Sol\u00b7licitud de reducci\u00f3 de mat\u00e8ries de l&#8217;ESO&nbsp;per als alumnes que cursen estudis de m\u00fasica<\/a><strong>&nbsp;<\/strong>EMU1<\/p>\n\n\n\n<ul class=\"wp-block-list\">\n<li><a>Alumnes d&#8217;ESO que cursen estudis de\u00a0<u>dansa en un conservatori o en un centre professional<\/u><\/a><\/li>\n<\/ul>\n\n\n\n<p><em>Mat\u00e8ries convalidables<\/em>:&nbsp;<\/p>\n\n\n\n<ul class=\"wp-block-list\">\n<li>Educaci\u00f3 F\u00edsica M\u00fasica (la mat\u00e8ria comuna de primer a tercer curs d&#8217;ESO)\u00a0<\/li>\n\n\n\n<li>Les mat\u00e8ries optatives de primer a tercer curs d&#8217;ESO (2 hores setmanals per curs) Una mat\u00e8ria optativa de quart curs d&#8217;ESO (fins a un m\u00e0xim de 4 hores setmanals)<\/li>\n<\/ul>\n\n\n\n<p>*No s\u00f3n convalidables les mat\u00e8ries de Religi\u00f3 ni el Treball de S\u00edntesi (de primer a tercer) ni Educaci\u00f3 en Valors C\u00edvics i \u00c8tics ni el Projecte de Recerca de quart curs.<\/p>\n\n\n\n<ul class=\"wp-block-list\">\n<li><a>Alumnes d&#8217;ESO que cursen estudis de\u00a0<u>dansa en una escola de dansa autoritzada<\/u><\/a><\/li>\n<\/ul>\n\n\n\n<p><em>Mat\u00e8ries que es poden recon\u00e8ixer:<\/em><\/p>\n\n\n\n<p>Situaci\u00f3 1. Alumnes amb una dedicaci\u00f3 hor\u00e0ria a l&#8217;escola de dansa d&#8217;entre 3 i 4 hores setmanals.&nbsp;<\/p>\n\n\n\n<ul class=\"wp-block-list\">\n<li>Les mat\u00e8ries optatives de primer a tercer curs d&#8217;ESO (2 hores setmanals)\u00a0<\/li>\n\n\n\n<li>Una mat\u00e8ria optativa de quart curs d&#8217;ESO (fins a un m\u00e0xim de 2 hores setmanals)\u00a0<\/li>\n<\/ul>\n\n\n\n<p>Situaci\u00f3 2. Alumnes amb una dedicaci\u00f3 hor\u00e0ria als estudis de dansa de m\u00e9s de 7 hores setmanals.&nbsp;<\/p>\n\n\n\n<ul class=\"wp-block-list\">\n<li>Educaci\u00f3 F\u00edsica\u00a0<\/li>\n\n\n\n<li>Les mat\u00e8ries optatives de primer a tercer curs d&#8217;ESO (2 hores setmanals per curs)\u00a0<\/li>\n\n\n\n<li>Una mat\u00e8ria optativa de quart curs d&#8217;ESO (fins a un m\u00e0xim de 4 hores setmanals)\u00a0<\/li>\n<\/ul>\n\n\n\n<p>*No es poden recon\u00e8ixer les mat\u00e8ries de Religi\u00f3 ni el Treball de S\u00edntesi (de primer a tercer) ni Educaci\u00f3 en Valors C\u00edvics i \u00c8tics ni el Projecte de Recerca de quart curs.<\/p>\n\n\n\n<p><a href=\"https:\/\/drive.google.com\/file\/d\/1IbUu5PToeHsTTed2o-T3ae3oL354rL38\/view?usp=drive_link\"><strong>Sol\u00b7licitud<\/strong>&nbsp;de reducci\u00f3 de mat\u00e8ries de l&#8217;ESO&nbsp;per als alumnes que cursen&nbsp;<strong>estudis de dansa<\/strong><\/a>&nbsp;EDA 1<strong><\/strong><\/p>\n\n\n\n<ul class=\"wp-block-list\">\n<li><a><strong>EOI<\/strong><\/a><\/li>\n<\/ul>\n\n\n\n<p>A l&#8217;educaci\u00f3 secund\u00e0ria, l&#8217;alumnat que cursa una segona llengua estrangera en una escola oficial d&#8217;idiomes, que no s&#8217;ofereix en el centre educatiu, pot sol\u00b7licitar-ne el reconeixement dels estudis com a mat\u00e8ria optativa de segona llengua estrangera.<strong><\/strong><\/p>\n\n\n\n<p><a href=\"https:\/\/drive.google.com\/file\/d\/17Yv_6RaN-P7YU3fg2n5x_1C_WUcpl1cO\/view?usp=drive_link\">Sol\u00b7licitud de reconeixement de la Segona Llengua Estrangera de l\u2019ESO que no s\u2019ofereix al centre i que es cursa en una EOI<\/a><\/p>\n\n\n\n<ul class=\"wp-block-list\">\n<li><a><strong>ESPORT<\/strong><\/a><\/li>\n<\/ul>\n\n\n\n<p>Els i les alumnes amb dedicaci\u00f3 significativa a l&#8217;esport avalada pel Consell Catal\u00e0 de l&#8217;Esport matriculats en centres que no siguin centres educatius d&#8217;especial atenci\u00f3 a la pr\u00e0ctica esportiva, poden sol\u00b7licitar al director o directora del centre educatiu, en el primer trimestre del curs, que els reconeguin la mat\u00e8ria d&#8217;Educaci\u00f3 F\u00edsica.<\/p>\n\n\n\n<p><a href=\"https:\/\/drive.google.com\/file\/d\/1VaXweXIU2GaTF3QGCjzN0xktmLJpOJ0c\/view?usp=drive_link\">Sol\u00b7licitud de reconeixement de la mat\u00e8ria d&#8217;Educaci\u00f3 F\u00edsica de l&#8217;ESO als alumnes amb dedicaci\u00f3 significativa a l&#8217;esport&nbsp;<\/a><strong><\/strong><\/p>\n\n\n\n<p><a><strong>BATXILLERAT<\/strong><\/a><\/p>\n\n\n\n<ul class=\"wp-block-list\">\n<li><strong><a href=\"applewebdata:\/\/754CFFD9-F19F-4475-B70F-E2E125909628#BATXM%C3%BAsicaDansa\">M\u00fasica i Dansa<\/a><\/strong><\/li>\n\n\n\n<li><a href=\"applewebdata:\/\/754CFFD9-F19F-4475-B70F-E2E125909628#BATXEOI\"><strong>EOI<\/strong><\/a><\/li>\n\n\n\n<li><a href=\"applewebdata:\/\/754CFFD9-F19F-4475-B70F-E2E125909628#BATXEsport\"><strong>ESPORT<\/strong><\/a><\/li>\n\n\n\n<li><a href=\"applewebdata:\/\/754CFFD9-F19F-4475-B70F-E2E125909628#BATXCatal%C3%A0\"><strong>LLENGUA CATALANA<\/strong><\/a><\/li>\n<\/ul>\n\n\n\n<p><a><strong>M\u00fasica i Dansa<\/strong><\/a><\/p>\n\n\n\n<p>L&#8217;alumnat que cursa batxillerat i, simult\u00e0niament, estudis de m\u00fasica en conservatoris, centres professionals o escoles de m\u00fasica autoritzades pot sol\u00b7licitar la convalidaci\u00f3 o el reconeixement de mat\u00e8ries optatives del batxillerat.<\/p>\n\n\n\n<ul class=\"wp-block-list\">\n<li><a href=\"applewebdata:\/\/754CFFD9-F19F-4475-B70F-E2E125909628#BATXM%C3%BCsicaConsevatori\">Alumnes de batxillerat que cursen estudis de m\u00fasica en un conservatori o en un centre professional<\/a><\/li>\n\n\n\n<li><a href=\"applewebdata:\/\/754CFFD9-F19F-4475-B70F-E2E125909628#BATXM%C3%BCsicaAutoritzada\">Alumnes de batxillerat que cursen estudis de m\u00fasica en una escola de m\u00fasica autoritzada<\/a><\/li>\n\n\n\n<li><a href=\"applewebdata:\/\/754CFFD9-F19F-4475-B70F-E2E125909628#BATXDansaConsevatori\">Alumnes de batxillerat que cursen estudis de dansa en un conservatori o en un centre professional<\/a><\/li>\n\n\n\n<li><a href=\"applewebdata:\/\/754CFFD9-F19F-4475-B70F-E2E125909628#BATXDansaAutoritzada\">Alumnes de batxillerat que cursen estudis de dansa en una escola de dansa autoritzada<\/a><\/li>\n<\/ul>\n\n\n\n<ul class=\"wp-block-list\">\n<li><a>Alumnes de batxillerat que cursen estudis de m\u00fasica en un conservatori o en un centre professional<\/a><\/li>\n<\/ul>\n\n\n\n<p><em>Mat\u00e8ries convalidables&nbsp;<\/em><\/p>\n\n\n\n<p>Les mat\u00e8ries que es poden convalidar s\u00f3n les de la franja d&#8217;optatives fins a un m\u00e0xim de 6 hores setmanals a primer de batxillerat (que poden ser de qualsevol de les tres franges optatives i que tenen car\u00e0cter anual) i fins a un m\u00e0xim de 4 hores setmanals a segon de batxillerat.<\/p>\n\n\n\n<p><a href=\"https:\/\/drive.google.com\/file\/d\/1tXdyr9n_iQWVIc3qKYhHpIzqfDk9CRVh\/view?usp=drive_link\">Sol\u00b7licitud de reducci\u00f3 de mat\u00e8ries de la franja d\u2019optatives de batxillerat basant-se en estudis de m\u00fasica en un conservatori o en un centre professional. BMU1<\/a><\/p>\n\n\n\n<ul class=\"wp-block-list\">\n<li><a>Alumnes de batxillerat que cursen estudis de m\u00fasica en una escola de m\u00fasica autoritzada<\/a><\/li>\n<\/ul>\n\n\n\n<p><em>Mat\u00e8ries que es poden recon\u00e8ixer&nbsp;<\/em><\/p>\n\n\n\n<p>Les mat\u00e8ries que es poden recon\u00e8ixer s\u00f3n les de la franja d&#8217;optatives fins a un m\u00e0xim de 6 hores setmanals a primer de batxillerat (que poden ser de qualsevol de les tres franges optatives i que tenen car\u00e0cter anual) i fins a un m\u00e0xim de 4 hores setmanals a segon de batxillerat.<\/p>\n\n\n\n<p><a href=\"https:\/\/drive.google.com\/file\/d\/1tWojpr6xR1iElJUPvwVslcr_2wwu0eXt\/view?usp=drive_link\">Sol\u00b7licitud de reducci\u00f3 de mat\u00e8ries de batxillerat basant-se en estudis de m\u00fasica en una escola de m\u00fasica autoritzada. BMU3<\/a><\/p>\n\n\n\n<ul class=\"wp-block-list\">\n<li><a>Alumnes de batxillerat que cursen estudis de dansa en un conservatori o en un centre professional<\/a><\/li>\n<\/ul>\n\n\n\n<p><em>Mat\u00e8ries convalidables&nbsp;<\/em><\/p>\n\n\n\n<ul class=\"wp-block-list\">\n<li>Educaci\u00f3 F\u00edsica\u00a0<\/li>\n\n\n\n<li>Mat\u00e8ries de la franja d&#8217;optatives fins a un m\u00e0xim de 6 hores setmanals a primer de batxillerat (que poden ser de qualsevol de les tres franges optatives i que tenen car\u00e0cter anual), i fins a un m\u00e0xim de 4 hores setmanals a segon de batxillerat.<\/li>\n<\/ul>\n\n\n\n<p><a href=\"https:\/\/drive.google.com\/file\/d\/1MCFaKFNTOCDJzcVqhf23MWGerfUlOfHp\/view?usp=drive_link\">Sol\u00b7licitud de reducci\u00f3 de mat\u00e8ries de la franja d\u2019optatives i\/o de l\u2019Educaci\u00f3 F\u00edsica de batxillerat basant-se en estudis de dansa en un conservatori o en un centre professional. BDA1<\/a><\/p>\n\n\n\n<ul class=\"wp-block-list\">\n<li><a>Alumnes de batxillerat que cursen estudis de dansa en una escola de dansa autoritzada<\/a><\/li>\n<\/ul>\n\n\n\n<p>Situaci\u00f3 1. Alumnes amb una dedicaci\u00f3 hor\u00e0ria als estudis de dansa d&#8217;entre 7 i 10 hores setmanals&nbsp;<\/p>\n\n\n\n<p>Requisits: ensenyaments en escoles de dansa autoritzades<\/p>\n\n\n\n<p><em>Mat\u00e8ria que es pot recon\u00e8ixer<\/em>: Educaci\u00f3 F\u00edsica.<\/p>\n\n\n\n<p>Situaci\u00f3 2. Alumnes amb una dedicaci\u00f3 hor\u00e0ria als estudis de dansa de m\u00e9s de 10 hores setmanals&nbsp;<\/p>\n\n\n\n<p>Requisits:&nbsp;<\/p>\n\n\n\n<ul class=\"wp-block-list\">\n<li>Cursar ensenyaments en alguna de les escoles de dansa autoritzades.\u00a0<\/li>\n\n\n\n<li>Haver superat la prova d&#8217;acc\u00e9s als ensenyaments de grau professional de dansa en un conservatori o en un centre professional.\u00a0<\/li>\n\n\n\n<li>Cursar ensenyaments de dansa que inclouen, com a m\u00ednim, Dansa Cl\u00e0ssica, T\u00e8cniques de Dansa Contempor\u00e0nia o Dansa Espanyola i continguts de m\u00fasica.\u00a0<\/li>\n<\/ul>\n\n\n\n<p><em>Mat\u00e8ries que es poden recon\u00e8ixer<\/em>: Educaci\u00f3 F\u00edsica, i mat\u00e8ries de la franja d&#8217;optatives fins a un m\u00e0xim de 6 hores setmanals a primer de batxillerat (que poden ser qualsevol de les tres franges i que tenen car\u00e0cter anual), i fins a un m\u00e0xim de 4 hores setmanals a segon de batxillerat.<\/p>\n\n\n\n<p><a href=\"https:\/\/drive.google.com\/file\/d\/1tWojpr6xR1iElJUPvwVslcr_2wwu0eXt\/view?usp=drive_link\">Sol\u00b7licitud de reducci\u00f3 de mat\u00e8ries de la franja d&#8217;optatives i\/o de l&#8217;Educaci\u00f3 F\u00edsica del batxillerat basant-se en estudis de dansa en una escola de dansa autoritzada. BDA3<\/a><\/p>\n\n\n\n<p><a><strong>EOI<\/strong><\/a><\/p>\n\n\n\n<p>L&#8217;alumne o alumna que cursa batxillerat i, al mateix temps, una segona llengua en una escola oficial d&#8217;idiomes pot sol\u00b7licitar la convalidaci\u00f3 de mat\u00e8ries optatives de batxillerat (6 hores setmanals a primer i 4 hores setmanals a segon), si cursa a l&#8217;EOI:&nbsp;<\/p>\n\n\n\n<ul class=\"wp-block-list\">\n<li>el nivell B2 o superior d&#8217;una segona llengua estrangera que ofereix el centre<\/li>\n\n\n\n<li>una llengua estrangera que no ofereix el centre.<\/li>\n<\/ul>\n\n\n\n<p><a href=\"applewebdata:\/\/754CFFD9-F19F-4475-B70F-E2E125909628\/Sol%C2%B7licitud%20de%20convalidaci%C3%B3%20de%20mat%C3%A8ries%20optatives%20de%20batxillerat%20per%20a%20alumnes\">Sol\u00b7licitud de convalidaci\u00f3 de mat\u00e8ries optatives de batxillerat per a alumnes que cursen simult\u00e0niament una segona llengua estrangera en una EOI.CEO1<\/a><\/p>\n\n\n\n<p><a><strong>ESPORT<\/strong><\/a><\/p>\n\n\n\n<p>L\u2019alumnat amb dedicaci\u00f3 significativa a l&#8217;esport, avalada pel Consell Catal\u00e0 de l&#8217;Esport i matriculats en centres que no pertanyen als centres educatius d&#8217;especial atenci\u00f3 a la pr\u00e0ctica esportiva, poden sol\u00b7licitar a la direcci\u00f3 del centre educatiu, durant el primer trimestre del curs, que se&#8217;ls apliqui un pla de suport individualitzat (PI) que inclogui el reconeixement de la mat\u00e8ria d&#8217;Educaci\u00f3 F\u00edsica, de dues franges&nbsp;de les mat\u00e8ries optatives&nbsp;de primer (6 hores) i de la franja de mat\u00e8ries optatives \u200bde segon (4 hores) de batxillerat.<\/p>\n\n\n\n<p><a href=\"https:\/\/drive.google.com\/file\/d\/1HO4eQJi-7FcINcUR2-tfjsM7QfpycCFc\/view?usp=drive_link\">Sol\u00b7licitud de reconeixement de mat\u00e8ries de la franja d\u2019optatives i\/o de l\u2019Educaci\u00f3 F\u00edsica de batxillerat als alumnes amb dedicaci\u00f3 significativa a l\u2019esport<\/a><\/p>\n\n\n\n<p><a><strong>LLENGUA CATALANA<\/strong><\/a><\/p>\n\n\n\n<p>\u200bL&#8217;alumne o alumna que s&#8217;incorpora a primer o a segon curs de batxillerat procedent de fora del territori de Catalunya i que no ha cursat mai les mat\u00e8ries de Llengua Catalana i Literatura o equivalents, pot demanar l&#8217;exempci\u00f3 de l&#8217;acreditaci\u00f3 del coneixement del catal\u00e0.<\/p>\n\n\n\n<p>\u200b&nbsp;El fet d&#8217;obtenir l&#8217;exempci\u00f3 de la qualificaci\u00f3 no eximeix l&#8217;alumne o alumna d&#8217;assistir a classe de Llengua Catalana i Literatura, on ha de seguir un programa espec\u00edfic que li permeti assolir, com a m\u00ednim, una comprensi\u00f3 oral i escrita de la llengua.<\/p>\n\n\n\n<p>Aquest programa espec\u00edfic, amb les adaptacions i suports pertinents, s&#8217;ha de formalitzar en un PI.<\/p>\n\n\n\n<p><a href=\"https:\/\/drive.google.com\/file\/d\/1xxCgV3EbZZ8PgrAHQ-X9zvZ1N8s3vfzV\/view?usp=drive_link\">Sol\u00b7licitud de l\u2019alumne\/a d\u2019exempci\u00f3 de la qualificaci\u00f3 final de la mat\u00e8ria de Llengua Catalana i Literatura de batxillerat<\/a><\/p>\n\n\n\n<p><a><strong>NORMATIVA<\/strong><\/a><\/p>\n\n\n\n<ul class=\"wp-block-list\">\n<li><a href=\"https:\/\/drive.google.com\/file\/d\/1XnGTiuP6FASuzDyE7cd4N_EvIwvllMKs\/view?usp=drive_link\">DECRET 150\/2017<\/a>, de 17 d&#8217;octubre, de l&#8217;atenci\u00f3 educativa a l&#8217;alumnat en el marc d\u2019un sistema educatiu\u00a0inclusiu.\u00a0<em>(Enlla\u00e7)<\/em><\/li>\n\n\n\n<li><a href=\"https:\/\/drive.google.com\/file\/d\/1EjfoTcWVn_G9DIVlCyRhRol5N5P1fWZB\/view?usp=drive_link\">Reial decret 562\/2017<\/a>, de 2 de juny, pel qual es regulen les condicions per a l&#8217;obtenci\u00f3 dels t\u00edtols de graduat en educaci\u00f3 secund\u00e0ria obligat\u00f2ria i de batxiller, d&#8217;acord amb el que disposa el Reial decret llei 5\/2016, de 9 de desembre, de mesures urgents per a l&#8217;ampliaci\u00f3 del calendari d\u2019implantaci\u00f3 de la Llei org\u00e0nica 8\/2013, de 9 de desembre, per a la millora de la qualitat educativa.\u00a0<em>(Enlla\u00e7)<\/em><\/li>\n\n\n\n<li><a href=\"https:\/\/drive.google.com\/file\/d\/1TZcZlnzbjU5TJKqG9e6p7SWS0oLCbVj0\/view?usp=drive_link\">Reial decret 242\/2009<\/a>, de 27 de febrer, pel qual s&#8217;estableixen convalidacions entre els ensenyaments professionals de m\u00fasica i de dansa i l&#8217;educaci\u00f3 secund\u00e0ria obligat\u00f2ria i el batxillerat, aix\u00ed com els efectes que sobre la mat\u00e8ria d&#8217;educaci\u00f3 f\u00edsica han de tenir la condici\u00f3 d\u2019esportista d&#8217;alt nivell o alt rendiment i els ensenyaments professionals de dansa.\u00a0<em>(Enlla\u00e7)<\/em><\/li>\n\n\n\n<li><a href=\"https:\/\/drive.google.com\/file\/d\/1nOvTRhiP9IoSh8UOCquI1yL6KsoYQLOA\/view?usp=drive_link\">LLEI 1\/1998<\/a>, de 7 de gener, de pol\u00edtica ling\u00fc\u00edstica.\u00a0<em>(Enlla\u00e7)<\/em><\/li>\n<\/ul>\n","protected":false},"excerpt":{"rendered":"<p><a>ESO<\/a><\/p>\n<ul class=\"wp-block-list\">\n<li><a href=\"applewebdata:\/\/754CFFD9-F19F-4475-B70F-E2E125909628#ESOM%C3%BAsicaDansa\">M\u00fasica i Dansa<\/a><\/li>\n<li><a href=\"applewebdata:\/\/754CFFD9-F19F-4475-B70F-E2E125909628#ESOEOI\">EOI<\/a><\/li>\n<li><a href=\"applewebdata:\/\/754CFFD9-F19F-4475-B70F-E2E125909628#ESOEsport\">ESPORT<\/a><\/li>\n<\/ul>\n<p><a>M\u00fasica i Dansa<\/a><\/p>\n<p>L&#8217;alumnat que cursa l&#8217;ESO i, simult\u00e0niament, estudis de m\u00fasica i dansa en conservatoris, centres professionals o escoles de m\u00fasica i dansa autoritzades, poden sol\u00b7licitar la convalidaci\u00f3 o el reconeixement de mat\u00e8ries d&#8217;ESO.<\/p>\n<ul class=\"wp-block-list\">\n<li><a href=\"applewebdata:\/\/754CFFD9-F19F-4475-B70F-E2E125909628#ESOM%C3%BCsicaConsevatori\">Alumnes d&#8217;ESO que cursen&hellip;  <a href=\"https:\/\/agora.xtec.cat\/iesmaragall\/convalidacions-i-exempcions\/\" title=\"Read Convalidacions i exempcions\">Llegeix m\u00e9s\u00bb<\/a><br \/>\n","protected":false},"author":1,"featured_media":0,"parent":0,"menu_order":0,"comment_status":"closed","ping_status":"close","template":"","meta":{"_bbp_topic_count":0,"_bbp_reply_count":0,"_bbp_total_topic_count":0,"_bbp_total_reply_count":0,"_bbp_voice_count":0,"_bbp_anonymous_reply_count":0,"_bbp_topic_count_hidden":0,"_bbp_reply_count_hidden":0,"_bbp_forum_subforum_count":0,"footnotes":""},"class_list":["post-10296","page","type-page","status-publish","hentry"],"post_mailing_queue_ids":[],"_links":{"self":[{"href":"https:\/\/agora.xtec.cat\/iesmaragall\/wp-json\/wp\/v2\/pages\/10296","targetHints":{"allow":["GET"]}}],"collection":[{"href":"https:\/\/agora.xtec.cat\/iesmaragall\/wp-json\/wp\/v2\/pages"}],"about":[{"href":"https:\/\/agora.xtec.cat\/iesmaragall\/wp-json\/wp\/v2\/types\/page"}],"author":[{"embeddable":true,"href":"https:\/\/agora.xtec.cat\/iesmaragall\/wp-json\/wp\/v2\/users\/1"}],"replies":[{"embeddable":true,"href":"https:\/\/agora.xtec.cat\/iesmaragall\/wp-json\/wp\/v2\/comments?post=10296"}],"version-history":[{"count":4,"href":"https:\/\/agora.xtec.cat\/iesmaragall\/wp-json\/wp\/v2\/pages\/10296\/revisions"}],"predecessor-version":[{"id":10302,"href":"https:\/\/agora.xtec.cat\/iesmaragall\/wp-json\/wp\/v2\/pages\/10296\/revisions\/10302"}],"wp:attachment":[{"href":"https:\/\/agora.xtec.cat\/iesmaragall\/wp-json\/wp\/v2\/media?parent=10296"}],"curies":[{"name":"wp","href":"https:\/\/api.w.org\/{rel}","templated":true}]}}