{"id":848,"date":"2015-11-23T17:01:01","date_gmt":"2015-11-23T16:01:01","guid":{"rendered":"http:\/\/agora.xtec.cat\/iesmanolohugue\/intraweb\/normativa-en-cas-de-vaga-o-manifestacio-dalumnes\/"},"modified":"2019-09-30T13:53:39","modified_gmt":"2019-09-30T11:53:39","slug":"normativa-en-cas-de-vaga-o-manifestacio-dalumnes","status":"publish","type":"page","link":"https:\/\/agora.xtec.cat\/iesmanolohugue\/normativa-en-cas-de-vaga-o-manifestacio-dalumnes\/","title":{"rendered":"NORMATIVA EN CAS DE VAGA O MANIFESTACI\u00d3 D&#8217;ALUMNES"},"content":{"rendered":"<p class=\"c10 c11\"><span class=\"c3\"><span style=\"font-family: arial, helvetica, sans-serif;\">Davant de convocat\u00f2ries de vagues per part de diferents organitzacions d\u2019estudiants, la postura que adoptar\u00e0 el centre ser\u00e0 la seg\u00fcent:<\/span><\/span><\/p>\n<ol class=\"c2 lst-kix_list_1-0 start\" start=\"1\">\n<li class=\"c8\"><span class=\"c3\"><span style=\"font-family: arial, helvetica, sans-serif;\">Aquestes jornades de vaga s\u00f3n convocades pels alumnes, sense que el personal docent i no docent de l\u2019Institut hi prengui part.<\/span><\/span><\/li>\n<\/ol>\n<ol class=\"c2 lst-kix_list_1-0\" start=\"2\">\n<li class=\"c8\"><span class=\"c3\"><span style=\"font-family: arial, helvetica, sans-serif;\">En aquestes jornades, cal que totes les fam\u00edlies tinguin clar que l\u2019Institut segueix el seu horari habitual i que l\u2019alumnat \u00e9s at\u00e8s, encara que el nombre sigui redu\u00eft, i que tamb\u00e9 funcionen tots els serveis escolars.<\/span><\/span><\/li>\n<\/ol>\n<ol class=\"c2 lst-kix_list_1-0\" start=\"3\">\n<li class=\"c8\"><span class=\"c3\"><span style=\"font-family: arial, helvetica, sans-serif;\">Segons el Decret de drets i deures dels alumnes, cap noi o noia que cursi l\u2019ESO t\u00e9 dret a la vaga i, per tant, t\u00e9 l\u2019obligaci\u00f3 d\u2019assistir a les activitats de l\u2019Institut durant aquestes jornades reivindicatives.<\/span><\/span><\/li>\n<\/ol>\n<ol class=\"c2 lst-kix_list_1-0\" start=\"4\">\n<li class=\"c8\"><span class=\"c3\"><span style=\"font-family: arial, helvetica, sans-serif;\">El mateix Decret de drets i deures, per\u00f2, permet que el centre no sancioni la \u201cmanca d\u2019assist\u00e8ncia generalitzada\u201d. \u00c9s per aix\u00f2 que, sempre que es donin unes determinades condicions (justificant d&#8217;abs\u00e8ncia d les fam\u00edlies), la Direcci\u00f3 del centre far\u00e0 \u00fas d\u2019aquesta possibilitat i no considerar\u00e0 faltes no justificades les que es produeixin en aquestes ocasions.<\/span><\/span><\/li>\n<\/ol>\n<ol class=\"c2 lst-kix_list_1-0\" start=\"5\">\n<li class=\"c8\"><span class=\"c3\"><span style=\"font-family: arial, helvetica, sans-serif;\">Segons acord del Consell Escolar de l\u2019Institut, el punt anterior no \u00e9s aplicable als alumnes de primer i segon d\u2019ESO, \u00e9s a dir, ser\u00e0 considerada falta no justificada l\u2019abs\u00e8ncia dels\/de les alumnes que no assisteixin al centre durant aquestes jornades de vaga.<\/span><\/span><\/li>\n<\/ol>\n<ol class=\"c2 lst-kix_list_1-0\" start=\"6\">\n<li class=\"c8\"><span class=\"c3\"><span style=\"font-family: arial, helvetica, sans-serif;\">L\u2019Institut deixa const\u00e0ncia, davant de les fam\u00edlies, que no es responsabilitza de cap circumst\u00e0ncia que pugui afectar algun alumne o alumna, durant aquestes jornades, si no assisteix al centre.<\/span><\/span><\/li>\n<\/ol>\n<ol class=\"c2 lst-kix_list_1-0\" start=\"7\">\n<li class=\"c8\"><span class=\"c3\"><span style=\"font-family: arial, helvetica, sans-serif;\">Si, en alguna ocasi\u00f3, el personal docent de l\u2019Institut convoca o s\u2019adhereix a alguna jornada de vaga, pr\u00e8viament, les fam\u00edlies rebran una comunicaci\u00f3 on s\u2019indicar\u00e0 aquest fet i es donaran a con\u00e8ixer els serveis m\u00ednims establerts.<\/span><\/span><\/li>\n<\/ol>\n<div>\n<p class=\"c6 c12\">\n<\/div>\n<p>&nbsp;<\/p>\n","protected":false},"excerpt":{"rendered":"<p>Davant de convocat\u00f2ries de vagues per part de diferents organitzacions d\u2019estudiants, la postura que adoptar\u00e0 el centre ser\u00e0 la seg\u00fcent:<\/p>\n<ol class=\"c2 lst-kix_list_1-0 start\" start=\"1\">\n<li class=\"c8\">Aquestes jornades de vaga s\u00f3n convocades pels alumnes, sense que el personal docent i no docent de l\u2019Institut hi prengui part.<\/li>\n<\/ol>\n<ol&hellip;  <a href=\"https:\/\/agora.xtec.cat\/iesmanolohugue\/normativa-en-cas-de-vaga-o-manifestacio-dalumnes\/\" title=\"Read NORMATIVA EN CAS DE VAGA O MANIFESTACI\u00d3 D&#8217;ALUMNES\">Llegeix m\u00e9s\u00bb<\/a><\/p>\n","protected":false},"author":1,"featured_media":0,"parent":0,"menu_order":0,"comment_status":"open","ping_status":"open","template":"page-templates\/side-menu.php","meta":{"_bbp_topic_count":0,"_bbp_reply_count":0,"_bbp_total_topic_count":0,"_bbp_total_reply_count":0,"_bbp_voice_count":0,"_bbp_anonymous_reply_count":0,"_bbp_topic_count_hidden":0,"_bbp_reply_count_hidden":0,"_bbp_forum_subforum_count":0,"footnotes":""},"class_list":["post-848","page","type-page","status-publish","hentry"],"post_mailing_queue_ids":[],"_links":{"self":[{"href":"https:\/\/agora.xtec.cat\/iesmanolohugue\/wp-json\/wp\/v2\/pages\/848","targetHints":{"allow":["GET"]}}],"collection":[{"href":"https:\/\/agora.xtec.cat\/iesmanolohugue\/wp-json\/wp\/v2\/pages"}],"about":[{"href":"https:\/\/agora.xtec.cat\/iesmanolohugue\/wp-json\/wp\/v2\/types\/page"}],"author":[{"embeddable":true,"href":"https:\/\/agora.xtec.cat\/iesmanolohugue\/wp-json\/wp\/v2\/users\/1"}],"replies":[{"embeddable":true,"href":"https:\/\/agora.xtec.cat\/iesmanolohugue\/wp-json\/wp\/v2\/comments?post=848"}],"version-history":[{"count":3,"href":"https:\/\/agora.xtec.cat\/iesmanolohugue\/wp-json\/wp\/v2\/pages\/848\/revisions"}],"predecessor-version":[{"id":10478,"href":"https:\/\/agora.xtec.cat\/iesmanolohugue\/wp-json\/wp\/v2\/pages\/848\/revisions\/10478"}],"wp:attachment":[{"href":"https:\/\/agora.xtec.cat\/iesmanolohugue\/wp-json\/wp\/v2\/media?parent=848"}],"curies":[{"name":"wp","href":"https:\/\/api.w.org\/{rel}","templated":true}]}}