{"id":843,"date":"2015-11-23T17:01:01","date_gmt":"2015-11-23T16:01:01","guid":{"rendered":"http:\/\/agora.xtec.cat\/iesmanolohugue\/intraweb\/el-nostre-lipdub\/"},"modified":"2018-11-01T10:39:23","modified_gmt":"2018-11-01T09:39:23","slug":"el-nostre-lipdub","status":"publish","type":"page","link":"https:\/\/agora.xtec.cat\/iesmanolohugue\/el-nostre-lipdub\/","title":{"rendered":"El nostre Lipdub"},"content":{"rendered":"<p>Aquest \u00e9s el nostre Lipdub, realitzat durant el curs 2012-2013 per alumnes de 4t d&#8217;ESO i 1r de batxillerat sota la direcci\u00f3 de la professora de m\u00fasica Eva Ruiz. Hi van col\u00b7laborar alumnes de tots els cursos i professors.<\/p>\n<p>&nbsp;<\/p>\n<table style=\"width: 700px; border: 18px solid #2e76ff; border-collapse: collapse;\" cellpadding=\"0\">\n<tbody>\n<tr>\n<td style=\"border: 18px solid #2e76ff;\"><iframe loading=\"lazy\" src=\"https:\/\/www.youtube.com\/embed\/Ia_nC-l1Bpk\" width=\"700\" height=\"315\" frameborder=\"0\" allowfullscreen=\"allowfullscreen\"><\/iframe><\/td>\n<\/tr>\n<\/tbody>\n<\/table>\n","protected":false},"excerpt":{"rendered":"<p>Aquest \u00e9s el nostre Lipdub, realitzat durant el curs 2012-2013 per alumnes de 4t d&#8217;ESO i 1r de batxillerat sota la direcci\u00f3 de la professora de m\u00fasica Eva Ruiz. Hi van col\u00b7laborar alumnes de tots els cursos i professors.<br \/>\n&nbsp;<\/p>\n","protected":false},"author":1,"featured_media":0,"parent":0,"menu_order":0,"comment_status":"open","ping_status":"open","template":"page-templates\/side-menu.php","meta":{"_bbp_topic_count":0,"_bbp_reply_count":0,"_bbp_total_topic_count":0,"_bbp_total_reply_count":0,"_bbp_voice_count":0,"_bbp_anonymous_reply_count":0,"_bbp_topic_count_hidden":0,"_bbp_reply_count_hidden":0,"_bbp_forum_subforum_count":0,"footnotes":""},"class_list":["post-843","page","type-page","status-publish","hentry"],"post_mailing_queue_ids":[],"_links":{"self":[{"href":"https:\/\/agora.xtec.cat\/iesmanolohugue\/wp-json\/wp\/v2\/pages\/843","targetHints":{"allow":["GET"]}}],"collection":[{"href":"https:\/\/agora.xtec.cat\/iesmanolohugue\/wp-json\/wp\/v2\/pages"}],"about":[{"href":"https:\/\/agora.xtec.cat\/iesmanolohugue\/wp-json\/wp\/v2\/types\/page"}],"author":[{"embeddable":true,"href":"https:\/\/agora.xtec.cat\/iesmanolohugue\/wp-json\/wp\/v2\/users\/1"}],"replies":[{"embeddable":true,"href":"https:\/\/agora.xtec.cat\/iesmanolohugue\/wp-json\/wp\/v2\/comments?post=843"}],"version-history":[{"count":3,"href":"https:\/\/agora.xtec.cat\/iesmanolohugue\/wp-json\/wp\/v2\/pages\/843\/revisions"}],"predecessor-version":[{"id":9141,"href":"https:\/\/agora.xtec.cat\/iesmanolohugue\/wp-json\/wp\/v2\/pages\/843\/revisions\/9141"}],"wp:attachment":[{"href":"https:\/\/agora.xtec.cat\/iesmanolohugue\/wp-json\/wp\/v2\/media?parent=843"}],"curies":[{"name":"wp","href":"https:\/\/api.w.org\/{rel}","templated":true}]}}