{"id":27,"date":"2014-09-17T16:24:03","date_gmt":"2014-09-17T16:24:03","guid":{"rendered":"http:\/\/agora.xtec.cat\/iesmanolohugue\/?page_id=27"},"modified":"2016-05-16T23:26:54","modified_gmt":"2016-05-16T21:26:54","slug":"historia","status":"publish","type":"page","link":"https:\/\/agora.xtec.cat\/iesmanolohugue\/linstitut\/historia\/","title":{"rendered":"Manolo Hugu\u00e9"},"content":{"rendered":"<table style=\"width: 1000px; height: 816px;\" cellpadding=\"2\" align=\"center\">\n<tbody>\n<tr>\n<th scope=\"col\" width=\"650\">\n<p align=\"left\"><span style=\"font-family: verdana, arial, helvetica, sans-serif; font-size: 12pt;\">Manuel Mart\u00ednez Hugu\u00e9 (Barcelona, 1872 \u2013 Caldes de Montbui, 1945), conegut com a Manolo Hugu\u00e9 ha destacat com a escultor, pintor i dissenyador de joies.<\/span><\/p>\n<p align=\"left\"><span style=\"font-family: verdana, arial, helvetica, sans-serif; font-size: 12pt;\">El 1900 va formar part del grup art\u00edstic barcelon\u00ed dels Quatre Gats on va con\u00e8ixer Pablo Picasso, a qui retrobaria a Par\u00eds el 1901. M\u00e9s tard (1910) es va instal\u00b7lar a Ceret, vila propera a Perpiny\u00e0 conjuntament amb Picasso, Matisse, Derain, Maillol, Enric Casanovas, Joaquim Sunyer i Juan Gris, entre d\u2019altres.<\/span><\/p>\n<p align=\"left\"><span style=\"font-family: verdana, arial, helvetica, sans-serif; font-size: 12pt;\">El seu estil, a mig cam\u00ed del Noucentisme i el Cubisme l\u2019ha convertit en un dels millors escultors catalans del s. XX amb obres en els museus m\u00e9s importants de Catalunya i tamb\u00e9 d\u2019arreu d\u2019Europa.<\/span><\/p>\n<p align=\"left\"><span style=\"font-family: verdana, arial, helvetica, sans-serif; font-size: 12pt;\">A la tardor del 1927 Manolo Hugu\u00e9 va caure malalt de poliartritis i va decidir traslladar-se a Caldes de Montbui per prendre aig\u00fces termals. Manolo ja coneixia la vila de Caldes perqu\u00e8 la seva \u00e0via materna hi havia nascut i ell hi havia passat algunes temporades de petit.<\/span><\/p>\n<p align=\"left\"><span style=\"font-family: verdana, arial, helvetica, sans-serif; font-size: 12pt;\">El 1928 es va instal\u00b7lar en una masia coneguda com a Mas Manolo on viuria i tindria tamb\u00e9 el seu taller art\u00edstic fins a la seva mort, el 17 de novembre de 1945.<\/span><\/p>\n<\/th>\n<th scope=\"col\" align=\"center\" valign=\"up\" width=\"350\">\n<p><figure class=\"figure wp-caption alignnone\"><img loading=\"lazy\" decoding=\"async\" class=\"\" src=\"https:\/\/upload.wikimedia.org\/wikipedia\/commons\/thumb\/c\/c7\/Ramon_Casas-Retrat_de_Manolo_Hugu%C3%A9.jpeg\/220px-Ramon_Casas-Retrat_de_Manolo_Hugu%C3%A9.jpeg\" alt=\"Manolo Hugu\u00e9\" width=\"317\" height=\"668\" \/><figcaption class=\"wp-caption-text\">Manolo Hugu\u00e9 vist per Ramon Casas<\/figcaption><\/figure><\/th>\n<\/tr>\n<\/tbody>\n<\/table>\n","protected":false},"excerpt":{"rendered":"<p>Manuel Mart\u00ednez Hugu\u00e9 (Barcelona, 1872 \u2013 Caldes de Montbui, 1945), conegut com a Manolo Hugu\u00e9 ha destacat com a escultor, pintor i dissenyador de joies.<br \/>\nEl 1900 va formar part del grup art\u00edstic barcelon\u00ed dels Quatre Gats on va con\u00e8ixer Pablo Picasso, a qui retrobaria a&hellip;  <a href=\"https:\/\/agora.xtec.cat\/iesmanolohugue\/linstitut\/historia\/\" title=\"Read Manolo Hugu\u00e9\">Llegeix m\u00e9s\u00bb<\/a><\/p>\n","protected":false},"author":1,"featured_media":0,"parent":19,"menu_order":20,"comment_status":"closed","ping_status":"closed","template":"page-templates\/side-menu.php","meta":{"_bbp_topic_count":0,"_bbp_reply_count":0,"_bbp_total_topic_count":0,"_bbp_total_reply_count":0,"_bbp_voice_count":0,"_bbp_anonymous_reply_count":0,"_bbp_topic_count_hidden":0,"_bbp_reply_count_hidden":0,"_bbp_forum_subforum_count":0,"footnotes":""},"class_list":["post-27","page","type-page","status-publish","hentry"],"post_mailing_queue_ids":[],"_links":{"self":[{"href":"https:\/\/agora.xtec.cat\/iesmanolohugue\/wp-json\/wp\/v2\/pages\/27","targetHints":{"allow":["GET"]}}],"collection":[{"href":"https:\/\/agora.xtec.cat\/iesmanolohugue\/wp-json\/wp\/v2\/pages"}],"about":[{"href":"https:\/\/agora.xtec.cat\/iesmanolohugue\/wp-json\/wp\/v2\/types\/page"}],"author":[{"embeddable":true,"href":"https:\/\/agora.xtec.cat\/iesmanolohugue\/wp-json\/wp\/v2\/users\/1"}],"replies":[{"embeddable":true,"href":"https:\/\/agora.xtec.cat\/iesmanolohugue\/wp-json\/wp\/v2\/comments?post=27"}],"version-history":[{"count":3,"href":"https:\/\/agora.xtec.cat\/iesmanolohugue\/wp-json\/wp\/v2\/pages\/27\/revisions"}],"predecessor-version":[{"id":2275,"href":"https:\/\/agora.xtec.cat\/iesmanolohugue\/wp-json\/wp\/v2\/pages\/27\/revisions\/2275"}],"up":[{"embeddable":true,"href":"https:\/\/agora.xtec.cat\/iesmanolohugue\/wp-json\/wp\/v2\/pages\/19"}],"wp:attachment":[{"href":"https:\/\/agora.xtec.cat\/iesmanolohugue\/wp-json\/wp\/v2\/media?parent=27"}],"curies":[{"name":"wp","href":"https:\/\/api.w.org\/{rel}","templated":true}]}}