{"id":19127,"date":"2026-04-08T00:00:31","date_gmt":"2026-04-07T22:00:31","guid":{"rendered":"https:\/\/agora.xtec.cat\/iesmanolohugue\/?page_id=19127"},"modified":"2026-04-10T08:39:32","modified_gmt":"2026-04-10T06:39:32","slug":"preinscripcio-i-matricula-2026-2027","status":"publish","type":"page","link":"https:\/\/agora.xtec.cat\/iesmanolohugue\/documentacio-de-centre\/preinscripcio-i-matricula-2026-2027\/","title":{"rendered":"PREINSCRIPCI\u00d3 I MATRICULA 2026-2027"},"content":{"rendered":"<p>Aqu\u00ed teniu tots els documents relatius a la Preinscripci\u00f3 i matricula del curs vinent 2026-2027:<\/p>\n<p><a href=\"https:\/\/agora.xtec.cat\/iesmanolohugue\/wp-content\/uploads\/usu9\/2026\/03\/OFERTA-PLACES-ESO-2026-2027.doc\">OFERTA PLACES ESO 2026-2027<\/a><\/p>\n<p><a href=\"https:\/\/agora.xtec.cat\/iesmanolohugue\/wp-content\/uploads\/usu9\/2026\/04\/OFERTA-BTX-2026-2027.doc\">OFERTA BATXILLERAT 2026-2027<\/a><\/p>\n<p><a href=\"https:\/\/preinscripcio.gencat.cat\/ca\/inici\/index.html\">PREINSCRIPCI\u00d3 2026-2027<\/a><\/p>\n<p>&nbsp;<\/p>\n","protected":false},"excerpt":{"rendered":"<p>Aqu\u00ed teniu tots els documents relatius a la Preinscripci\u00f3 i matricula del curs vinent 2026-2027:<br \/>\n<a href=\"https:\/\/agora.xtec.cat\/iesmanolohugue\/wp-content\/uploads\/usu9\/2026\/03\/OFERTA-PLACES-ESO-2026-2027.doc\">OFERTA PLACES ESO 2026-2027<\/a><br \/>\n<a href=\"https:\/\/agora.xtec.cat\/iesmanolohugue\/wp-content\/uploads\/usu9\/2026\/04\/OFERTA-BTX-2026-2027.doc\">OFERTA BATXILLERAT 2026-2027<\/a><br \/>\n<a href=\"https:\/\/preinscripcio.gencat.cat\/ca\/inici\/index.html\">PREINSCRIPCI\u00d3 2026-2027<\/a><br \/>\n&nbsp;<\/p>\n","protected":false},"author":222,"featured_media":0,"parent":11987,"menu_order":0,"comment_status":"closed","ping_status":"closed","template":"","meta":{"_bbp_topic_count":0,"_bbp_reply_count":0,"_bbp_total_topic_count":0,"_bbp_total_reply_count":0,"_bbp_voice_count":0,"_bbp_anonymous_reply_count":0,"_bbp_topic_count_hidden":0,"_bbp_reply_count_hidden":0,"_bbp_forum_subforum_count":0,"footnotes":""},"class_list":["post-19127","page","type-page","status-publish","hentry"],"post_mailing_queue_ids":[],"_links":{"self":[{"href":"https:\/\/agora.xtec.cat\/iesmanolohugue\/wp-json\/wp\/v2\/pages\/19127","targetHints":{"allow":["GET"]}}],"collection":[{"href":"https:\/\/agora.xtec.cat\/iesmanolohugue\/wp-json\/wp\/v2\/pages"}],"about":[{"href":"https:\/\/agora.xtec.cat\/iesmanolohugue\/wp-json\/wp\/v2\/types\/page"}],"author":[{"embeddable":true,"href":"https:\/\/agora.xtec.cat\/iesmanolohugue\/wp-json\/wp\/v2\/users\/222"}],"replies":[{"embeddable":true,"href":"https:\/\/agora.xtec.cat\/iesmanolohugue\/wp-json\/wp\/v2\/comments?post=19127"}],"version-history":[{"count":3,"href":"https:\/\/agora.xtec.cat\/iesmanolohugue\/wp-json\/wp\/v2\/pages\/19127\/revisions"}],"predecessor-version":[{"id":19167,"href":"https:\/\/agora.xtec.cat\/iesmanolohugue\/wp-json\/wp\/v2\/pages\/19127\/revisions\/19167"}],"up":[{"embeddable":true,"href":"https:\/\/agora.xtec.cat\/iesmanolohugue\/wp-json\/wp\/v2\/pages\/11987"}],"wp:attachment":[{"href":"https:\/\/agora.xtec.cat\/iesmanolohugue\/wp-json\/wp\/v2\/media?parent=19127"}],"curies":[{"name":"wp","href":"https:\/\/api.w.org\/{rel}","templated":true}]}}