{"id":17475,"date":"2024-04-21T13:24:26","date_gmt":"2024-04-21T11:24:26","guid":{"rendered":"https:\/\/agora.xtec.cat\/iesmanolohugue\/?page_id=17475"},"modified":"2025-07-14T19:15:23","modified_gmt":"2025-07-14T17:15:23","slug":"cicle-superior-destetica-i-bellesa","status":"publish","type":"page","link":"https:\/\/agora.xtec.cat\/iesmanolohugue\/cicle-superior-destetica-i-bellesa\/","title":{"rendered":"Cicle Superior d&#8217;Est\u00e8tica Integral i Benestar"},"content":{"rendered":"<header class=\"entry-header\">\n<h1 class=\"entry-title\"><\/h1>\n<\/header>\n<div class=\"entry-content\">\n<p>ENTORN: ART\u00cdSTIC<\/p>\n<p>FAM\u00cdLIA PROFESSIONAL:<strong>\u00a0IMATGE PERSONAL.<\/strong><\/p>\n<p>DURADA:\u00a0<strong>2.000 HORES\/ 2 CURSOS ACAD\u00c8MICS AMB PR\u00c0CTIQUES EN CENTRES PROFESSIONALS, INNOVADORS I RELACIONATS AMB EL M\u00d3N TERMAL<\/strong><\/p>\n<p>POSSIBILITAT DE FER FORMACI\u00d3 EN CENTRES DE TREBALL (DUAL GENERAL)<\/p>\n<p><strong>Horari tardes de 15:00h a 21:30h<\/strong><\/p>\n<\/div>\n<p>LLISTA DE LLIBRES DE TEXT<\/p>\n<p style=\"text-align: center;\">\u00a0<strong>Distribuci\u00f3 dels m\u00f2duls promoci\u00f3 25-26:<\/strong><\/p>\n<table style=\"border-collapse: collapse; width: 100%;\">\n<tbody>\n<tr>\n<td style=\"width: 50%;\">1r CURS<\/p>\n<p><span style=\"font-weight: 400;\">0745 Est\u00e8tica Hidrotermal (198 hores)<\/span><\/p>\n<p><span style=\"font-weight: 400;\">0746 Depilaci\u00f3 avan\u00e7ada\u00a0 (132 hores)<\/span><\/p>\n<p><span style=\"font-weight: 400;\">0747 Massatge est\u00e8tic (251 hores)<\/span><\/p>\n<p><span style=\"font-weight: 400;\">0748 Drenatge est\u00e8tic i t\u00e8cniques per pressi\u00f3 (132 hores)<\/span><\/p>\n<p><span style=\"font-weight: 400;\">0750 Processos fisiol\u00f2gics i d&#8217;higiene en imatge personal (99 hores)<\/span><\/p>\n<p><span style=\"font-weight: 400;\">0752 Cosm\u00e8tica aplicada a est\u00e8tica i benestar (99 hores)<\/span><\/p>\n<p><span style=\"font-weight: 400;\">0179 Angl\u00e8s professional (66 hores)<\/span><\/p>\n<p><span style=\"font-weight: 400;\">1708 Sostenibilitat Aplicada al Sistema Productiu (33 hores)<\/span><\/p>\n<p><span style=\"font-weight: 400;\">1709 Intinerari personal per a l&#8217;ocupabilitat I (99 hores)<\/span><\/p>\n<p><span style=\"font-weight: 400;\">M\u00f2dul T\u00e8cniques d&#8217;hidrocin\u00e8sia (99 hores)<\/span><\/td>\n<td style=\"width: 50%;\">2n CURS<\/p>\n<p><span style=\"font-weight: 400;\">0744 Aparatologia est\u00e8tica (99 hores)<\/span><\/p>\n<p><span style=\"font-weight: 400;\">0749 Micropigmentaci\u00f3 (132 hores)<\/span><\/p>\n<p><span style=\"font-weight: 400;\">0751 Dermoest\u00e8tica (99 hores)<\/span><\/p>\n<p><span style=\"font-weight: 400;\">0753 Tractamens est\u00e8tics integrals (165 hores)<\/span><\/p>\n<p><span style=\"font-weight: 400;\">1708 Sostenibilitat aplicada al sistema productiu (33 hores)<\/span><\/p>\n<p><span style=\"font-weight: 400;\">1710 Intinerari personal per a l&#8217;ocupabilitat II (66 hores)<\/span><\/p>\n<p><span style=\"font-weight: 400;\">0754 Projecte intermodular (198 hores)<\/span><\/p>\n<p>&nbsp;<\/p>\n<p>&nbsp;<\/p>\n<p>&nbsp;<\/p>\n<p>&nbsp;<\/p>\n<p>&nbsp;<\/td>\n<\/tr>\n<\/tbody>\n<\/table>\n<p><span style=\"font-weight: 400;\">SORTIDES PROFESSIONALS<\/span><\/p>\n<ul>\n<li><span style=\"font-weight: 400;\"> Esteticista.<\/span><\/li>\n<li><span style=\"font-weight: 400;\"> Director\/a t\u00e8cnic\/a en empreses d&#8217;est\u00e8tica, \u00e0rees d&#8217;imatge <\/span>personal i balnearis com a especialista en t\u00e8cniques d\u2019hidroest\u00e8tica.<\/li>\n<li><span style=\"font-weight: 400;\">T\u00e8cnic\/a en tractaments est\u00e8tics integrals, micropigmentaci\u00f3, <\/span>t\u00e8cniques de depilaci\u00f3 mec\u00e0nica i avan\u00e7ada, en aparells d\u2019est\u00e8tica, massatge est\u00e8tic i drenatge limf\u00e0tic.<\/li>\n<li><span style=\"font-weight: 400;\">T\u00e8cnic\/a comercial i assessor\/a en est\u00e8tica i cosm\u00e8tica.<\/span><\/li>\n<li><span style=\"font-weight: 400;\"> Especialista en bronzejat mitjan\u00e7ant radiaci\u00f3 ultraviolada.<\/span><\/li>\n<li><span style=\"font-weight: 400;\"> Treballador\/a qualificat\/ada en centres de medicina i cirurgia <\/span>est\u00e8tica.<\/li>\n<li><span style=\"font-weight: 400;\">Formador t\u00e8cnic o formadora t\u00e8cnica en est\u00e8tica.<\/span><\/li>\n<\/ul>\n<table>\n<tbody>\n<tr>\n<td><strong><a href=\"https:\/\/agora.xtec.cat\/iesmanolohugue\/wp-content\/uploads\/usu9\/2024\/05\/CFPS____IPB0_CA.pdf\">Fitxa de l\u2019estudi<\/a><\/strong><\/td>\n<td><a href=\"https:\/\/agora.xtec.cat\/iesmanolohugue\/wp-content\/uploads\/usu9\/2024\/05\/DESCRIPCIO-DELS-MODULS-I-ELS-SEUS-CONTINGUTS-CFGS-Estetica-Inegral.pdf\"><strong>Relaci\u00f3 de m\u00f2duls<\/strong><\/a><\/td>\n<\/tr>\n<tr>\n<td><strong><a href=\"https:\/\/agora.xtec.cat\/iesmanolohugue\/wp-content\/uploads\/usu9\/2024\/05\/Flyer-Manolo-Hugue-IMATGE_web-2.pdf\">Flyer<\/a><\/strong><\/td>\n<td><a href=\"https:\/\/agora.xtec.cat\/iesmanolohugue\/wp-content\/uploads\/usu9\/2022\/09\/NORMATIVA-REFERENT-A-LA-IMATGE-PERSONAL.pdf\"><strong>Normes referents a la imatge personal i al material<\/strong><\/a><\/td>\n<\/tr>\n<tr>\n<td><\/td>\n<td><a href=\"https:\/\/agora.xtec.cat\/iesmanolohugue\/wp-content\/uploads\/usu9\/2024\/07\/Material-necessari-CFGS-Estetica-integral-i-benestar-24-25-1-1.pdf\"><strong>Material necessari per l\u2019alumnat del Cicle Formatiu de Grau Superior Est\u00e8tica Integral i Benestar<\/strong> <\/a><\/td>\n<\/tr>\n<\/tbody>\n<\/table>\n","protected":false},"excerpt":{"rendered":"<p>ENTORN: ART\u00cdSTIC<br \/>\nFAM\u00cdLIA PROFESSIONAL:\u00a0IMATGE PERSONAL.<br \/>\nDURADA:\u00a02.000 HORES\/ 2 CURSOS ACAD\u00c8MICS AMB PR\u00c0CTIQUES EN CENTRES PROFESSIONALS, INNOVADORS I RELACIONATS AMB EL M\u00d3N TERMAL<br \/>\nPOSSIBILITAT DE FER FORMACI\u00d3 EN CENTRES DE TREBALL (DUAL GENERAL)<br \/>\nHorari tardes de 15:00h a 21:30h<\/p>\n<p>LLISTA DE LLIBRES DE TEXT<br \/>\n\u00a0Distribuci\u00f3 dels m\u00f2duls promoci\u00f3 25-26:<\/p>\n<p>1r CURS<br \/>\n0745 Est\u00e8tica Hidrotermal&hellip;  <a href=\"https:\/\/agora.xtec.cat\/iesmanolohugue\/cicle-superior-destetica-i-bellesa\/\" title=\"Read Cicle Superior d&#8217;Est\u00e8tica Integral i Benestar\">Llegeix m\u00e9s\u00bb<\/a><\/p>\n","protected":false},"author":101,"featured_media":0,"parent":0,"menu_order":0,"comment_status":"closed","ping_status":"closed","template":"","meta":{"_bbp_topic_count":0,"_bbp_reply_count":0,"_bbp_total_topic_count":0,"_bbp_total_reply_count":0,"_bbp_voice_count":0,"_bbp_anonymous_reply_count":0,"_bbp_topic_count_hidden":0,"_bbp_reply_count_hidden":0,"_bbp_forum_subforum_count":0,"footnotes":""},"class_list":["post-17475","page","type-page","status-publish","hentry"],"post_mailing_queue_ids":[],"_links":{"self":[{"href":"https:\/\/agora.xtec.cat\/iesmanolohugue\/wp-json\/wp\/v2\/pages\/17475","targetHints":{"allow":["GET"]}}],"collection":[{"href":"https:\/\/agora.xtec.cat\/iesmanolohugue\/wp-json\/wp\/v2\/pages"}],"about":[{"href":"https:\/\/agora.xtec.cat\/iesmanolohugue\/wp-json\/wp\/v2\/types\/page"}],"author":[{"embeddable":true,"href":"https:\/\/agora.xtec.cat\/iesmanolohugue\/wp-json\/wp\/v2\/users\/101"}],"replies":[{"embeddable":true,"href":"https:\/\/agora.xtec.cat\/iesmanolohugue\/wp-json\/wp\/v2\/comments?post=17475"}],"version-history":[{"count":7,"href":"https:\/\/agora.xtec.cat\/iesmanolohugue\/wp-json\/wp\/v2\/pages\/17475\/revisions"}],"predecessor-version":[{"id":17504,"href":"https:\/\/agora.xtec.cat\/iesmanolohugue\/wp-json\/wp\/v2\/pages\/17475\/revisions\/17504"}],"wp:attachment":[{"href":"https:\/\/agora.xtec.cat\/iesmanolohugue\/wp-json\/wp\/v2\/media?parent=17475"}],"curies":[{"name":"wp","href":"https:\/\/api.w.org\/{rel}","templated":true}]}}