{"id":16065,"date":"2023-04-11T13:40:48","date_gmt":"2023-04-11T11:40:48","guid":{"rendered":"https:\/\/agora.xtec.cat\/iesmanolohugue\/?page_id=16065"},"modified":"2026-04-08T10:54:12","modified_gmt":"2026-04-08T08:54:12","slug":"erasmus","status":"publish","type":"page","link":"https:\/\/agora.xtec.cat\/iesmanolohugue\/erasmus\/","title":{"rendered":"ERASMUS+"},"content":{"rendered":"<p><img loading=\"lazy\" decoding=\"async\" class=\"alignnone size-full wp-image-17082\" src=\"https:\/\/agora.xtec.cat\/iesmanolohugue\/wp-content\/uploads\/usu9\/2023\/11\/logo-erasmus.png\" alt=\"\" width=\"420\" height=\"120\" srcset=\"https:\/\/agora.xtec.cat\/iesmanolohugue\/wp-content\/uploads\/usu9\/2023\/11\/logo-erasmus.png 420w, https:\/\/agora.xtec.cat\/iesmanolohugue\/wp-content\/uploads\/usu9\/2023\/11\/logo-erasmus-300x86.png 300w, https:\/\/agora.xtec.cat\/iesmanolohugue\/wp-content\/uploads\/usu9\/2023\/11\/logo-erasmus-150x43.png 150w\" sizes=\"auto, (max-width: 420px) 100vw, 420px\" \/><\/p>\n<p data-path-to-node=\"0\"><b data-path-to-node=\"0\" data-index-in-node=\"0\">Erasmus Copenhaguen<\/b><\/p>\n<p data-path-to-node=\"1\">Recentment, el professor Lloren\u00e7 Fores va participar en una mobilitat Erasmus+ a Copenhaguen, on va realitzar un curs a la <i data-path-to-node=\"1\" data-index-in-node=\"123\">Europass Teacher Academy<\/i> centrat en el lideratge educatiu i el seu impacte en la millora dels centres escolars.<\/p>\n<p data-path-to-node=\"2\">Aquesta experi\u00e8ncia formativa li ha perm\u00e8s aprofundir en noves estrat\u00e8gies per optimitzar l&#8217;organitzaci\u00f3 i la cultura de centre, treballant l&#8217;equilibri clau entre gesti\u00f3 i lideratge. A m\u00e9s, la mobilitat ha estat una gran oportunitat per intercanviar metodologies amb docents d\u2019altres pa\u00efsos europeus, descobrir l&#8217;entorn sociocultural dan\u00e8s i enriquir la dimensi\u00f3 internacional de l&#8217;institut.<\/p>\n<p data-path-to-node=\"3\">Aquest tipus d\u2019iniciatives consoliden el nostre comprom\u00eds amb el desenvolupament professional docent, contribuint a impulsar la innovaci\u00f3 educativa i a oferir la millor educaci\u00f3 al nostre alumnat.<\/p>\n<h6 dir=\"ltr\">\u00a0 \u00a0 \u00a0 \u00a0 \u00a0 \u00a0 \u00a0 \u00a0 \u00a0 \u00a0 \u00a0 \u00a0 \u00a0 \u00a0 \u00a0 <img loading=\"lazy\" decoding=\"async\" class=\"wp-image-19163 size-medium alignnone\" src=\"https:\/\/agora.xtec.cat\/iesmanolohugue\/wp-content\/uploads\/usu9\/2026\/04\/WhatsApp-Image-2026-04-08-at-07.45.13-1-169x300.jpeg\" alt=\"\" width=\"169\" height=\"300\" srcset=\"https:\/\/agora.xtec.cat\/iesmanolohugue\/wp-content\/uploads\/usu9\/2026\/04\/WhatsApp-Image-2026-04-08-at-07.45.13-1-169x300.jpeg 169w, https:\/\/agora.xtec.cat\/iesmanolohugue\/wp-content\/uploads\/usu9\/2026\/04\/WhatsApp-Image-2026-04-08-at-07.45.13-1-576x1024.jpeg 576w, https:\/\/agora.xtec.cat\/iesmanolohugue\/wp-content\/uploads\/usu9\/2026\/04\/WhatsApp-Image-2026-04-08-at-07.45.13-1-84x150.jpeg 84w, https:\/\/agora.xtec.cat\/iesmanolohugue\/wp-content\/uploads\/usu9\/2026\/04\/WhatsApp-Image-2026-04-08-at-07.45.13-1-768x1365.jpeg 768w, https:\/\/agora.xtec.cat\/iesmanolohugue\/wp-content\/uploads\/usu9\/2026\/04\/WhatsApp-Image-2026-04-08-at-07.45.13-1-864x1536.jpeg 864w, https:\/\/agora.xtec.cat\/iesmanolohugue\/wp-content\/uploads\/usu9\/2026\/04\/WhatsApp-Image-2026-04-08-at-07.45.13-1.jpeg 900w\" sizes=\"auto, (max-width: 169px) 100vw, 169px\" \/>\u00a0 \u00a0 <img loading=\"lazy\" decoding=\"async\" class=\"wp-image-19162 size-medium alignnone\" src=\"https:\/\/agora.xtec.cat\/iesmanolohugue\/wp-content\/uploads\/usu9\/2026\/04\/WhatsApp-Image-2026-04-08-at-07.45.32-225x300.jpeg\" alt=\"\" width=\"225\" height=\"300\" srcset=\"https:\/\/agora.xtec.cat\/iesmanolohugue\/wp-content\/uploads\/usu9\/2026\/04\/WhatsApp-Image-2026-04-08-at-07.45.32-225x300.jpeg 225w, https:\/\/agora.xtec.cat\/iesmanolohugue\/wp-content\/uploads\/usu9\/2026\/04\/WhatsApp-Image-2026-04-08-at-07.45.32-768x1024.jpeg 768w, https:\/\/agora.xtec.cat\/iesmanolohugue\/wp-content\/uploads\/usu9\/2026\/04\/WhatsApp-Image-2026-04-08-at-07.45.32-113x150.jpeg 113w, https:\/\/agora.xtec.cat\/iesmanolohugue\/wp-content\/uploads\/usu9\/2026\/04\/WhatsApp-Image-2026-04-08-at-07.45.32-1152x1536.jpeg 1152w, https:\/\/agora.xtec.cat\/iesmanolohugue\/wp-content\/uploads\/usu9\/2026\/04\/WhatsApp-Image-2026-04-08-at-07.45.32.jpeg 1200w\" sizes=\"auto, (max-width: 225px) 100vw, 225px\" \/>\u00a0 \u00a0 <img loading=\"lazy\" decoding=\"async\" class=\"alignnone wp-image-19160 size-medium\" src=\"https:\/\/agora.xtec.cat\/iesmanolohugue\/wp-content\/uploads\/usu9\/2026\/04\/WhatsApp-Image-2026-04-08-at-07.45.12-169x300.jpeg\" alt=\"\" width=\"169\" height=\"300\" srcset=\"https:\/\/agora.xtec.cat\/iesmanolohugue\/wp-content\/uploads\/usu9\/2026\/04\/WhatsApp-Image-2026-04-08-at-07.45.12-169x300.jpeg 169w, https:\/\/agora.xtec.cat\/iesmanolohugue\/wp-content\/uploads\/usu9\/2026\/04\/WhatsApp-Image-2026-04-08-at-07.45.12-576x1024.jpeg 576w, https:\/\/agora.xtec.cat\/iesmanolohugue\/wp-content\/uploads\/usu9\/2026\/04\/WhatsApp-Image-2026-04-08-at-07.45.12-84x150.jpeg 84w, https:\/\/agora.xtec.cat\/iesmanolohugue\/wp-content\/uploads\/usu9\/2026\/04\/WhatsApp-Image-2026-04-08-at-07.45.12-768x1365.jpeg 768w, https:\/\/agora.xtec.cat\/iesmanolohugue\/wp-content\/uploads\/usu9\/2026\/04\/WhatsApp-Image-2026-04-08-at-07.45.12-864x1536.jpeg 864w, https:\/\/agora.xtec.cat\/iesmanolohugue\/wp-content\/uploads\/usu9\/2026\/04\/WhatsApp-Image-2026-04-08-at-07.45.12.jpeg 900w\" sizes=\"auto, (max-width: 169px) 100vw, 169px\" \/><\/h6>\n<h6 dir=\"ltr\"><\/h6>\n<h6 dir=\"ltr\"><\/h6>\n<h6 dir=\"ltr\"><\/h6>\n<h6 dir=\"ltr\"><\/h6>\n<h6 dir=\"ltr\"><\/h6>\n<h6 dir=\"ltr\">Erasmus 2025 Split<\/h6>\n<h6 dir=\"ltr\"><\/h6>\n<p data-start=\"0\" data-end=\"218\">Al maig de 2025, la Isabel Revelles va participar en una mobilitat Erasmus+ a <span class=\"hover:entity-accent entity-underline inline cursor-pointer align-baseline\"><span class=\"whitespace-normal\">Split<\/span><\/span>, on va realitzar un curs centrat en l\u2019\u00fas de la intel\u00b7lig\u00e8ncia artificial aplicada a l\u2019educaci\u00f3.<\/p>\n<p data-start=\"220\" data-end=\"553\">Aquesta experi\u00e8ncia formativa li ha perm\u00e8s con\u00e8ixer noves eines i metodologies innovadores per integrar la IA a l\u2019aula, amb l\u2019objectiu de millorar els processos d\u2019ensenyament i aprenentatge. A m\u00e9s, la mobilitat ha estat una oportunitat per compartir experi\u00e8ncies amb docents d\u2019altres pa\u00efsos i enriquir la dimensi\u00f3 europea del centre.<\/p>\n<p data-start=\"555\" data-end=\"687\" data-is-last-node=\"\" data-is-only-node=\"\">Aquest tipus d\u2019iniciatives contribueixen a impulsar la innovaci\u00f3 pedag\u00f2gica i a oferir una educaci\u00f3 m\u00e9s adaptada als reptes actuals.<\/p>\n<h6 dir=\"ltr\"><img loading=\"lazy\" decoding=\"async\" class=\"alignnone size-medium wp-image-19153\" src=\"https:\/\/agora.xtec.cat\/iesmanolohugue\/wp-content\/uploads\/usu9\/2026\/04\/4af0e65f-67ae-4a7b-9c81-44f394f5fe07-300x225.jpg\" alt=\"\" width=\"300\" height=\"225\" srcset=\"https:\/\/agora.xtec.cat\/iesmanolohugue\/wp-content\/uploads\/usu9\/2026\/04\/4af0e65f-67ae-4a7b-9c81-44f394f5fe07-300x225.jpg 300w, https:\/\/agora.xtec.cat\/iesmanolohugue\/wp-content\/uploads\/usu9\/2026\/04\/4af0e65f-67ae-4a7b-9c81-44f394f5fe07-1024x768.jpg 1024w, https:\/\/agora.xtec.cat\/iesmanolohugue\/wp-content\/uploads\/usu9\/2026\/04\/4af0e65f-67ae-4a7b-9c81-44f394f5fe07-150x113.jpg 150w, https:\/\/agora.xtec.cat\/iesmanolohugue\/wp-content\/uploads\/usu9\/2026\/04\/4af0e65f-67ae-4a7b-9c81-44f394f5fe07-768x576.jpg 768w, https:\/\/agora.xtec.cat\/iesmanolohugue\/wp-content\/uploads\/usu9\/2026\/04\/4af0e65f-67ae-4a7b-9c81-44f394f5fe07-1536x1152.jpg 1536w, https:\/\/agora.xtec.cat\/iesmanolohugue\/wp-content\/uploads\/usu9\/2026\/04\/4af0e65f-67ae-4a7b-9c81-44f394f5fe07-200x150.jpg 200w, https:\/\/agora.xtec.cat\/iesmanolohugue\/wp-content\/uploads\/usu9\/2026\/04\/4af0e65f-67ae-4a7b-9c81-44f394f5fe07.jpg 1600w\" sizes=\"auto, (max-width: 300px) 100vw, 300px\" \/> <img loading=\"lazy\" decoding=\"async\" class=\"alignnone size-medium wp-image-19154\" src=\"https:\/\/agora.xtec.cat\/iesmanolohugue\/wp-content\/uploads\/usu9\/2026\/04\/6f71afd8-a08d-4bfe-8cc8-27ee447df7e7-300x139.jpg\" alt=\"\" width=\"300\" height=\"139\" srcset=\"https:\/\/agora.xtec.cat\/iesmanolohugue\/wp-content\/uploads\/usu9\/2026\/04\/6f71afd8-a08d-4bfe-8cc8-27ee447df7e7-300x139.jpg 300w, https:\/\/agora.xtec.cat\/iesmanolohugue\/wp-content\/uploads\/usu9\/2026\/04\/6f71afd8-a08d-4bfe-8cc8-27ee447df7e7-1024x473.jpg 1024w, https:\/\/agora.xtec.cat\/iesmanolohugue\/wp-content\/uploads\/usu9\/2026\/04\/6f71afd8-a08d-4bfe-8cc8-27ee447df7e7-150x69.jpg 150w, https:\/\/agora.xtec.cat\/iesmanolohugue\/wp-content\/uploads\/usu9\/2026\/04\/6f71afd8-a08d-4bfe-8cc8-27ee447df7e7-768x355.jpg 768w, https:\/\/agora.xtec.cat\/iesmanolohugue\/wp-content\/uploads\/usu9\/2026\/04\/6f71afd8-a08d-4bfe-8cc8-27ee447df7e7-1536x710.jpg 1536w, https:\/\/agora.xtec.cat\/iesmanolohugue\/wp-content\/uploads\/usu9\/2026\/04\/6f71afd8-a08d-4bfe-8cc8-27ee447df7e7.jpg 2048w\" sizes=\"auto, (max-width: 300px) 100vw, 300px\" \/> <img loading=\"lazy\" decoding=\"async\" class=\"alignnone size-medium wp-image-19155\" src=\"https:\/\/agora.xtec.cat\/iesmanolohugue\/wp-content\/uploads\/usu9\/2026\/04\/84cfb351-47f0-4e42-95f8-47ccb3187f80-225x300.jpg\" alt=\"\" width=\"225\" height=\"300\" srcset=\"https:\/\/agora.xtec.cat\/iesmanolohugue\/wp-content\/uploads\/usu9\/2026\/04\/84cfb351-47f0-4e42-95f8-47ccb3187f80-225x300.jpg 225w, https:\/\/agora.xtec.cat\/iesmanolohugue\/wp-content\/uploads\/usu9\/2026\/04\/84cfb351-47f0-4e42-95f8-47ccb3187f80-768x1024.jpg 768w, https:\/\/agora.xtec.cat\/iesmanolohugue\/wp-content\/uploads\/usu9\/2026\/04\/84cfb351-47f0-4e42-95f8-47ccb3187f80-113x150.jpg 113w, https:\/\/agora.xtec.cat\/iesmanolohugue\/wp-content\/uploads\/usu9\/2026\/04\/84cfb351-47f0-4e42-95f8-47ccb3187f80-1152x1536.jpg 1152w, https:\/\/agora.xtec.cat\/iesmanolohugue\/wp-content\/uploads\/usu9\/2026\/04\/84cfb351-47f0-4e42-95f8-47ccb3187f80.jpg 1200w\" sizes=\"auto, (max-width: 225px) 100vw, 225px\" \/><\/h6>\n<p>&nbsp;<\/p>\n<p>&nbsp;<\/p>\n<h6 dir=\"ltr\"><strong><span style=\"font-size: 12pt; color: #000000;\">KA122-SCH<\/span><\/strong><\/h6>\n<h6 dir=\"ltr\"><span style=\"font-size: 12pt; color: #000000;\">Proyectos de corta duraci\u00f3n para la movilidad de alumnado y personal de Educaci\u00f3n Escolar<\/span><\/h6>\n<h6 dir=\"ltr\"><span style=\"font-size: 12pt;\"><span style=\"color: #000000;\">Nom del projecte :<\/span> <a href=\"https:\/\/sites.google.com\/insmanolohugue.cat\/beepplus-erasmusplus\/p%C3%A0gina-principal\">BEEP+ : B\u00c9N\u00c9VOLAT EUROP\u00c9EN POUR L&#8217;ENVIRONNEMENT et LE PATRIMOINE<\/a><\/span><\/h6>\n<h6 dir=\"ltr\"><\/h6>\n<p><a href=\"https:\/\/sites.google.com\/insmanolohugue.cat\/beepplus-erasmusplus\/p%C3%A0gina-principal\"><img loading=\"lazy\" decoding=\"async\" class=\"aligncenter\" src=\"https:\/\/agora.xtec.cat\/iesmanolohugue\/wp-content\/uploads\/usu9\/2024\/11\/unnamed-1.png\" width=\"334\" height=\"98\" \/><\/a><\/p>\n<p>&nbsp;<\/p>\n<p>&nbsp;<\/p>\n<h6><img loading=\"lazy\" decoding=\"async\" class=\"alignnone wp-image-17093\" src=\"https:\/\/agora.xtec.cat\/iesmanolohugue\/wp-content\/uploads\/usu9\/2023\/11\/cete.png\" alt=\"\" width=\"163\" height=\"143\" srcset=\"https:\/\/agora.xtec.cat\/iesmanolohugue\/wp-content\/uploads\/usu9\/2023\/11\/cete.png 738w, https:\/\/agora.xtec.cat\/iesmanolohugue\/wp-content\/uploads\/usu9\/2023\/11\/cete-300x264.png 300w, https:\/\/agora.xtec.cat\/iesmanolohugue\/wp-content\/uploads\/usu9\/2023\/11\/cete-150x132.png 150w\" sizes=\"auto, (max-width: 163px) 100vw, 163px\" \/><\/h6>\n<h6><span style=\"color: #000000;\"><strong>MICROCONSORCI MALD ERASMUS CETE+<\/strong><\/span><\/h6>\n<p><a href=\"https:\/\/sites.google.com\/insmanolohugue.cat\/insmh-ceteplus-erasmusplus\/p%C3%A0gina-principal\"><img loading=\"lazy\" decoding=\"async\" class=\"\" src=\"https:\/\/agora.xtec.cat\/iesmanolohugue\/wp-content\/uploads\/usu9\/2023\/11\/foto-web-cete.jpg\" alt=\"\" width=\"802\" height=\"281\" \/><\/a><\/p>\n<p>&nbsp;<\/p>\n<table style=\"width: 84.2981%; border-collapse: collapse; border-style: groove; border-color: #ab0707; background-color: #f2a7a7;\">\n<tbody>\n<tr>\n<td style=\"width: 17.2092%; background-color: #21b3ed; border-color: #99224b; border-style: groove;\"><span style=\"font-size: 14pt;\"><strong>ERASMUS+<\/strong><\/span><\/td>\n<td style=\"width: 39.7677%; background-color: #21b3ed; border-color: #99224b; border-style: groove;\" colspan=\"2\"><span style=\"font-size: 14pt;\"><strong>Alumnat VET<\/strong><\/span><\/td>\n<\/tr>\n<tr>\n<td style=\"border-color: #99224b; border-style: groove;\"><img loading=\"lazy\" decoding=\"async\" class=\"alignnone size-full wp-image-17082\" src=\"https:\/\/agora.xtec.cat\/iesmanolohugue\/wp-content\/uploads\/usu9\/2023\/11\/logo-erasmus.png\" alt=\"\" width=\"420\" height=\"120\" srcset=\"https:\/\/agora.xtec.cat\/iesmanolohugue\/wp-content\/uploads\/usu9\/2023\/11\/logo-erasmus.png 420w, https:\/\/agora.xtec.cat\/iesmanolohugue\/wp-content\/uploads\/usu9\/2023\/11\/logo-erasmus-300x86.png 300w, https:\/\/agora.xtec.cat\/iesmanolohugue\/wp-content\/uploads\/usu9\/2023\/11\/logo-erasmus-150x43.png 150w\" sizes=\"auto, (max-width: 420px) 100vw, 420px\" \/><\/p>\n<p><span style=\"font-size: 12pt;\"><a href=\"https:\/\/agora.xtec.cat\/iesmanolohugue\/wp-content\/uploads\/usu9\/2023\/05\/Noticia-Erasmus-a-Verona.pdf\">-Erasmus Verona<\/a><\/span><\/td>\n<td style=\"border-color: #99224b; border-style: groove;\" colspan=\"2\"><span style=\"font-size: 12pt;\">&#8211;<a href=\"https:\/\/agora.xtec.cat\/iesmanolohugue\/wp-content\/uploads\/usu9\/2023\/05\/llista-seleccionats-mobilitat-FP-KA121-a-Grecia.pdf\">Llista\u00a0 de seleccionats mobilitat FP KA121<\/a> a Gr\u00e8cia<\/span><\/p>\n<p><span style=\"font-size: 12pt;\"><a href=\"https:\/\/agora.xtec.cat\/iesmanolohugue\/wp-content\/uploads\/usu9\/2023\/04\/De-Creta-a-Caldes-de-Montbui.pdf\">-Mobilitat FP K121: CFGM Est\u00e8tica i Bellesa <\/a>de Creta a Caldes de Montbui<\/span><\/p>\n<p><span style=\"font-size: 12pt;\">&#8211;<a href=\"https:\/\/agora.xtec.cat\/iesmanolohugue\/wp-content\/uploads\/usu9\/2023\/05\/Mobilitat-FP-K121-CFGM-Estetica-i-Bellesa.pdf\">Mobilitat\u00a0FP K121: CFGM Est\u00e8tica i Bellesa<\/a> de Caldes de Montbui a Creta<\/span><\/p>\n<p>&#8211; <a href=\"https:\/\/agora.xtec.cat\/iesmanolohugue\/wp-content\/uploads\/usu9\/2023\/09\/CARTA-HECHE-MANOLO.Erasmus-Charter-for-Higher-Education.pdf\">CARTA ECHE MANOLO.Erasmus Charter for Higher Education<\/a>.<\/p>\n<p><i>Despr\u00e9s de molta feina i persever\u00e0ncia, la Comissi\u00f3 Europea ha concedit aquest any a l&#8217;Institut Manolo Hugu\u00e9 la carta ECHE (la Carta Erasmus d&#8217;Educaci\u00f3 Superior). Aquesta carta constitueix un marc general de qualitat de les activitats de col.laboraci\u00f3 europea i internacional que tot centre d&#8217;educaci\u00f3 superior podr\u00e0 portar a terme en el marc del Programa Erasmus+. Disposar d&#8217;una ECHE v\u00e0lida \u00e9s un requisit previ per a les institucions d&#8217;educaci\u00f3 superior establertes en un estat membre de la Uni\u00f3 Europea o en un tercer pa\u00eds associat al Programa que desitgin participar al programa Erasmus\u00a0+ 2021-2027. Per tant, \u00e9s una sort per al nostre Institut poder comen\u00e7ar a gaudir d&#8217;aquest benefici extra que representa participar en aquestes mobilitats, ja que \u00e9s un tret diferencial que ens desmarca com a centre educatiu.\u00a0<\/i><\/td>\n<\/tr>\n<\/tbody>\n<\/table>\n<p>&nbsp;<\/p>\n<p>&nbsp;<\/p>\n<p>&nbsp;<\/p>\n","protected":false},"excerpt":{"rendered":"<p>Erasmus Copenhaguen<br \/>\nRecentment, el professor Lloren\u00e7 Fores va participar en una mobilitat Erasmus+ a Copenhaguen, on va realitzar un curs a la Europass Teacher Academy centrat en el lideratge educatiu i el seu impacte en la millora dels centres escolars.<br \/>\nAquesta experi\u00e8ncia formativa li ha perm\u00e8s aprofundir&hellip;  <a href=\"https:\/\/agora.xtec.cat\/iesmanolohugue\/erasmus\/\" title=\"Read ERASMUS+\">Llegeix m\u00e9s\u00bb<\/a><\/p>\n","protected":false},"author":88,"featured_media":0,"parent":0,"menu_order":0,"comment_status":"closed","ping_status":"closed","template":"","meta":{"_bbp_topic_count":0,"_bbp_reply_count":0,"_bbp_total_topic_count":0,"_bbp_total_reply_count":0,"_bbp_voice_count":0,"_bbp_anonymous_reply_count":0,"_bbp_topic_count_hidden":0,"_bbp_reply_count_hidden":0,"_bbp_forum_subforum_count":0,"footnotes":""},"class_list":["post-16065","page","type-page","status-publish","hentry"],"post_mailing_queue_ids":[],"_links":{"self":[{"href":"https:\/\/agora.xtec.cat\/iesmanolohugue\/wp-json\/wp\/v2\/pages\/16065","targetHints":{"allow":["GET"]}}],"collection":[{"href":"https:\/\/agora.xtec.cat\/iesmanolohugue\/wp-json\/wp\/v2\/pages"}],"about":[{"href":"https:\/\/agora.xtec.cat\/iesmanolohugue\/wp-json\/wp\/v2\/types\/page"}],"author":[{"embeddable":true,"href":"https:\/\/agora.xtec.cat\/iesmanolohugue\/wp-json\/wp\/v2\/users\/88"}],"replies":[{"embeddable":true,"href":"https:\/\/agora.xtec.cat\/iesmanolohugue\/wp-json\/wp\/v2\/comments?post=16065"}],"version-history":[{"count":9,"href":"https:\/\/agora.xtec.cat\/iesmanolohugue\/wp-json\/wp\/v2\/pages\/16065\/revisions"}],"predecessor-version":[{"id":19166,"href":"https:\/\/agora.xtec.cat\/iesmanolohugue\/wp-json\/wp\/v2\/pages\/16065\/revisions\/19166"}],"wp:attachment":[{"href":"https:\/\/agora.xtec.cat\/iesmanolohugue\/wp-json\/wp\/v2\/media?parent=16065"}],"curies":[{"name":"wp","href":"https:\/\/api.w.org\/{rel}","templated":true}]}}