{"id":15528,"date":"2022-10-02T12:50:18","date_gmt":"2022-10-02T10:50:18","guid":{"rendered":"https:\/\/agora.xtec.cat\/iesmanolohugue\/?page_id=15528"},"modified":"2026-01-13T16:28:59","modified_gmt":"2026-01-13T15:28:59","slug":"criteris-qualificacio-cfgs-termalisme-i-benestar-2","status":"publish","type":"page","link":"https:\/\/agora.xtec.cat\/iesmanolohugue\/criteris-qualificacio-cfgs-termalisme-i-benestar-2\/","title":{"rendered":"Criteris qualificaci\u00f3. CFGS. Est\u00e8tica Integral i Benestar"},"content":{"rendered":"<p><strong><span style=\"font-size: 14pt;\">1r GS Est\u00e8tica Integral i Benestar<\/span><\/strong><\/p>\n<ul>\n<li><a href=\"https:\/\/agora.xtec.cat\/iesmanolohugue\/wp-content\/uploads\/usu9\/2026\/01\/25-26-CRAVAL-0748.-Drenatge-estetic-i-tecniques-per-pressio.docx.pdf\"><span style=\"font-size: 10pt;\">Criteris qualificaci\u00f3 Drenatge est\u00e8tic i t\u00e8cniques per pressi\u00f3<\/span><\/a><\/li>\n<li><a href=\"https:\/\/agora.xtec.cat\/iesmanolohugue\/wp-content\/uploads\/usu9\/2024\/09\/24-25-CRAVAL-0752.-Cosmetica-aplicada-a-estetica-i-benestar.pdf\"><span style=\"font-size: 10pt;\">Criteris qualificaci\u00f3 Cosm\u00e8tica aplicada a est\u00e8tica i benestar<\/span><\/a><\/li>\n<li><a href=\"https:\/\/agora.xtec.cat\/iesmanolohugue\/wp-content\/uploads\/usu9\/2025\/10\/25-26-CRAVAL-0747.-Massatge-estetic.pdf\"><span style=\"font-size: 10pt;\">Criteris qualificaci\u00f3 Massatge est\u00e8tic<\/span><\/a><\/li>\n<li><a href=\"https:\/\/agora.xtec.cat\/iesmanolohugue\/wp-content\/uploads\/usu9\/2025\/10\/25-26-CRAVAL-1708.-SOSTENIBILITAT-AL-SISTEMA-PRODUCTIU.docx.pdf\"><span style=\"font-size: 10pt;\">Criteris qualificaci\u00f3 Sostenibilitat aplicada al sistema<\/span><\/a><\/li>\n<li><a href=\"https:\/\/agora.xtec.cat\/iesmanolohugue\/wp-content\/uploads\/usu9\/2025\/10\/CRAVAL-IPB0-1709-IPO1-25-26.pdf\"><span style=\"font-size: 10pt;\">Criteris qualificaci\u00f3 Itinerari personal per a l&#8217;ocupaci\u00f3 1<\/span><\/a><\/li>\n<li><a href=\"https:\/\/agora.xtec.cat\/iesmanolohugue\/wp-content\/uploads\/usu9\/2025\/10\/25-26-CRAVAL-MP0745-ESTETICA-HIDROTERMAL.pdf\"><span style=\"font-size: 10pt;\">Criteris qualificaci\u00f3 Est\u00e8tica hidrotermal<\/span><\/a><\/li>\n<li><a href=\"https:\/\/agora.xtec.cat\/iesmanolohugue\/wp-content\/uploads\/usu9\/2025\/10\/CRAVAL-0179-ANGLES.docx.pdf\"><span style=\"font-size: 10pt;\">Criteris qualificaci\u00f3 Angl\u00e8s professional<\/span><\/a><\/li>\n<li><a href=\"https:\/\/agora.xtec.cat\/iesmanolohugue\/wp-content\/uploads\/usu9\/2025\/10\/25-26-CRAVAL-0750-Processos-fisiologics-i-d_Higiene-en-Imatge-Personal.pdf\"><span style=\"font-size: 10pt;\">Criteris qualificaci\u00f3 Processos fisiol\u00f2gics i d&#8217;higiene en imatge personal<\/span><\/a><\/li>\n<li><a href=\"https:\/\/agora.xtec.cat\/iesmanolohugue\/wp-content\/uploads\/usu9\/2025\/10\/25-26-CRAVAL-MP0746-DEPILACIO-AVANCADA.pdf\"><span style=\"font-size: 10pt;\">Criteris qualificaci\u00f3 Depilaci\u00f3 avan\u00e7ada<\/span><\/a><\/li>\n<li><a href=\"https:\/\/agora.xtec.cat\/iesmanolohugue\/wp-content\/uploads\/usu9\/2025\/10\/25-26-CRAVAL-MOPT-HIDROCINESIA.pdf\"><span style=\"font-size: 10pt;\">Criteris qualificaci\u00f3 M\u00f2dul professional optatiu<\/span><\/a><\/li>\n<\/ul>\n<p><strong><span style=\"font-size: 14pt;\">2n GS Est\u00e8tica Integral i Benestar<\/span><\/strong><\/p>\n<ul>\n<li><a href=\"https:\/\/agora.xtec.cat\/iesmanolohugue\/wp-content\/uploads\/usu9\/2025\/10\/25-26-CRAVAL-MP0744-APARELLS-D_ESTETICA.pdf\"><span style=\"font-size: 10pt;\">Criteris qualificaci\u00f3 Aparells d&#8217;est\u00e8tica<\/span><\/a><\/li>\n<li><a href=\"https:\/\/agora.xtec.cat\/iesmanolohugue\/wp-content\/uploads\/usu9\/2025\/10\/25-26-CRAVAL-0749_-Micropigmentacio.docx-2.pdf\"><span style=\"font-size: 10pt;\">Criteris qualificaci\u00f3 Micropigmentaci\u00f3<\/span><\/a><\/li>\n<li><a href=\"https:\/\/agora.xtec.cat\/iesmanolohugue\/wp-content\/uploads\/usu9\/2025\/10\/25-26-CRAVAL-0751_Dermoestetica.pdf\"><span style=\"font-size: 10pt;\">Criteris qualificaci\u00f3 Dermoest\u00e8tica<\/span><\/a><span style=\"font-size: 10pt;\">\u00a0<\/span><\/li>\n<li><a href=\"https:\/\/agora.xtec.cat\/iesmanolohugue\/wp-content\/uploads\/usu9\/2025\/10\/25-26-CRAVAL-0753.-Tractaments-Estetics.pdf\"><span style=\"font-size: 10pt;\">Criteris qualificaci\u00f3 Tractaments est\u00e8tics<\/span><\/a><\/li>\n<li><a href=\"https:\/\/agora.xtec.cat\/iesmanolohugue\/wp-content\/uploads\/usu9\/2025\/10\/25-26-CRAVAL-1665_Digitalitzacio-aplicada-als-sectors-productius.pdf\"><span style=\"font-size: 10pt;\">Criteris qualificaci\u00f3 Digitalitzaci\u00f3<\/span><\/a><\/li>\n<li><a href=\"https:\/\/agora.xtec.cat\/iesmanolohugue\/wp-content\/uploads\/usu9\/2025\/10\/CRAVAL-IPB0-1710-IPO2-25-26.pdf\"><span style=\"font-size: 10pt;\">Criteris qualificaci\u00f3 Itinerari personal per a l&#8217;ocupaci\u00f3 II<\/span><\/a><\/li>\n<li><a href=\"https:\/\/agora.xtec.cat\/iesmanolohugue\/wp-content\/uploads\/usu9\/2025\/10\/25-26-CRAVAL-MP0754-PROJECTE-INTERMODULAR.pdf\"><span style=\"font-size: 10pt;\">Criteris qualificaci\u00f3 Projecte intermodular<\/span><\/a><\/li>\n<\/ul>\n<p>&nbsp;<\/p>\n","protected":false},"excerpt":{"rendered":"<p>1r GS Est\u00e8tica Integral i Benestar<\/p>\n<ul>\n<li><a href=\"https:\/\/agora.xtec.cat\/iesmanolohugue\/wp-content\/uploads\/usu9\/2026\/01\/25-26-CRAVAL-0748.-Drenatge-estetic-i-tecniques-per-pressio.docx.pdf\">Criteris qualificaci\u00f3 Drenatge est\u00e8tic i t\u00e8cniques per pressi\u00f3<\/a><\/li>\n<li><a href=\"https:\/\/agora.xtec.cat\/iesmanolohugue\/wp-content\/uploads\/usu9\/2024\/09\/24-25-CRAVAL-0752.-Cosmetica-aplicada-a-estetica-i-benestar.pdf\">Criteris qualificaci\u00f3 Cosm\u00e8tica aplicada a est\u00e8tica i benestar<\/a><\/li>\n<li><a href=\"https:\/\/agora.xtec.cat\/iesmanolohugue\/wp-content\/uploads\/usu9\/2025\/10\/25-26-CRAVAL-0747.-Massatge-estetic.pdf\">Criteris qualificaci\u00f3 Massatge est\u00e8tic<\/a><\/li>\n<li><a href=\"https:\/\/agora.xtec.cat\/iesmanolohugue\/wp-content\/uploads\/usu9\/2025\/10\/25-26-CRAVAL-1708.-SOSTENIBILITAT-AL-SISTEMA-PRODUCTIU.docx.pdf\">Criteris qualificaci\u00f3 Sostenibilitat aplicada al sistema<\/a><\/li>\n<li><a href=\"https:\/\/agora.xtec.cat\/iesmanolohugue\/wp-content\/uploads\/usu9\/2025\/10\/CRAVAL-IPB0-1709-IPO1-25-26.pdf\">Criteris qualificaci\u00f3 Itinerari personal per a l&#8217;ocupaci\u00f3 1<\/a><\/li>\n<li><a href=\"https:\/\/agora.xtec.cat\/iesmanolohugue\/wp-content\/uploads\/usu9\/2025\/10\/25-26-CRAVAL-MP0745-ESTETICA-HIDROTERMAL.pdf\">Criteris qualificaci\u00f3 Est\u00e8tica hidrotermal<\/a><\/li>\n<li><a href=\"https:\/\/agora.xtec.cat\/iesmanolohugue\/wp-content\/uploads\/usu9\/2025\/10\/CRAVAL-0179-ANGLES.docx.pdf\">Criteris&hellip;  <a href=\"https:\/\/agora.xtec.cat\/iesmanolohugue\/criteris-qualificacio-cfgs-termalisme-i-benestar-2\/\" title=\"Read Criteris qualificaci\u00f3. CFGS. Est\u00e8tica Integral i Benestar\">Llegeix m\u00e9s\u00bb<\/a><br \/>\n","protected":false},"author":115,"featured_media":0,"parent":0,"menu_order":0,"comment_status":"closed","ping_status":"closed","template":"","meta":{"_bbp_topic_count":0,"_bbp_reply_count":0,"_bbp_total_topic_count":0,"_bbp_total_reply_count":0,"_bbp_voice_count":0,"_bbp_anonymous_reply_count":0,"_bbp_topic_count_hidden":0,"_bbp_reply_count_hidden":0,"_bbp_forum_subforum_count":0,"footnotes":""},"class_list":["post-15528","page","type-page","status-publish","hentry"],"post_mailing_queue_ids":[],"_links":{"self":[{"href":"https:\/\/agora.xtec.cat\/iesmanolohugue\/wp-json\/wp\/v2\/pages\/15528","targetHints":{"allow":["GET"]}}],"collection":[{"href":"https:\/\/agora.xtec.cat\/iesmanolohugue\/wp-json\/wp\/v2\/pages"}],"about":[{"href":"https:\/\/agora.xtec.cat\/iesmanolohugue\/wp-json\/wp\/v2\/types\/page"}],"author":[{"embeddable":true,"href":"https:\/\/agora.xtec.cat\/iesmanolohugue\/wp-json\/wp\/v2\/users\/115"}],"replies":[{"embeddable":true,"href":"https:\/\/agora.xtec.cat\/iesmanolohugue\/wp-json\/wp\/v2\/comments?post=15528"}],"version-history":[{"count":7,"href":"https:\/\/agora.xtec.cat\/iesmanolohugue\/wp-json\/wp\/v2\/pages\/15528\/revisions"}],"predecessor-version":[{"id":18765,"href":"https:\/\/agora.xtec.cat\/iesmanolohugue\/wp-json\/wp\/v2\/pages\/15528\/revisions\/18765"}],"wp:attachment":[{"href":"https:\/\/agora.xtec.cat\/iesmanolohugue\/wp-json\/wp\/v2\/media?parent=15528"}],"curies":[{"name":"wp","href":"https:\/\/api.w.org\/{rel}","templated":true}]}}