{"id":14715,"date":"2022-03-31T20:04:15","date_gmt":"2022-03-31T18:04:15","guid":{"rendered":"https:\/\/agora.xtec.cat\/iesmanolohugue\/?page_id=14715"},"modified":"2023-07-13T10:52:25","modified_gmt":"2023-07-13T08:52:25","slug":"beques-i-ajuts","status":"publish","type":"page","link":"https:\/\/agora.xtec.cat\/iesmanolohugue\/beques-i-ajuts\/","title":{"rendered":"Beques i ajuts"},"content":{"rendered":"<table style=\"border-collapse: collapse; width: 97.3496%; height: 129px;\">\n<tbody>\n<tr style=\"height: 33px;\">\n<td style=\"width: 48.25%; height: 33px; text-align: center; background-color: #f2dada;\"><span style=\"font-size: 18pt;\"><strong>ESO<\/strong><\/span><\/td>\n<td style=\"width: 49.1%; height: 33px; background-color: #beedf7; text-align: center;\"><span style=\"font-size: 18pt;\"><strong>BATXILLERAT I CICLES<\/strong><\/span><\/td>\n<\/tr>\n<tr style=\"height: 96px;\">\n<td style=\"width: 48.25%; height: 96px;\"><span style=\"font-size: 12pt;\"><a href=\"https:\/\/www.caldesdemontbui.cat\/actualitat\/avisos\/ajuts-escolars-per-al-curs-20232024.html\">-Informaci\u00f3 sobre els ajuts econ\u00f2mics per a material escolar i llibres, col\u00f2nies escolars i cr\u00e8dits de s\u00edntesi per al proper curs 20\/23\/2024<\/a><\/span><\/p>\n<p><span style=\"font-size: 12pt;\"><a href=\"https:\/\/agora.xtec.cat\/iesmanolohugue\/wp-content\/uploads\/usu9\/2023\/05\/Full-de-dades-bancaries-a-complimentar-i-adjuntar-a-la-sollicitud-dAjuts-materials-i-llibres-colonies-i-credit-de-sintesi-curs-2023-24.pdf\">-Full de dades banc\u00e0ries a complimentar i adjuntar a la sol\u00b7licitud d\u2019Ajuts materials i llibres col\u00f2nies i cr\u00e8dit de s\u00edntesi, curs 2023-24<\/a><\/span><\/p>\n<ul>\n<li><a href=\"https:\/\/www.educacionyfp.gob.es\/servicios-al-ciudadano\/catalogo\/general\/05\/050140\/ficha\/050140-2023.html#ds1\">Convocat\u00f2ria beques NEE curs 2023-2024<\/a><\/li>\n<\/ul>\n<\/td>\n<td style=\"width: 49.1%; height: 96px;\"><span style=\"font-size: 12pt;\"><a href=\"https:\/\/www.becaseducacion.gob.es\/becas-y-ayudas\/fp-bachillerato-otros\/tipos-de-becas.html\">-Institut Manolo Hugu\u00e9 convocat\u00f2ria de beques i ajuts de car\u00e0cter general per a l\u2019alumnat que cursa ensenyaments postobligatoris corresponent al curs 2023-2024<\/a><\/span><\/td>\n<\/tr>\n<\/tbody>\n<\/table>\n<p>&nbsp;<\/p>\n","protected":false},"excerpt":{"rendered":"<p>ESO<br \/>\nBATXILLERAT I CICLES<\/p>\n<p><a href=\"https:\/\/www.caldesdemontbui.cat\/actualitat\/avisos\/ajuts-escolars-per-al-curs-20232024.html\">-Informaci\u00f3 sobre els ajuts econ\u00f2mics per a material escolar i llibres, col\u00f2nies escolars i cr\u00e8dits de s\u00edntesi per al proper curs 20\/23\/2024<\/a><br \/>\n<a href=\"https:\/\/agora.xtec.cat\/iesmanolohugue\/wp-content\/uploads\/usu9\/2023\/05\/Full-de-dades-bancaries-a-complimentar-i-adjuntar-a-la-sollicitud-dAjuts-materials-i-llibres-colonies-i-credit-de-sintesi-curs-2023-24.pdf\">-Full de dades banc\u00e0ries a complimentar i adjuntar a la sol\u00b7licitud d\u2019Ajuts materials i llibres col\u00f2nies i cr\u00e8dit de s\u00edntesi,&hellip;  <a href=\"https:\/\/agora.xtec.cat\/iesmanolohugue\/beques-i-ajuts\/\" title=\"Read Beques i ajuts\">Llegeix m\u00e9s\u00bb<\/a><\/p>\n","protected":false},"author":88,"featured_media":0,"parent":0,"menu_order":0,"comment_status":"closed","ping_status":"closed","template":"","meta":{"_bbp_topic_count":0,"_bbp_reply_count":0,"_bbp_total_topic_count":0,"_bbp_total_reply_count":0,"_bbp_voice_count":0,"_bbp_anonymous_reply_count":0,"_bbp_topic_count_hidden":0,"_bbp_reply_count_hidden":0,"_bbp_forum_subforum_count":0,"footnotes":""},"class_list":["post-14715","page","type-page","status-publish","hentry"],"post_mailing_queue_ids":[],"_links":{"self":[{"href":"https:\/\/agora.xtec.cat\/iesmanolohugue\/wp-json\/wp\/v2\/pages\/14715","targetHints":{"allow":["GET"]}}],"collection":[{"href":"https:\/\/agora.xtec.cat\/iesmanolohugue\/wp-json\/wp\/v2\/pages"}],"about":[{"href":"https:\/\/agora.xtec.cat\/iesmanolohugue\/wp-json\/wp\/v2\/types\/page"}],"author":[{"embeddable":true,"href":"https:\/\/agora.xtec.cat\/iesmanolohugue\/wp-json\/wp\/v2\/users\/88"}],"replies":[{"embeddable":true,"href":"https:\/\/agora.xtec.cat\/iesmanolohugue\/wp-json\/wp\/v2\/comments?post=14715"}],"version-history":[{"count":4,"href":"https:\/\/agora.xtec.cat\/iesmanolohugue\/wp-json\/wp\/v2\/pages\/14715\/revisions"}],"predecessor-version":[{"id":16592,"href":"https:\/\/agora.xtec.cat\/iesmanolohugue\/wp-json\/wp\/v2\/pages\/14715\/revisions\/16592"}],"wp:attachment":[{"href":"https:\/\/agora.xtec.cat\/iesmanolohugue\/wp-json\/wp\/v2\/media?parent=14715"}],"curies":[{"name":"wp","href":"https:\/\/api.w.org\/{rel}","templated":true}]}}