{"id":14656,"date":"2022-03-24T20:47:24","date_gmt":"2022-03-24T19:47:24","guid":{"rendered":"https:\/\/agora.xtec.cat\/iesmanolohugue\/?page_id=14656"},"modified":"2025-07-14T19:14:18","modified_gmt":"2025-07-14T17:14:18","slug":"cicle-mitja-destetica-i-bellesa","status":"publish","type":"page","link":"https:\/\/agora.xtec.cat\/iesmanolohugue\/cicle-mitja-destetica-i-bellesa\/","title":{"rendered":"Cicle Mitj\u00e0 d&#8217;Est\u00e8tica i Bellesa"},"content":{"rendered":"<p>ENTORN: <strong>ART\u00cdSTIC<\/strong><\/p>\n<p>FAM\u00cdLIA PROFESSIONAL:<strong> IMATGE PERSONAL.<\/strong><\/p>\n<p>DURADA: <strong>2.000 HORES\/ 2 CURSOS ACAD\u00c8MICS AMB PR\u00c0CTIQUES EN CENTRES PROFESSIONALS I INNOVADORS<\/strong><\/p>\n<p>POSSIBILITAT DE FER FORMACI\u00d3 EN CENTRES DE TREBALL (DUAL)<\/p>\n<p><strong><span style=\"color: #000000;\">Horari matins de 8h a 14h30<\/span><\/strong><\/p>\n<p><strong><a href=\"https:\/\/agora.xtec.cat\/iesmanolohugue\/wp-content\/uploads\/usu9\/2025\/07\/RELACIO-LLIBRES-CFGM-ESTETICA-I-BELLESA.pdf\">LLISTA DE LLIBRES DE TEXT<\/a>\u00a0<\/strong><\/p>\n<div style=\"text-align: center;\">\u00a0<span style=\"font-size: 14pt;\"><strong>Distribuci\u00f3 dels m\u00f2duls promoci\u00f3 25-26:<\/strong><\/span><\/div>\n<div><\/div>\n<div>\n<table style=\"width: 124.039%; height: 257px;\" width=\"1440\">\n<tbody>\n<tr style=\"height: 257px;\">\n<td style=\"width: 35.7639%; height: 257px; background-color: #c3f73e;\">\n<div><strong><span style=\"font-size: medium;\">1er CURS (Nova llei d&#8217;FP)<\/span><\/strong><\/div>\n<div><\/div>\n<div><span style=\"font-weight: 400;\">0633T\u00e8cniques d\u2019higiene facial i corporal (198 hores)<\/span><\/div>\n<div><span style=\"font-weight: 400;\">0635 Depilaci\u00f3 mec\u00e0nica i descoloraci\u00f3 del borrissol (198 hores)<\/span><\/div>\n<div><span style=\"font-weight: 400;\">0636 Est\u00e8tica de mans i peus (132 hores)<\/span><\/div>\n<div><span style=\"font-weight: 400;\">0638 An\u00e0lisi est\u00e8tica (119 hores)<\/span><\/div>\n<div><span style=\"font-weight: 400;\">0640 Imatge corporal i h\u00e0bits saludables (66 hores)<\/span><\/div>\n<div><span style=\"font-weight: 400;\">0641 Cosmetologia per a l\u2019est\u00e8tica i bellesa (132 hores)<\/span><\/div>\n<div><span style=\"font-weight: 400;\">0643 M\u00e0rqueting i venda en imatge personal (99 hores)<\/span><\/div>\n<div><span style=\"font-weight: 400;\">0156 Angl\u00e8s professional (66 hores)<\/span><\/div>\n<div><span style=\"font-weight: 400;\">1708 Sostenibilitat Aplicada al Sistema Productiu (33 hores)<\/span><\/div>\n<div><span style=\"font-weight: 400;\">1709 Itinerari personal a l&#8217;ocupabilitat I (99 hores)<\/span><\/div>\n<div><span style=\"font-weight: 400;\">M\u00f2dul professional optatiu (99 hores)<\/span><\/div>\n<div><\/div>\n<div><\/div>\n<\/td>\n<td style=\"width: 63.75%; height: 257px;\"><strong>2n CURS<\/strong><\/p>\n<div>\n<div><span style=\"font-size: 12pt;\">0634 Maquillatge\u00a0 (165h)<\/span><\/div>\n<div><span style=\"font-size: 12pt;\">0637 T\u00e8cniques en ungles artificials (132h)<\/span><\/div>\n<div><span style=\"font-size: 12pt;\">0639 Activitats en cabina d&#8217;est\u00e8tica (99h)<\/span><\/div>\n<div><span style=\"font-size: 12pt;\">0642 Perfumeria i cosm\u00e8tica natural (66h)<\/span><\/div>\n<div><span style=\"font-size: 12pt;\">1664 Digitalitzaci\u00f3 aplicada al sistema productiu (33h)<\/span><\/div>\n<div><span style=\"font-size: 12pt;\">1710 Itinerari personal a l&#8217;ocupabilitat II (66h)<\/span><\/div>\n<div><span style=\"font-size: 12pt;\">1713 Projecte intermodular (198h)<\/span><\/div>\n<div><\/div>\n<\/div>\n<div><\/div>\n<\/td>\n<\/tr>\n<\/tbody>\n<\/table>\n<div>\n<div dir=\"ltr\" data-smartmail=\"gmail_signature\">\n<div dir=\"ltr\">\n<div><\/div>\n<\/div>\n<\/div>\n<\/div>\n<\/div>\n<p><strong>SORTIDES PROFESSIONALS<\/strong><\/p>\n<ul>\n<li>T\u00e8cnic o t\u00e8cnica esteticista en centres de bellesa i gabinets d&#8217;est\u00e8tica;<\/li>\n<li>Maquillador o maquilladora;<\/li>\n<li>T\u00e8cnic o t\u00e8cnica d&#8217;ungles artificials;<\/li>\n<li>T\u00e8cnic o t\u00e8cnica en depilaci\u00f3;<\/li>\n<li>T\u00e8cnic o t\u00e8cnica en manicura i pedicura;<\/li>\n<li>Recepcionista en empreses est\u00e8tiques; demostrador o demostradora d&#8217;equips, cosm\u00e8tics i t\u00e8cniques est\u00e8tiques;<\/li>\n<li>Agent comercial en empreses del sector; assessor i venedor o assessora i venedora en perfumeries i drogueries.<\/li>\n<\/ul>\n<table style=\"border-collapse: collapse; width: 62.4728%;\">\n<tbody>\n<tr>\n<td style=\"width: 20.8228%; background-color: #fadcdc;\"><strong><span style=\"font-size: 14pt; color: #33cccc;\"><a style=\"color: #33cccc;\" href=\"https:\/\/www.gencat.cat\/ensenyament\/eac\/pdf\/CFPM____IP20_CA.pdf\">Fitxa<\/a><a style=\"color: #33cccc;\" href=\"https:\/\/www.gencat.cat\/ensenyament\/eac\/pdf\/CFPM____IP20_CA.pdf\"> de l&#8217;estudi<\/a><\/span><\/strong><\/td>\n<td style=\"width: 78.3284%; background-color: #fadcdc;\"><strong><span style=\"color: #33cccc; font-size: 14pt;\"><a style=\"color: #33cccc;\" href=\"https:\/\/agora.xtec.cat\/iesmanolohugue\/wp-content\/uploads\/usu9\/2024\/05\/DESCRIPCIO-DELS-MODULS-I-ELS-SEUS-CONTINGUTS-CFGM-Estetica-i-bellesa.pdf\">Relaci\u00f3 de m\u00f2duls<\/a><\/span><\/strong><\/td>\n<\/tr>\n<tr>\n<td style=\"width: 20.8228%; background-color: #fadcdc;\"><strong><span style=\"color: #33cccc; font-size: 14pt;\"><a style=\"color: #33cccc;\" href=\"https:\/\/agora.xtec.cat\/iesmanolohugue\/wp-content\/uploads\/usu9\/2024\/05\/Flyer-Manolo-Hugue-IMATGE_web-2.pdf\">Flyer <\/a><\/span><\/strong><\/td>\n<td style=\"width: 78.3284%; background-color: #fadcdc;\"><strong><span style=\"color: #33cccc; font-size: 14pt;\"><a style=\"color: #33cccc;\" href=\"https:\/\/agora.xtec.cat\/iesmanolohugue\/wp-content\/uploads\/usu9\/2022\/09\/NORMATIVA-REFERENT-A-LA-IMATGE-PERSONAL.pdf\">Normes referents a la imatge personal i al material<\/a><\/span><\/strong><\/td>\n<\/tr>\n<tr>\n<td style=\"width: 20.8228%; background-color: #fadcdc;\"><strong><span style=\"color: #33cccc; font-size: 14pt;\">Quotes Material per m\u00f2duls\u00a0per l\u2019alumnat que no cursa el curs sencer<\/span><\/strong><\/td>\n<td style=\"width: 78.3284%; background-color: #fadcdc;\">\n<p dir=\"ltr\"><strong><span style=\"color: #33cccc; font-size: 14pt;\">0633 T\u00e8cniques d\u2019higiene facial i corporal (198h):\u00a070,00\u20ac<\/span><\/strong><\/p>\n<p dir=\"ltr\"><strong><span style=\"color: #33cccc; font-size: 14pt;\">0634 Maquillatge (165h):\u00a0110,00\u20ac<\/span><\/strong><\/p>\n<p dir=\"ltr\"><strong><span style=\"color: #33cccc; font-size: 14pt;\">0635 Depilaci\u00f3 mec\u00e0nica i descoloraci\u00f3 del borrissol (198h):\u00a050,00\u20ac<\/span><\/strong><\/p>\n<p dir=\"ltr\"><strong><span style=\"color: #33cccc; font-size: 14pt;\">0636 Est\u00e8tica de mans i peus (132h):\u00a060,00\u20ac<\/span><\/strong><\/p>\n<p dir=\"ltr\"><strong><span style=\"color: #33cccc; font-size: 14pt;\">0637 T\u00e8cniques d\u2019ungles artificials (132h):\u00a0100,00\u20ac<\/span><\/strong><\/p>\n<p dir=\"ltr\"><strong><span style=\"color: #33cccc; font-size: 14pt;\">0638 An\u00e0lisi est\u00e8tica (119h) :\u00a020,00\u20ac<\/span><\/strong><\/p>\n<p dir=\"ltr\"><strong><span style=\"color: #33cccc; font-size: 14pt;\">0639 Activitats en cabina d\u2019est\u00e8tica (99h):\u00a050,00\u20ac<\/span><\/strong><\/p>\n<p dir=\"ltr\"><strong><span style=\"color: #33cccc; font-size: 14pt;\">0640 Imatge corporal i h\u00e0bits saludables (66h):\u00a020,00\u20ac<\/span><\/strong><\/p>\n<p dir=\"ltr\"><strong><span style=\"color: #33cccc; font-size: 14pt;\">0641 Cosmetologia per a l\u2019est\u00e8tica i bellesa (132h):\u00a040,00\u20ac<\/span><\/strong><\/p>\n<p dir=\"ltr\"><strong><span style=\"color: #33cccc; font-size: 14pt;\">0642 Perfumeria i cosm\u00e8tica natural (66h):\u00a040,00\u20ac<\/span><\/strong><\/p>\n<p dir=\"ltr\"><strong><span style=\"color: #33cccc; font-size: 14pt;\">0643 M\u00e0rqueting i venda en imatge personal (99h):\u00a020,00\u20ac<\/span><\/strong><\/p>\n<p dir=\"ltr\"><strong><span style=\"color: #33cccc; font-size: 14pt;\">0156 Angl\u00e8s professional (66h):\u00a020,00\u20ac<\/span><\/strong><\/p>\n<p dir=\"ltr\"><strong><span style=\"color: #33cccc; font-size: 14pt;\">1664 Digitalitzaci\u00f3 aplicada al sistema productiu (33h):\u00a020,00\u20ac<\/span><\/strong><\/p>\n<p dir=\"ltr\"><strong><span style=\"color: #33cccc; font-size: 14pt;\">1708 Sostenibilitat aplicada al sistema productiu (33h):\u00a020,00\u20ac<\/span><\/strong><\/p>\n<p dir=\"ltr\"><strong><span style=\"color: #33cccc; font-size: 14pt;\">1709 Itinerari personal a l&#8217;ocupabilitat I (99h):20,00\u20ac<\/span><\/strong><\/p>\n<p dir=\"ltr\"><strong><span style=\"color: #33cccc; font-size: 14pt;\">1710 Itinerari personal a l&#8217;ocupabilitat II (66h);20,00\u20ac<\/span><\/strong><\/p>\n<p dir=\"ltr\"><strong><span style=\"color: #33cccc; font-size: 14pt;\">1713 Projecte intermodular (198h):\u00a070,00\u20ac<\/span><\/strong><\/p>\n<p dir=\"ltr\"><strong><span style=\"color: #33cccc; font-size: 14pt;\">M\u00f2dul professional optatiu (99h):\u00a040,00\u20ac<\/span><\/strong><\/p>\n<p><strong><span style=\"font-size: 14pt; color: #33cccc;\">\u00a0<\/span><\/strong><\/td>\n<\/tr>\n<\/tbody>\n<\/table>\n<p>&nbsp;<\/p>\n<p>&nbsp;<\/p>\n<p>&nbsp;<\/p>\n<p>&nbsp;<\/p>\n","protected":false},"excerpt":{"rendered":"<p>ENTORN: ART\u00cdSTIC<br \/>\nFAM\u00cdLIA PROFESSIONAL: IMATGE PERSONAL.<br \/>\nDURADA: 2.000 HORES\/ 2 CURSOS ACAD\u00c8MICS AMB PR\u00c0CTIQUES EN CENTRES PROFESSIONALS I INNOVADORS<br \/>\nPOSSIBILITAT DE FER FORMACI\u00d3 EN CENTRES DE TREBALL (DUAL)<br \/>\nHorari matins de 8h a 14h30<br \/>\n<a href=\"https:\/\/agora.xtec.cat\/iesmanolohugue\/wp-content\/uploads\/usu9\/2025\/07\/RELACIO-LLIBRES-CFGM-ESTETICA-I-BELLESA.pdf\">LLISTA DE LLIBRES DE TEXT<\/a>\u00a0<br \/>\n\u00a0Distribuci\u00f3 dels m\u00f2duls promoci\u00f3 25-26:<\/p>\n<p>1er CURS (Nova llei d&#8217;FP)<\/p>\n<p>0633T\u00e8cniques d\u2019higiene facial&hellip;  <a href=\"https:\/\/agora.xtec.cat\/iesmanolohugue\/cicle-mitja-destetica-i-bellesa\/\" title=\"Read Cicle Mitj\u00e0 d&#8217;Est\u00e8tica i Bellesa\">Llegeix m\u00e9s\u00bb<\/a><\/p>\n","protected":false},"author":88,"featured_media":0,"parent":0,"menu_order":0,"comment_status":"closed","ping_status":"closed","template":"","meta":{"_bbp_topic_count":0,"_bbp_reply_count":0,"_bbp_total_topic_count":0,"_bbp_total_reply_count":0,"_bbp_voice_count":0,"_bbp_anonymous_reply_count":0,"_bbp_topic_count_hidden":0,"_bbp_reply_count_hidden":0,"_bbp_forum_subforum_count":0,"footnotes":""},"class_list":["post-14656","page","type-page","status-publish","hentry"],"post_mailing_queue_ids":[],"_links":{"self":[{"href":"https:\/\/agora.xtec.cat\/iesmanolohugue\/wp-json\/wp\/v2\/pages\/14656","targetHints":{"allow":["GET"]}}],"collection":[{"href":"https:\/\/agora.xtec.cat\/iesmanolohugue\/wp-json\/wp\/v2\/pages"}],"about":[{"href":"https:\/\/agora.xtec.cat\/iesmanolohugue\/wp-json\/wp\/v2\/types\/page"}],"author":[{"embeddable":true,"href":"https:\/\/agora.xtec.cat\/iesmanolohugue\/wp-json\/wp\/v2\/users\/88"}],"replies":[{"embeddable":true,"href":"https:\/\/agora.xtec.cat\/iesmanolohugue\/wp-json\/wp\/v2\/comments?post=14656"}],"version-history":[{"count":7,"href":"https:\/\/agora.xtec.cat\/iesmanolohugue\/wp-json\/wp\/v2\/pages\/14656\/revisions"}],"predecessor-version":[{"id":17499,"href":"https:\/\/agora.xtec.cat\/iesmanolohugue\/wp-json\/wp\/v2\/pages\/14656\/revisions\/17499"}],"wp:attachment":[{"href":"https:\/\/agora.xtec.cat\/iesmanolohugue\/wp-json\/wp\/v2\/media?parent=14656"}],"curies":[{"name":"wp","href":"https:\/\/api.w.org\/{rel}","templated":true}]}}