{"id":13113,"date":"2021-04-19T16:32:57","date_gmt":"2021-04-19T14:32:57","guid":{"rendered":"https:\/\/agora.xtec.cat\/iesmanolohugue\/?page_id=13113"},"modified":"2021-04-19T16:32:57","modified_gmt":"2021-04-19T14:32:57","slug":"politica-de-proveidors","status":"publish","type":"page","link":"https:\/\/agora.xtec.cat\/iesmanolohugue\/politica-de-proveidors\/","title":{"rendered":"Pol\u00edtica de prove\u00efdors"},"content":{"rendered":"<p style=\"font-weight: 400;\"><strong>POL\u00cdTICA DE PROVE\u00cfDORS:<\/strong><\/p>\n<p style=\"font-weight: 400;\"><strong><em>Homologaci\u00f3, avaluaci\u00f3 i reavaluaci\u00f3 de prove\u00efdors.<\/em><\/strong><\/p>\n<p style=\"font-weight: 400;\">Els prove\u00efdors que han de passar per un procediment de licitaci\u00f3 p\u00fablica s\u2019entendran homologats un cop hagin passat el procediment concursal.<br \/>\nEls\u00a0prove\u00efdors de licitaci\u00f3 p\u00fablica es prorroguen anualment, es consideraran avaluats positivament aquells la licitaci\u00f3 dels quals sigui prorrogada.<br \/>\nEls prove\u00efdors que estan exempts de concurs p\u00fablic per a la prestaci\u00f3 del seu servei a l\u2019Institut, seran seleccionats pels responsables dels departaments did\u00e0ctics o pel Secretari\/a del centre, seguint els criteris de qualitat, preu i proximitat.<br \/>\nEs consideran avaluats positivament aquells que en el termini d\u2019un any no hagin presentat cap incid\u00e8ncia significativa que hagi estat manifestada pels responsables dels departaments did\u00e0ctics o el Secretari\/a del centre.<\/p>\n","protected":false},"excerpt":{"rendered":"<p>POL\u00cdTICA DE PROVE\u00cfDORS:<br \/>\nHomologaci\u00f3, avaluaci\u00f3 i reavaluaci\u00f3 de prove\u00efdors.<br \/>\nEls prove\u00efdors que han de passar per un procediment de licitaci\u00f3 p\u00fablica s\u2019entendran homologats un cop hagin passat el procediment concursal.<br \/>\nEls\u00a0prove\u00efdors de licitaci\u00f3 p\u00fablica es prorroguen anualment, es consideraran avaluats positivament aquells la licitaci\u00f3 dels quals sigui prorrogada.<br \/>\nEls&hellip;  <a href=\"https:\/\/agora.xtec.cat\/iesmanolohugue\/politica-de-proveidors\/\" title=\"Read Pol\u00edtica de prove\u00efdors\">Llegeix m\u00e9s\u00bb<\/a><\/p>\n","protected":false},"author":1,"featured_media":0,"parent":0,"menu_order":0,"comment_status":"closed","ping_status":"closed","template":"","meta":{"_bbp_topic_count":0,"_bbp_reply_count":0,"_bbp_total_topic_count":0,"_bbp_total_reply_count":0,"_bbp_voice_count":0,"_bbp_anonymous_reply_count":0,"_bbp_topic_count_hidden":0,"_bbp_reply_count_hidden":0,"_bbp_forum_subforum_count":0,"footnotes":""},"class_list":["post-13113","page","type-page","status-publish","hentry"],"post_mailing_queue_ids":[],"_links":{"self":[{"href":"https:\/\/agora.xtec.cat\/iesmanolohugue\/wp-json\/wp\/v2\/pages\/13113","targetHints":{"allow":["GET"]}}],"collection":[{"href":"https:\/\/agora.xtec.cat\/iesmanolohugue\/wp-json\/wp\/v2\/pages"}],"about":[{"href":"https:\/\/agora.xtec.cat\/iesmanolohugue\/wp-json\/wp\/v2\/types\/page"}],"author":[{"embeddable":true,"href":"https:\/\/agora.xtec.cat\/iesmanolohugue\/wp-json\/wp\/v2\/users\/1"}],"replies":[{"embeddable":true,"href":"https:\/\/agora.xtec.cat\/iesmanolohugue\/wp-json\/wp\/v2\/comments?post=13113"}],"version-history":[{"count":1,"href":"https:\/\/agora.xtec.cat\/iesmanolohugue\/wp-json\/wp\/v2\/pages\/13113\/revisions"}],"predecessor-version":[{"id":13115,"href":"https:\/\/agora.xtec.cat\/iesmanolohugue\/wp-json\/wp\/v2\/pages\/13113\/revisions\/13115"}],"wp:attachment":[{"href":"https:\/\/agora.xtec.cat\/iesmanolohugue\/wp-json\/wp\/v2\/media?parent=13113"}],"curies":[{"name":"wp","href":"https:\/\/api.w.org\/{rel}","templated":true}]}}