{"id":12905,"date":"2021-03-02T09:28:20","date_gmt":"2021-03-02T08:28:20","guid":{"rendered":"https:\/\/agora.xtec.cat\/iesmanolohugue\/?page_id=12905"},"modified":"2021-03-16T07:48:05","modified_gmt":"2021-03-16T06:48:05","slug":"institut-manolo-hugue-en-imatges","status":"publish","type":"page","link":"https:\/\/agora.xtec.cat\/iesmanolohugue\/institut-manolo-hugue-en-imatges\/","title":{"rendered":"INSTITUT MANOLO HUGU\u00c9 .PROJECTES"},"content":{"rendered":"<ul>\n<li><a href=\"https:\/\/drive.google.com\/file\/d\/11wBV87KqqARo2G8Qu0zARVsV1aJbrWQ_\/view?usp=sharing\">AULA D&#8217;ACOLLIDA<\/a><\/li>\n<li><a href=\"https:\/\/drive.google.com\/file\/d\/1otp5_Qp4PL-fPOIDAvSCopf91BjVfWFz\/view?usp=sharing\">\u00c0MBIT LING\u00dcISTIC: LLENGUA CATALANA<\/a><\/li>\n<li><a href=\"https:\/\/drive.google.com\/file\/d\/1LkFBEuH0ZLD7uIWOlogZDdhKmZVN52YW\/view?usp=sharing\">\u00c0MBIT LING\u00dcISTIC, LLENGUES ESTRANGERES: FR\u00c0NC\u00c8S<\/a><\/li>\n<li><a href=\"https:\/\/drive.google.com\/file\/d\/1_fSZierl3WR0qR9H6GbvttNTzZlsMKvS\/view?usp=sharing\">\u00c0MBIT MATEM\u00c0TIC<\/a><\/li>\n<li><a href=\"https:\/\/drive.google.com\/file\/d\/1Ymu3nNKDU2dqWRZ9ay1IFmIgow71wrQ-\/view?usp=sharing\">\u00c0MBIT LING\u00dcISTIC, LLENGUES ESTRANGERES: ANGL\u00c8S<\/a><\/li>\n<li><a href=\"https:\/\/drive.google.com\/file\/d\/16ZBt6FKn1WUMxk5mA9GgLb6uPu2jwsSZ\/view?usp=sharing\">\u00c0MBIT LING\u00dcISTIC: LENGUA CASTELLANA<\/a><\/li>\n<li><a href=\"https:\/\/drive.google.com\/file\/d\/1THreOQguRkjQjabEE4odJXHtEKC124Ex\/view?usp=sharing\">\u00c0MBIT CIENT\u00cdFIC<\/a><\/li>\n<\/ul>\n","protected":false},"excerpt":{"rendered":"<ul>\n<li><a href=\"https:\/\/drive.google.com\/file\/d\/11wBV87KqqARo2G8Qu0zARVsV1aJbrWQ_\/view?usp=sharing\">AULA D&#8217;ACOLLIDA<\/a><\/li>\n<li><a href=\"https:\/\/drive.google.com\/file\/d\/1otp5_Qp4PL-fPOIDAvSCopf91BjVfWFz\/view?usp=sharing\">\u00c0MBIT LING\u00dcISTIC: LLENGUA CATALANA<\/a><\/li>\n<li><a href=\"https:\/\/drive.google.com\/file\/d\/1LkFBEuH0ZLD7uIWOlogZDdhKmZVN52YW\/view?usp=sharing\">\u00c0MBIT LING\u00dcISTIC, LLENGUES ESTRANGERES: FR\u00c0NC\u00c8S<\/a><\/li>\n<li><a href=\"https:\/\/drive.google.com\/file\/d\/1_fSZierl3WR0qR9H6GbvttNTzZlsMKvS\/view?usp=sharing\">\u00c0MBIT MATEM\u00c0TIC<\/a><\/li>\n<li><a href=\"https:\/\/drive.google.com\/file\/d\/1Ymu3nNKDU2dqWRZ9ay1IFmIgow71wrQ-\/view?usp=sharing\">\u00c0MBIT LING\u00dcISTIC, LLENGUES ESTRANGERES: ANGL\u00c8S<\/a><\/li>\n<li><a href=\"https:\/\/drive.google.com\/file\/d\/16ZBt6FKn1WUMxk5mA9GgLb6uPu2jwsSZ\/view?usp=sharing\">\u00c0MBIT LING\u00dcISTIC: LENGUA CASTELLANA<\/a><\/li>\n<li><a href=\"https:\/\/drive.google.com\/file\/d\/1THreOQguRkjQjabEE4odJXHtEKC124Ex\/view?usp=sharing\">\u00c0MBIT CIENT\u00cdFIC<\/a><\/li>\n<\/ul>\n","protected":false},"author":1,"featured_media":0,"parent":0,"menu_order":0,"comment_status":"closed","ping_status":"closed","template":"","meta":{"_bbp_topic_count":0,"_bbp_reply_count":0,"_bbp_total_topic_count":0,"_bbp_total_reply_count":0,"_bbp_voice_count":0,"_bbp_anonymous_reply_count":0,"_bbp_topic_count_hidden":0,"_bbp_reply_count_hidden":0,"_bbp_forum_subforum_count":0,"footnotes":""},"class_list":["post-12905","page","type-page","status-publish","hentry"],"post_mailing_queue_ids":[],"_links":{"self":[{"href":"https:\/\/agora.xtec.cat\/iesmanolohugue\/wp-json\/wp\/v2\/pages\/12905","targetHints":{"allow":["GET"]}}],"collection":[{"href":"https:\/\/agora.xtec.cat\/iesmanolohugue\/wp-json\/wp\/v2\/pages"}],"about":[{"href":"https:\/\/agora.xtec.cat\/iesmanolohugue\/wp-json\/wp\/v2\/types\/page"}],"author":[{"embeddable":true,"href":"https:\/\/agora.xtec.cat\/iesmanolohugue\/wp-json\/wp\/v2\/users\/1"}],"replies":[{"embeddable":true,"href":"https:\/\/agora.xtec.cat\/iesmanolohugue\/wp-json\/wp\/v2\/comments?post=12905"}],"version-history":[{"count":3,"href":"https:\/\/agora.xtec.cat\/iesmanolohugue\/wp-json\/wp\/v2\/pages\/12905\/revisions"}],"predecessor-version":[{"id":12987,"href":"https:\/\/agora.xtec.cat\/iesmanolohugue\/wp-json\/wp\/v2\/pages\/12905\/revisions\/12987"}],"wp:attachment":[{"href":"https:\/\/agora.xtec.cat\/iesmanolohugue\/wp-json\/wp\/v2\/media?parent=12905"}],"curies":[{"name":"wp","href":"https:\/\/api.w.org\/{rel}","templated":true}]}}